{"id":1674085,"date":"2021-02-10T10:37:16","date_gmt":"2021-02-10T09:37:16","guid":{"rendered":"https:\/\/bbies.fr\/couches-lavables\/?page_id=1674085"},"modified":"2026-04-23T10:30:39","modified_gmt":"2026-04-23T08:30:39","slug":"retours","status":"publish","type":"page","link":"https:\/\/bbies.fr\/couches-lavables\/retours\/","title":{"rendered":"Retours"},"content":{"rendered":"<p>[et_pb_section fb_built=\u00a0\u00bb1&Prime; _builder_version=\u00a0\u00bb4.17.4&Prime; _module_preset=\u00a0\u00bbdefault\u00a0\u00bb use_background_color_gradient=\u00a0\u00bbon\u00a0\u00bb background_color_gradient_stops=\u00a0\u00bb#f29194 0%|#feeddb 65%\u00a0\u00bb global_colors_info=\u00a0\u00bb{}\u00a0\u00bb][et_pb_row _builder_version=\u00a0\u00bb4.17.4&Prime; _module_preset=\u00a0\u00bbdefault\u00a0\u00bb global_colors_info=\u00a0\u00bb{}\u00a0\u00bb][et_pb_column type=\u00a0\u00bb4_4&Prime; _builder_version=\u00a0\u00bb4.17.4&Prime; _module_preset=\u00a0\u00bbdefault\u00a0\u00bb global_colors_info=\u00a0\u00bb{}\u00a0\u00bb][et_pb_text _builder_version=\u00a0\u00bb4.17.4&Prime; _module_preset=\u00a0\u00bbdefault\u00a0\u00bb header_font_size=\u00a0\u00bb55px\u00a0\u00bb global_colors_info=\u00a0\u00bb{}\u00a0\u00bb]<\/p>\n<h1>Demande de retour<\/h1>\n<p>[\/et_pb_text][\/et_pb_column][\/et_pb_row][\/et_pb_section][et_pb_section fb_built=\u00a0\u00bb1&Prime; _builder_version=\u00a0\u00bb4.17.4&Prime; _module_preset=\u00a0\u00bbdefault\u00a0\u00bb background_image=\u00a0\u00bbhttps:\/\/bbies.fr\/couches-lavables\/wp-content\/uploads\/2021\/12\/header-esprit-Bbies-2.png\u00a0\u00bb background_size=\u00a0\u00bbcontain\u00a0\u00bb background_position=\u00a0\u00bbtop_left\u00a0\u00bb custom_margin=\u00a0\u00bb5px|||||\u00a0\u00bb global_colors_info=\u00a0\u00bb{}\u00a0\u00bb][et_pb_row _builder_version=\u00a0\u00bb4.16&Prime; _module_preset=\u00a0\u00bbdefault\u00a0\u00bb global_colors_info=\u00a0\u00bb{}\u00a0\u00bb][et_pb_column type=\u00a0\u00bb4_4&Prime; _builder_version=\u00a0\u00bb4.16&Prime; _module_preset=\u00a0\u00bbdefault\u00a0\u00bb global_colors_info=\u00a0\u00bb{}\u00a0\u00bb][et_pb_text _builder_version=\u00a0\u00bb4.21.0&Prime; _module_preset=\u00a0\u00bbdefault\u00a0\u00bb text_font=\u00a0\u00bbPoppins|300|||||||\u00a0\u00bb text_font_size=\u00a0\u00bb17px\u00a0\u00bb global_colors_info=\u00a0\u00bb{}\u00a0\u00bb]<\/p>\n<p><strong>Vous disposez de 14 jours apr\u00e8s la livraison pour faire votre demande de retour.<\/strong><\/p>\n<p>[\/et_pb_text][et_pb_text _builder_version=\u00a0\u00bb4.17.4&Prime; _module_preset=\u00a0\u00bbdefault\u00a0\u00bb global_colors_info=\u00a0\u00bb{}\u00a0\u00bb]<\/p>\n<ul>\n<li>Les produits ne doivent pas avoir \u00e9t\u00e9 port\u00e9s.<\/li>\n<li>Les produits ne doivent pas avoir \u00e9t\u00e9 lav\u00e9s.<\/li>\n<li>Les produits sont \u00e0 retourner dans leur emballage d&rsquo;origine avec \u00e9tiquette d&rsquo;origine, en parfait \u00e9tat.<strong style=\"font-size: 14px;\"><\/strong><\/li>\n<\/ul>\n<p><strong style=\"font-size: 14px;\">Apr\u00e8s avoir rempli le formulaire ci-dessous, vous recevrez les instructions par mail pour nous renvoyer les articles qui ne vous conviennent pas.<\/strong>\u00a0<strong style=\"font-size: 14px;\"><\/strong><\/p>\n<p><strong style=\"font-size: 14px;\"><\/strong><\/p>\n<p>[\/et_pb_text][et_pb_text _builder_version=\u00a0\u00bb4.17.4&Prime; _module_preset=\u00a0\u00bbdefault\u00a0\u00bb global_colors_info=\u00a0\u00bb{}\u00a0\u00bb]<\/p>\n<h2><strong>\u00a02 possibilit\u00e9s\u00a0 :<\/strong><\/h2>\n<p>&nbsp;<\/p>\n<h3>&gt; <strong>Remboursement <\/strong>de vos produits avec <strong>retour \u00e0 votre charge.<\/strong><\/h3>\n<p>1\/ Vous faites votre demande de retour en remplissant le formulaire ci-dessous. Votre demande serait trait\u00e9e<strong> dans un d\u00e9lai moyen de 72h<\/strong>.<\/p>\n<p>2\/ Nos services \u00e9changent avec vous et vous envoient le formulaire \u00e0 imprimer, remplir et glisser dans votre paquet.<\/p>\n<p>3\/ Vous nous retournez les produits par la Poste \u00e0 votre charge (pas de point relais) \u00e0 l&rsquo;adresse qui vous sera indiqu\u00e9e.<\/p>\n<p>4\/ A la r\u00e9ception de votre colis, nos \u00e9quipes contr\u00f4lent les produits (non lav\u00e9s, non port\u00e9s, emballage d&rsquo;origine en parfait \u00e9tat&#8230;.)<\/p>\n<p>5\/ Vous recevez votre remboursement dans un d\u00e9lais moyen de<strong> 10 jours ouvr\u00e9s <\/strong>apr\u00e8s r\u00e9ception de votre colis<strong>.<\/strong><\/p>\n<p>&nbsp;<\/p>\n<h3>&gt; <strong>Avoir augment\u00e9 de 10%<\/strong> de la valeur des produits retourn\u00e9s avec <strong>retour \u00e0 notre charge.<\/strong><\/h3>\n<p>1\/ Vous faites votre demande de retour en remplissant le formulaire ci-dessous. Votre demande serait trait\u00e9e <strong>dans un d\u00e9lai moyen de 72h.<\/strong><\/p>\n<p>2\/ Nos services \u00e9changent avec vous et d\u00e9finissent le montant de l&rsquo;avoir augment\u00e9 de 10% de la valeur des produits retourn\u00e9s. Exemple : Vos produits retourn\u00e9s vous ont co\u00fbt\u00e9 30\u20ac. Vous recevez un avoir de 33\u20ac.<\/p>\n<p>3\/ Vous recevez un formulaire \u00e0 imprimer, remplir et glisser dans votre paquet (A d\u00e9faut, vous pouvez inscrire sur une feuille libre vos coordonn\u00e9es, le num\u00e9ro de commande et les r\u00e9f\u00e9rences des produits. Sans ces informations, votre demande ne pourra \u00eatre trait\u00e9e). Vous <strong>recevez \u00e9galement votre \u00e9tiquette de retour<\/strong> (\u00e0 notre charge) \u00e0 coller sur votre paquet.<\/p>\n<p>4\/ Vous vous rendez dans un point Mondial Relay pour y d\u00e9poser votre colis. (Attention, vous disposez de <strong>15 jours pour d\u00e9poser votre colis dans un point de d\u00e9p\u00f4t Mondial Relay<\/strong>.) Si vous souhaitez suivre son parcours, vous pourrez vous rendre sur le suivi de votre colis avec votre num\u00e9ro.<\/p>\n<p>5 \/ A la r\u00e9ception de votre colis, nos \u00e9quipes contr\u00f4lent les produits (non lav\u00e9s, non port\u00e9s, emballage d&rsquo;origine en parfait \u00e9tat&#8230;.)\u00a0<\/p>\n<p>6\/ Vous recevez votre avoir par mail dans un d\u00e9lais moyen de<strong> 10 jours ouvr\u00e9s <\/strong>apr\u00e8s r\u00e9ception de votre colis<strong>. Avoir \u00e0 utiliser facilement lors de votre prochaine commande dans un d\u00e9lai de 6 mois.<\/strong> Cet avoir n&rsquo;est pas remboursable.<strong><br \/><\/strong><\/p>\n<p>[\/et_pb_text][et_pb_text _builder_version=\u00a0\u00bb4.27.4&Prime; _module_preset=\u00a0\u00bbdefault\u00a0\u00bb global_colors_info=\u00a0\u00bb{}\u00a0\u00bb]<\/p>\n<h2>Cas particuliers : produits OFFERTS, offres promotionnelles&#8230;<\/h2>\n<p>Attention:<\/p>\n<p>Si lors de votre commande vous avez b\u00e9n\u00e9fici\u00e9 d\u2019un produit offert\/cadeau et que ce dernier n\u2019est pas retourn\u00e9, sa valeur sera d\u00e9duite du montant \u00e0 rembourser.<\/p>\n<p>En cas de <strong>retour partiel<\/strong> d\u2019une commande ayant b\u00e9n\u00e9fici\u00e9 d\u2019une remise conditionnelle (par exemple : remise appliqu\u00e9e d\u00e8s un certain montant d\u2019achat), la r\u00e9duction sera r\u00e9ajust\u00e9e si les conditions de l\u2019offre ne sont plus remplies. Le remboursement des articles retourn\u00e9s sera alors effectu\u00e9 sur la base du prix effectivement pay\u00e9, remise proportionnellement r\u00e9partie.<\/p>\n<p>[\/et_pb_text][et_pb_divider _builder_version=\u00a0\u00bb4.16&Prime; _module_preset=\u00a0\u00bbdefault\u00a0\u00bb global_colors_info=\u00a0\u00bb{}\u00a0\u00bb][\/et_pb_divider][\/et_pb_column][\/et_pb_row][et_pb_row _builder_version=\u00a0\u00bb4.16&Prime; _module_preset=\u00a0\u00bbdefault\u00a0\u00bb global_colors_info=\u00a0\u00bb{}\u00a0\u00bb][et_pb_column type=\u00a0\u00bb4_4&Prime; _builder_version=\u00a0\u00bb4.16&Prime; _module_preset=\u00a0\u00bbdefault\u00a0\u00bb global_colors_info=\u00a0\u00bb{}\u00a0\u00bb][et_pb_text _builder_version=\u00a0\u00bb4.16&Prime; _module_preset=\u00a0\u00bbdefault\u00a0\u00bb global_colors_info=\u00a0\u00bb{}\u00a0\u00bb]<\/p>\n<h2>Formulaire \u00e0 remplir<\/h2>\n<p>[\/et_pb_text][et_pb_text _builder_version=\u00a0\u00bb4.27.0&Prime; _module_preset=\u00a0\u00bbdefault\u00a0\u00bb global_colors_info=\u00a0\u00bb{}\u00a0\u00bb][\/et_pb_text][et_pb_contact_form email=\u00a0\u00bbhello@bbies.fr\u00a0\u00bb title=\u00a0\u00bbJe souhaite\u00a0\u00bb custom_message=\u00a0\u00bb%%field_1%%||et_pb_line_break_holder||%%email%%||et_pb_line_break_holder||%%field_4%%||et_pb_line_break_holder||%%message%%\u00a0\u00bb success_message=\u00a0\u00bbNous avons bien pris en compte votre demande, et nous y r\u00e9pondrons d\u00e8s que possible \u00a0\u00bb submit_button_text=\u00a0\u00bbEnvoyer \u00a0\u00bb _builder_version=\u00a0\u00bb4.27.6&Prime; _module_preset=\u00a0\u00bbdefault\u00a0\u00bb _unique_id=\u00a0\u00bbfae79ccd-29bd-42e5-b82d-5152dd958323&Prime; form_field_background_color=\u00a0\u00bb#FBDAD6&Prime; form_field_text_color=\u00a0\u00bb#000000&Prime; form_field_focus_background_color=\u00a0\u00bb#f29193&Prime; form_field_focus_text_color=\u00a0\u00bb#FFFFFF\u00a0\u00bb title_text_color=\u00a0\u00bbRGBA(0,0,0,0)\u00a0\u00bb captcha_font=\u00a0\u00bbPoppins||||||||\u00a0\u00bb form_field_font=\u00a0\u00bbPoppins||||||||\u00a0\u00bb custom_button=\u00a0\u00bbon\u00a0\u00bb button_text_color=\u00a0\u00bb#000000&Prime; button_font=\u00a0\u00bbPoppins||||||||\u00a0\u00bb hover_enabled=\u00a0\u00bb0&Prime; global_colors_info=\u00a0\u00bb{}\u00a0\u00bb sticky_enabled=\u00a0\u00bb0&Prime;][et_pb_contact_field field_id=\u00a0\u00bbField_1&Prime; field_title=\u00a0\u00bbNum\u00e9ro de commande \u00a0\u00bb _builder_version=\u00a0\u00bb4.16&Prime; global_colors_info=\u00a0\u00bb{}\u00a0\u00bb button_text_size__hover_enabled=\u00a0\u00bboff\u00a0\u00bb button_one_text_size__hover_enabled=\u00a0\u00bboff\u00a0\u00bb button_two_text_size__hover_enabled=\u00a0\u00bboff\u00a0\u00bb button_text_color__hover_enabled=\u00a0\u00bboff\u00a0\u00bb button_one_text_color__hover_enabled=\u00a0\u00bboff\u00a0\u00bb button_two_text_color__hover_enabled=\u00a0\u00bboff\u00a0\u00bb button_border_width__hover_enabled=\u00a0\u00bboff\u00a0\u00bb button_one_border_width__hover_enabled=\u00a0\u00bboff\u00a0\u00bb button_two_border_width__hover_enabled=\u00a0\u00bboff\u00a0\u00bb button_border_color__hover_enabled=\u00a0\u00bboff\u00a0\u00bb button_one_border_color__hover_enabled=\u00a0\u00bboff\u00a0\u00bb button_two_border_color__hover_enabled=\u00a0\u00bboff\u00a0\u00bb button_border_radius__hover_enabled=\u00a0\u00bboff\u00a0\u00bb button_one_border_radius__hover_enabled=\u00a0\u00bboff\u00a0\u00bb button_two_border_radius__hover_enabled=\u00a0\u00bboff\u00a0\u00bb button_letter_spacing__hover_enabled=\u00a0\u00bboff\u00a0\u00bb button_one_letter_spacing__hover_enabled=\u00a0\u00bboff\u00a0\u00bb button_two_letter_spacing__hover_enabled=\u00a0\u00bboff\u00a0\u00bb button_bg_color__hover_enabled=\u00a0\u00bboff\u00a0\u00bb button_one_bg_color__hover_enabled=\u00a0\u00bboff\u00a0\u00bb button_two_bg_color__hover_enabled=\u00a0\u00bboff\u00a0\u00bb][\/et_pb_contact_field][et_pb_contact_field field_id=\u00a0\u00bbEmail\u00a0\u00bb field_title=\u00a0\u00bbAdresse e-mail\u00a0\u00bb field_type=\u00a0\u00bbemail\u00a0\u00bb _builder_version=\u00a0\u00bb4.17.4&Prime; global_colors_info=\u00a0\u00bb{}\u00a0\u00bb button_text_size__hover_enabled=\u00a0\u00bboff\u00a0\u00bb button_one_text_size__hover_enabled=\u00a0\u00bboff\u00a0\u00bb button_two_text_size__hover_enabled=\u00a0\u00bboff\u00a0\u00bb button_text_color__hover_enabled=\u00a0\u00bboff\u00a0\u00bb button_one_text_color__hover_enabled=\u00a0\u00bboff\u00a0\u00bb button_two_text_color__hover_enabled=\u00a0\u00bboff\u00a0\u00bb button_border_width__hover_enabled=\u00a0\u00bboff\u00a0\u00bb button_one_border_width__hover_enabled=\u00a0\u00bboff\u00a0\u00bb button_two_border_width__hover_enabled=\u00a0\u00bboff\u00a0\u00bb button_border_color__hover_enabled=\u00a0\u00bboff\u00a0\u00bb button_one_border_color__hover_enabled=\u00a0\u00bboff\u00a0\u00bb button_two_border_color__hover_enabled=\u00a0\u00bboff\u00a0\u00bb button_border_radius__hover_enabled=\u00a0\u00bboff\u00a0\u00bb button_one_border_radius__hover_enabled=\u00a0\u00bboff\u00a0\u00bb button_two_border_radius__hover_enabled=\u00a0\u00bboff\u00a0\u00bb button_letter_spacing__hover_enabled=\u00a0\u00bboff\u00a0\u00bb button_one_letter_spacing__hover_enabled=\u00a0\u00bboff\u00a0\u00bb button_two_letter_spacing__hover_enabled=\u00a0\u00bboff\u00a0\u00bb button_bg_color__hover_enabled=\u00a0\u00bboff\u00a0\u00bb button_one_bg_color__hover_enabled=\u00a0\u00bboff\u00a0\u00bb button_two_bg_color__hover_enabled=\u00a0\u00bboff\u00a0\u00bb][\/et_pb_contact_field][et_pb_contact_field field_id=\u00a0\u00bbField_4&Prime; field_title=\u00a0\u00bbJe souhaite :\u00a0\u00bb field_type=\u00a0\u00bbselect\u00a0\u00bb select_options=\u00a0\u00bb%91{%22value%22:%22Un avoir augment\u00e9 de 10% avec frais de retour \u00e0 la charge de BBIES%22,%22checked%22:0,%22dragID%22:-1},{%22value%22:%22Un remboursement avec frais de retour \u00e0 ma charge%22,%22checked%22:0,%22dragID%22:0}%93&Prime; fullwidth_field=\u00a0\u00bbon\u00a0\u00bb _builder_version=\u00a0\u00bb4.21.0&Prime; _module_preset=\u00a0\u00bbdefault\u00a0\u00bb global_colors_info=\u00a0\u00bb{}\u00a0\u00bb][\/et_pb_contact_field][et_pb_contact_field field_id=\u00a0\u00bbMessage\u00a0\u00bb field_title=\u00a0\u00bbMessage\u00a0\u00bb field_type=\u00a0\u00bbtext\u00a0\u00bb fullwidth_field=\u00a0\u00bbon\u00a0\u00bb _builder_version=\u00a0\u00bb4.16&Prime; global_colors_info=\u00a0\u00bb{}\u00a0\u00bb button_text_size__hover_enabled=\u00a0\u00bboff\u00a0\u00bb button_one_text_size__hover_enabled=\u00a0\u00bboff\u00a0\u00bb button_two_text_size__hover_enabled=\u00a0\u00bboff\u00a0\u00bb button_text_color__hover_enabled=\u00a0\u00bboff\u00a0\u00bb button_one_text_color__hover_enabled=\u00a0\u00bboff\u00a0\u00bb button_two_text_color__hover_enabled=\u00a0\u00bboff\u00a0\u00bb button_border_width__hover_enabled=\u00a0\u00bboff\u00a0\u00bb button_one_border_width__hover_enabled=\u00a0\u00bboff\u00a0\u00bb button_two_border_width__hover_enabled=\u00a0\u00bboff\u00a0\u00bb button_border_color__hover_enabled=\u00a0\u00bboff\u00a0\u00bb button_one_border_color__hover_enabled=\u00a0\u00bboff\u00a0\u00bb button_two_border_color__hover_enabled=\u00a0\u00bboff\u00a0\u00bb button_border_radius__hover_enabled=\u00a0\u00bboff\u00a0\u00bb button_one_border_radius__hover_enabled=\u00a0\u00bboff\u00a0\u00bb button_two_border_radius__hover_enabled=\u00a0\u00bboff\u00a0\u00bb button_letter_spacing__hover_enabled=\u00a0\u00bboff\u00a0\u00bb button_one_letter_spacing__hover_enabled=\u00a0\u00bboff\u00a0\u00bb button_two_letter_spacing__hover_enabled=\u00a0\u00bboff\u00a0\u00bb button_bg_color__hover_enabled=\u00a0\u00bboff\u00a0\u00bb button_one_bg_color__hover_enabled=\u00a0\u00bboff\u00a0\u00bb button_two_bg_color__hover_enabled=\u00a0\u00bboff\u00a0\u00bb][\/et_pb_contact_field][et_pb_contact_field field_id=\u00a0\u00bbConditions\u00a0\u00bb field_title=\u00a0\u00bbConditions de retour\u00a0\u00bb field_type=\u00a0\u00bbcheckbox\u00a0\u00bb checkbox_options=\u00a0\u00bb%91{%22value%22:%22Je retourne les produits neufs, complets dans leur emballage d&rsquo;origine%22,%22checked%22:0,%22dragID%22:-1},{%22value%22:%22Je n&rsquo;ai pas lav\u00e9 ou port\u00e9 le produit%22,%22checked%22:0,%22dragID%22:0}%93&Prime; fullwidth_field=\u00a0\u00bbon\u00a0\u00bb _builder_version=\u00a0\u00bb4.17.4&Prime; _module_preset=\u00a0\u00bbdefault\u00a0\u00bb background_color=\u00a0\u00bbRGBA(255,255,255,0)\u00a0\u00bb background_enable_color=\u00a0\u00bbon\u00a0\u00bb global_colors_info=\u00a0\u00bb{}\u00a0\u00bb][\/et_pb_contact_field][\/et_pb_contact_form][et_pb_text _builder_version=\u00a0\u00bb4.27.0&Prime; _module_preset=\u00a0\u00bbdefault\u00a0\u00bb global_colors_info=\u00a0\u00bb{}\u00a0\u00bb][\/et_pb_text][\/et_pb_column][\/et_pb_row][\/et_pb_section]<\/p>\n","protected":false},"excerpt":{"rendered":"<p>Demande de retourVous disposez de 14 jours apr\u00e8s la livraison pour faire votre demande de retour. Les produits ne doivent pas avoir \u00e9t\u00e9 port\u00e9s. Les produits ne doivent pas avoir \u00e9t\u00e9 lav\u00e9s. Les produits sont \u00e0 retourner dans leur emballage d&rsquo;origine avec \u00e9tiquette d&rsquo;origine, en parfait \u00e9tat. Apr\u00e8s avoir rempli le formulaire ci-dessous, vous recevrez [&hellip;]<\/p>\n","protected":false},"author":8921,"featured_media":0,"parent":0,"menu_order":0,"comment_status":"closed","ping_status":"closed","template":"","meta":{"_acf_changed":false,"_et_pb_use_builder":"on","_et_pb_old_content":"","_et_gb_content_width":"","footnotes":""},"class_list":["post-1674085","page","type-page","status-publish","hentry"],"acf":[],"yoast_head":"<!-- This site is optimized with the Yoast SEO plugin v27.4 - https:\/\/yoast.com\/product\/yoast-seo-wordpress\/ -->\n<title>Echanges et retours de produits - hygi\u00e8ne menstruelle | Mypads<\/title>\n<meta name=\"description\" content=\"Nous sommes l\u00e0 pour vous satisfaire ! Vous pouvez donc bien entendu faire une demande de retours ou d&#039;\u00e9change sur notre site Mypads.\" \/>\n<meta name=\"robots\" content=\"index, follow, max-snippet:-1, max-image-preview:large, max-video-preview:-1\" \/>\n<link rel=\"canonical\" href=\"https:\/\/bbies.fr\/couches-lavables\/retours\/\" \/>\n<script type=\"application\/ld+json\" class=\"yoast-schema-graph\">{\"@context\":\"https:\\\/\\\/schema.org\",\"@graph\":[{\"@type\":\"WebPage\",\"@id\":\"https:\\\/\\\/bbies.fr\\\/couches-lavables\\\/retours\\\/\",\"url\":\"https:\\\/\\\/bbies.fr\\\/couches-lavables\\\/retours\\\/\",\"name\":\"Echanges et retours de produits - hygi\u00e8ne menstruelle | Mypads\",\"isPartOf\":{\"@id\":\"https:\\\/\\\/bbies.fr\\\/couches-lavables\\\/#website\"},\"datePublished\":\"2021-02-10T09:37:16+00:00\",\"dateModified\":\"2026-04-23T08:30:39+00:00\",\"description\":\"Nous sommes l\u00e0 pour vous satisfaire ! Vous pouvez donc bien entendu faire une demande de retours ou d'\u00e9change sur notre site Mypads.\",\"breadcrumb\":{\"@id\":\"https:\\\/\\\/bbies.fr\\\/couches-lavables\\\/retours\\\/#breadcrumb\"},\"inLanguage\":\"fr-FR\",\"potentialAction\":[{\"@type\":\"ReadAction\",\"target\":[\"https:\\\/\\\/bbies.fr\\\/couches-lavables\\\/retours\\\/\"]}]},{\"@type\":\"BreadcrumbList\",\"@id\":\"https:\\\/\\\/bbies.fr\\\/couches-lavables\\\/retours\\\/#breadcrumb\",\"itemListElement\":[{\"@type\":\"ListItem\",\"position\":1,\"name\":\"Accueil\",\"item\":\"https:\\\/\\\/bbies.fr\\\/couches-lavables\\\/\"},{\"@type\":\"ListItem\",\"position\":2,\"name\":\"Retours\"}]},{\"@type\":\"WebSite\",\"@id\":\"https:\\\/\\\/bbies.fr\\\/couches-lavables\\\/#website\",\"url\":\"https:\\\/\\\/bbies.fr\\\/couches-lavables\\\/\",\"name\":\"B'bies, couches lavables et r\u00e9utilisables\",\"description\":\"De la naissance \u00e0 la propret\u00e9\",\"publisher\":{\"@id\":\"https:\\\/\\\/bbies.fr\\\/couches-lavables\\\/#organization\"},\"alternateName\":\"BBIES\",\"potentialAction\":[{\"@type\":\"SearchAction\",\"target\":{\"@type\":\"EntryPoint\",\"urlTemplate\":\"https:\\\/\\\/bbies.fr\\\/couches-lavables\\\/?s={search_term_string}\"},\"query-input\":{\"@type\":\"PropertyValueSpecification\",\"valueRequired\":true,\"valueName\":\"search_term_string\"}}],\"inLanguage\":\"fr-FR\"},{\"@type\":\"Organization\",\"@id\":\"https:\\\/\\\/bbies.fr\\\/couches-lavables\\\/#organization\",\"name\":\"B'bies\",\"url\":\"https:\\\/\\\/bbies.fr\\\/couches-lavables\\\/\",\"logo\":{\"@type\":\"ImageObject\",\"inLanguage\":\"fr-FR\",\"@id\":\"https:\\\/\\\/bbies.fr\\\/couches-lavables\\\/#\\\/schema\\\/logo\\\/image\\\/\",\"url\":\"https:\\\/\\\/bbies.fr\\\/couches-lavables\\\/wp-content\\\/uploads\\\/2019\\\/12\\\/logo-web.jpg\",\"contentUrl\":\"https:\\\/\\\/bbies.fr\\\/couches-lavables\\\/wp-content\\\/uploads\\\/2019\\\/12\\\/logo-web.jpg\",\"width\":364,\"height\":151,\"caption\":\"B'bies\"},\"image\":{\"@id\":\"https:\\\/\\\/bbies.fr\\\/couches-lavables\\\/#\\\/schema\\\/logo\\\/image\\\/\"},\"sameAs\":[\"https:\\\/\\\/www.facebook.com\\\/bbies.fr\\\/\",\"https:\\\/\\\/www.instagram.com\\\/bbies.fr\"]}]}<\/script>\n<!-- \/ Yoast SEO plugin. -->","yoast_head_json":{"title":"Echanges et retours de produits - hygi\u00e8ne menstruelle | Mypads","description":"Nous sommes l\u00e0 pour vous satisfaire ! Vous pouvez donc bien entendu faire une demande de retours ou d'\u00e9change sur notre site Mypads.","robots":{"index":"index","follow":"follow","max-snippet":"max-snippet:-1","max-image-preview":"max-image-preview:large","max-video-preview":"max-video-preview:-1"},"canonical":"https:\/\/bbies.fr\/couches-lavables\/retours\/","schema":{"@context":"https:\/\/schema.org","@graph":[{"@type":"WebPage","@id":"https:\/\/bbies.fr\/couches-lavables\/retours\/","url":"https:\/\/bbies.fr\/couches-lavables\/retours\/","name":"Echanges et retours de produits - hygi\u00e8ne menstruelle | Mypads","isPartOf":{"@id":"https:\/\/bbies.fr\/couches-lavables\/#website"},"datePublished":"2021-02-10T09:37:16+00:00","dateModified":"2026-04-23T08:30:39+00:00","description":"Nous sommes l\u00e0 pour vous satisfaire ! Vous pouvez donc bien entendu faire une demande de retours ou d'\u00e9change sur notre site Mypads.","breadcrumb":{"@id":"https:\/\/bbies.fr\/couches-lavables\/retours\/#breadcrumb"},"inLanguage":"fr-FR","potentialAction":[{"@type":"ReadAction","target":["https:\/\/bbies.fr\/couches-lavables\/retours\/"]}]},{"@type":"BreadcrumbList","@id":"https:\/\/bbies.fr\/couches-lavables\/retours\/#breadcrumb","itemListElement":[{"@type":"ListItem","position":1,"name":"Accueil","item":"https:\/\/bbies.fr\/couches-lavables\/"},{"@type":"ListItem","position":2,"name":"Retours"}]},{"@type":"WebSite","@id":"https:\/\/bbies.fr\/couches-lavables\/#website","url":"https:\/\/bbies.fr\/couches-lavables\/","name":"B'bies, couches lavables et r\u00e9utilisables","description":"De la naissance \u00e0 la propret\u00e9","publisher":{"@id":"https:\/\/bbies.fr\/couches-lavables\/#organization"},"alternateName":"BBIES","potentialAction":[{"@type":"SearchAction","target":{"@type":"EntryPoint","urlTemplate":"https:\/\/bbies.fr\/couches-lavables\/?s={search_term_string}"},"query-input":{"@type":"PropertyValueSpecification","valueRequired":true,"valueName":"search_term_string"}}],"inLanguage":"fr-FR"},{"@type":"Organization","@id":"https:\/\/bbies.fr\/couches-lavables\/#organization","name":"B'bies","url":"https:\/\/bbies.fr\/couches-lavables\/","logo":{"@type":"ImageObject","inLanguage":"fr-FR","@id":"https:\/\/bbies.fr\/couches-lavables\/#\/schema\/logo\/image\/","url":"https:\/\/bbies.fr\/couches-lavables\/wp-content\/uploads\/2019\/12\/logo-web.jpg","contentUrl":"https:\/\/bbies.fr\/couches-lavables\/wp-content\/uploads\/2019\/12\/logo-web.jpg","width":364,"height":151,"caption":"B'bies"},"image":{"@id":"https:\/\/bbies.fr\/couches-lavables\/#\/schema\/logo\/image\/"},"sameAs":["https:\/\/www.facebook.com\/bbies.fr\/","https:\/\/www.instagram.com\/bbies.fr"]}]}},"_links":{"self":[{"href":"https:\/\/bbies.fr\/couches-lavables\/wp-json\/wp\/v2\/pages\/1674085","targetHints":{"allow":["GET"]}}],"collection":[{"href":"https:\/\/bbies.fr\/couches-lavables\/wp-json\/wp\/v2\/pages"}],"about":[{"href":"https:\/\/bbies.fr\/couches-lavables\/wp-json\/wp\/v2\/types\/page"}],"author":[{"embeddable":true,"href":"https:\/\/bbies.fr\/couches-lavables\/wp-json\/wp\/v2\/users\/8921"}],"replies":[{"embeddable":true,"href":"https:\/\/bbies.fr\/couches-lavables\/wp-json\/wp\/v2\/comments?post=1674085"}],"version-history":[{"count":2,"href":"https:\/\/bbies.fr\/couches-lavables\/wp-json\/wp\/v2\/pages\/1674085\/revisions"}],"predecessor-version":[{"id":1729593,"href":"https:\/\/bbies.fr\/couches-lavables\/wp-json\/wp\/v2\/pages\/1674085\/revisions\/1729593"}],"wp:attachment":[{"href":"https:\/\/bbies.fr\/couches-lavables\/wp-json\/wp\/v2\/media?parent=1674085"}],"curies":[{"name":"wp","href":"https:\/\/api.w.org\/{rel}","templated":true}]}}