{"id":355,"date":"2019-11-19T11:20:03","date_gmt":"2019-11-19T10:20:03","guid":{"rendered":"http:\/\/bbies.fr\/couches-lavables\/?page_id=355"},"modified":"2021-01-26T09:06:27","modified_gmt":"2021-01-26T08:06:27","slug":"nos-valeurs","status":"publish","type":"page","link":"https:\/\/bbies.fr\/couches-lavables\/nos-valeurs\/","title":{"rendered":"Nos valeurs"},"content":{"rendered":"<p>[et_pb_section fb_built=\u00a0\u00bb1&Prime; _builder_version=\u00a0\u00bb4.8.1&Prime; _module_preset=\u00a0\u00bbdefault\u00a0\u00bb][et_pb_row _builder_version=\u00a0\u00bb4.8.1&Prime; _module_preset=\u00a0\u00bbdefault\u00a0\u00bb][et_pb_column _builder_version=\u00a0\u00bb4.8.1&Prime; _module_preset=\u00a0\u00bbdefault\u00a0\u00bb type=\u00a0\u00bb4_4&Prime;][et_pb_image src=\u00a0\u00bbhttps:\/\/bbies.fr\/couches-lavables\/wp-content\/uploads\/2021\/01\/nos-valeurs-min-1.jpg\u00a0\u00bb _builder_version=\u00a0\u00bb4.8.1&Prime; _module_preset=\u00a0\u00bbdefault\u00a0\u00bb alt=\u00a0\u00bbnos-valeurs-min-bbies\u00a0\u00bb title_text=\u00a0\u00bbnos-valeurs-min-bbies\u00a0\u00bb hover_enabled=\u00a0\u00bb0&Prime; sticky_enabled=\u00a0\u00bb0&Prime;][\/et_pb_image][\/et_pb_column][\/et_pb_row][\/et_pb_section][et_pb_section fb_built=\u00a0\u00bb1&Prime; _builder_version=\u00a0\u00bb4.0.6&Prime; background_enable_image=\u00a0\u00bboff\u00a0\u00bb][et_pb_row column_structure=\u00a0\u00bb1_4,1_4,1_4,1_4&Prime; _builder_version=\u00a0\u00bb4.0.6&Prime;][et_pb_column type=\u00a0\u00bb1_4&Prime; _builder_version=\u00a0\u00bb4.0.6&Prime;][et_pb_text _builder_version=\u00a0\u00bb4.0.6&Prime; text_font=\u00a0\u00bbPoppins|300|||||||\u00a0\u00bb]<\/p>\n<p><img loading=\"lazy\" decoding=\"async\" src=\"https:\/\/bbies.fr\/couches-lavables\/wp-content\/uploads\/2019\/11\/la-sant\u00e9-1.png\" width=\"255\" height=\"104\" alt=\"\" class=\"wp-image-570 alignnone size-full\" \/>Les couches jetables contiennent du chlore, des dioxydes, des nanoparticules, perturbateurs et des pesticides. Autant de composants nocifs pour la sant\u00e9 des b\u00e9b\u00e9s mais aussi des femmes enceintes.<\/p>\n<p>Nos produits sont compos\u00e9s de tissus certifi\u00e9 Oeko Tex standart 100 et Gots.<\/p>\n<p>Ce label\u00a0est le plus exigeant, il garantit l&rsquo;innocuit\u00e9 des\u00a0tissus sur la peau des b\u00e9b\u00e9s qu&rsquo;ils soient naturels, ou synth\u00e9tiques.<\/p>\n<p>[\/et_pb_text][\/et_pb_column][et_pb_column type=\u00a0\u00bb1_4&Prime; _builder_version=\u00a0\u00bb4.0.6&Prime;][et_pb_text _builder_version=\u00a0\u00bb4.0.6&Prime; text_font=\u00a0\u00bbPoppins|300|||||||\u00a0\u00bb]<\/p>\n<p><img loading=\"lazy\" decoding=\"async\" src=\"https:\/\/bbies.fr\/couches-lavables\/wp-content\/uploads\/2019\/11\/le-confort.png\" width=\"255\" height=\"104\" alt=\"\" class=\"wp-image-569 alignnone size-full\" \/>Toutes nos couches lavables sont en tissu biologique et laissent passer l&rsquo;air. Les risques d&rsquo;\u00e9ryth\u00e8me diminuent consid\u00e9rablement.<\/p>\n<p>Nous utilisons un tissu d\u00e9velopp\u00e9 en interne sur toute notre gamme d\u2019article, qui permet de retenir les liquides mais de laisser passer l\u2019air. Vos couches lavables B\u2019bies respirent !<\/p>\n<p>Pas de transpiration, pas de sensation de chaleur pour votre b\u00e9b\u00e9.<\/p>\n<p>[\/et_pb_text][\/et_pb_column][et_pb_column type=\u00a0\u00bb1_4&Prime; _builder_version=\u00a0\u00bb4.0.6&Prime;][et_pb_text _builder_version=\u00a0\u00bb4.0.6&Prime; text_font=\u00a0\u00bbPoppins|300|||||||\u00a0\u00bb]<\/p>\n<p><img loading=\"lazy\" decoding=\"async\" src=\"https:\/\/bbies.fr\/couches-lavables\/wp-content\/uploads\/2019\/11\/la-plan\u00e9te.png\" width=\"255\" height=\"104\" alt=\"\" class=\"wp-image-573 alignnone size-full\" \/>Un enfant utilise approximativement 6000 couches jetables avant de devenir propre. Produisant ainsi 1 tonne de d\u00e9chets ! Ces couches seront ensuite enfouies ou incin\u00e9r\u00e9es.<\/p>\n<p>Pour produire ces couches, il faut donc abattre 5,6 millions d&rsquo;arbres et il faudra attendre entre 300 et 500 ans pour qu&rsquo;une seule couche soit d\u00e9grad\u00e9e. Un constat alarmant.<\/p>\n<p>Il est temps d\u2019agir, ensemble avan\u00e7ons vers le Z\u00e9ro D\u00e9chet.<\/p>\n<p>[\/et_pb_text][\/et_pb_column][et_pb_column type=\u00a0\u00bb1_4&Prime; _builder_version=\u00a0\u00bb4.0.6&Prime;][et_pb_text _builder_version=\u00a0\u00bb4.0.6&Prime; text_font=\u00a0\u00bbPoppins|300|||||||\u00a0\u00bb]<\/p>\n<p><img loading=\"lazy\" decoding=\"async\" src=\"https:\/\/bbies.fr\/couches-lavables\/wp-content\/uploads\/2019\/11\/les-prix.png\" width=\"255\" height=\"104\" alt=\"\" class=\"wp-image-575 alignnone size-full\" \/>M\u00eame si l&rsquo;utilisation de nos couches lavables repr\u00e9sente un investissement au d\u00e9but, elles s\u2019av\u00e8rent tr\u00e8s rentables \u00e0 long terme\u00a0et les \u00e9conomies r\u00e9alis\u00e9es sont r\u00e9elles !<\/p>\n<p>-Elles sont utilisables de la naissance \u00e0 la propret\u00e9<\/p>\n<p>-Elles sont r\u00e9utilisables pour d\u2019autres enfants<\/p>\n<p>-Elles se revendent tr\u00e8s bien d\u2019occasion ; En faisant quelques recherches sur internet, vous trouverez rapidement de nombreuses offres de couches B\u2019bies d\u2019occasion.<\/p>\n<p>[\/et_pb_text][\/et_pb_column][\/et_pb_row][\/et_pb_section]<\/p>\n","protected":false},"excerpt":{"rendered":"<p>Les couches jetables contiennent du chlore, des dioxydes, des nanoparticules, perturbateurs et des pesticides. Autant de composants nocifs pour la sant\u00e9 des b\u00e9b\u00e9s mais aussi des femmes enceintes. Nos produits sont compos\u00e9s de tissus certifi\u00e9 Oeko Tex standart 100 et Gots. Ce label\u00a0est le plus exigeant, il garantit l&rsquo;innocuit\u00e9 des\u00a0tissus sur la peau des b\u00e9b\u00e9s [&hellip;]<\/p>\n","protected":false},"author":8921,"featured_media":0,"parent":0,"menu_order":0,"comment_status":"closed","ping_status":"closed","template":"","meta":{"_acf_changed":false,"_et_pb_use_builder":"on","_et_pb_old_content":"","_et_gb_content_width":"","footnotes":""},"class_list":["post-355","page","type-page","status-publish","hentry"],"acf":[],"yoast_head":"<!-- This site is optimized with the Yoast SEO plugin v27.4 - https:\/\/yoast.com\/product\/yoast-seo-wordpress\/ -->\n<title>Nos valeurs | B&#039;bies<\/title>\n<meta name=\"description\" content=\"Sant\u00e9, confort, plan\u00e8te et prix. Voil\u00e0 les quatres grandes valeurs de l&#039;entreprise B&#039;bies. Nous nous efforcons au quotidien de les respecter.\" \/>\n<meta name=\"robots\" content=\"index, follow, max-snippet:-1, max-image-preview:large, max-video-preview:-1\" \/>\n<link rel=\"canonical\" href=\"https:\/\/bbies.fr\/couches-lavables\/nos-valeurs\/\" \/>\n<script type=\"application\/ld+json\" class=\"yoast-schema-graph\">{\"@context\":\"https:\\\/\\\/schema.org\",\"@graph\":[{\"@type\":\"WebPage\",\"@id\":\"https:\\\/\\\/bbies.fr\\\/couches-lavables\\\/nos-valeurs\\\/\",\"url\":\"https:\\\/\\\/bbies.fr\\\/couches-lavables\\\/nos-valeurs\\\/\",\"name\":\"Nos valeurs | B&#039;bies\",\"isPartOf\":{\"@id\":\"https:\\\/\\\/bbies.fr\\\/couches-lavables\\\/#website\"},\"primaryImageOfPage\":{\"@id\":\"https:\\\/\\\/bbies.fr\\\/couches-lavables\\\/nos-valeurs\\\/#primaryimage\"},\"image\":{\"@id\":\"https:\\\/\\\/bbies.fr\\\/couches-lavables\\\/nos-valeurs\\\/#primaryimage\"},\"thumbnailUrl\":\"https:\\\/\\\/bbies.fr\\\/couches-lavables\\\/wp-content\\\/uploads\\\/2019\\\/11\\\/le-confort.png\",\"datePublished\":\"2019-11-19T10:20:03+00:00\",\"dateModified\":\"2021-01-26T08:06:27+00:00\",\"description\":\"Sant\u00e9, confort, plan\u00e8te et prix. Voil\u00e0 les quatres grandes valeurs de l'entreprise B'bies. Nous nous efforcons au quotidien de les respecter.\",\"breadcrumb\":{\"@id\":\"https:\\\/\\\/bbies.fr\\\/couches-lavables\\\/nos-valeurs\\\/#breadcrumb\"},\"inLanguage\":\"fr-FR\",\"potentialAction\":[{\"@type\":\"ReadAction\",\"target\":[\"https:\\\/\\\/bbies.fr\\\/couches-lavables\\\/nos-valeurs\\\/\"]}]},{\"@type\":\"ImageObject\",\"inLanguage\":\"fr-FR\",\"@id\":\"https:\\\/\\\/bbies.fr\\\/couches-lavables\\\/nos-valeurs\\\/#primaryimage\",\"url\":\"https:\\\/\\\/bbies.fr\\\/couches-lavables\\\/wp-content\\\/uploads\\\/2019\\\/11\\\/le-confort.png\",\"contentUrl\":\"https:\\\/\\\/bbies.fr\\\/couches-lavables\\\/wp-content\\\/uploads\\\/2019\\\/11\\\/le-confort.png\",\"width\":255,\"height\":104},{\"@type\":\"BreadcrumbList\",\"@id\":\"https:\\\/\\\/bbies.fr\\\/couches-lavables\\\/nos-valeurs\\\/#breadcrumb\",\"itemListElement\":[{\"@type\":\"ListItem\",\"position\":1,\"name\":\"Accueil\",\"item\":\"https:\\\/\\\/bbies.fr\\\/couches-lavables\\\/\"},{\"@type\":\"ListItem\",\"position\":2,\"name\":\"Nos valeurs\"}]},{\"@type\":\"WebSite\",\"@id\":\"https:\\\/\\\/bbies.fr\\\/couches-lavables\\\/#website\",\"url\":\"https:\\\/\\\/bbies.fr\\\/couches-lavables\\\/\",\"name\":\"B'bies, couches lavables et r\u00e9utilisables\",\"description\":\"De la naissance \u00e0 la propret\u00e9\",\"publisher\":{\"@id\":\"https:\\\/\\\/bbies.fr\\\/couches-lavables\\\/#organization\"},\"alternateName\":\"BBIES\",\"potentialAction\":[{\"@type\":\"SearchAction\",\"target\":{\"@type\":\"EntryPoint\",\"urlTemplate\":\"https:\\\/\\\/bbies.fr\\\/couches-lavables\\\/?s={search_term_string}\"},\"query-input\":{\"@type\":\"PropertyValueSpecification\",\"valueRequired\":true,\"valueName\":\"search_term_string\"}}],\"inLanguage\":\"fr-FR\"},{\"@type\":\"Organization\",\"@id\":\"https:\\\/\\\/bbies.fr\\\/couches-lavables\\\/#organization\",\"name\":\"B'bies\",\"url\":\"https:\\\/\\\/bbies.fr\\\/couches-lavables\\\/\",\"logo\":{\"@type\":\"ImageObject\",\"inLanguage\":\"fr-FR\",\"@id\":\"https:\\\/\\\/bbies.fr\\\/couches-lavables\\\/#\\\/schema\\\/logo\\\/image\\\/\",\"url\":\"https:\\\/\\\/bbies.fr\\\/couches-lavables\\\/wp-content\\\/uploads\\\/2019\\\/12\\\/logo-web.jpg\",\"contentUrl\":\"https:\\\/\\\/bbies.fr\\\/couches-lavables\\\/wp-content\\\/uploads\\\/2019\\\/12\\\/logo-web.jpg\",\"width\":364,\"height\":151,\"caption\":\"B'bies\"},\"image\":{\"@id\":\"https:\\\/\\\/bbies.fr\\\/couches-lavables\\\/#\\\/schema\\\/logo\\\/image\\\/\"},\"sameAs\":[\"https:\\\/\\\/www.facebook.com\\\/bbies.fr\\\/\",\"https:\\\/\\\/www.instagram.com\\\/bbies.fr\"]}]}<\/script>\n<!-- \/ Yoast SEO plugin. -->","yoast_head_json":{"title":"Nos valeurs | B&#039;bies","description":"Sant\u00e9, confort, plan\u00e8te et prix. Voil\u00e0 les quatres grandes valeurs de l'entreprise B'bies. Nous nous efforcons au quotidien de les respecter.","robots":{"index":"index","follow":"follow","max-snippet":"max-snippet:-1","max-image-preview":"max-image-preview:large","max-video-preview":"max-video-preview:-1"},"canonical":"https:\/\/bbies.fr\/couches-lavables\/nos-valeurs\/","schema":{"@context":"https:\/\/schema.org","@graph":[{"@type":"WebPage","@id":"https:\/\/bbies.fr\/couches-lavables\/nos-valeurs\/","url":"https:\/\/bbies.fr\/couches-lavables\/nos-valeurs\/","name":"Nos valeurs | B&#039;bies","isPartOf":{"@id":"https:\/\/bbies.fr\/couches-lavables\/#website"},"primaryImageOfPage":{"@id":"https:\/\/bbies.fr\/couches-lavables\/nos-valeurs\/#primaryimage"},"image":{"@id":"https:\/\/bbies.fr\/couches-lavables\/nos-valeurs\/#primaryimage"},"thumbnailUrl":"https:\/\/bbies.fr\/couches-lavables\/wp-content\/uploads\/2019\/11\/le-confort.png","datePublished":"2019-11-19T10:20:03+00:00","dateModified":"2021-01-26T08:06:27+00:00","description":"Sant\u00e9, confort, plan\u00e8te et prix. Voil\u00e0 les quatres grandes valeurs de l'entreprise B'bies. Nous nous efforcons au quotidien de les respecter.","breadcrumb":{"@id":"https:\/\/bbies.fr\/couches-lavables\/nos-valeurs\/#breadcrumb"},"inLanguage":"fr-FR","potentialAction":[{"@type":"ReadAction","target":["https:\/\/bbies.fr\/couches-lavables\/nos-valeurs\/"]}]},{"@type":"ImageObject","inLanguage":"fr-FR","@id":"https:\/\/bbies.fr\/couches-lavables\/nos-valeurs\/#primaryimage","url":"https:\/\/bbies.fr\/couches-lavables\/wp-content\/uploads\/2019\/11\/le-confort.png","contentUrl":"https:\/\/bbies.fr\/couches-lavables\/wp-content\/uploads\/2019\/11\/le-confort.png","width":255,"height":104},{"@type":"BreadcrumbList","@id":"https:\/\/bbies.fr\/couches-lavables\/nos-valeurs\/#breadcrumb","itemListElement":[{"@type":"ListItem","position":1,"name":"Accueil","item":"https:\/\/bbies.fr\/couches-lavables\/"},{"@type":"ListItem","position":2,"name":"Nos valeurs"}]},{"@type":"WebSite","@id":"https:\/\/bbies.fr\/couches-lavables\/#website","url":"https:\/\/bbies.fr\/couches-lavables\/","name":"B'bies, couches lavables et r\u00e9utilisables","description":"De la naissance \u00e0 la propret\u00e9","publisher":{"@id":"https:\/\/bbies.fr\/couches-lavables\/#organization"},"alternateName":"BBIES","potentialAction":[{"@type":"SearchAction","target":{"@type":"EntryPoint","urlTemplate":"https:\/\/bbies.fr\/couches-lavables\/?s={search_term_string}"},"query-input":{"@type":"PropertyValueSpecification","valueRequired":true,"valueName":"search_term_string"}}],"inLanguage":"fr-FR"},{"@type":"Organization","@id":"https:\/\/bbies.fr\/couches-lavables\/#organization","name":"B'bies","url":"https:\/\/bbies.fr\/couches-lavables\/","logo":{"@type":"ImageObject","inLanguage":"fr-FR","@id":"https:\/\/bbies.fr\/couches-lavables\/#\/schema\/logo\/image\/","url":"https:\/\/bbies.fr\/couches-lavables\/wp-content\/uploads\/2019\/12\/logo-web.jpg","contentUrl":"https:\/\/bbies.fr\/couches-lavables\/wp-content\/uploads\/2019\/12\/logo-web.jpg","width":364,"height":151,"caption":"B'bies"},"image":{"@id":"https:\/\/bbies.fr\/couches-lavables\/#\/schema\/logo\/image\/"},"sameAs":["https:\/\/www.facebook.com\/bbies.fr\/","https:\/\/www.instagram.com\/bbies.fr"]}]}},"_links":{"self":[{"href":"https:\/\/bbies.fr\/couches-lavables\/wp-json\/wp\/v2\/pages\/355","targetHints":{"allow":["GET"]}}],"collection":[{"href":"https:\/\/bbies.fr\/couches-lavables\/wp-json\/wp\/v2\/pages"}],"about":[{"href":"https:\/\/bbies.fr\/couches-lavables\/wp-json\/wp\/v2\/types\/page"}],"author":[{"embeddable":true,"href":"https:\/\/bbies.fr\/couches-lavables\/wp-json\/wp\/v2\/users\/8921"}],"replies":[{"embeddable":true,"href":"https:\/\/bbies.fr\/couches-lavables\/wp-json\/wp\/v2\/comments?post=355"}],"version-history":[{"count":0,"href":"https:\/\/bbies.fr\/couches-lavables\/wp-json\/wp\/v2\/pages\/355\/revisions"}],"wp:attachment":[{"href":"https:\/\/bbies.fr\/couches-lavables\/wp-json\/wp\/v2\/media?parent=355"}],"curies":[{"name":"wp","href":"https:\/\/api.w.org\/{rel}","templated":true}]}}