{"id":474,"date":"2019-11-19T16:03:58","date_gmt":"2019-11-19T15:03:58","guid":{"rendered":"http:\/\/bbies.fr\/couches-lavables\/?page_id=474"},"modified":"2023-01-20T10:10:46","modified_gmt":"2023-01-20T09:10:46","slug":"474-2","status":"publish","type":"page","link":"https:\/\/bbies.fr\/couches-lavables\/474-2\/","title":{"rendered":"FAQ entreprise"},"content":{"rendered":"<p>[et_pb_section fb_built=\u00a0\u00bb1&Prime; fullwidth=\u00a0\u00bbon\u00a0\u00bb _builder_version=\u00a0\u00bb4.16&Prime; global_colors_info=\u00a0\u00bb{}\u00a0\u00bb][et_pb_fullwidth_image src=\u00a0\u00bbhttps:\/\/bbies.fr\/couches-lavables\/wp-content\/uploads\/2021\/01\/bro-2.jpg\u00a0\u00bb alt=\u00a0\u00bbfaq-entreprise-bbies\u00a0\u00bb title_text=\u00a0\u00bbfaq-entreprise-bbies\u00a0\u00bb _builder_version=\u00a0\u00bb4.16&Prime; width=\u00a0\u00bb57%\u00a0\u00bb module_alignment=\u00a0\u00bbcenter\u00a0\u00bb global_colors_info=\u00a0\u00bb{}\u00a0\u00bb][\/et_pb_fullwidth_image][\/et_pb_section][et_pb_section fb_built=\u00a0\u00bb1&Prime; _builder_version=\u00a0\u00bb4.16&Prime; custom_margin=\u00a0\u00bb-47px|||||\u00a0\u00bb global_colors_info=\u00a0\u00bb{}\u00a0\u00bb][et_pb_row column_structure=\u00a0\u00bb1_2,1_2&Prime; _builder_version=\u00a0\u00bb4.16&Prime; global_colors_info=\u00a0\u00bb{}\u00a0\u00bb][et_pb_column type=\u00a0\u00bb1_2&Prime; _builder_version=\u00a0\u00bb4.16&Prime; global_colors_info=\u00a0\u00bb{}\u00a0\u00bb][et_pb_toggle title=\u00a0\u00bbEn combien de temps sera pr\u00eate ma commande ? \u00a0\u00bb open_toggle_background_color=\u00a0\u00bb#016176&Prime; closed_toggle_background_color=\u00a0\u00bb#016176&Prime; icon_color=\u00a0\u00bb#ffffff\u00a0\u00bb open_icon_color=\u00a0\u00bb#ffffff\u00a0\u00bb _builder_version=\u00a0\u00bb4.17.4&Prime; title_text_color=\u00a0\u00bb#ffffff\u00a0\u00bb title_font=\u00a0\u00bbPoppins||||||||\u00a0\u00bb closed_title_font=\u00a0\u00bbPoppins||||||||\u00a0\u00bb body_font=\u00a0\u00bbPoppins|300|||||||\u00a0\u00bb body_text_color=\u00a0\u00bb#ffffff\u00a0\u00bb global_colors_info=\u00a0\u00bb{}\u00a0\u00bb]<\/p>\n<p>Lorsque vous passez votre commande sur le site par CB, celle-ci est ensuite trait\u00e9e par notre \u00e9quipe de\u00a0 logistique sous 24 (hors week-end et jours f\u00e9ri\u00e9s).<\/p>\n<p>Les commandes par ch\u00e8que et par virement sont trait\u00e9es et valid\u00e9es \u00e0 r\u00e9ception du r\u00e8glement seulement.<\/p>\n<p>Les commandes sont pr\u00e9par\u00e9es du lundi au vendredi. En cas d\u2019indisponibilit\u00e9 d\u2019un article, nous vous contacterons par email afin de savoir ce que vous pr\u00e9f\u00e9rez : avoir, remboursement, \u00e9change avec un autre article.<\/p>\n<p>[\/et_pb_toggle][et_pb_toggle title=\u00a0\u00bbJe souhaite modifier\/annuler ma commande ou j\u2019ai oubli\u00e9 d\u2019indiquer un code promo\u00a0\u00bb open_toggle_text_color=\u00a0\u00bb#ffffff\u00a0\u00bb open_toggle_background_color=\u00a0\u00bb#016176&Prime; closed_toggle_background_color=\u00a0\u00bb#016176&Prime; icon_color=\u00a0\u00bb#ffffff\u00a0\u00bb open_icon_color=\u00a0\u00bb#ffffff\u00a0\u00bb _builder_version=\u00a0\u00bb4.16&Prime; title_text_color=\u00a0\u00bb#ffffff\u00a0\u00bb title_font=\u00a0\u00bbPoppins||||||||\u00a0\u00bb title_line_height=\u00a0\u00bb1.3em\u00a0\u00bb body_font=\u00a0\u00bbPoppins|300|||||||\u00a0\u00bb body_text_color=\u00a0\u00bb#ffffff\u00a0\u00bb global_colors_info=\u00a0\u00bb{}\u00a0\u00bb]<\/p>\n<p><span>C&rsquo;est \u00e9videmment possible ! Contactez-nous le plus vite possible au\u00a0<\/span><span>02 40 69 58 04\u00a0 afin que nous puissions modifier votre commande avant son exp\u00e9dition.\u00a0<\/span><\/p>\n<p>[\/et_pb_toggle][et_pb_toggle title=\u00a0\u00bbQuels sont les d\u00e9lais de livraison ?\u00a0\u00bb open_toggle_text_color=\u00a0\u00bb#ffffff\u00a0\u00bb open_toggle_background_color=\u00a0\u00bb#016176&Prime; closed_toggle_background_color=\u00a0\u00bb#016176&Prime; icon_color=\u00a0\u00bb#ffffff\u00a0\u00bb open_icon_color=\u00a0\u00bb#ffffff\u00a0\u00bb _builder_version=\u00a0\u00bb4.17.4&Prime; title_text_color=\u00a0\u00bb#ffffff\u00a0\u00bb title_font=\u00a0\u00bbPoppins|500|||||||\u00a0\u00bb body_font=\u00a0\u00bbPoppins|300|||||||\u00a0\u00bb body_text_color=\u00a0\u00bb#ffffff\u00a0\u00bb global_colors_info=\u00a0\u00bb{}\u00a0\u00bb]<\/p>\n<p>\u00c0 titre d\u2019information, une fois votre commande exp\u00e9di\u00e9e, le d\u00e9lai d&rsquo;acheminement varie mais avec notre transporteur GLS il est de 2 \u00e0 3 jours ouvr\u00e9s pour les envois en France m\u00e9tropolitaine (livraison possible le samedi).<\/p>\n<p>3 jours environ pour les envois en Belgique<\/p>\n<p>7 \u00e0 8 jours environ pour les exp\u00e9ditions vers les DOM\/COM\/TOM<\/p>\n<p>[\/et_pb_toggle][et_pb_toggle title=\u00a0\u00bbJe n&rsquo;ai pas r\u00e9ceptionn\u00e9 ma confirmation de livraison\u00a0\u00bb open_toggle_background_color=\u00a0\u00bb#016176&Prime; closed_toggle_text_color=\u00a0\u00bb#ffffff\u00a0\u00bb closed_toggle_background_color=\u00a0\u00bb#016176&Prime; icon_color=\u00a0\u00bb#ffffff\u00a0\u00bb open_icon_color=\u00a0\u00bb#ffffff\u00a0\u00bb _builder_version=\u00a0\u00bb4.17.4&Prime; title_text_color=\u00a0\u00bb#ffffff\u00a0\u00bb title_line_height=\u00a0\u00bb1.2em\u00a0\u00bb closed_title_font=\u00a0\u00bbPoppins||||||||\u00a0\u00bb body_font=\u00a0\u00bbPoppins|300|||||||\u00a0\u00bb body_text_color=\u00a0\u00bb#ffffff\u00a0\u00bb global_colors_info=\u00a0\u00bb{}\u00a0\u00bb]<\/p>\n<p>Avez-vous pens\u00e9 \u00e0 v\u00e9rifier vos spams ?<\/p>\n<p>L&rsquo;envoi de la confirmation de livraison est automatique, si jamais vous ne l&rsquo;avez toujours pas, n&rsquo;h\u00e9sitez pas \u00e0 nous contacter par mail : <strong><span style=\"color: #ffffff;\"><a href=\"mailto:igreyo@bbies.fr\" style=\"color: #ffffff;\">hello@ bbies.fr<\/a> <\/span><\/strong>ou directement par t\u00e9l\u00e9phone : <strong>02 40 69 58 04.<\/strong><\/p>\n<p>[\/et_pb_toggle][et_pb_toggle title=\u00a0\u00bbMon colis est endommag\u00e9 que faire ? \u00a0\u00bb open_toggle_text_color=\u00a0\u00bb#ffffff\u00a0\u00bb open_toggle_background_color=\u00a0\u00bb#016176&Prime; closed_toggle_background_color=\u00a0\u00bb#016176&Prime; icon_color=\u00a0\u00bb#ffffff\u00a0\u00bb open_icon_color=\u00a0\u00bb#ffffff\u00a0\u00bb _builder_version=\u00a0\u00bb4.17.4&Prime; title_text_color=\u00a0\u00bb#ffffff\u00a0\u00bb title_font=\u00a0\u00bbPoppins||||||||\u00a0\u00bb body_font=\u00a0\u00bbPoppins|300|||||||\u00a0\u00bb body_text_color=\u00a0\u00bb#ffffff\u00a0\u00bb global_colors_info=\u00a0\u00bb{}\u00a0\u00bb]<\/p>\n<p><span color=\"#000000\">Mince ! Contactez-nous directement par t\u00e9l\u00e9phone au <strong>02 40 69 58 04<\/strong> ou par mail \u00e0 l&rsquo;adresse suivante :<span style=\"color: #ffffff;\"><strong> <a href=\"mailto:igreyo@bbies.fr\" style=\"color: #ffffff;\">hello@ bbies.fr<\/a><\/strong>\u00a0<\/span>nous trouverons ensemble la solution la plus adapt\u00e9e.\u00a0<\/span><\/p>\n<p>[\/et_pb_toggle][et_pb_toggle title=\u00a0\u00bbPuis-je retourner un produit ? \u00a0\u00bb open_toggle_text_color=\u00a0\u00bb#ffffff\u00a0\u00bb open_toggle_background_color=\u00a0\u00bb#016176&Prime; closed_toggle_text_color=\u00a0\u00bb#ffffff\u00a0\u00bb closed_toggle_background_color=\u00a0\u00bb#016176&Prime; icon_color=\u00a0\u00bb#ffffff\u00a0\u00bb open_icon_color=\u00a0\u00bb#ffffff\u00a0\u00bb _builder_version=\u00a0\u00bb4.17.4&Prime; title_text_color=\u00a0\u00bb#ffffff\u00a0\u00bb title_font=\u00a0\u00bbPoppins||||||||\u00a0\u00bb title_line_height=\u00a0\u00bb1.4em\u00a0\u00bb closed_title_font=\u00a0\u00bbPoppins||||||||\u00a0\u00bb body_font=\u00a0\u00bbPoppins|300|||||||\u00a0\u00bb body_text_color=\u00a0\u00bb#ffffff\u00a0\u00bb global_colors_info=\u00a0\u00bb{}\u00a0\u00bb]<\/p>\n<p>Evidemment ! Notre priorit\u00e9 est de vous satisfaire, c&rsquo;est pourquoi, sous certaines conditions, le retour d&rsquo;un produit est bien-s\u00fbr possible. Nous vous invitons \u00e0 remplir directement notre formulaire :\u00a0https:\/\/bbies.fr\/couches-lavables\/retours\/<\/p>\n<p>Vous disposez d\u2019un droit de r\u00e9tractation, dans un d\u00e9lai de quatorze jours francs \u00e0 compter de la livraison de la commande. Les produits devront \u00eatre neufs (dans leur emballage d\u2019origine, non port\u00e9s, non lav\u00e9s) accompagn\u00e9s du num\u00e9ro de commande \u00e0 l\u2019adresse suivante :<\/p>\n<p>Bbies, 15 Rue des Savoir-Faire, ZA Beau Soleil, 44450 Saint-Julien-de-Concelles<\/p>\n<p>Envoyez-nous un petit mail afin de nous pr\u00e9venir de votre intention de vous r\u00e9tracter : hello@ bbies.fr<\/p>\n<p>[\/et_pb_toggle][et_pb_toggle title=\u00a0\u00bbVous ne souhaitez pas, vous ne pouvez pas vous d\u00e9placez \u00e0 la poste pour le retour du colis ?\u00a0\u00bb open_toggle_text_color=\u00a0\u00bb#ffffff\u00a0\u00bb open_toggle_background_color=\u00a0\u00bb#016176&Prime; closed_toggle_background_color=\u00a0\u00bb#016176&Prime; icon_color=\u00a0\u00bb#ffffff\u00a0\u00bb open_icon_color=\u00a0\u00bb#ffffff\u00a0\u00bb _builder_version=\u00a0\u00bb4.17.4&Prime; title_text_color=\u00a0\u00bb#ffffff\u00a0\u00bb title_font=\u00a0\u00bbPoppins||||||||\u00a0\u00bb title_line_height=\u00a0\u00bb1.3em\u00a0\u00bb closed_title_font=\u00a0\u00bbPoppins||||||||\u00a0\u00bb body_font=\u00a0\u00bbPoppins|300|||||||\u00a0\u00bb body_text_color=\u00a0\u00bb#ffffff\u00a0\u00bb custom_padding=\u00a0\u00bb|||18px||\u00a0\u00bb hover_enabled=\u00a0\u00bb0&Prime; global_colors_info=\u00a0\u00bb{}\u00a0\u00bb sticky_enabled=\u00a0\u00bb0&Prime;]<\/p>\n<p>Trouvons un arrangement ! Nous pouvons demander \u00e0 votre facteur de r\u00e9cup\u00e9rer le colis directement dans votre\u00a0 bo\u00eete au lettre, ce service est factur\u00e9 5.90 euros. Ce co\u00fbt sera d\u00e9duit de votre remboursement. Vous pouvez nous en faire la demande par mail, toujours \u00e0 la m\u00eame adresse : hello@ bbies.fr<\/p>\n<p>[\/et_pb_toggle][\/et_pb_column][et_pb_column type=\u00a0\u00bb1_2&Prime; _builder_version=\u00a0\u00bb4.16&Prime; global_colors_info=\u00a0\u00bb{}\u00a0\u00bb][et_pb_toggle title=\u00a0\u00bbComment puis-je visualiser le suivi de ma commande ?\u00a0\u00bb open_toggle_text_color=\u00a0\u00bb#ffffff\u00a0\u00bb open_toggle_background_color=\u00a0\u00bb#016176&Prime; closed_toggle_background_color=\u00a0\u00bb#016176&Prime; icon_color=\u00a0\u00bb#ffffff\u00a0\u00bb open_icon_color=\u00a0\u00bb#ffffff\u00a0\u00bb _builder_version=\u00a0\u00bb4.16&Prime; title_text_color=\u00a0\u00bb#ffffff\u00a0\u00bb title_font=\u00a0\u00bbPoppins||||||||\u00a0\u00bb title_line_height=\u00a0\u00bb1.3em\u00a0\u00bb closed_title_font=\u00a0\u00bbPoppins||||||||\u00a0\u00bb body_font=\u00a0\u00bbPoppins|300|||||||\u00a0\u00bb body_text_color=\u00a0\u00bb#ffffff\u00a0\u00bb global_colors_info=\u00a0\u00bb{}\u00a0\u00bb]<\/p>\n<p>Vous pouvez suivre l\u2019\u00e9volution du traitement de votre commande en temps r\u00e9el sur votre espace personnel \u00e0 la rubrique \u00ab mes commandes \u00bb.<\/p>\n<p>Si vous avez pass\u00e9 commande sans cr\u00e9er de compte, vous recevrez un email de confirmation de commande et quelques jours apr\u00e8s un email d\u2019exp\u00e9dition de commande.<\/p>\n<p>[\/et_pb_toggle][et_pb_toggle title=\u00a0\u00bbJe n&rsquo;arrive pas \u00e0 me connecter \u00e0 mon compte \u00a0\u00bb open_toggle_text_color=\u00a0\u00bb#ffffff\u00a0\u00bb open_toggle_background_color=\u00a0\u00bb#016176&Prime; closed_toggle_background_color=\u00a0\u00bb#016176&Prime; icon_color=\u00a0\u00bb#ffffff\u00a0\u00bb open_icon_color=\u00a0\u00bb#ffffff\u00a0\u00bb _builder_version=\u00a0\u00bb4.17.4&Prime; title_text_color=\u00a0\u00bb#ffffff\u00a0\u00bb title_font=\u00a0\u00bbPoppins||||||||\u00a0\u00bb body_font=\u00a0\u00bbPoppins|300|||||||\u00a0\u00bb body_text_color=\u00a0\u00bb#ffffff\u00a0\u00bb global_colors_info=\u00a0\u00bb{}\u00a0\u00bb]<\/p>\n<p>Sachez qu&rsquo;il est possible de passer commande sans cr\u00e9er de compte sur le site !<\/p>\n<p>Si jamais vous avez un compte : peut-\u00eatre avez vous utilis\u00e9 un ancien mot de passe ? Essayez de le r\u00e9initialiser en cliquant sur le lien \u00a0\u00bb Mot de passe oubli\u00e9\u00a0\u00bb.<\/p>\n<p>Si cela ne fonctionne toujours pas, contactez-nous par mail \u00e0 l&rsquo;adresse suivante : <strong><span style=\"color: #ffffff;\"><a href=\"mailto: igreyo@bbies.fr\" style=\"color: #ffffff;\">hello@ bbies.fr<\/a>\u00a0<\/span><\/strong>nous trouverons une solution ensemble.<\/p>\n<p>[\/et_pb_toggle][et_pb_toggle title=\u00a0\u00bb Comment puis-je suivre l\u2019exp\u00e9dition de ma commande ?\u00a0\u00bb open_toggle_text_color=\u00a0\u00bb#ffffff\u00a0\u00bb open_toggle_background_color=\u00a0\u00bb#016176&Prime; closed_toggle_text_color=\u00a0\u00bb#ffffff\u00a0\u00bb closed_toggle_background_color=\u00a0\u00bb#016176&Prime; icon_color=\u00a0\u00bb#ffffff\u00a0\u00bb open_icon_color=\u00a0\u00bb#ffffff\u00a0\u00bb _builder_version=\u00a0\u00bb4.16&Prime; title_text_color=\u00a0\u00bb#ffffff\u00a0\u00bb title_font=\u00a0\u00bbPoppins||||||||\u00a0\u00bb title_line_height=\u00a0\u00bb1.2em\u00a0\u00bb closed_title_font=\u00a0\u00bbPoppins||||||||\u00a0\u00bb body_font=\u00a0\u00bbPoppins|300|||||||\u00a0\u00bb body_text_color=\u00a0\u00bb#ffffff\u00a0\u00bb global_colors_info=\u00a0\u00bb{}\u00a0\u00bb]<\/p>\n<p>C&rsquo;est simple ! Le num\u00e9ro de suivi de votre commande est communiqu\u00e9 dans l\u2019email d\u2019exp\u00e9dition de commande.<\/p>\n<p>Vous pouvez suivre votre commande en rentrant votre num\u00e9ro de suivi sur le site de notre transporteur :\u00a0https:\/\/gls-group.eu\/FR\/fr\/suivi-colis<\/p>\n<p>[\/et_pb_toggle][et_pb_toggle title=\u00a0\u00bb Je n\u2019ai toujours pas re\u00e7u ma commande, que faire ?\u00a0\u00bb open_toggle_text_color=\u00a0\u00bb#ffffff\u00a0\u00bb open_toggle_background_color=\u00a0\u00bb#016176&Prime; closed_toggle_text_color=\u00a0\u00bb#ffffff\u00a0\u00bb closed_toggle_background_color=\u00a0\u00bb#016176&Prime; icon_color=\u00a0\u00bb#ffffff\u00a0\u00bb open_icon_color=\u00a0\u00bb#ffffff\u00a0\u00bb _builder_version=\u00a0\u00bb4.17.4&Prime; title_text_color=\u00a0\u00bb#ffffff\u00a0\u00bb title_font=\u00a0\u00bbPoppins||||||||\u00a0\u00bb closed_title_font=\u00a0\u00bbPoppins||||||||\u00a0\u00bb body_font=\u00a0\u00bbPoppins|300|||||||\u00a0\u00bb body_text_color=\u00a0\u00bb#ffffff\u00a0\u00bb global_colors_info=\u00a0\u00bb{}\u00a0\u00bb]<\/p>\n<p>Avez-vous rentrer votre num\u00e9ro de suivi de commande sur le site de notre transporteur GLS ?<\/p>\n<p>Si jamais votre colis est indiqu\u00e9 livr\u00e9 alors que vous n\u2019avez rien r\u00e9ceptionn\u00e9, contactez-nous par mail : hello<strong>@ bbies.fr<\/strong> afin que nous puissions effectuer une recherche aupr\u00e8s du transporteur.<\/p>\n<p>[\/et_pb_toggle][et_pb_toggle title=\u00a0\u00bbMon colis est en bon \u00e9tat mais le produit est ab\u00eem\u00e9\/cass\u00e9, que faire ?\u00a0\u00bb open_toggle_text_color=\u00a0\u00bb#ffffff\u00a0\u00bb open_toggle_background_color=\u00a0\u00bb#016176&Prime; closed_toggle_background_color=\u00a0\u00bb#016176&Prime; icon_color=\u00a0\u00bb#ffffff\u00a0\u00bb open_icon_color=\u00a0\u00bb#ffffff\u00a0\u00bb _builder_version=\u00a0\u00bb4.17.4&Prime; title_text_color=\u00a0\u00bb#ffffff\u00a0\u00bb title_font=\u00a0\u00bbPoppins||||||||\u00a0\u00bb title_line_height=\u00a0\u00bb1.5em\u00a0\u00bb body_font=\u00a0\u00bbPoppins|300|||||||\u00a0\u00bb body_text_color=\u00a0\u00bb#ffffff\u00a0\u00bb global_colors_info=\u00a0\u00bb{}\u00a0\u00bb]<\/p>\n<p>Contactez-nous par email : hello@bbies.fr en nous envoyant une photo du produit sous 48h apr\u00e8s la r\u00e9ception de votre colis.<\/p>\n<p>[\/et_pb_toggle][et_pb_toggle title=\u00a0\u00bbJe n&rsquo;ai pas eu le temps d&rsquo;aller r\u00e9cup\u00e9rer mon colis en bureau de poste\u00a0\u00bb open_toggle_text_color=\u00a0\u00bb#ffffff\u00a0\u00bb open_toggle_background_color=\u00a0\u00bb#016176&Prime; closed_toggle_text_color=\u00a0\u00bb#ffffff\u00a0\u00bb closed_toggle_background_color=\u00a0\u00bb#016176&Prime; icon_color=\u00a0\u00bb#ffffff\u00a0\u00bb open_icon_color=\u00a0\u00bb#ffffff\u00a0\u00bb _builder_version=\u00a0\u00bb4.16&Prime; title_font=\u00a0\u00bbPoppins||||||||\u00a0\u00bb title_line_height=\u00a0\u00bb1.3em\u00a0\u00bb closed_title_font=\u00a0\u00bbPoppins||||||||\u00a0\u00bb closed_title_line_height=\u00a0\u00bb1.8em\u00a0\u00bb body_font=\u00a0\u00bbPoppins|300|||||||\u00a0\u00bb body_text_color=\u00a0\u00bb#ffffff\u00a0\u00bb global_colors_info=\u00a0\u00bb{}\u00a0\u00bb]<\/p>\n<p>Ce sont des choses qui arrivent !<\/p>\n<p>Si le colis n&rsquo;est pas r\u00e9cup\u00e9r\u00e9 \u00e0 temps, celui-ci nous est retourn\u00e9. Une fois que nous l&rsquo;avons r\u00e9c\u00e9ptionn\u00e9 nous vous remboursons.<\/p>\n<p>Astuce : si vous pensez ne pas pouvoir r\u00e9cup\u00e9rer votre colis \u00e0 temps, contactez directement le point relais ou bureau de poste afin qu&rsquo;il puisse vous le garder un peu plus longtemps.<\/p>\n<p>[\/et_pb_toggle][\/et_pb_column][\/et_pb_row][\/et_pb_section]<\/p>\n","protected":false},"excerpt":{"rendered":"<p>Lorsque vous passez votre commande sur le site par CB, celle-ci est ensuite trait\u00e9e par notre \u00e9quipe de\u00a0 logistique sous 24 (hors week-end et jours f\u00e9ri\u00e9s). Les commandes par ch\u00e8que et par virement sont trait\u00e9es et valid\u00e9es \u00e0 r\u00e9ception du r\u00e8glement seulement. Les commandes sont pr\u00e9par\u00e9es du lundi au vendredi. En cas d\u2019indisponibilit\u00e9 d\u2019un article, [&hellip;]<\/p>\n","protected":false},"author":8921,"featured_media":0,"parent":0,"menu_order":0,"comment_status":"closed","ping_status":"closed","template":"","meta":{"_acf_changed":false,"_et_pb_use_builder":"on","_et_pb_old_content":"","_et_gb_content_width":"","footnotes":""},"class_list":["post-474","page","type-page","status-publish","hentry"],"acf":[],"yoast_head":"<!-- This site is optimized with the Yoast SEO plugin v27.4 - https:\/\/yoast.com\/product\/yoast-seo-wordpress\/ -->\n<title>FAQ entreprise | B&#039;bies<\/title>\n<meta name=\"description\" content=\"Trouvez les r\u00e9ponses aux questions les plus fr\u00e9quentes \u00e0 propos de notre service. B&#039;bies, site de vente de couches lavables.\" \/>\n<meta name=\"robots\" content=\"index, follow, max-snippet:-1, max-image-preview:large, max-video-preview:-1\" \/>\n<link rel=\"canonical\" href=\"https:\/\/bbies.fr\/couches-lavables\/474-2\/\" \/>\n<script type=\"application\/ld+json\" class=\"yoast-schema-graph\">{\"@context\":\"https:\\\/\\\/schema.org\",\"@graph\":[{\"@type\":\"WebPage\",\"@id\":\"https:\\\/\\\/bbies.fr\\\/couches-lavables\\\/474-2\\\/\",\"url\":\"https:\\\/\\\/bbies.fr\\\/couches-lavables\\\/474-2\\\/\",\"name\":\"FAQ entreprise | B&#039;bies\",\"isPartOf\":{\"@id\":\"https:\\\/\\\/bbies.fr\\\/couches-lavables\\\/#website\"},\"datePublished\":\"2019-11-19T15:03:58+00:00\",\"dateModified\":\"2023-01-20T09:10:46+00:00\",\"description\":\"Trouvez les r\u00e9ponses aux questions les plus fr\u00e9quentes \u00e0 propos de notre service. B'bies, site de vente de couches lavables.\",\"breadcrumb\":{\"@id\":\"https:\\\/\\\/bbies.fr\\\/couches-lavables\\\/474-2\\\/#breadcrumb\"},\"inLanguage\":\"fr-FR\",\"potentialAction\":[{\"@type\":\"ReadAction\",\"target\":[\"https:\\\/\\\/bbies.fr\\\/couches-lavables\\\/474-2\\\/\"]}]},{\"@type\":\"BreadcrumbList\",\"@id\":\"https:\\\/\\\/bbies.fr\\\/couches-lavables\\\/474-2\\\/#breadcrumb\",\"itemListElement\":[{\"@type\":\"ListItem\",\"position\":1,\"name\":\"Accueil\",\"item\":\"https:\\\/\\\/bbies.fr\\\/couches-lavables\\\/\"},{\"@type\":\"ListItem\",\"position\":2,\"name\":\"FAQ entreprise\"}]},{\"@type\":\"WebSite\",\"@id\":\"https:\\\/\\\/bbies.fr\\\/couches-lavables\\\/#website\",\"url\":\"https:\\\/\\\/bbies.fr\\\/couches-lavables\\\/\",\"name\":\"B'bies, couches lavables et r\u00e9utilisables\",\"description\":\"De la naissance \u00e0 la propret\u00e9\",\"publisher\":{\"@id\":\"https:\\\/\\\/bbies.fr\\\/couches-lavables\\\/#organization\"},\"alternateName\":\"BBIES\",\"potentialAction\":[{\"@type\":\"SearchAction\",\"target\":{\"@type\":\"EntryPoint\",\"urlTemplate\":\"https:\\\/\\\/bbies.fr\\\/couches-lavables\\\/?s={search_term_string}\"},\"query-input\":{\"@type\":\"PropertyValueSpecification\",\"valueRequired\":true,\"valueName\":\"search_term_string\"}}],\"inLanguage\":\"fr-FR\"},{\"@type\":\"Organization\",\"@id\":\"https:\\\/\\\/bbies.fr\\\/couches-lavables\\\/#organization\",\"name\":\"B'bies\",\"url\":\"https:\\\/\\\/bbies.fr\\\/couches-lavables\\\/\",\"logo\":{\"@type\":\"ImageObject\",\"inLanguage\":\"fr-FR\",\"@id\":\"https:\\\/\\\/bbies.fr\\\/couches-lavables\\\/#\\\/schema\\\/logo\\\/image\\\/\",\"url\":\"https:\\\/\\\/bbies.fr\\\/couches-lavables\\\/wp-content\\\/uploads\\\/2019\\\/12\\\/logo-web.jpg\",\"contentUrl\":\"https:\\\/\\\/bbies.fr\\\/couches-lavables\\\/wp-content\\\/uploads\\\/2019\\\/12\\\/logo-web.jpg\",\"width\":364,\"height\":151,\"caption\":\"B'bies\"},\"image\":{\"@id\":\"https:\\\/\\\/bbies.fr\\\/couches-lavables\\\/#\\\/schema\\\/logo\\\/image\\\/\"},\"sameAs\":[\"https:\\\/\\\/www.facebook.com\\\/bbies.fr\\\/\",\"https:\\\/\\\/www.instagram.com\\\/bbies.fr\"]}]}<\/script>\n<!-- \/ Yoast SEO plugin. -->","yoast_head_json":{"title":"FAQ entreprise | B&#039;bies","description":"Trouvez les r\u00e9ponses aux questions les plus fr\u00e9quentes \u00e0 propos de notre service. B'bies, site de vente de couches lavables.","robots":{"index":"index","follow":"follow","max-snippet":"max-snippet:-1","max-image-preview":"max-image-preview:large","max-video-preview":"max-video-preview:-1"},"canonical":"https:\/\/bbies.fr\/couches-lavables\/474-2\/","schema":{"@context":"https:\/\/schema.org","@graph":[{"@type":"WebPage","@id":"https:\/\/bbies.fr\/couches-lavables\/474-2\/","url":"https:\/\/bbies.fr\/couches-lavables\/474-2\/","name":"FAQ entreprise | B&#039;bies","isPartOf":{"@id":"https:\/\/bbies.fr\/couches-lavables\/#website"},"datePublished":"2019-11-19T15:03:58+00:00","dateModified":"2023-01-20T09:10:46+00:00","description":"Trouvez les r\u00e9ponses aux questions les plus fr\u00e9quentes \u00e0 propos de notre service. B'bies, site de vente de couches lavables.","breadcrumb":{"@id":"https:\/\/bbies.fr\/couches-lavables\/474-2\/#breadcrumb"},"inLanguage":"fr-FR","potentialAction":[{"@type":"ReadAction","target":["https:\/\/bbies.fr\/couches-lavables\/474-2\/"]}]},{"@type":"BreadcrumbList","@id":"https:\/\/bbies.fr\/couches-lavables\/474-2\/#breadcrumb","itemListElement":[{"@type":"ListItem","position":1,"name":"Accueil","item":"https:\/\/bbies.fr\/couches-lavables\/"},{"@type":"ListItem","position":2,"name":"FAQ entreprise"}]},{"@type":"WebSite","@id":"https:\/\/bbies.fr\/couches-lavables\/#website","url":"https:\/\/bbies.fr\/couches-lavables\/","name":"B'bies, couches lavables et r\u00e9utilisables","description":"De la naissance \u00e0 la propret\u00e9","publisher":{"@id":"https:\/\/bbies.fr\/couches-lavables\/#organization"},"alternateName":"BBIES","potentialAction":[{"@type":"SearchAction","target":{"@type":"EntryPoint","urlTemplate":"https:\/\/bbies.fr\/couches-lavables\/?s={search_term_string}"},"query-input":{"@type":"PropertyValueSpecification","valueRequired":true,"valueName":"search_term_string"}}],"inLanguage":"fr-FR"},{"@type":"Organization","@id":"https:\/\/bbies.fr\/couches-lavables\/#organization","name":"B'bies","url":"https:\/\/bbies.fr\/couches-lavables\/","logo":{"@type":"ImageObject","inLanguage":"fr-FR","@id":"https:\/\/bbies.fr\/couches-lavables\/#\/schema\/logo\/image\/","url":"https:\/\/bbies.fr\/couches-lavables\/wp-content\/uploads\/2019\/12\/logo-web.jpg","contentUrl":"https:\/\/bbies.fr\/couches-lavables\/wp-content\/uploads\/2019\/12\/logo-web.jpg","width":364,"height":151,"caption":"B'bies"},"image":{"@id":"https:\/\/bbies.fr\/couches-lavables\/#\/schema\/logo\/image\/"},"sameAs":["https:\/\/www.facebook.com\/bbies.fr\/","https:\/\/www.instagram.com\/bbies.fr"]}]}},"_links":{"self":[{"href":"https:\/\/bbies.fr\/couches-lavables\/wp-json\/wp\/v2\/pages\/474","targetHints":{"allow":["GET"]}}],"collection":[{"href":"https:\/\/bbies.fr\/couches-lavables\/wp-json\/wp\/v2\/pages"}],"about":[{"href":"https:\/\/bbies.fr\/couches-lavables\/wp-json\/wp\/v2\/types\/page"}],"author":[{"embeddable":true,"href":"https:\/\/bbies.fr\/couches-lavables\/wp-json\/wp\/v2\/users\/8921"}],"replies":[{"embeddable":true,"href":"https:\/\/bbies.fr\/couches-lavables\/wp-json\/wp\/v2\/comments?post=474"}],"version-history":[{"count":0,"href":"https:\/\/bbies.fr\/couches-lavables\/wp-json\/wp\/v2\/pages\/474\/revisions"}],"wp:attachment":[{"href":"https:\/\/bbies.fr\/couches-lavables\/wp-json\/wp\/v2\/media?parent=474"}],"curies":[{"name":"wp","href":"https:\/\/api.w.org\/{rel}","templated":true}]}}