{"id":1698591,"date":"2024-09-15T16:00:56","date_gmt":"2024-09-15T14:00:56","guid":{"rendered":"https:\/\/bbies.fr\/couches-lavables\/?post_type=product&#038;p=1698591"},"modified":"2026-04-27T13:43:19","modified_gmt":"2026-04-27T11:43:19","slug":"2-couvre-bols-charlotte-couvre-plat-en-tissu-13-a-18-cm-s","status":"publish","type":"product","link":"https:\/\/bbies.fr\/couches-lavables\/boutique\/2-couvre-bols-charlotte-couvre-plat-en-tissu-13-a-18-cm-s\/","title":{"rendered":"2 Couvre bols \u2013 Charlotte, couvre plat en tissu 13 \u00e0 18 cm (S)"},"content":{"rendered":"<p>[et_pb_section fb_built=\u00a0\u00bb1&Prime; _builder_version=\u00a0\u00bb4.21.0&Prime; _module_preset=\u00a0\u00bbdefault\u00a0\u00bb global_colors_info=\u00a0\u00bb{}\u00a0\u00bb][\/et_pb_section]<\/p>\n","protected":false},"excerpt":{"rendered":"<p>Les couvre plats en tissu, appel\u00e9 \u00e9galement Charlotte en tissu deviendront vos alli\u00e9s Z\u00e9ro D\u00e9chet. Dites au revoir aux films alimentaires pour conserver vos aliments au frais, nos mod\u00e8les de couvre-plat en tissu sont l\u2019alternative parfaite, durable et \u00e9cologique et \u00e9conomique..<\/p>\n<p>Le tissu utilis\u00e9 pour notre gamme de couvercle en tissu est un tissu enduit certifi\u00e9 et adapt\u00e9 au contact alimentaire. Ils sont herm\u00e9tiques et imperm\u00e9ables.<\/p>\n<p>Ce lot de 2 couvre-bols servira pour garder au frais les restes d&rsquo;un repas, ou stocker \u00e0 l\u2019abri des biscuits ap\u00e9ritifs<\/p>\n<ul>\n<li>Diam\u00e8tre : 13 \u00e0 18 cm (Gamme S)<\/li>\n<li>Tissu certifi\u00e9 contact alimentaire : imperm\u00e9able avec propri\u00e9t\u00e9s respirants.<\/li>\n<li>Produit de qualit\u00e9 : finition soign\u00e9e, \u00e9lastique invisible, tissu doux, flexible et tr\u00e8s r\u00e9sistant.<\/li>\n<li>Lavable en machine<\/li>\n<li>Manipulation tr\u00e8s facile y compris pour les grands formats.<\/li>\n<\/ul>\n","protected":false},"featured_media":1703030,"comment_status":"closed","ping_status":"closed","template":"","meta":{"_acf_changed":false,"_et_pb_use_builder":"on","_et_pb_old_content":"[learn_more caption=\"Composition\"] 100% PUL certif\u00e9. Contact alimentaire. [\/learn_more] [learn_more caption=\"Entretien\"] Lavage en machine \u00e0 40\u00b0. S\u00e8che-linge interdit [\/learn_more]","_et_gb_content_width":""},"product_brand":[1185],"product_cat":[148,71,66],"product_tag":[],"class_list":{"0":"post-1698591","1":"product","2":"type-product","3":"status-publish","4":"has-post-thumbnail","6":"product_brand-hutil","7":"product_cat-couvre-plat","8":"product_cat-cuisine","9":"product_cat-zero-dechet","10":"pa_produits-couvre-plat","12":"first","13":"instock","14":"sale","15":"taxable","16":"shipping-taxable","17":"purchasable","18":"product-type-variable"},"bundled_by":["1698638","1698641","1700293","1700295"],"bundle_stock_status":"instock","bundle_stock_quantity":null,"bundle_virtual":false,"bundle_layout":"","bundle_add_to_cart_form_location":"","bundle_editable_in_cart":false,"bundle_sold_individually_context":"","bundle_item_grouping":"","bundle_min_size":"","bundle_max_size":"","bundle_price":[],"bundled_items":[],"bundle_sell_ids":[],"acf":[],"yoast_head":"<!-- This site is optimized with the Yoast SEO plugin v27.4 - https:\/\/yoast.com\/product\/yoast-seo-wordpress\/ -->\n<title>2 Couvre bols \u2013 Charlotte, couvre plat en tissu 13 \u00e0 18 cm (S) | B&#039;bies<\/title>\n<meta name=\"description\" content=\"Les couvre plats en tissu, appel\u00e9 \u00e9galement Charlotte en tissu deviendront vos alli\u00e9s Z\u00e9ro D\u00e9chet. Dites au revoir aux films alimentaires pour conserver vos aliments au frais, nos mod\u00e8les de couvre-plat en tissu sont l\u2019alternative parfaite, durable et \u00e9cologique et \u00e9conomique..  Le tissu utilis\u00e9 pour notre gamme de couvercle en tissu est un tissu enduit certifi\u00e9 et adapt\u00e9 au contact alimentaire. Ils sont herm\u00e9tiques et imperm\u00e9ables.  Ce lot de 2 couvre-bols servira pour garder au frais les restes d&#039;un repas, ou stocker \u00e0 l\u2019abri des biscuits ap\u00e9ritifs   Diam\u00e8tre : 13 \u00e0 18 cm (Gamme S)  Tissu certifi\u00e9 contact alimentaire : imperm\u00e9able avec propri\u00e9t\u00e9s respirants.  Produit de qualit\u00e9 : finition soign\u00e9e, \u00e9lastique invisible, tissu doux, flexible et tr\u00e8s r\u00e9sistant.  Lavable en machine  Manipulation tr\u00e8s facile y compris pour les grands formats.\" \/>\n<meta name=\"robots\" content=\"index, follow, max-snippet:-1, max-image-preview:large, max-video-preview:-1\" \/>\n<link rel=\"canonical\" href=\"https:\/\/bbies.fr\/couches-lavables\/boutique\/2-couvre-bols-charlotte-couvre-plat-en-tissu-13-a-18-cm-s\/\" \/>\n<script type=\"application\/ld+json\" class=\"yoast-schema-graph\">{\"@context\":\"https:\\\/\\\/schema.org\",\"@graph\":[{\"@type\":\"WebPage\",\"@id\":\"https:\\\/\\\/bbies.fr\\\/couches-lavables\\\/boutique\\\/2-couvre-bols-charlotte-couvre-plat-en-tissu-13-a-18-cm-s\\\/\",\"url\":\"https:\\\/\\\/bbies.fr\\\/couches-lavables\\\/boutique\\\/2-couvre-bols-charlotte-couvre-plat-en-tissu-13-a-18-cm-s\\\/\",\"name\":\"2 Couvre bols \u2013 Charlotte, couvre plat en tissu 13 \u00e0 18 cm (S) | B&#039;bies\",\"isPartOf\":{\"@id\":\"https:\\\/\\\/bbies.fr\\\/couches-lavables\\\/#website\"},\"primaryImageOfPage\":{\"@id\":\"https:\\\/\\\/bbies.fr\\\/couches-lavables\\\/boutique\\\/2-couvre-bols-charlotte-couvre-plat-en-tissu-13-a-18-cm-s\\\/#primaryimage\"},\"image\":{\"@id\":\"https:\\\/\\\/bbies.fr\\\/couches-lavables\\\/boutique\\\/2-couvre-bols-charlotte-couvre-plat-en-tissu-13-a-18-cm-s\\\/#primaryimage\"},\"thumbnailUrl\":\"https:\\\/\\\/bbies.fr\\\/couches-lavables\\\/wp-content\\\/uploads\\\/2024\\\/02\\\/GRE200-Couvre-plat-XS-Ecologiq.jpg\",\"datePublished\":\"2024-09-15T14:00:56+00:00\",\"dateModified\":\"2026-04-27T11:43:19+00:00\",\"description\":\"Les couvre plats en tissu, appel\u00e9 \u00e9galement Charlotte en tissu deviendront vos alli\u00e9s Z\u00e9ro D\u00e9chet. Dites au revoir aux films alimentaires pour conserver vos aliments au frais, nos mod\u00e8les de couvre-plat en tissu sont l\u2019alternative parfaite, durable et \u00e9cologique et \u00e9conomique.. Le tissu utilis\u00e9 pour notre gamme de couvercle en tissu est un tissu enduit certifi\u00e9 et adapt\u00e9 au contact alimentaire. Ils sont herm\u00e9tiques et imperm\u00e9ables. Ce lot de 2 couvre-bols servira pour garder au frais les restes d'un repas, ou stocker \u00e0 l\u2019abri des biscuits ap\u00e9ritifs Diam\u00e8tre : 13 \u00e0 18 cm (Gamme S) Tissu certifi\u00e9 contact alimentaire : imperm\u00e9able avec propri\u00e9t\u00e9s respirants. Produit de qualit\u00e9 : finition soign\u00e9e, \u00e9lastique invisible, tissu doux, flexible et tr\u00e8s r\u00e9sistant. Lavable en machine Manipulation tr\u00e8s facile y compris pour les grands formats.\",\"breadcrumb\":{\"@id\":\"https:\\\/\\\/bbies.fr\\\/couches-lavables\\\/boutique\\\/2-couvre-bols-charlotte-couvre-plat-en-tissu-13-a-18-cm-s\\\/#breadcrumb\"},\"inLanguage\":\"fr-FR\",\"potentialAction\":[{\"@type\":\"ReadAction\",\"target\":[\"https:\\\/\\\/bbies.fr\\\/couches-lavables\\\/boutique\\\/2-couvre-bols-charlotte-couvre-plat-en-tissu-13-a-18-cm-s\\\/\"]}]},{\"@type\":\"ImageObject\",\"inLanguage\":\"fr-FR\",\"@id\":\"https:\\\/\\\/bbies.fr\\\/couches-lavables\\\/boutique\\\/2-couvre-bols-charlotte-couvre-plat-en-tissu-13-a-18-cm-s\\\/#primaryimage\",\"url\":\"https:\\\/\\\/bbies.fr\\\/couches-lavables\\\/wp-content\\\/uploads\\\/2024\\\/02\\\/GRE200-Couvre-plat-XS-Ecologiq.jpg\",\"contentUrl\":\"https:\\\/\\\/bbies.fr\\\/couches-lavables\\\/wp-content\\\/uploads\\\/2024\\\/02\\\/GRE200-Couvre-plat-XS-Ecologiq.jpg\",\"width\":800,\"height\":800},{\"@type\":\"BreadcrumbList\",\"@id\":\"https:\\\/\\\/bbies.fr\\\/couches-lavables\\\/boutique\\\/2-couvre-bols-charlotte-couvre-plat-en-tissu-13-a-18-cm-s\\\/#breadcrumb\",\"itemListElement\":[{\"@type\":\"ListItem\",\"position\":1,\"name\":\"Accueil\",\"item\":\"https:\\\/\\\/bbies.fr\\\/couches-lavables\\\/\"},{\"@type\":\"ListItem\",\"position\":2,\"name\":\"Boutique Bbies\",\"item\":\"https:\\\/\\\/bbies.fr\\\/couches-lavables\\\/boutique-bbies\\\/\"},{\"@type\":\"ListItem\",\"position\":3,\"name\":\"2 Couvre bols \u2013 Charlotte, couvre plat en tissu 13 \u00e0 18 cm (S)\"}]},{\"@type\":\"WebSite\",\"@id\":\"https:\\\/\\\/bbies.fr\\\/couches-lavables\\\/#website\",\"url\":\"https:\\\/\\\/bbies.fr\\\/couches-lavables\\\/\",\"name\":\"B'bies, couches lavables et r\u00e9utilisables\",\"description\":\"De la naissance \u00e0 la propret\u00e9\",\"publisher\":{\"@id\":\"https:\\\/\\\/bbies.fr\\\/couches-lavables\\\/#organization\"},\"alternateName\":\"BBIES\",\"potentialAction\":[{\"@type\":\"SearchAction\",\"target\":{\"@type\":\"EntryPoint\",\"urlTemplate\":\"https:\\\/\\\/bbies.fr\\\/couches-lavables\\\/?s={search_term_string}\"},\"query-input\":{\"@type\":\"PropertyValueSpecification\",\"valueRequired\":true,\"valueName\":\"search_term_string\"}}],\"inLanguage\":\"fr-FR\"},{\"@type\":\"Organization\",\"@id\":\"https:\\\/\\\/bbies.fr\\\/couches-lavables\\\/#organization\",\"name\":\"B'bies\",\"url\":\"https:\\\/\\\/bbies.fr\\\/couches-lavables\\\/\",\"logo\":{\"@type\":\"ImageObject\",\"inLanguage\":\"fr-FR\",\"@id\":\"https:\\\/\\\/bbies.fr\\\/couches-lavables\\\/#\\\/schema\\\/logo\\\/image\\\/\",\"url\":\"https:\\\/\\\/bbies.fr\\\/couches-lavables\\\/wp-content\\\/uploads\\\/2019\\\/12\\\/logo-web.jpg\",\"contentUrl\":\"https:\\\/\\\/bbies.fr\\\/couches-lavables\\\/wp-content\\\/uploads\\\/2019\\\/12\\\/logo-web.jpg\",\"width\":364,\"height\":151,\"caption\":\"B'bies\"},\"image\":{\"@id\":\"https:\\\/\\\/bbies.fr\\\/couches-lavables\\\/#\\\/schema\\\/logo\\\/image\\\/\"},\"sameAs\":[\"https:\\\/\\\/www.facebook.com\\\/bbies.fr\\\/\",\"https:\\\/\\\/www.instagram.com\\\/bbies.fr\"]}]}<\/script>\n<!-- \/ Yoast SEO plugin. -->","yoast_head_json":{"title":"2 Couvre bols \u2013 Charlotte, couvre plat en tissu 13 \u00e0 18 cm (S) | B&#039;bies","description":"Les couvre plats en tissu, appel\u00e9 \u00e9galement Charlotte en tissu deviendront vos alli\u00e9s Z\u00e9ro D\u00e9chet. Dites au revoir aux films alimentaires pour conserver vos aliments au frais, nos mod\u00e8les de couvre-plat en tissu sont l\u2019alternative parfaite, durable et \u00e9cologique et \u00e9conomique..  Le tissu utilis\u00e9 pour notre gamme de couvercle en tissu est un tissu enduit certifi\u00e9 et adapt\u00e9 au contact alimentaire. Ils sont herm\u00e9tiques et imperm\u00e9ables.  Ce lot de 2 couvre-bols servira pour garder au frais les restes d'un repas, ou stocker \u00e0 l\u2019abri des biscuits ap\u00e9ritifs   Diam\u00e8tre : 13 \u00e0 18 cm (Gamme S)  Tissu certifi\u00e9 contact alimentaire : imperm\u00e9able avec propri\u00e9t\u00e9s respirants.  Produit de qualit\u00e9 : finition soign\u00e9e, \u00e9lastique invisible, tissu doux, flexible et tr\u00e8s r\u00e9sistant.  Lavable en machine  Manipulation tr\u00e8s facile y compris pour les grands formats.","robots":{"index":"index","follow":"follow","max-snippet":"max-snippet:-1","max-image-preview":"max-image-preview:large","max-video-preview":"max-video-preview:-1"},"canonical":"https:\/\/bbies.fr\/couches-lavables\/boutique\/2-couvre-bols-charlotte-couvre-plat-en-tissu-13-a-18-cm-s\/","schema":{"@context":"https:\/\/schema.org","@graph":[{"@type":"WebPage","@id":"https:\/\/bbies.fr\/couches-lavables\/boutique\/2-couvre-bols-charlotte-couvre-plat-en-tissu-13-a-18-cm-s\/","url":"https:\/\/bbies.fr\/couches-lavables\/boutique\/2-couvre-bols-charlotte-couvre-plat-en-tissu-13-a-18-cm-s\/","name":"2 Couvre bols \u2013 Charlotte, couvre plat en tissu 13 \u00e0 18 cm (S) | B&#039;bies","isPartOf":{"@id":"https:\/\/bbies.fr\/couches-lavables\/#website"},"primaryImageOfPage":{"@id":"https:\/\/bbies.fr\/couches-lavables\/boutique\/2-couvre-bols-charlotte-couvre-plat-en-tissu-13-a-18-cm-s\/#primaryimage"},"image":{"@id":"https:\/\/bbies.fr\/couches-lavables\/boutique\/2-couvre-bols-charlotte-couvre-plat-en-tissu-13-a-18-cm-s\/#primaryimage"},"thumbnailUrl":"https:\/\/bbies.fr\/couches-lavables\/wp-content\/uploads\/2024\/02\/GRE200-Couvre-plat-XS-Ecologiq.jpg","datePublished":"2024-09-15T14:00:56+00:00","dateModified":"2026-04-27T11:43:19+00:00","description":"Les couvre plats en tissu, appel\u00e9 \u00e9galement Charlotte en tissu deviendront vos alli\u00e9s Z\u00e9ro D\u00e9chet. Dites au revoir aux films alimentaires pour conserver vos aliments au frais, nos mod\u00e8les de couvre-plat en tissu sont l\u2019alternative parfaite, durable et \u00e9cologique et \u00e9conomique.. Le tissu utilis\u00e9 pour notre gamme de couvercle en tissu est un tissu enduit certifi\u00e9 et adapt\u00e9 au contact alimentaire. Ils sont herm\u00e9tiques et imperm\u00e9ables. Ce lot de 2 couvre-bols servira pour garder au frais les restes d'un repas, ou stocker \u00e0 l\u2019abri des biscuits ap\u00e9ritifs Diam\u00e8tre : 13 \u00e0 18 cm (Gamme S) Tissu certifi\u00e9 contact alimentaire : imperm\u00e9able avec propri\u00e9t\u00e9s respirants. Produit de qualit\u00e9 : finition soign\u00e9e, \u00e9lastique invisible, tissu doux, flexible et tr\u00e8s r\u00e9sistant. Lavable en machine Manipulation tr\u00e8s facile y compris pour les grands formats.","breadcrumb":{"@id":"https:\/\/bbies.fr\/couches-lavables\/boutique\/2-couvre-bols-charlotte-couvre-plat-en-tissu-13-a-18-cm-s\/#breadcrumb"},"inLanguage":"fr-FR","potentialAction":[{"@type":"ReadAction","target":["https:\/\/bbies.fr\/couches-lavables\/boutique\/2-couvre-bols-charlotte-couvre-plat-en-tissu-13-a-18-cm-s\/"]}]},{"@type":"ImageObject","inLanguage":"fr-FR","@id":"https:\/\/bbies.fr\/couches-lavables\/boutique\/2-couvre-bols-charlotte-couvre-plat-en-tissu-13-a-18-cm-s\/#primaryimage","url":"https:\/\/bbies.fr\/couches-lavables\/wp-content\/uploads\/2024\/02\/GRE200-Couvre-plat-XS-Ecologiq.jpg","contentUrl":"https:\/\/bbies.fr\/couches-lavables\/wp-content\/uploads\/2024\/02\/GRE200-Couvre-plat-XS-Ecologiq.jpg","width":800,"height":800},{"@type":"BreadcrumbList","@id":"https:\/\/bbies.fr\/couches-lavables\/boutique\/2-couvre-bols-charlotte-couvre-plat-en-tissu-13-a-18-cm-s\/#breadcrumb","itemListElement":[{"@type":"ListItem","position":1,"name":"Accueil","item":"https:\/\/bbies.fr\/couches-lavables\/"},{"@type":"ListItem","position":2,"name":"Boutique Bbies","item":"https:\/\/bbies.fr\/couches-lavables\/boutique-bbies\/"},{"@type":"ListItem","position":3,"name":"2 Couvre bols \u2013 Charlotte, couvre plat en tissu 13 \u00e0 18 cm (S)"}]},{"@type":"WebSite","@id":"https:\/\/bbies.fr\/couches-lavables\/#website","url":"https:\/\/bbies.fr\/couches-lavables\/","name":"B'bies, couches lavables et r\u00e9utilisables","description":"De la naissance \u00e0 la propret\u00e9","publisher":{"@id":"https:\/\/bbies.fr\/couches-lavables\/#organization"},"alternateName":"BBIES","potentialAction":[{"@type":"SearchAction","target":{"@type":"EntryPoint","urlTemplate":"https:\/\/bbies.fr\/couches-lavables\/?s={search_term_string}"},"query-input":{"@type":"PropertyValueSpecification","valueRequired":true,"valueName":"search_term_string"}}],"inLanguage":"fr-FR"},{"@type":"Organization","@id":"https:\/\/bbies.fr\/couches-lavables\/#organization","name":"B'bies","url":"https:\/\/bbies.fr\/couches-lavables\/","logo":{"@type":"ImageObject","inLanguage":"fr-FR","@id":"https:\/\/bbies.fr\/couches-lavables\/#\/schema\/logo\/image\/","url":"https:\/\/bbies.fr\/couches-lavables\/wp-content\/uploads\/2019\/12\/logo-web.jpg","contentUrl":"https:\/\/bbies.fr\/couches-lavables\/wp-content\/uploads\/2019\/12\/logo-web.jpg","width":364,"height":151,"caption":"B'bies"},"image":{"@id":"https:\/\/bbies.fr\/couches-lavables\/#\/schema\/logo\/image\/"},"sameAs":["https:\/\/www.facebook.com\/bbies.fr\/","https:\/\/www.instagram.com\/bbies.fr"]}]}},"_links":{"self":[{"href":"https:\/\/bbies.fr\/couches-lavables\/wp-json\/wp\/v2\/product\/1698591","targetHints":{"allow":["GET"]}}],"collection":[{"href":"https:\/\/bbies.fr\/couches-lavables\/wp-json\/wp\/v2\/product"}],"about":[{"href":"https:\/\/bbies.fr\/couches-lavables\/wp-json\/wp\/v2\/types\/product"}],"replies":[{"embeddable":true,"href":"https:\/\/bbies.fr\/couches-lavables\/wp-json\/wp\/v2\/comments?post=1698591"}],"wp:featuredmedia":[{"embeddable":true,"href":"https:\/\/bbies.fr\/couches-lavables\/wp-json\/wp\/v2\/media\/1703030"}],"wp:attachment":[{"href":"https:\/\/bbies.fr\/couches-lavables\/wp-json\/wp\/v2\/media?parent=1698591"}],"wp:term":[{"taxonomy":"product_brand","embeddable":true,"href":"https:\/\/bbies.fr\/couches-lavables\/wp-json\/wp\/v2\/product_brand?post=1698591"},{"taxonomy":"product_cat","embeddable":true,"href":"https:\/\/bbies.fr\/couches-lavables\/wp-json\/wp\/v2\/product_cat?post=1698591"},{"taxonomy":"product_tag","embeddable":true,"href":"https:\/\/bbies.fr\/couches-lavables\/wp-json\/wp\/v2\/product_tag?post=1698591"}],"curies":[{"name":"wp","href":"https:\/\/api.w.org\/{rel}","templated":true}]}}