{"id":1698641,"date":"2024-09-15T09:52:27","date_gmt":"2024-09-15T07:52:27","guid":{"rendered":"https:\/\/bbies.fr\/couches-lavables\/?post_type=product&#038;p=1698641"},"modified":"2026-02-16T16:54:17","modified_gmt":"2026-02-16T15:54:17","slug":"set-de-10-couvre-plats-zero-dechet-charlotte-en-tissu","status":"publish","type":"product","link":"https:\/\/bbies.fr\/couches-lavables\/boutique\/set-de-10-couvre-plats-zero-dechet-charlotte-en-tissu\/","title":{"rendered":"Set de 10 Couvre plats Z\u00e9ro D\u00e9chet \u2013 Charlotte en tissu &#8211; A composer"},"content":{"rendered":"<p>[et_pb_section fb_built=\u00a0\u00bb1&Prime; _builder_version=\u00a0\u00bb4.21.0&Prime; _module_preset=\u00a0\u00bbdefault\u00a0\u00bb global_colors_info=\u00a0\u00bb{}\u00a0\u00bb][\/et_pb_section]<\/p>\n","protected":false},"excerpt":{"rendered":"<p>Les couvre plats en tissu, appel\u00e9 \u00e9galement Charlotte en tissu deviendront vos alli\u00e9s Z\u00e9ro D\u00e9chet. Dites au revoir aux films alimentaires pour conserver vos aliments au frais, nos mod\u00e8les de couvre-plat en tissu sont l\u2019alternative parfaite, durable et \u00e9cologique et \u00e9conomique..<\/p>\n<p>Le tissu utilis\u00e9 pour notre gamme de couvercle en tissu est un tissu enduit certifi\u00e9 et adapt\u00e9 au contact alimentaire. Ils sont herm\u00e9tiques et imperm\u00e9ables.<\/p>\n<p>Ce set de 10 couvre-plats servira pour garder au frais les restes d&rsquo;un repas, ou stocker \u00e0 l\u2019abri vos pr\u00e9parations, produits vrac&#8230;<\/p>\n<p>Ce set est constitu\u00e9 de 4 tailles diff\u00e9rentes\u00a0 :<\/p>\n<ul>\n<li>4 pi\u00e8ces taille XS :\u00a0 convient \u00e0 les bols ou r\u00e9cipient de 13 \u00e0 16 cm de diam\u00e8tre,<\/li>\n<li>2 pi\u00e8ces taille S : convient aux bols, petits saladiers, assiettes creuses de 20 \u00e0 24 cm de diam\u00e8tre,<\/li>\n<li>2 pi\u00e8ces taille M:\u00a0 convient \u00e0 des saladiers, assiettes creuses et grands bols entre 26 et 30 cm de diam\u00e8tre.<\/li>\n<li>2 pi\u00e8ces taille L:\u00a0 convient aux plats carr\u00e9s ou rectangulaires comme les plats \u00e0 gratin de 21 \u00e0 28 cm.<\/li>\n<\/ul>\n<p>&nbsp;<\/p>\n<ul>\n<li>Tissu certifi\u00e9 contact alimentaire : imperm\u00e9able avec propri\u00e9t\u00e9s respirants.<\/li>\n<li>Produit de qualit\u00e9 : finition soign\u00e9e, \u00e9lastique invisible, tissu doux, flexible et tr\u00e8s r\u00e9sistant.<\/li>\n<li>Lavable en machine<\/li>\n<li>Manipulation tr\u00e8s facile y compris pour les grands formats.<\/li>\n<\/ul>\n","protected":false},"featured_media":1703055,"comment_status":"closed","ping_status":"closed","template":"","meta":{"_acf_changed":false,"_et_pb_use_builder":"on","_et_pb_old_content":"[learn_more caption=\"Composition\"] 100% PUL certif\u00e9. Contact alimentaire. [\/learn_more] [learn_more caption=\"Entretien\"] Lavage en machine \u00e0 40\u00b0. S\u00e8che-linge interdit [\/learn_more]","_et_gb_content_width":""},"product_brand":[1185],"product_cat":[148,71,66],"product_tag":[],"class_list":{"0":"post-1698641","1":"product","2":"type-product","3":"status-publish","4":"has-post-thumbnail","6":"product_brand-hutil","7":"product_cat-couvre-plat","8":"product_cat-cuisine","9":"product_cat-zero-dechet","10":"pa_produits-couvre-plat","12":"first","13":"instock","14":"sale","15":"taxable","16":"shipping-taxable","17":"purchasable","18":"product-type-bundle"},"bundled_by":[],"bundle_stock_status":"instock","bundle_stock_quantity":6,"bundle_virtual":false,"bundle_layout":"default","bundle_add_to_cart_form_location":"default","bundle_editable_in_cart":false,"bundle_sold_individually_context":"product","bundle_item_grouping":"parent","bundle_min_size":"","bundle_max_size":"","bundle_price":{"price":{"min":{"incl_tax":"49.9","excl_tax":"41.583333"},"max":{"incl_tax":"49.9","excl_tax":"41.583333"}},"regular_price":{"min":{"incl_tax":"85","excl_tax":"70.833333"},"max":{"incl_tax":"85","excl_tax":"70.833333"}}},"bundled_items":[{"bundled_item_id":1254,"product_id":1698591,"menu_order":0,"quantity_min":2,"quantity_max":2,"quantity_default":2,"priced_individually":false,"shipped_individually":false,"override_title":false,"title":"2 Couvre bols \u2013 Charlotte, couvre plat en tissu 13 \u00e0 18 cm (S)","override_description":true,"description":"","optional":false,"hide_thumbnail":false,"discount":"","override_variations":false,"allowed_variations":[],"override_default_variation_attributes":false,"default_variation_attributes":[],"single_product_visibility":"visible","cart_visibility":"visible","order_visibility":"visible","single_product_price_visibility":"visible","cart_price_visibility":"visible","order_price_visibility":"visible","stock_status":"in_stock"},{"bundled_item_id":1255,"product_id":1698623,"menu_order":1,"quantity_min":1,"quantity_max":1,"quantity_default":1,"priced_individually":false,"shipped_individually":false,"override_title":false,"title":"2 Couvre saladiers \u2013 Couvre plat en tissu 18 \u00e0 24 cm (M)","override_description":true,"description":"","optional":false,"hide_thumbnail":false,"discount":"","override_variations":false,"allowed_variations":[],"override_default_variation_attributes":false,"default_variation_attributes":[],"single_product_visibility":"visible","cart_visibility":"visible","order_visibility":"visible","single_product_price_visibility":"visible","cart_price_visibility":"visible","order_price_visibility":"visible","stock_status":"in_stock"},{"bundled_item_id":1256,"product_id":1698602,"menu_order":2,"quantity_min":1,"quantity_max":1,"quantity_default":1,"priced_individually":false,"shipped_individually":false,"override_title":false,"title":"2 Couvre saladiers \u2013 Couvre plat en tissu 24 \u00e0 30 cm (L)","override_description":true,"description":"","optional":false,"hide_thumbnail":false,"discount":"","override_variations":false,"allowed_variations":[],"override_default_variation_attributes":false,"default_variation_attributes":[],"single_product_visibility":"visible","cart_visibility":"visible","order_visibility":"visible","single_product_price_visibility":"visible","cart_price_visibility":"visible","order_price_visibility":"visible","stock_status":"in_stock"},{"bundled_item_id":1257,"product_id":1698603,"menu_order":3,"quantity_min":2,"quantity_max":2,"quantity_default":2,"priced_individually":false,"shipped_individually":false,"override_title":false,"title":"1 couvre plat en tissu L - Plat \u00e0 gratin 21-28 cm","override_description":true,"description":"","optional":false,"hide_thumbnail":false,"discount":"","override_variations":false,"allowed_variations":[],"override_default_variation_attributes":false,"default_variation_attributes":[],"single_product_visibility":"visible","cart_visibility":"visible","order_visibility":"visible","single_product_price_visibility":"visible","cart_price_visibility":"visible","order_price_visibility":"visible","stock_status":"in_stock"}],"bundle_sell_ids":[],"acf":[],"yoast_head":"<!-- This site is optimized with the Yoast SEO plugin v27.4 - https:\/\/yoast.com\/product\/yoast-seo-wordpress\/ -->\n<title>Set de 10 Couvre plats Z\u00e9ro D\u00e9chet \u2013 Charlotte en tissu - A composer | B&#039;bies<\/title>\n<meta name=\"description\" content=\"Les couvre plats en tissu, appel\u00e9 \u00e9galement Charlotte en tissu deviendront vos alli\u00e9s Z\u00e9ro D\u00e9chet. Dites au revoir aux films alimentaires pour conserver vos aliments au frais, nos mod\u00e8les de couvre-plat en tissu sont l\u2019alternative parfaite, durable et \u00e9cologique et \u00e9conomique..  Le tissu utilis\u00e9 pour notre gamme de couvercle en tissu est un tissu enduit certifi\u00e9 et adapt\u00e9 au contact alimentaire. Ils sont herm\u00e9tiques et imperm\u00e9ables.  Ce set de 10 couvre-plats servira pour garder au frais les restes d&#039;un repas, ou stocker \u00e0 l\u2019abri vos pr\u00e9parations, produits vrac...  Ce set est constitu\u00e9 de 4 tailles diff\u00e9rentes\u00a0 :   4 pi\u00e8ces taille XS :\u00a0 convient \u00e0 les bols ou r\u00e9cipient de 13 \u00e0 16 cm de diam\u00e8tre,  2 pi\u00e8ces taille S : convient aux bols, petits saladiers, assiettes creuses de 20 \u00e0 24 cm de diam\u00e8tre,  2 pi\u00e8ces taille M:\u00a0 convient \u00e0 des saladiers, assiettes creuses et grands bols entre 26 et 30 cm de diam\u00e8tre.  2 pi\u00e8ces taille L:\u00a0 convient aux plats carr\u00e9s ou rectangulaires comme les plats \u00e0 gratin de 21 \u00e0 28 cm.  &nbsp;   Tissu certifi\u00e9 contact alimentaire : imperm\u00e9able avec propri\u00e9t\u00e9s respirants.  Produit de qualit\u00e9 : finition soign\u00e9e, \u00e9lastique invisible, tissu doux, flexible et tr\u00e8s r\u00e9sistant.  Lavable en machine  Manipulation tr\u00e8s facile y compris pour les grands formats.\" \/>\n<meta name=\"robots\" content=\"index, follow, max-snippet:-1, max-image-preview:large, max-video-preview:-1\" \/>\n<link rel=\"canonical\" href=\"https:\/\/bbies.fr\/couches-lavables\/boutique\/set-de-10-couvre-plats-zero-dechet-charlotte-en-tissu\/\" \/>\n<script type=\"application\/ld+json\" class=\"yoast-schema-graph\">{\"@context\":\"https:\\\/\\\/schema.org\",\"@graph\":[{\"@type\":\"WebPage\",\"@id\":\"https:\\\/\\\/bbies.fr\\\/couches-lavables\\\/boutique\\\/set-de-10-couvre-plats-zero-dechet-charlotte-en-tissu\\\/\",\"url\":\"https:\\\/\\\/bbies.fr\\\/couches-lavables\\\/boutique\\\/set-de-10-couvre-plats-zero-dechet-charlotte-en-tissu\\\/\",\"name\":\"Set de 10 Couvre plats Z\u00e9ro D\u00e9chet \u2013 Charlotte en tissu - A composer | B&#039;bies\",\"isPartOf\":{\"@id\":\"https:\\\/\\\/bbies.fr\\\/couches-lavables\\\/#website\"},\"primaryImageOfPage\":{\"@id\":\"https:\\\/\\\/bbies.fr\\\/couches-lavables\\\/boutique\\\/set-de-10-couvre-plats-zero-dechet-charlotte-en-tissu\\\/#primaryimage\"},\"image\":{\"@id\":\"https:\\\/\\\/bbies.fr\\\/couches-lavables\\\/boutique\\\/set-de-10-couvre-plats-zero-dechet-charlotte-en-tissu\\\/#primaryimage\"},\"thumbnailUrl\":\"https:\\\/\\\/bbies.fr\\\/couches-lavables\\\/wp-content\\\/uploads\\\/2023\\\/09\\\/GRE-Lot-de-10-couvre-plat-en-tissu-Ecologiq-2.jpg\",\"datePublished\":\"2024-09-15T07:52:27+00:00\",\"dateModified\":\"2026-02-16T15:54:17+00:00\",\"description\":\"Les couvre plats en tissu, appel\u00e9 \u00e9galement Charlotte en tissu deviendront vos alli\u00e9s Z\u00e9ro D\u00e9chet. Dites au revoir aux films alimentaires pour conserver vos aliments au frais, nos mod\u00e8les de couvre-plat en tissu sont l\u2019alternative parfaite, durable et \u00e9cologique et \u00e9conomique.. Le tissu utilis\u00e9 pour notre gamme de couvercle en tissu est un tissu enduit certifi\u00e9 et adapt\u00e9 au contact alimentaire. Ils sont herm\u00e9tiques et imperm\u00e9ables. Ce set de 10 couvre-plats servira pour garder au frais les restes d'un repas, ou stocker \u00e0 l\u2019abri vos pr\u00e9parations, produits vrac... Ce set est constitu\u00e9 de 4 tailles diff\u00e9rentes\u00a0 : 4 pi\u00e8ces taille XS :\u00a0 convient \u00e0 les bols ou r\u00e9cipient de 13 \u00e0 16 cm de diam\u00e8tre, 2 pi\u00e8ces taille S : convient aux bols, petits saladiers, assiettes creuses de 20 \u00e0 24 cm de diam\u00e8tre, 2 pi\u00e8ces taille M:\u00a0 convient \u00e0 des saladiers, assiettes creuses et grands bols entre 26 et 30 cm de diam\u00e8tre. 2 pi\u00e8ces taille L:\u00a0 convient aux plats carr\u00e9s ou rectangulaires comme les plats \u00e0 gratin de 21 \u00e0 28 cm. &nbsp; Tissu certifi\u00e9 contact alimentaire : imperm\u00e9able avec propri\u00e9t\u00e9s respirants. Produit de qualit\u00e9 : finition soign\u00e9e, \u00e9lastique invisible, tissu doux, flexible et tr\u00e8s r\u00e9sistant. Lavable en machine Manipulation tr\u00e8s facile y compris pour les grands formats.\",\"breadcrumb\":{\"@id\":\"https:\\\/\\\/bbies.fr\\\/couches-lavables\\\/boutique\\\/set-de-10-couvre-plats-zero-dechet-charlotte-en-tissu\\\/#breadcrumb\"},\"inLanguage\":\"fr-FR\",\"potentialAction\":[{\"@type\":\"ReadAction\",\"target\":[\"https:\\\/\\\/bbies.fr\\\/couches-lavables\\\/boutique\\\/set-de-10-couvre-plats-zero-dechet-charlotte-en-tissu\\\/\"]}]},{\"@type\":\"ImageObject\",\"inLanguage\":\"fr-FR\",\"@id\":\"https:\\\/\\\/bbies.fr\\\/couches-lavables\\\/boutique\\\/set-de-10-couvre-plats-zero-dechet-charlotte-en-tissu\\\/#primaryimage\",\"url\":\"https:\\\/\\\/bbies.fr\\\/couches-lavables\\\/wp-content\\\/uploads\\\/2023\\\/09\\\/GRE-Lot-de-10-couvre-plat-en-tissu-Ecologiq-2.jpg\",\"contentUrl\":\"https:\\\/\\\/bbies.fr\\\/couches-lavables\\\/wp-content\\\/uploads\\\/2023\\\/09\\\/GRE-Lot-de-10-couvre-plat-en-tissu-Ecologiq-2.jpg\",\"width\":800,\"height\":800},{\"@type\":\"BreadcrumbList\",\"@id\":\"https:\\\/\\\/bbies.fr\\\/couches-lavables\\\/boutique\\\/set-de-10-couvre-plats-zero-dechet-charlotte-en-tissu\\\/#breadcrumb\",\"itemListElement\":[{\"@type\":\"ListItem\",\"position\":1,\"name\":\"Accueil\",\"item\":\"https:\\\/\\\/bbies.fr\\\/couches-lavables\\\/\"},{\"@type\":\"ListItem\",\"position\":2,\"name\":\"Boutique Bbies\",\"item\":\"https:\\\/\\\/bbies.fr\\\/couches-lavables\\\/boutique-bbies\\\/\"},{\"@type\":\"ListItem\",\"position\":3,\"name\":\"Set de 10 Couvre plats Z\u00e9ro D\u00e9chet \u2013 Charlotte en tissu &#8211; A composer\"}]},{\"@type\":\"WebSite\",\"@id\":\"https:\\\/\\\/bbies.fr\\\/couches-lavables\\\/#website\",\"url\":\"https:\\\/\\\/bbies.fr\\\/couches-lavables\\\/\",\"name\":\"B'bies, couches lavables et r\u00e9utilisables\",\"description\":\"De la naissance \u00e0 la propret\u00e9\",\"publisher\":{\"@id\":\"https:\\\/\\\/bbies.fr\\\/couches-lavables\\\/#organization\"},\"alternateName\":\"BBIES\",\"potentialAction\":[{\"@type\":\"SearchAction\",\"target\":{\"@type\":\"EntryPoint\",\"urlTemplate\":\"https:\\\/\\\/bbies.fr\\\/couches-lavables\\\/?s={search_term_string}\"},\"query-input\":{\"@type\":\"PropertyValueSpecification\",\"valueRequired\":true,\"valueName\":\"search_term_string\"}}],\"inLanguage\":\"fr-FR\"},{\"@type\":\"Organization\",\"@id\":\"https:\\\/\\\/bbies.fr\\\/couches-lavables\\\/#organization\",\"name\":\"B'bies\",\"url\":\"https:\\\/\\\/bbies.fr\\\/couches-lavables\\\/\",\"logo\":{\"@type\":\"ImageObject\",\"inLanguage\":\"fr-FR\",\"@id\":\"https:\\\/\\\/bbies.fr\\\/couches-lavables\\\/#\\\/schema\\\/logo\\\/image\\\/\",\"url\":\"https:\\\/\\\/bbies.fr\\\/couches-lavables\\\/wp-content\\\/uploads\\\/2019\\\/12\\\/logo-web.jpg\",\"contentUrl\":\"https:\\\/\\\/bbies.fr\\\/couches-lavables\\\/wp-content\\\/uploads\\\/2019\\\/12\\\/logo-web.jpg\",\"width\":364,\"height\":151,\"caption\":\"B'bies\"},\"image\":{\"@id\":\"https:\\\/\\\/bbies.fr\\\/couches-lavables\\\/#\\\/schema\\\/logo\\\/image\\\/\"},\"sameAs\":[\"https:\\\/\\\/www.facebook.com\\\/bbies.fr\\\/\",\"https:\\\/\\\/www.instagram.com\\\/bbies.fr\"]}]}<\/script>\n<!-- \/ Yoast SEO plugin. -->","yoast_head_json":{"title":"Set de 10 Couvre plats Z\u00e9ro D\u00e9chet \u2013 Charlotte en tissu - A composer | B&#039;bies","description":"Les couvre plats en tissu, appel\u00e9 \u00e9galement Charlotte en tissu deviendront vos alli\u00e9s Z\u00e9ro D\u00e9chet. Dites au revoir aux films alimentaires pour conserver vos aliments au frais, nos mod\u00e8les de couvre-plat en tissu sont l\u2019alternative parfaite, durable et \u00e9cologique et \u00e9conomique..  Le tissu utilis\u00e9 pour notre gamme de couvercle en tissu est un tissu enduit certifi\u00e9 et adapt\u00e9 au contact alimentaire. Ils sont herm\u00e9tiques et imperm\u00e9ables.  Ce set de 10 couvre-plats servira pour garder au frais les restes d'un repas, ou stocker \u00e0 l\u2019abri vos pr\u00e9parations, produits vrac...  Ce set est constitu\u00e9 de 4 tailles diff\u00e9rentes\u00a0 :   4 pi\u00e8ces taille XS :\u00a0 convient \u00e0 les bols ou r\u00e9cipient de 13 \u00e0 16 cm de diam\u00e8tre,  2 pi\u00e8ces taille S : convient aux bols, petits saladiers, assiettes creuses de 20 \u00e0 24 cm de diam\u00e8tre,  2 pi\u00e8ces taille M:\u00a0 convient \u00e0 des saladiers, assiettes creuses et grands bols entre 26 et 30 cm de diam\u00e8tre.  2 pi\u00e8ces taille L:\u00a0 convient aux plats carr\u00e9s ou rectangulaires comme les plats \u00e0 gratin de 21 \u00e0 28 cm.  &nbsp;   Tissu certifi\u00e9 contact alimentaire : imperm\u00e9able avec propri\u00e9t\u00e9s respirants.  Produit de qualit\u00e9 : finition soign\u00e9e, \u00e9lastique invisible, tissu doux, flexible et tr\u00e8s r\u00e9sistant.  Lavable en machine  Manipulation tr\u00e8s facile y compris pour les grands formats.","robots":{"index":"index","follow":"follow","max-snippet":"max-snippet:-1","max-image-preview":"max-image-preview:large","max-video-preview":"max-video-preview:-1"},"canonical":"https:\/\/bbies.fr\/couches-lavables\/boutique\/set-de-10-couvre-plats-zero-dechet-charlotte-en-tissu\/","schema":{"@context":"https:\/\/schema.org","@graph":[{"@type":"WebPage","@id":"https:\/\/bbies.fr\/couches-lavables\/boutique\/set-de-10-couvre-plats-zero-dechet-charlotte-en-tissu\/","url":"https:\/\/bbies.fr\/couches-lavables\/boutique\/set-de-10-couvre-plats-zero-dechet-charlotte-en-tissu\/","name":"Set de 10 Couvre plats Z\u00e9ro D\u00e9chet \u2013 Charlotte en tissu - A composer | B&#039;bies","isPartOf":{"@id":"https:\/\/bbies.fr\/couches-lavables\/#website"},"primaryImageOfPage":{"@id":"https:\/\/bbies.fr\/couches-lavables\/boutique\/set-de-10-couvre-plats-zero-dechet-charlotte-en-tissu\/#primaryimage"},"image":{"@id":"https:\/\/bbies.fr\/couches-lavables\/boutique\/set-de-10-couvre-plats-zero-dechet-charlotte-en-tissu\/#primaryimage"},"thumbnailUrl":"https:\/\/bbies.fr\/couches-lavables\/wp-content\/uploads\/2023\/09\/GRE-Lot-de-10-couvre-plat-en-tissu-Ecologiq-2.jpg","datePublished":"2024-09-15T07:52:27+00:00","dateModified":"2026-02-16T15:54:17+00:00","description":"Les couvre plats en tissu, appel\u00e9 \u00e9galement Charlotte en tissu deviendront vos alli\u00e9s Z\u00e9ro D\u00e9chet. Dites au revoir aux films alimentaires pour conserver vos aliments au frais, nos mod\u00e8les de couvre-plat en tissu sont l\u2019alternative parfaite, durable et \u00e9cologique et \u00e9conomique.. Le tissu utilis\u00e9 pour notre gamme de couvercle en tissu est un tissu enduit certifi\u00e9 et adapt\u00e9 au contact alimentaire. Ils sont herm\u00e9tiques et imperm\u00e9ables. Ce set de 10 couvre-plats servira pour garder au frais les restes d'un repas, ou stocker \u00e0 l\u2019abri vos pr\u00e9parations, produits vrac... Ce set est constitu\u00e9 de 4 tailles diff\u00e9rentes\u00a0 : 4 pi\u00e8ces taille XS :\u00a0 convient \u00e0 les bols ou r\u00e9cipient de 13 \u00e0 16 cm de diam\u00e8tre, 2 pi\u00e8ces taille S : convient aux bols, petits saladiers, assiettes creuses de 20 \u00e0 24 cm de diam\u00e8tre, 2 pi\u00e8ces taille M:\u00a0 convient \u00e0 des saladiers, assiettes creuses et grands bols entre 26 et 30 cm de diam\u00e8tre. 2 pi\u00e8ces taille L:\u00a0 convient aux plats carr\u00e9s ou rectangulaires comme les plats \u00e0 gratin de 21 \u00e0 28 cm. &nbsp; Tissu certifi\u00e9 contact alimentaire : imperm\u00e9able avec propri\u00e9t\u00e9s respirants. Produit de qualit\u00e9 : finition soign\u00e9e, \u00e9lastique invisible, tissu doux, flexible et tr\u00e8s r\u00e9sistant. Lavable en machine Manipulation tr\u00e8s facile y compris pour les grands formats.","breadcrumb":{"@id":"https:\/\/bbies.fr\/couches-lavables\/boutique\/set-de-10-couvre-plats-zero-dechet-charlotte-en-tissu\/#breadcrumb"},"inLanguage":"fr-FR","potentialAction":[{"@type":"ReadAction","target":["https:\/\/bbies.fr\/couches-lavables\/boutique\/set-de-10-couvre-plats-zero-dechet-charlotte-en-tissu\/"]}]},{"@type":"ImageObject","inLanguage":"fr-FR","@id":"https:\/\/bbies.fr\/couches-lavables\/boutique\/set-de-10-couvre-plats-zero-dechet-charlotte-en-tissu\/#primaryimage","url":"https:\/\/bbies.fr\/couches-lavables\/wp-content\/uploads\/2023\/09\/GRE-Lot-de-10-couvre-plat-en-tissu-Ecologiq-2.jpg","contentUrl":"https:\/\/bbies.fr\/couches-lavables\/wp-content\/uploads\/2023\/09\/GRE-Lot-de-10-couvre-plat-en-tissu-Ecologiq-2.jpg","width":800,"height":800},{"@type":"BreadcrumbList","@id":"https:\/\/bbies.fr\/couches-lavables\/boutique\/set-de-10-couvre-plats-zero-dechet-charlotte-en-tissu\/#breadcrumb","itemListElement":[{"@type":"ListItem","position":1,"name":"Accueil","item":"https:\/\/bbies.fr\/couches-lavables\/"},{"@type":"ListItem","position":2,"name":"Boutique Bbies","item":"https:\/\/bbies.fr\/couches-lavables\/boutique-bbies\/"},{"@type":"ListItem","position":3,"name":"Set de 10 Couvre plats Z\u00e9ro D\u00e9chet \u2013 Charlotte en tissu &#8211; A composer"}]},{"@type":"WebSite","@id":"https:\/\/bbies.fr\/couches-lavables\/#website","url":"https:\/\/bbies.fr\/couches-lavables\/","name":"B'bies, couches lavables et r\u00e9utilisables","description":"De la naissance \u00e0 la propret\u00e9","publisher":{"@id":"https:\/\/bbies.fr\/couches-lavables\/#organization"},"alternateName":"BBIES","potentialAction":[{"@type":"SearchAction","target":{"@type":"EntryPoint","urlTemplate":"https:\/\/bbies.fr\/couches-lavables\/?s={search_term_string}"},"query-input":{"@type":"PropertyValueSpecification","valueRequired":true,"valueName":"search_term_string"}}],"inLanguage":"fr-FR"},{"@type":"Organization","@id":"https:\/\/bbies.fr\/couches-lavables\/#organization","name":"B'bies","url":"https:\/\/bbies.fr\/couches-lavables\/","logo":{"@type":"ImageObject","inLanguage":"fr-FR","@id":"https:\/\/bbies.fr\/couches-lavables\/#\/schema\/logo\/image\/","url":"https:\/\/bbies.fr\/couches-lavables\/wp-content\/uploads\/2019\/12\/logo-web.jpg","contentUrl":"https:\/\/bbies.fr\/couches-lavables\/wp-content\/uploads\/2019\/12\/logo-web.jpg","width":364,"height":151,"caption":"B'bies"},"image":{"@id":"https:\/\/bbies.fr\/couches-lavables\/#\/schema\/logo\/image\/"},"sameAs":["https:\/\/www.facebook.com\/bbies.fr\/","https:\/\/www.instagram.com\/bbies.fr"]}]}},"_links":{"self":[{"href":"https:\/\/bbies.fr\/couches-lavables\/wp-json\/wp\/v2\/product\/1698641","targetHints":{"allow":["GET"]}}],"collection":[{"href":"https:\/\/bbies.fr\/couches-lavables\/wp-json\/wp\/v2\/product"}],"about":[{"href":"https:\/\/bbies.fr\/couches-lavables\/wp-json\/wp\/v2\/types\/product"}],"replies":[{"embeddable":true,"href":"https:\/\/bbies.fr\/couches-lavables\/wp-json\/wp\/v2\/comments?post=1698641"}],"wp:featuredmedia":[{"embeddable":true,"href":"https:\/\/bbies.fr\/couches-lavables\/wp-json\/wp\/v2\/media\/1703055"}],"wp:attachment":[{"href":"https:\/\/bbies.fr\/couches-lavables\/wp-json\/wp\/v2\/media?parent=1698641"}],"wp:term":[{"taxonomy":"product_brand","embeddable":true,"href":"https:\/\/bbies.fr\/couches-lavables\/wp-json\/wp\/v2\/product_brand?post=1698641"},{"taxonomy":"product_cat","embeddable":true,"href":"https:\/\/bbies.fr\/couches-lavables\/wp-json\/wp\/v2\/product_cat?post=1698641"},{"taxonomy":"product_tag","embeddable":true,"href":"https:\/\/bbies.fr\/couches-lavables\/wp-json\/wp\/v2\/product_tag?post=1698641"}],"curies":[{"name":"wp","href":"https:\/\/api.w.org\/{rel}","templated":true}]}}