{"id":1700074,"date":"2023-02-12T17:00:57","date_gmt":"2023-02-12T16:00:57","guid":{"rendered":"https:\/\/bbies.fr\/couches-lavables\/?post_type=product&#038;p=1700074"},"modified":"2026-04-27T12:07:17","modified_gmt":"2026-04-27T10:07:17","slug":"40-lingettes-demaquillantes-lavables-en-bambou-ocean2","status":"publish","type":"product","link":"https:\/\/bbies.fr\/couches-lavables\/boutique\/40-lingettes-demaquillantes-lavables-en-bambou-ocean2\/","title":{"rendered":"40 lingettes lavables r\u00e9utilisable en bambou \u2013 Douces et \u00e9paisses"},"content":{"rendered":"<p>[et_pb_section fb_built=\u00a0\u00bb1&Prime; _builder_version=\u00a0\u00bb4.17.4&Prime; _module_preset=\u00a0\u00bbdefault\u00a0\u00bb global_colors_info=\u00a0\u00bb{}\u00a0\u00bb][\/et_pb_section]<\/p>\n","protected":false},"excerpt":{"rendered":"<div class=\"et_pb_module et_pb_wc_description et_pb_wc_description_0_tb_body et_pb_bg_layout_light et_pb_text_align_left\">\n<div class=\"et_pb_module_inner\">\n<p>Cet ensemble de 40 lingettes lavables (dans des tons fonc\u00e9s ; Bleu abysses, Gris min\u00e9ral, Vert opaline, et Bleu canard) marque le d\u00e9part des lingettes jetables ! Une alternative saine et \u00e9cologique pour le change de b\u00e9b\u00e9, ces lingettes r\u00e9utilisables sont aussi simples \u00e0 utiliser que leurs homologues jetables. Elles se r\u00e9v\u00e8lent \u00e9galement id\u00e9ales pour le d\u00e9barbouillage quotidien !<\/p>\n<p>&nbsp;<\/p>\n<ul>\n<li>Remplacent vos lingettes et cotons jetables<\/li>\n<li>\u00c9conomiques et \u00e9cologiques, nos lingettes lavables se r\u00e9utilisent \u00e0 l\u2019infini !<\/li>\n<li>Aucun d\u00e9chet<\/li>\n<li>Douces et respectueuses de la peau assurant une hygi\u00e8ne naturelle<\/li>\n<li>Tissu antibact\u00e9rien : le bambou<\/li>\n<li>Dimensions : 10 X 10 cm<\/li>\n<li>Lavables en machine<\/li>\n<\/ul>\n<\/div>\n<\/div>\n<p>Pensez \u00e0 ajouter les indispensables en option ci-dessous =&gt;<\/p>\n","protected":false},"featured_media":1692101,"comment_status":"closed","ping_status":"closed","template":"","meta":{"_acf_changed":false,"_et_pb_use_builder":"on","_et_pb_old_content":"[learn_more caption=\"Utilisation\" state=\"open\"] Pour le d\u00e9maquillage : pas besoin d\u2019appliquer un produit sur votre carr\u00e9. Humidifiez le avec de l\u2019eau et nettoyer vos yeux ou visage.[\/learn_more]\r\n\r\n[learn_more caption=\"Composition\"] 100% bambou viscose [\/learn_more]\r\n\r\n[learn_more caption=\"Entretien\"] Lavage en machine \u00e0 40\u00b0. Astuce : regrouper vos carr\u00e9s dans un filet de lavage. [\/learn_more]","_et_gb_content_width":""},"product_brand":[1185],"product_cat":[1096,408,173,514,519,209,438],"product_tag":[],"class_list":{"0":"post-1700074","1":"product","2":"type-product","3":"status-publish","4":"has-post-thumbnail","6":"product_brand-hutil","7":"product_cat-bestseller","8":"product_cat-lingettes-lavables-lingettes-lavables","9":"product_cat-lingettes-lavables","10":"product_cat-nouveautes","11":"product_cat-nouveautes-zero-dechet","12":"product_cat-puericulture","13":"product_cat-soin-et-bien-etre","14":"pa_produits-lingette","16":"first","17":"instock","18":"sale","19":"taxable","20":"shipping-taxable","21":"purchasable","22":"product-type-bundle"},"bundled_by":[],"bundle_stock_status":"instock","bundle_stock_quantity":60,"bundle_virtual":false,"bundle_layout":"default","bundle_add_to_cart_form_location":"default","bundle_editable_in_cart":false,"bundle_sold_individually_context":"product","bundle_item_grouping":"parent","bundle_min_size":"","bundle_max_size":"","bundle_price":{"price":{"min":{"incl_tax":"29.90","excl_tax":"24.92"},"max":{"incl_tax":"44.81","excl_tax":"37.35"}},"regular_price":{"min":{"incl_tax":"79.20","excl_tax":"66.00"},"max":{"incl_tax":"131","excl_tax":"109.17"}}},"bundled_items":[{"bundled_item_id":1500,"product_id":1697003,"menu_order":0,"quantity_min":1,"quantity_max":1,"quantity_default":1,"priced_individually":true,"shipped_individually":false,"override_title":true,"title":"OPTION: Pochette \u00e0 choisir \u00e9tanche, id\u00e9ale pour ranger vos lingettes propres ou sales","override_description":true,"description":"","optional":true,"hide_thumbnail":false,"discount":"","override_variations":false,"allowed_variations":[],"override_default_variation_attributes":false,"default_variation_attributes":[],"single_product_visibility":"visible","cart_visibility":"visible","order_visibility":"visible","single_product_price_visibility":"visible","cart_price_visibility":"visible","order_price_visibility":"visible","stock_status":"in_stock"},{"bundled_item_id":1502,"product_id":1701034,"menu_order":1,"quantity_min":1,"quantity_max":1,"quantity_default":1,"priced_individually":true,"shipped_individually":false,"override_title":true,"title":"6 lingettes lavable XL, pour g\u00e9rer les catastrophes qui n\u00e9cessitent plusieurs lingettes","override_description":true,"description":"Tailles 20x20 cm, 1 lingettes XL = 4 petites lingettes lavables","optional":true,"hide_thumbnail":false,"discount":"10","override_variations":false,"allowed_variations":[],"override_default_variation_attributes":false,"default_variation_attributes":[],"single_product_visibility":"visible","cart_visibility":"visible","order_visibility":"visible","single_product_price_visibility":"visible","cart_price_visibility":"visible","order_price_visibility":"visible","stock_status":"in_stock"}],"bundle_sell_ids":[],"acf":[],"yoast_head":"<!-- This site is optimized with the Yoast SEO plugin v27.4 - https:\/\/yoast.com\/product\/yoast-seo-wordpress\/ -->\n<title>40 lingettes lavables r\u00e9utilisable en bambou \u2013 Douces et \u00e9paisses | B&#039;bies<\/title>\n<meta name=\"robots\" content=\"index, follow, max-snippet:-1, max-image-preview:large, max-video-preview:-1\" \/>\n<link rel=\"canonical\" href=\"https:\/\/bbies.fr\/couches-lavables\/boutique\/40-lingettes-demaquillantes-lavables-en-bambou-ocean2\/\" \/>\n<script type=\"application\/ld+json\" class=\"yoast-schema-graph\">{\"@context\":\"https:\\\/\\\/schema.org\",\"@graph\":[{\"@type\":\"WebPage\",\"@id\":\"https:\\\/\\\/bbies.fr\\\/couches-lavables\\\/boutique\\\/40-lingettes-demaquillantes-lavables-en-bambou-ocean2\\\/\",\"url\":\"https:\\\/\\\/bbies.fr\\\/couches-lavables\\\/boutique\\\/40-lingettes-demaquillantes-lavables-en-bambou-ocean2\\\/\",\"name\":\"40 lingettes lavables r\u00e9utilisable en bambou \u2013 Douces et \u00e9paisses | B&#039;bies\",\"isPartOf\":{\"@id\":\"https:\\\/\\\/bbies.fr\\\/couches-lavables\\\/#website\"},\"primaryImageOfPage\":{\"@id\":\"https:\\\/\\\/bbies.fr\\\/couches-lavables\\\/boutique\\\/40-lingettes-demaquillantes-lavables-en-bambou-ocean2\\\/#primaryimage\"},\"image\":{\"@id\":\"https:\\\/\\\/bbies.fr\\\/couches-lavables\\\/boutique\\\/40-lingettes-demaquillantes-lavables-en-bambou-ocean2\\\/#primaryimage\"},\"thumbnailUrl\":\"https:\\\/\\\/bbies.fr\\\/couches-lavables\\\/wp-content\\\/uploads\\\/2023\\\/01\\\/12475-40-lingettes.jpg\",\"datePublished\":\"2023-02-12T16:00:57+00:00\",\"dateModified\":\"2026-04-27T10:07:17+00:00\",\"breadcrumb\":{\"@id\":\"https:\\\/\\\/bbies.fr\\\/couches-lavables\\\/boutique\\\/40-lingettes-demaquillantes-lavables-en-bambou-ocean2\\\/#breadcrumb\"},\"inLanguage\":\"fr-FR\",\"potentialAction\":[{\"@type\":\"ReadAction\",\"target\":[\"https:\\\/\\\/bbies.fr\\\/couches-lavables\\\/boutique\\\/40-lingettes-demaquillantes-lavables-en-bambou-ocean2\\\/\"]}]},{\"@type\":\"ImageObject\",\"inLanguage\":\"fr-FR\",\"@id\":\"https:\\\/\\\/bbies.fr\\\/couches-lavables\\\/boutique\\\/40-lingettes-demaquillantes-lavables-en-bambou-ocean2\\\/#primaryimage\",\"url\":\"https:\\\/\\\/bbies.fr\\\/couches-lavables\\\/wp-content\\\/uploads\\\/2023\\\/01\\\/12475-40-lingettes.jpg\",\"contentUrl\":\"https:\\\/\\\/bbies.fr\\\/couches-lavables\\\/wp-content\\\/uploads\\\/2023\\\/01\\\/12475-40-lingettes.jpg\",\"width\":1000,\"height\":1000},{\"@type\":\"BreadcrumbList\",\"@id\":\"https:\\\/\\\/bbies.fr\\\/couches-lavables\\\/boutique\\\/40-lingettes-demaquillantes-lavables-en-bambou-ocean2\\\/#breadcrumb\",\"itemListElement\":[{\"@type\":\"ListItem\",\"position\":1,\"name\":\"Accueil\",\"item\":\"https:\\\/\\\/bbies.fr\\\/couches-lavables\\\/\"},{\"@type\":\"ListItem\",\"position\":2,\"name\":\"Boutique Bbies\",\"item\":\"https:\\\/\\\/bbies.fr\\\/couches-lavables\\\/boutique-bbies\\\/\"},{\"@type\":\"ListItem\",\"position\":3,\"name\":\"40 lingettes lavables r\u00e9utilisable en bambou \u2013 Douces et \u00e9paisses\"}]},{\"@type\":\"WebSite\",\"@id\":\"https:\\\/\\\/bbies.fr\\\/couches-lavables\\\/#website\",\"url\":\"https:\\\/\\\/bbies.fr\\\/couches-lavables\\\/\",\"name\":\"B'bies, couches lavables et r\u00e9utilisables\",\"description\":\"De la naissance \u00e0 la propret\u00e9\",\"publisher\":{\"@id\":\"https:\\\/\\\/bbies.fr\\\/couches-lavables\\\/#organization\"},\"alternateName\":\"BBIES\",\"potentialAction\":[{\"@type\":\"SearchAction\",\"target\":{\"@type\":\"EntryPoint\",\"urlTemplate\":\"https:\\\/\\\/bbies.fr\\\/couches-lavables\\\/?s={search_term_string}\"},\"query-input\":{\"@type\":\"PropertyValueSpecification\",\"valueRequired\":true,\"valueName\":\"search_term_string\"}}],\"inLanguage\":\"fr-FR\"},{\"@type\":\"Organization\",\"@id\":\"https:\\\/\\\/bbies.fr\\\/couches-lavables\\\/#organization\",\"name\":\"B'bies\",\"url\":\"https:\\\/\\\/bbies.fr\\\/couches-lavables\\\/\",\"logo\":{\"@type\":\"ImageObject\",\"inLanguage\":\"fr-FR\",\"@id\":\"https:\\\/\\\/bbies.fr\\\/couches-lavables\\\/#\\\/schema\\\/logo\\\/image\\\/\",\"url\":\"https:\\\/\\\/bbies.fr\\\/couches-lavables\\\/wp-content\\\/uploads\\\/2019\\\/12\\\/logo-web.jpg\",\"contentUrl\":\"https:\\\/\\\/bbies.fr\\\/couches-lavables\\\/wp-content\\\/uploads\\\/2019\\\/12\\\/logo-web.jpg\",\"width\":364,\"height\":151,\"caption\":\"B'bies\"},\"image\":{\"@id\":\"https:\\\/\\\/bbies.fr\\\/couches-lavables\\\/#\\\/schema\\\/logo\\\/image\\\/\"},\"sameAs\":[\"https:\\\/\\\/www.facebook.com\\\/bbies.fr\\\/\",\"https:\\\/\\\/www.instagram.com\\\/bbies.fr\"]}]}<\/script>\n<!-- \/ Yoast SEO plugin. -->","yoast_head_json":{"title":"40 lingettes lavables r\u00e9utilisable en bambou \u2013 Douces et \u00e9paisses | B&#039;bies","robots":{"index":"index","follow":"follow","max-snippet":"max-snippet:-1","max-image-preview":"max-image-preview:large","max-video-preview":"max-video-preview:-1"},"canonical":"https:\/\/bbies.fr\/couches-lavables\/boutique\/40-lingettes-demaquillantes-lavables-en-bambou-ocean2\/","schema":{"@context":"https:\/\/schema.org","@graph":[{"@type":"WebPage","@id":"https:\/\/bbies.fr\/couches-lavables\/boutique\/40-lingettes-demaquillantes-lavables-en-bambou-ocean2\/","url":"https:\/\/bbies.fr\/couches-lavables\/boutique\/40-lingettes-demaquillantes-lavables-en-bambou-ocean2\/","name":"40 lingettes lavables r\u00e9utilisable en bambou \u2013 Douces et \u00e9paisses | B&#039;bies","isPartOf":{"@id":"https:\/\/bbies.fr\/couches-lavables\/#website"},"primaryImageOfPage":{"@id":"https:\/\/bbies.fr\/couches-lavables\/boutique\/40-lingettes-demaquillantes-lavables-en-bambou-ocean2\/#primaryimage"},"image":{"@id":"https:\/\/bbies.fr\/couches-lavables\/boutique\/40-lingettes-demaquillantes-lavables-en-bambou-ocean2\/#primaryimage"},"thumbnailUrl":"https:\/\/bbies.fr\/couches-lavables\/wp-content\/uploads\/2023\/01\/12475-40-lingettes.jpg","datePublished":"2023-02-12T16:00:57+00:00","dateModified":"2026-04-27T10:07:17+00:00","breadcrumb":{"@id":"https:\/\/bbies.fr\/couches-lavables\/boutique\/40-lingettes-demaquillantes-lavables-en-bambou-ocean2\/#breadcrumb"},"inLanguage":"fr-FR","potentialAction":[{"@type":"ReadAction","target":["https:\/\/bbies.fr\/couches-lavables\/boutique\/40-lingettes-demaquillantes-lavables-en-bambou-ocean2\/"]}]},{"@type":"ImageObject","inLanguage":"fr-FR","@id":"https:\/\/bbies.fr\/couches-lavables\/boutique\/40-lingettes-demaquillantes-lavables-en-bambou-ocean2\/#primaryimage","url":"https:\/\/bbies.fr\/couches-lavables\/wp-content\/uploads\/2023\/01\/12475-40-lingettes.jpg","contentUrl":"https:\/\/bbies.fr\/couches-lavables\/wp-content\/uploads\/2023\/01\/12475-40-lingettes.jpg","width":1000,"height":1000},{"@type":"BreadcrumbList","@id":"https:\/\/bbies.fr\/couches-lavables\/boutique\/40-lingettes-demaquillantes-lavables-en-bambou-ocean2\/#breadcrumb","itemListElement":[{"@type":"ListItem","position":1,"name":"Accueil","item":"https:\/\/bbies.fr\/couches-lavables\/"},{"@type":"ListItem","position":2,"name":"Boutique Bbies","item":"https:\/\/bbies.fr\/couches-lavables\/boutique-bbies\/"},{"@type":"ListItem","position":3,"name":"40 lingettes lavables r\u00e9utilisable en bambou \u2013 Douces et \u00e9paisses"}]},{"@type":"WebSite","@id":"https:\/\/bbies.fr\/couches-lavables\/#website","url":"https:\/\/bbies.fr\/couches-lavables\/","name":"B'bies, couches lavables et r\u00e9utilisables","description":"De la naissance \u00e0 la propret\u00e9","publisher":{"@id":"https:\/\/bbies.fr\/couches-lavables\/#organization"},"alternateName":"BBIES","potentialAction":[{"@type":"SearchAction","target":{"@type":"EntryPoint","urlTemplate":"https:\/\/bbies.fr\/couches-lavables\/?s={search_term_string}"},"query-input":{"@type":"PropertyValueSpecification","valueRequired":true,"valueName":"search_term_string"}}],"inLanguage":"fr-FR"},{"@type":"Organization","@id":"https:\/\/bbies.fr\/couches-lavables\/#organization","name":"B'bies","url":"https:\/\/bbies.fr\/couches-lavables\/","logo":{"@type":"ImageObject","inLanguage":"fr-FR","@id":"https:\/\/bbies.fr\/couches-lavables\/#\/schema\/logo\/image\/","url":"https:\/\/bbies.fr\/couches-lavables\/wp-content\/uploads\/2019\/12\/logo-web.jpg","contentUrl":"https:\/\/bbies.fr\/couches-lavables\/wp-content\/uploads\/2019\/12\/logo-web.jpg","width":364,"height":151,"caption":"B'bies"},"image":{"@id":"https:\/\/bbies.fr\/couches-lavables\/#\/schema\/logo\/image\/"},"sameAs":["https:\/\/www.facebook.com\/bbies.fr\/","https:\/\/www.instagram.com\/bbies.fr"]}]}},"_links":{"self":[{"href":"https:\/\/bbies.fr\/couches-lavables\/wp-json\/wp\/v2\/product\/1700074","targetHints":{"allow":["GET"]}}],"collection":[{"href":"https:\/\/bbies.fr\/couches-lavables\/wp-json\/wp\/v2\/product"}],"about":[{"href":"https:\/\/bbies.fr\/couches-lavables\/wp-json\/wp\/v2\/types\/product"}],"replies":[{"embeddable":true,"href":"https:\/\/bbies.fr\/couches-lavables\/wp-json\/wp\/v2\/comments?post=1700074"}],"wp:featuredmedia":[{"embeddable":true,"href":"https:\/\/bbies.fr\/couches-lavables\/wp-json\/wp\/v2\/media\/1692101"}],"wp:attachment":[{"href":"https:\/\/bbies.fr\/couches-lavables\/wp-json\/wp\/v2\/media?parent=1700074"}],"wp:term":[{"taxonomy":"product_brand","embeddable":true,"href":"https:\/\/bbies.fr\/couches-lavables\/wp-json\/wp\/v2\/product_brand?post=1700074"},{"taxonomy":"product_cat","embeddable":true,"href":"https:\/\/bbies.fr\/couches-lavables\/wp-json\/wp\/v2\/product_cat?post=1700074"},{"taxonomy":"product_tag","embeddable":true,"href":"https:\/\/bbies.fr\/couches-lavables\/wp-json\/wp\/v2\/product_tag?post=1700074"}],"curies":[{"name":"wp","href":"https:\/\/api.w.org\/{rel}","templated":true}]}}