{"id":1701034,"date":"2023-02-11T13:00:48","date_gmt":"2023-02-11T12:00:48","guid":{"rendered":"https:\/\/bbies.fr\/couches-lavables\/?post_type=product&#038;p=1701034"},"modified":"2026-04-23T13:54:21","modified_gmt":"2026-04-23T11:54:21","slug":"6-grandes-lingettes-lavables-bebe-en-bambou-double-epaisseur-opaline","status":"publish","type":"product","link":"https:\/\/bbies.fr\/couches-lavables\/boutique\/6-grandes-lingettes-lavables-bebe-en-bambou-double-epaisseur-opaline\/","title":{"rendered":"6 grandes lingettes lavables b\u00e9b\u00e9 en bambou Double \u00e9paisseur \u2013 Opaline"},"content":{"rendered":"<p>[et_pb_section fb_built=\u00a0\u00bb1&Prime; _builder_version=\u00a0\u00bb4.17.4&Prime; _module_preset=\u00a0\u00bbdefault\u00a0\u00bb global_colors_info=\u00a0\u00bb{}\u00a0\u00bb][\/et_pb_section]<\/p>\n","protected":false},"excerpt":{"rendered":"<p><strong>Affrontez les Grosses Catastrophes en Toute S\u00e9r\u00e9nit\u00e9\u00a0 ! \ud83d\udca6 <\/strong><\/p>\n<p>Parce que chaque parent sait que les petites catastrophes peuvent parfois \u00eatre \u00e9normes, nos grandes lingettes lavables\u00a0 en bambou Double \u00e9paisseur sont l\u00e0 pour vous sauver la mise ! Et elles sont aussi simples \u00e0 utiliser que des lingettes jetable.<\/p>\n<ul>\n<li><strong>Double \u00c9paisseur Robuste :<\/strong> Les moments de chaos exigent une solution robuste. Nos lingettes en bambou double \u00e9paisseur sont con\u00e7ues pour g\u00e9rer les situations les plus d\u00e9licates avec facilit\u00e9. Plus de soucis face aux petits accidents impr\u00e9vus !<\/li>\n<li><strong>Taille G\u00e9n\u00e9reuse :<\/strong> Avec une taille 20&#215;20 cm, nos lingettes offrent une couverture maximale, id\u00e9ale pour g\u00e9rer les \u00ab\u00a0grosses catastrophes\u00a0\u00bb ou plier la lingettes dans tous les sens.<\/li>\n<li><strong>Mat\u00e9riau Bambou Ultra-Absorbant :<\/strong> Le bambou n&rsquo;est pas seulement doux pour la peau sensible de b\u00e9b\u00e9, il est \u00e9galement incroyablement absorbant. Cela signifie moins de stress et plus d&rsquo;efficacit\u00e9 pour nettoyer rapidement et efficacement.<\/li>\n<li><strong>Lavables et R\u00e9utilisables :<\/strong> Nos lingettes lavables sont pr\u00eates \u00e0 affronter chaque d\u00e9sastre, et une fois utilis\u00e9es, il vous suffit de les laver pour une utilisation future. Si \u00e9conomique !<\/li>\n<\/ul>\n","protected":false},"featured_media":1701035,"comment_status":"closed","ping_status":"closed","template":"","meta":{"_acf_changed":false,"_et_pb_use_builder":"on","_et_pb_old_content":"[learn_more caption=\"Utilisation\" state=\"open\"] Humidifiez la lingette et nettoyer le visage et\/ou les fesses de votre enfant. Mettez ensuite votre lingette \u00e0 laver.[\/learn_more]\r\n\r\n[learn_more caption=\"Composition\"] 100% bambou viscose [\/learn_more]\r\n\r\n[learn_more caption=\"Entretien\"]\r\n\r\nLavage en machine \u00e0 40\u00b0.\r\n\r\nAstuce : regrouper vos lingettes dans un filet de lavage. [\/learn_more]","_et_gb_content_width":""},"product_brand":[1230],"product_cat":[963,408,173,209,1405,438],"product_tag":[],"class_list":{"0":"post-1701034","1":"product","2":"type-product","3":"status-publish","4":"has-post-thumbnail","6":"product_brand-bbies","7":"product_cat-bon-plans","8":"product_cat-lingettes-lavables-lingettes-lavables","9":"product_cat-lingettes-lavables","10":"product_cat-puericulture","11":"product_cat-top-soldes","12":"product_cat-soin-et-bien-etre","13":"pa_produits-lingette","15":"first","16":"instock","17":"sale","18":"taxable","19":"shipping-taxable","20":"purchasable","21":"product-type-simple"},"bundled_by":["1692099","1700074","1692097","1701288","1726446"],"bundle_stock_status":"instock","bundle_stock_quantity":12,"bundle_virtual":false,"bundle_layout":"","bundle_add_to_cart_form_location":"","bundle_editable_in_cart":false,"bundle_sold_individually_context":"","bundle_item_grouping":"","bundle_min_size":"","bundle_max_size":"","bundle_price":[],"bundled_items":[],"bundle_sell_ids":[],"acf":[],"yoast_head":"<!-- This site is optimized with the Yoast SEO plugin v27.4 - https:\/\/yoast.com\/product\/yoast-seo-wordpress\/ -->\n<title>6 grandes lingettes lavables b\u00e9b\u00e9 en bambou Double \u00e9paisseur \u2013 Opaline | B&#039;bies<\/title>\n<meta name=\"robots\" content=\"index, follow, max-snippet:-1, max-image-preview:large, max-video-preview:-1\" \/>\n<link rel=\"canonical\" href=\"https:\/\/bbies.fr\/couches-lavables\/boutique\/6-grandes-lingettes-lavables-bebe-en-bambou-double-epaisseur-opaline\/\" \/>\n<script type=\"application\/ld+json\" class=\"yoast-schema-graph\">{\"@context\":\"https:\\\/\\\/schema.org\",\"@graph\":[{\"@type\":\"WebPage\",\"@id\":\"https:\\\/\\\/bbies.fr\\\/couches-lavables\\\/boutique\\\/6-grandes-lingettes-lavables-bebe-en-bambou-double-epaisseur-opaline\\\/\",\"url\":\"https:\\\/\\\/bbies.fr\\\/couches-lavables\\\/boutique\\\/6-grandes-lingettes-lavables-bebe-en-bambou-double-epaisseur-opaline\\\/\",\"name\":\"6 grandes lingettes lavables b\u00e9b\u00e9 en bambou Double \u00e9paisseur \u2013 Opaline | B&#039;bies\",\"isPartOf\":{\"@id\":\"https:\\\/\\\/bbies.fr\\\/couches-lavables\\\/#website\"},\"primaryImageOfPage\":{\"@id\":\"https:\\\/\\\/bbies.fr\\\/couches-lavables\\\/boutique\\\/6-grandes-lingettes-lavables-bebe-en-bambou-double-epaisseur-opaline\\\/#primaryimage\"},\"image\":{\"@id\":\"https:\\\/\\\/bbies.fr\\\/couches-lavables\\\/boutique\\\/6-grandes-lingettes-lavables-bebe-en-bambou-double-epaisseur-opaline\\\/#primaryimage\"},\"thumbnailUrl\":\"https:\\\/\\\/bbies.fr\\\/couches-lavables\\\/wp-content\\\/uploads\\\/2023\\\/12\\\/12050-6-lingettes-Bambou-grand-format-Ecologiq-opaline.jpg\",\"datePublished\":\"2023-02-11T12:00:48+00:00\",\"dateModified\":\"2026-04-23T11:54:21+00:00\",\"breadcrumb\":{\"@id\":\"https:\\\/\\\/bbies.fr\\\/couches-lavables\\\/boutique\\\/6-grandes-lingettes-lavables-bebe-en-bambou-double-epaisseur-opaline\\\/#breadcrumb\"},\"inLanguage\":\"fr-FR\",\"potentialAction\":[{\"@type\":\"ReadAction\",\"target\":[\"https:\\\/\\\/bbies.fr\\\/couches-lavables\\\/boutique\\\/6-grandes-lingettes-lavables-bebe-en-bambou-double-epaisseur-opaline\\\/\"]}]},{\"@type\":\"ImageObject\",\"inLanguage\":\"fr-FR\",\"@id\":\"https:\\\/\\\/bbies.fr\\\/couches-lavables\\\/boutique\\\/6-grandes-lingettes-lavables-bebe-en-bambou-double-epaisseur-opaline\\\/#primaryimage\",\"url\":\"https:\\\/\\\/bbies.fr\\\/couches-lavables\\\/wp-content\\\/uploads\\\/2023\\\/12\\\/12050-6-lingettes-Bambou-grand-format-Ecologiq-opaline.jpg\",\"contentUrl\":\"https:\\\/\\\/bbies.fr\\\/couches-lavables\\\/wp-content\\\/uploads\\\/2023\\\/12\\\/12050-6-lingettes-Bambou-grand-format-Ecologiq-opaline.jpg\",\"width\":800,\"height\":800},{\"@type\":\"BreadcrumbList\",\"@id\":\"https:\\\/\\\/bbies.fr\\\/couches-lavables\\\/boutique\\\/6-grandes-lingettes-lavables-bebe-en-bambou-double-epaisseur-opaline\\\/#breadcrumb\",\"itemListElement\":[{\"@type\":\"ListItem\",\"position\":1,\"name\":\"Accueil\",\"item\":\"https:\\\/\\\/bbies.fr\\\/couches-lavables\\\/\"},{\"@type\":\"ListItem\",\"position\":2,\"name\":\"Boutique Bbies\",\"item\":\"https:\\\/\\\/bbies.fr\\\/couches-lavables\\\/boutique-bbies\\\/\"},{\"@type\":\"ListItem\",\"position\":3,\"name\":\"6 grandes lingettes lavables b\u00e9b\u00e9 en bambou Double \u00e9paisseur \u2013 Opaline\"}]},{\"@type\":\"WebSite\",\"@id\":\"https:\\\/\\\/bbies.fr\\\/couches-lavables\\\/#website\",\"url\":\"https:\\\/\\\/bbies.fr\\\/couches-lavables\\\/\",\"name\":\"B'bies, couches lavables et r\u00e9utilisables\",\"description\":\"De la naissance \u00e0 la propret\u00e9\",\"publisher\":{\"@id\":\"https:\\\/\\\/bbies.fr\\\/couches-lavables\\\/#organization\"},\"alternateName\":\"BBIES\",\"potentialAction\":[{\"@type\":\"SearchAction\",\"target\":{\"@type\":\"EntryPoint\",\"urlTemplate\":\"https:\\\/\\\/bbies.fr\\\/couches-lavables\\\/?s={search_term_string}\"},\"query-input\":{\"@type\":\"PropertyValueSpecification\",\"valueRequired\":true,\"valueName\":\"search_term_string\"}}],\"inLanguage\":\"fr-FR\"},{\"@type\":\"Organization\",\"@id\":\"https:\\\/\\\/bbies.fr\\\/couches-lavables\\\/#organization\",\"name\":\"B'bies\",\"url\":\"https:\\\/\\\/bbies.fr\\\/couches-lavables\\\/\",\"logo\":{\"@type\":\"ImageObject\",\"inLanguage\":\"fr-FR\",\"@id\":\"https:\\\/\\\/bbies.fr\\\/couches-lavables\\\/#\\\/schema\\\/logo\\\/image\\\/\",\"url\":\"https:\\\/\\\/bbies.fr\\\/couches-lavables\\\/wp-content\\\/uploads\\\/2019\\\/12\\\/logo-web.jpg\",\"contentUrl\":\"https:\\\/\\\/bbies.fr\\\/couches-lavables\\\/wp-content\\\/uploads\\\/2019\\\/12\\\/logo-web.jpg\",\"width\":364,\"height\":151,\"caption\":\"B'bies\"},\"image\":{\"@id\":\"https:\\\/\\\/bbies.fr\\\/couches-lavables\\\/#\\\/schema\\\/logo\\\/image\\\/\"},\"sameAs\":[\"https:\\\/\\\/www.facebook.com\\\/bbies.fr\\\/\",\"https:\\\/\\\/www.instagram.com\\\/bbies.fr\"]}]}<\/script>\n<!-- \/ Yoast SEO plugin. -->","yoast_head_json":{"title":"6 grandes lingettes lavables b\u00e9b\u00e9 en bambou Double \u00e9paisseur \u2013 Opaline | B&#039;bies","robots":{"index":"index","follow":"follow","max-snippet":"max-snippet:-1","max-image-preview":"max-image-preview:large","max-video-preview":"max-video-preview:-1"},"canonical":"https:\/\/bbies.fr\/couches-lavables\/boutique\/6-grandes-lingettes-lavables-bebe-en-bambou-double-epaisseur-opaline\/","schema":{"@context":"https:\/\/schema.org","@graph":[{"@type":"WebPage","@id":"https:\/\/bbies.fr\/couches-lavables\/boutique\/6-grandes-lingettes-lavables-bebe-en-bambou-double-epaisseur-opaline\/","url":"https:\/\/bbies.fr\/couches-lavables\/boutique\/6-grandes-lingettes-lavables-bebe-en-bambou-double-epaisseur-opaline\/","name":"6 grandes lingettes lavables b\u00e9b\u00e9 en bambou Double \u00e9paisseur \u2013 Opaline | B&#039;bies","isPartOf":{"@id":"https:\/\/bbies.fr\/couches-lavables\/#website"},"primaryImageOfPage":{"@id":"https:\/\/bbies.fr\/couches-lavables\/boutique\/6-grandes-lingettes-lavables-bebe-en-bambou-double-epaisseur-opaline\/#primaryimage"},"image":{"@id":"https:\/\/bbies.fr\/couches-lavables\/boutique\/6-grandes-lingettes-lavables-bebe-en-bambou-double-epaisseur-opaline\/#primaryimage"},"thumbnailUrl":"https:\/\/bbies.fr\/couches-lavables\/wp-content\/uploads\/2023\/12\/12050-6-lingettes-Bambou-grand-format-Ecologiq-opaline.jpg","datePublished":"2023-02-11T12:00:48+00:00","dateModified":"2026-04-23T11:54:21+00:00","breadcrumb":{"@id":"https:\/\/bbies.fr\/couches-lavables\/boutique\/6-grandes-lingettes-lavables-bebe-en-bambou-double-epaisseur-opaline\/#breadcrumb"},"inLanguage":"fr-FR","potentialAction":[{"@type":"ReadAction","target":["https:\/\/bbies.fr\/couches-lavables\/boutique\/6-grandes-lingettes-lavables-bebe-en-bambou-double-epaisseur-opaline\/"]}]},{"@type":"ImageObject","inLanguage":"fr-FR","@id":"https:\/\/bbies.fr\/couches-lavables\/boutique\/6-grandes-lingettes-lavables-bebe-en-bambou-double-epaisseur-opaline\/#primaryimage","url":"https:\/\/bbies.fr\/couches-lavables\/wp-content\/uploads\/2023\/12\/12050-6-lingettes-Bambou-grand-format-Ecologiq-opaline.jpg","contentUrl":"https:\/\/bbies.fr\/couches-lavables\/wp-content\/uploads\/2023\/12\/12050-6-lingettes-Bambou-grand-format-Ecologiq-opaline.jpg","width":800,"height":800},{"@type":"BreadcrumbList","@id":"https:\/\/bbies.fr\/couches-lavables\/boutique\/6-grandes-lingettes-lavables-bebe-en-bambou-double-epaisseur-opaline\/#breadcrumb","itemListElement":[{"@type":"ListItem","position":1,"name":"Accueil","item":"https:\/\/bbies.fr\/couches-lavables\/"},{"@type":"ListItem","position":2,"name":"Boutique Bbies","item":"https:\/\/bbies.fr\/couches-lavables\/boutique-bbies\/"},{"@type":"ListItem","position":3,"name":"6 grandes lingettes lavables b\u00e9b\u00e9 en bambou Double \u00e9paisseur \u2013 Opaline"}]},{"@type":"WebSite","@id":"https:\/\/bbies.fr\/couches-lavables\/#website","url":"https:\/\/bbies.fr\/couches-lavables\/","name":"B'bies, couches lavables et r\u00e9utilisables","description":"De la naissance \u00e0 la propret\u00e9","publisher":{"@id":"https:\/\/bbies.fr\/couches-lavables\/#organization"},"alternateName":"BBIES","potentialAction":[{"@type":"SearchAction","target":{"@type":"EntryPoint","urlTemplate":"https:\/\/bbies.fr\/couches-lavables\/?s={search_term_string}"},"query-input":{"@type":"PropertyValueSpecification","valueRequired":true,"valueName":"search_term_string"}}],"inLanguage":"fr-FR"},{"@type":"Organization","@id":"https:\/\/bbies.fr\/couches-lavables\/#organization","name":"B'bies","url":"https:\/\/bbies.fr\/couches-lavables\/","logo":{"@type":"ImageObject","inLanguage":"fr-FR","@id":"https:\/\/bbies.fr\/couches-lavables\/#\/schema\/logo\/image\/","url":"https:\/\/bbies.fr\/couches-lavables\/wp-content\/uploads\/2019\/12\/logo-web.jpg","contentUrl":"https:\/\/bbies.fr\/couches-lavables\/wp-content\/uploads\/2019\/12\/logo-web.jpg","width":364,"height":151,"caption":"B'bies"},"image":{"@id":"https:\/\/bbies.fr\/couches-lavables\/#\/schema\/logo\/image\/"},"sameAs":["https:\/\/www.facebook.com\/bbies.fr\/","https:\/\/www.instagram.com\/bbies.fr"]}]}},"_links":{"self":[{"href":"https:\/\/bbies.fr\/couches-lavables\/wp-json\/wp\/v2\/product\/1701034","targetHints":{"allow":["GET"]}}],"collection":[{"href":"https:\/\/bbies.fr\/couches-lavables\/wp-json\/wp\/v2\/product"}],"about":[{"href":"https:\/\/bbies.fr\/couches-lavables\/wp-json\/wp\/v2\/types\/product"}],"replies":[{"embeddable":true,"href":"https:\/\/bbies.fr\/couches-lavables\/wp-json\/wp\/v2\/comments?post=1701034"}],"wp:featuredmedia":[{"embeddable":true,"href":"https:\/\/bbies.fr\/couches-lavables\/wp-json\/wp\/v2\/media\/1701035"}],"wp:attachment":[{"href":"https:\/\/bbies.fr\/couches-lavables\/wp-json\/wp\/v2\/media?parent=1701034"}],"wp:term":[{"taxonomy":"product_brand","embeddable":true,"href":"https:\/\/bbies.fr\/couches-lavables\/wp-json\/wp\/v2\/product_brand?post=1701034"},{"taxonomy":"product_cat","embeddable":true,"href":"https:\/\/bbies.fr\/couches-lavables\/wp-json\/wp\/v2\/product_cat?post=1701034"},{"taxonomy":"product_tag","embeddable":true,"href":"https:\/\/bbies.fr\/couches-lavables\/wp-json\/wp\/v2\/product_tag?post=1701034"}],"curies":[{"name":"wp","href":"https:\/\/api.w.org\/{rel}","templated":true}]}}