{"id":1706141,"date":"2022-06-30T12:50:07","date_gmt":"2022-06-30T10:50:07","guid":{"rendered":"https:\/\/bbies.fr\/couches-lavables\/?post_type=product&#038;p=1706141"},"modified":"2026-04-27T08:55:24","modified_gmt":"2026-04-27T06:55:24","slug":"pochettes-etanches-top-culottes-et-boxers-dapprentissage-retient-les-odeurs","status":"publish","type":"product","link":"https:\/\/bbies.fr\/couches-lavables\/boutique\/pochettes-etanches-top-culottes-et-boxers-dapprentissage-retient-les-odeurs\/","title":{"rendered":"Pochettes \u00e9tanches- Top culottes et boxers d&rsquo;apprentissage,  retient les odeurs"},"content":{"rendered":"<p>[et_pb_section fb_built=\u00a0\u00bb1&Prime; _builder_version=\u00a0\u00bb4.17.4&Prime; _module_preset=\u00a0\u00bbdefault\u00a0\u00bb global_colors_info=\u00a0\u00bb{}\u00a0\u00bb][\/et_pb_section]<\/p>\n","protected":false},"excerpt":{"rendered":"<p>Sac de stockage ou transport des culottes ou boxers d&rsquo;apprentissage. Accessoires indispensables pour changer l&rsquo;enfant en dehors de la maison, ou qu&rsquo;il puisse stocker le produit souill\u00e9 dans son sac \u00e0 l&rsquo;\u00e9cole.<\/p>\n<ul>\n<li>Ext\u00e9rieur en tissu imperm\u00e9able en PUL, retient parfaitement les odeurs<\/li>\n<li>Fermeture \u00e9clair zipp\u00e9. Manipulation facile pour l&rsquo;enfant<\/li>\n<li>Capacit\u00e9 diff\u00e9rentes en fonction des mod\u00e8les<\/li>\n<li>Lavable en machine<\/li>\n<\/ul>\n","protected":false},"featured_media":1719663,"comment_status":"closed","ping_status":"closed","template":"","meta":{"_acf_changed":false,"_et_pb_use_builder":"on","_et_pb_old_content":"[learn_more caption=\"Entretien\"] Lavage en machine \u00e0 30\u00b0. S\u00e9che-linge interdit.[\/learn_more]\r\n\r\n[learn_more caption=\"Composition\"]\r\n100% PUL \u2013 Tissu imperm\u00e9able certifi\u00e9 Bio\r\n\r\nNos produits sont fabriqu\u00e9s \u00e0 partir de tissus certifi\u00e9s r\u00e9pondant \u00e0 des exigences strictes et garantissant qu\u2019ils sont inoffensifs pour la sant\u00e9 : sans nanoparticules, sans produits chimiques nocifs\u2026 [\/learn_more]","_et_gb_content_width":""},"product_brand":[1185],"product_cat":[405],"product_tag":[],"class_list":{"0":"post-1706141","1":"product","2":"type-product","3":"status-publish","4":"has-post-thumbnail","6":"product_brand-hutil","7":"product_cat-pochette-de-transport","8":"pa_sac-et-pochette-pochette-modele-bleu-saphir","9":"pa_sac-et-pochette-2-sacs-brique-et-lama-capacite-10-12-culottes","10":"pa_sac-et-pochette-2-sacs-jaune-elephants-capacite-10-12-culottes","11":"pa_sac-et-pochette-2-sacs-meduses-poissons-capacite-10-12-culottes","12":"pa_sac-et-pochette-2-sacs-rox-et-peche-capacite-10-12-culottes","13":"pa_sac-et-pochette-pochette-asanoha-capacite-1-2-culottes","14":"pa_sac-et-pochette-pochette-corail-capacite-1-2-culottes","15":"pa_sac-et-pochette-pochette-double-poches-modele-flaments-roses","16":"pa_sac-et-pochette-pochette-double-etanche-zippee-asanoha-amande","17":"pa_sac-et-pochette-pochette-double-etanche-zippee-sirene-capacite-6-culottes","18":"pa_sac-et-pochette-pochette-double-etanche-zippee-tortue-capacite-6-culottes","19":"pa_sac-et-pochette-pochette-double-zippee-corail-capacite-6-culottes","20":"pa_sac-et-pochette-pochette-modele-dino","21":"pa_sac-et-pochette-pochette-herisson-capacite-1-2-culottes","22":"pa_sac-et-pochette-pochette-rox-capacite-1-2-culottes","23":"pa_sac-et-pochette-pochette-sirene-capacite-1-2-culottes","25":"first","26":"instock","27":"sale","28":"taxable","29":"shipping-taxable","30":"purchasable","31":"product-type-variable"},"bundled_by":["1694561","1694562","1694549","1694560","1706208","1706221","1696997"],"bundle_stock_status":"instock","bundle_stock_quantity":null,"bundle_virtual":false,"bundle_layout":"","bundle_add_to_cart_form_location":"","bundle_editable_in_cart":false,"bundle_sold_individually_context":"","bundle_item_grouping":"","bundle_min_size":"","bundle_max_size":"","bundle_price":[],"bundled_items":[],"bundle_sell_ids":[],"acf":[],"yoast_head":"<!-- This site is optimized with the Yoast SEO plugin v27.4 - https:\/\/yoast.com\/product\/yoast-seo-wordpress\/ -->\n<title>Pochettes \u00e9tanches- Top culottes et boxers d&#039;apprentissage, retient les odeurs | B&#039;bies<\/title>\n<meta name=\"robots\" content=\"index, follow, max-snippet:-1, max-image-preview:large, max-video-preview:-1\" \/>\n<link rel=\"canonical\" href=\"https:\/\/bbies.fr\/couches-lavables\/boutique\/pochettes-etanches-top-culottes-et-boxers-dapprentissage-retient-les-odeurs\/\" \/>\n<script type=\"application\/ld+json\" class=\"yoast-schema-graph\">{\"@context\":\"https:\\\/\\\/schema.org\",\"@graph\":[{\"@type\":\"WebPage\",\"@id\":\"https:\\\/\\\/bbies.fr\\\/couches-lavables\\\/boutique\\\/pochettes-etanches-top-culottes-et-boxers-dapprentissage-retient-les-odeurs\\\/\",\"url\":\"https:\\\/\\\/bbies.fr\\\/couches-lavables\\\/boutique\\\/pochettes-etanches-top-culottes-et-boxers-dapprentissage-retient-les-odeurs\\\/\",\"name\":\"Pochettes \u00e9tanches- Top culottes et boxers d'apprentissage, retient les odeurs | B&#039;bies\",\"isPartOf\":{\"@id\":\"https:\\\/\\\/bbies.fr\\\/couches-lavables\\\/#website\"},\"primaryImageOfPage\":{\"@id\":\"https:\\\/\\\/bbies.fr\\\/couches-lavables\\\/boutique\\\/pochettes-etanches-top-culottes-et-boxers-dapprentissage-retient-les-odeurs\\\/#primaryimage\"},\"image\":{\"@id\":\"https:\\\/\\\/bbies.fr\\\/couches-lavables\\\/boutique\\\/pochettes-etanches-top-culottes-et-boxers-dapprentissage-retient-les-odeurs\\\/#primaryimage\"},\"thumbnailUrl\":\"https:\\\/\\\/bbies.fr\\\/couches-lavables\\\/wp-content\\\/uploads\\\/2023\\\/05\\\/pochette-S-meduses-des-abimes.webp\",\"datePublished\":\"2022-06-30T10:50:07+00:00\",\"dateModified\":\"2026-04-27T06:55:24+00:00\",\"breadcrumb\":{\"@id\":\"https:\\\/\\\/bbies.fr\\\/couches-lavables\\\/boutique\\\/pochettes-etanches-top-culottes-et-boxers-dapprentissage-retient-les-odeurs\\\/#breadcrumb\"},\"inLanguage\":\"fr-FR\",\"potentialAction\":[{\"@type\":\"ReadAction\",\"target\":[\"https:\\\/\\\/bbies.fr\\\/couches-lavables\\\/boutique\\\/pochettes-etanches-top-culottes-et-boxers-dapprentissage-retient-les-odeurs\\\/\"]}]},{\"@type\":\"ImageObject\",\"inLanguage\":\"fr-FR\",\"@id\":\"https:\\\/\\\/bbies.fr\\\/couches-lavables\\\/boutique\\\/pochettes-etanches-top-culottes-et-boxers-dapprentissage-retient-les-odeurs\\\/#primaryimage\",\"url\":\"https:\\\/\\\/bbies.fr\\\/couches-lavables\\\/wp-content\\\/uploads\\\/2023\\\/05\\\/pochette-S-meduses-des-abimes.webp\",\"contentUrl\":\"https:\\\/\\\/bbies.fr\\\/couches-lavables\\\/wp-content\\\/uploads\\\/2023\\\/05\\\/pochette-S-meduses-des-abimes.webp\",\"width\":1080,\"height\":1080},{\"@type\":\"BreadcrumbList\",\"@id\":\"https:\\\/\\\/bbies.fr\\\/couches-lavables\\\/boutique\\\/pochettes-etanches-top-culottes-et-boxers-dapprentissage-retient-les-odeurs\\\/#breadcrumb\",\"itemListElement\":[{\"@type\":\"ListItem\",\"position\":1,\"name\":\"Accueil\",\"item\":\"https:\\\/\\\/bbies.fr\\\/couches-lavables\\\/\"},{\"@type\":\"ListItem\",\"position\":2,\"name\":\"Boutique Bbies\",\"item\":\"https:\\\/\\\/bbies.fr\\\/couches-lavables\\\/boutique-bbies\\\/\"},{\"@type\":\"ListItem\",\"position\":3,\"name\":\"Pochettes \u00e9tanches- Top culottes et boxers d&#8217;apprentissage, retient les odeurs\"}]},{\"@type\":\"WebSite\",\"@id\":\"https:\\\/\\\/bbies.fr\\\/couches-lavables\\\/#website\",\"url\":\"https:\\\/\\\/bbies.fr\\\/couches-lavables\\\/\",\"name\":\"B'bies, couches lavables et r\u00e9utilisables\",\"description\":\"De la naissance \u00e0 la propret\u00e9\",\"publisher\":{\"@id\":\"https:\\\/\\\/bbies.fr\\\/couches-lavables\\\/#organization\"},\"alternateName\":\"BBIES\",\"potentialAction\":[{\"@type\":\"SearchAction\",\"target\":{\"@type\":\"EntryPoint\",\"urlTemplate\":\"https:\\\/\\\/bbies.fr\\\/couches-lavables\\\/?s={search_term_string}\"},\"query-input\":{\"@type\":\"PropertyValueSpecification\",\"valueRequired\":true,\"valueName\":\"search_term_string\"}}],\"inLanguage\":\"fr-FR\"},{\"@type\":\"Organization\",\"@id\":\"https:\\\/\\\/bbies.fr\\\/couches-lavables\\\/#organization\",\"name\":\"B'bies\",\"url\":\"https:\\\/\\\/bbies.fr\\\/couches-lavables\\\/\",\"logo\":{\"@type\":\"ImageObject\",\"inLanguage\":\"fr-FR\",\"@id\":\"https:\\\/\\\/bbies.fr\\\/couches-lavables\\\/#\\\/schema\\\/logo\\\/image\\\/\",\"url\":\"https:\\\/\\\/bbies.fr\\\/couches-lavables\\\/wp-content\\\/uploads\\\/2019\\\/12\\\/logo-web.jpg\",\"contentUrl\":\"https:\\\/\\\/bbies.fr\\\/couches-lavables\\\/wp-content\\\/uploads\\\/2019\\\/12\\\/logo-web.jpg\",\"width\":364,\"height\":151,\"caption\":\"B'bies\"},\"image\":{\"@id\":\"https:\\\/\\\/bbies.fr\\\/couches-lavables\\\/#\\\/schema\\\/logo\\\/image\\\/\"},\"sameAs\":[\"https:\\\/\\\/www.facebook.com\\\/bbies.fr\\\/\",\"https:\\\/\\\/www.instagram.com\\\/bbies.fr\"]}]}<\/script>\n<!-- \/ Yoast SEO plugin. -->","yoast_head_json":{"title":"Pochettes \u00e9tanches- Top culottes et boxers d'apprentissage, retient les odeurs | B&#039;bies","robots":{"index":"index","follow":"follow","max-snippet":"max-snippet:-1","max-image-preview":"max-image-preview:large","max-video-preview":"max-video-preview:-1"},"canonical":"https:\/\/bbies.fr\/couches-lavables\/boutique\/pochettes-etanches-top-culottes-et-boxers-dapprentissage-retient-les-odeurs\/","schema":{"@context":"https:\/\/schema.org","@graph":[{"@type":"WebPage","@id":"https:\/\/bbies.fr\/couches-lavables\/boutique\/pochettes-etanches-top-culottes-et-boxers-dapprentissage-retient-les-odeurs\/","url":"https:\/\/bbies.fr\/couches-lavables\/boutique\/pochettes-etanches-top-culottes-et-boxers-dapprentissage-retient-les-odeurs\/","name":"Pochettes \u00e9tanches- Top culottes et boxers d'apprentissage, retient les odeurs | B&#039;bies","isPartOf":{"@id":"https:\/\/bbies.fr\/couches-lavables\/#website"},"primaryImageOfPage":{"@id":"https:\/\/bbies.fr\/couches-lavables\/boutique\/pochettes-etanches-top-culottes-et-boxers-dapprentissage-retient-les-odeurs\/#primaryimage"},"image":{"@id":"https:\/\/bbies.fr\/couches-lavables\/boutique\/pochettes-etanches-top-culottes-et-boxers-dapprentissage-retient-les-odeurs\/#primaryimage"},"thumbnailUrl":"https:\/\/bbies.fr\/couches-lavables\/wp-content\/uploads\/2023\/05\/pochette-S-meduses-des-abimes.webp","datePublished":"2022-06-30T10:50:07+00:00","dateModified":"2026-04-27T06:55:24+00:00","breadcrumb":{"@id":"https:\/\/bbies.fr\/couches-lavables\/boutique\/pochettes-etanches-top-culottes-et-boxers-dapprentissage-retient-les-odeurs\/#breadcrumb"},"inLanguage":"fr-FR","potentialAction":[{"@type":"ReadAction","target":["https:\/\/bbies.fr\/couches-lavables\/boutique\/pochettes-etanches-top-culottes-et-boxers-dapprentissage-retient-les-odeurs\/"]}]},{"@type":"ImageObject","inLanguage":"fr-FR","@id":"https:\/\/bbies.fr\/couches-lavables\/boutique\/pochettes-etanches-top-culottes-et-boxers-dapprentissage-retient-les-odeurs\/#primaryimage","url":"https:\/\/bbies.fr\/couches-lavables\/wp-content\/uploads\/2023\/05\/pochette-S-meduses-des-abimes.webp","contentUrl":"https:\/\/bbies.fr\/couches-lavables\/wp-content\/uploads\/2023\/05\/pochette-S-meduses-des-abimes.webp","width":1080,"height":1080},{"@type":"BreadcrumbList","@id":"https:\/\/bbies.fr\/couches-lavables\/boutique\/pochettes-etanches-top-culottes-et-boxers-dapprentissage-retient-les-odeurs\/#breadcrumb","itemListElement":[{"@type":"ListItem","position":1,"name":"Accueil","item":"https:\/\/bbies.fr\/couches-lavables\/"},{"@type":"ListItem","position":2,"name":"Boutique Bbies","item":"https:\/\/bbies.fr\/couches-lavables\/boutique-bbies\/"},{"@type":"ListItem","position":3,"name":"Pochettes \u00e9tanches- Top culottes et boxers d&#8217;apprentissage, retient les odeurs"}]},{"@type":"WebSite","@id":"https:\/\/bbies.fr\/couches-lavables\/#website","url":"https:\/\/bbies.fr\/couches-lavables\/","name":"B'bies, couches lavables et r\u00e9utilisables","description":"De la naissance \u00e0 la propret\u00e9","publisher":{"@id":"https:\/\/bbies.fr\/couches-lavables\/#organization"},"alternateName":"BBIES","potentialAction":[{"@type":"SearchAction","target":{"@type":"EntryPoint","urlTemplate":"https:\/\/bbies.fr\/couches-lavables\/?s={search_term_string}"},"query-input":{"@type":"PropertyValueSpecification","valueRequired":true,"valueName":"search_term_string"}}],"inLanguage":"fr-FR"},{"@type":"Organization","@id":"https:\/\/bbies.fr\/couches-lavables\/#organization","name":"B'bies","url":"https:\/\/bbies.fr\/couches-lavables\/","logo":{"@type":"ImageObject","inLanguage":"fr-FR","@id":"https:\/\/bbies.fr\/couches-lavables\/#\/schema\/logo\/image\/","url":"https:\/\/bbies.fr\/couches-lavables\/wp-content\/uploads\/2019\/12\/logo-web.jpg","contentUrl":"https:\/\/bbies.fr\/couches-lavables\/wp-content\/uploads\/2019\/12\/logo-web.jpg","width":364,"height":151,"caption":"B'bies"},"image":{"@id":"https:\/\/bbies.fr\/couches-lavables\/#\/schema\/logo\/image\/"},"sameAs":["https:\/\/www.facebook.com\/bbies.fr\/","https:\/\/www.instagram.com\/bbies.fr"]}]}},"_links":{"self":[{"href":"https:\/\/bbies.fr\/couches-lavables\/wp-json\/wp\/v2\/product\/1706141","targetHints":{"allow":["GET"]}}],"collection":[{"href":"https:\/\/bbies.fr\/couches-lavables\/wp-json\/wp\/v2\/product"}],"about":[{"href":"https:\/\/bbies.fr\/couches-lavables\/wp-json\/wp\/v2\/types\/product"}],"replies":[{"embeddable":true,"href":"https:\/\/bbies.fr\/couches-lavables\/wp-json\/wp\/v2\/comments?post=1706141"}],"wp:featuredmedia":[{"embeddable":true,"href":"https:\/\/bbies.fr\/couches-lavables\/wp-json\/wp\/v2\/media\/1719663"}],"wp:attachment":[{"href":"https:\/\/bbies.fr\/couches-lavables\/wp-json\/wp\/v2\/media?parent=1706141"}],"wp:term":[{"taxonomy":"product_brand","embeddable":true,"href":"https:\/\/bbies.fr\/couches-lavables\/wp-json\/wp\/v2\/product_brand?post=1706141"},{"taxonomy":"product_cat","embeddable":true,"href":"https:\/\/bbies.fr\/couches-lavables\/wp-json\/wp\/v2\/product_cat?post=1706141"},{"taxonomy":"product_tag","embeddable":true,"href":"https:\/\/bbies.fr\/couches-lavables\/wp-json\/wp\/v2\/product_tag?post=1706141"}],"curies":[{"name":"wp","href":"https:\/\/api.w.org\/{rel}","templated":true}]}}