{"id":1706813,"date":"2020-02-17T16:37:08","date_gmt":"2020-02-17T15:37:08","guid":{"rendered":"https:\/\/bbies.fr\/couches-lavables\/?post_type=product&#038;p=1706813"},"modified":"2026-01-14T16:13:11","modified_gmt":"2026-01-14T15:13:11","slug":"pack-entretien-stockage-6-pieces-lingettes-lavables-ou-carres-demaquillants","status":"publish","type":"product","link":"https:\/\/bbies.fr\/couches-lavables\/boutique\/pack-entretien-stockage-6-pieces-lingettes-lavables-ou-carres-demaquillants\/","title":{"rendered":"Pack entretien, stockage &#8211; 6 pi\u00e8ces &#8211; Id\u00e9al pour lingettes lavables ou carr\u00e9s d\u00e9maquillants"},"content":{"rendered":"<p>[et_pb_section fb_built=\u00a0\u00bb1&Prime; _builder_version=\u00a0\u00bb4.25.2&Prime; _module_preset=\u00a0\u00bbdefault\u00a0\u00bb global_colors_info=\u00a0\u00bb{}\u00a0\u00bb][\/et_pb_section]<\/p>\n","protected":false},"excerpt":{"rendered":"<div>Bien entretenir ses\u00a0 lingettes lavables ou carr\u00e9s d\u00e9maquillants, c&rsquo;est une \u00e9tape essentielle car elle permet :<\/div>\n<div>\n<ul>\n<li>une utilisation saine pour l&rsquo;utilisation contre la peau de b\u00e9b\u00e9 ou la peau de votre visage<\/li>\n<li>am\u00e9liorer et conserver la douceur de vos lingettes<\/li>\n<li>conserver le confort des tissus<\/li>\n<li>prolonger la dur\u00e9e de vie des textiles<\/li>\n<li>b\u00e9n\u00e9ficier au maximum des \u00e9conomies que permettent nos lingettes lavables ou carr\u00e9s d\u00e9maquillants<\/li>\n<\/ul>\n<div>\n<div>Pour d\u00e9marrer simplement nous avons pr\u00e9par\u00e9s des packs entretien tout compris et \u00e0 un prix tout mini.<\/div>\n<\/div>\n<\/div>\n","protected":false},"featured_media":1706810,"comment_status":"closed","ping_status":"closed","template":"","meta":{"_acf_changed":false,"_et_pb_use_builder":"on","_et_pb_old_content":"<h2>Utilisation<\/h2>\r\n<strong>1 pochette double de stockage<\/strong>\r\n\r\nPochette en tissu herm\u00e9tique pour glisser ses lingettes utilis\u00e9es en attendant le prochain lavage.\r\n\r\n<strong>2 Filets de lavage<\/strong>\r\n\r\nPlacer les petites pi\u00e8ces dans le filet. Serrez le cordon et mettre dans la machine \u00e0 laver.\r\n\r\n<strong>2 Savons d\u00e9tachants fiel de b\u0153uf<\/strong>\r\n\r\nLe <strong>d\u00e9tachant<\/strong> au <strong>fiel de\u00a0<\/strong><b>b\u0153uf<\/b>\u00a0s\u2019applique\u00a0<strong>avant tout lavage<\/strong>\u00a0de votre <strong>linge<\/strong> en machine. Sous <strong>format solide<\/strong>, il suffit de l\u2019humidifier avant de venir le frotter sur la <strong>tache<\/strong>.\u00a0Il agit rapidement en <strong>10 \u00e0 15 minutes. <\/strong>Et mettre le linge \u00e0 laver en machine.\r\n\r\n<strong>Lessive en feuille FLOC - 40 lavages<\/strong>\r\n\r\nLe juste dosage. Efficace m\u00eame \u00e0 20\u00b0\r\n\r\n&nbsp;\r\n\r\n<hr \/>\r\n\r\n<h3><\/h3>\r\n<h3>Ingr\u00e9dients \/ composition<\/h3>\r\n<ul>\r\n \t<li>Lessive Floc voir <a href=\"https:\/\/bbies.fr\/couches-lavables\/boutique\/lessive-bio-en-feuilles-floc-40-lavages-2\/\">ici<\/a><\/li>\r\n \t<li>pochette : 100%\u00a0 PUL<\/li>\r\n \t<li>Savon Fiel de B\u0153uf : Savon \u00e0 base de graisse de palme et d'huile de coco, fiel de b\u0153uf et chlorophylle.<\/li>\r\n \t<li>Filet de lavage : 100% polyester<\/li>\r\n<\/ul>\r\n&nbsp;","_et_gb_content_width":""},"product_brand":[1253,1185],"product_cat":[120],"product_tag":[],"class_list":{"0":"post-1706813","1":"product","2":"type-product","3":"status-publish","4":"has-post-thumbnail","6":"product_brand-comme-avant","7":"product_brand-hutil","8":"product_cat-sans-categorie","9":"pa_produits-filet","10":"pa_produits-lessive","11":"pa_produits-savon","13":"first","14":"instock","15":"sale","16":"taxable","17":"shipping-taxable","18":"purchasable","19":"product-type-bundle"},"bundled_by":[],"bundle_stock_status":"instock","bundle_stock_quantity":4,"bundle_virtual":false,"bundle_layout":"default","bundle_add_to_cart_form_location":"default","bundle_editable_in_cart":false,"bundle_sold_individually_context":"product","bundle_item_grouping":"parent","bundle_min_size":"","bundle_max_size":"","bundle_price":{"price":{"min":{"incl_tax":"19.99","excl_tax":"16.66"},"max":{"incl_tax":"367.89","excl_tax":"306.58"}},"regular_price":{"min":{"incl_tax":"36.99","excl_tax":"30.83"},"max":{"incl_tax":"605.89","excl_tax":"504.92"}}},"bundled_items":[{"bundled_item_id":2091,"product_id":1705943,"menu_order":0,"quantity_min":1,"quantity_max":1,"quantity_default":1,"priced_individually":false,"shipped_individually":false,"override_title":true,"title":"Une pochette , deux espaces zipp\u00e9s !","override_description":true,"description":"","optional":false,"hide_thumbnail":false,"discount":"","override_variations":false,"allowed_variations":[],"override_default_variation_attributes":false,"default_variation_attributes":[],"single_product_visibility":"visible","cart_visibility":"visible","order_visibility":"visible","single_product_price_visibility":"visible","cart_price_visibility":"visible","order_price_visibility":"visible","stock_status":"in_stock"},{"bundled_item_id":2092,"product_id":702,"menu_order":1,"quantity_min":2,"quantity_max":2,"quantity_default":2,"priced_individually":false,"shipped_individually":false,"override_title":true,"title":"Ultra d\u00e9tachant, savon fiel de b\u0153uf","override_description":true,"description":"","optional":false,"hide_thumbnail":false,"discount":"","override_variations":false,"allowed_variations":[],"override_default_variation_attributes":false,"default_variation_attributes":[],"single_product_visibility":"visible","cart_visibility":"visible","order_visibility":"visible","single_product_price_visibility":"visible","cart_price_visibility":"visible","order_price_visibility":"visible","stock_status":"in_stock"},{"bundled_item_id":2093,"product_id":1689551,"menu_order":2,"quantity_min":2,"quantity_max":2,"quantity_default":2,"priced_individually":false,"shipped_individually":false,"override_title":true,"title":"Filets zipp\u00e9s pour \u00e9viter les m\u00e9langes dans le tambour des petites pi\u00e8ces ! tr\u00e8s pratique ^^","override_description":true,"description":"","optional":false,"hide_thumbnail":false,"discount":"","override_variations":false,"allowed_variations":[],"override_default_variation_attributes":false,"default_variation_attributes":[],"single_product_visibility":"visible","cart_visibility":"visible","order_visibility":"visible","single_product_price_visibility":"visible","cart_price_visibility":"visible","order_price_visibility":"visible","stock_status":"in_stock"},{"bundled_item_id":2094,"product_id":1703290,"menu_order":3,"quantity_min":1,"quantity_max":1,"quantity_default":1,"priced_individually":false,"shipped_individually":false,"override_title":true,"title":"Une lessive Bio et en feuilles. \u00c9vitez le gaspillage","override_description":true,"description":"","optional":false,"hide_thumbnail":false,"discount":"","override_variations":false,"allowed_variations":[],"override_default_variation_attributes":false,"default_variation_attributes":[],"single_product_visibility":"visible","cart_visibility":"visible","order_visibility":"visible","single_product_price_visibility":"visible","cart_price_visibility":"visible","order_price_visibility":"visible","stock_status":"in_stock"},{"bundled_item_id":2095,"product_id":1691059,"menu_order":4,"quantity_min":1,"quantity_max":10,"quantity_default":1,"priced_individually":true,"shipped_individually":false,"override_title":true,"title":"OPTION =>> Lessive en poudre au bicarbonate - 50 lavages Comme Avant","override_description":true,"description":"","optional":true,"hide_thumbnail":false,"discount":"","override_variations":false,"allowed_variations":[],"override_default_variation_attributes":false,"default_variation_attributes":[],"single_product_visibility":"visible","cart_visibility":"visible","order_visibility":"visible","single_product_price_visibility":"visible","cart_price_visibility":"visible","order_price_visibility":"visible","stock_status":"in_stock"},{"bundled_item_id":2096,"product_id":2061,"menu_order":5,"quantity_min":1,"quantity_max":10,"quantity_default":1,"priced_individually":true,"shipped_individually":false,"override_title":true,"title":"OPTION =>> Huile essentielle Tea Tree \u2013 100ml","override_description":true,"description":"D\u00e9sinfection des tissus. Recommand\u00e9 apr\u00e8s p\u00e9riode de maladie.","optional":true,"hide_thumbnail":false,"discount":"","override_variations":false,"allowed_variations":[],"override_default_variation_attributes":false,"default_variation_attributes":[],"single_product_visibility":"visible","cart_visibility":"visible","order_visibility":"visible","single_product_price_visibility":"visible","cart_price_visibility":"visible","order_price_visibility":"visible","stock_status":"in_stock"},{"bundled_item_id":2097,"product_id":1704575,"menu_order":6,"quantity_min":1,"quantity_max":10,"quantity_default":1,"priced_individually":true,"shipped_individually":false,"override_title":true,"title":"OPTION =>> Huile essentielle Lavande \u2013 30ml","override_description":true,"description":"D\u00e9sinfecte et parfume !","optional":true,"hide_thumbnail":false,"discount":"","override_variations":false,"allowed_variations":[],"override_default_variation_attributes":false,"default_variation_attributes":[],"single_product_visibility":"visible","cart_visibility":"visible","order_visibility":"visible","single_product_price_visibility":"visible","cart_price_visibility":"visible","order_price_visibility":"visible","stock_status":"out_of_stock"}],"bundle_sell_ids":[],"acf":[],"yoast_head":"<!-- This site is optimized with the Yoast SEO plugin v27.4 - https:\/\/yoast.com\/product\/yoast-seo-wordpress\/ -->\n<title>Pack entretien, stockage - 6 pi\u00e8ces - Id\u00e9al pour lingettes lavables ou carr\u00e9s d\u00e9maquillants | B&#039;bies<\/title>\n<meta name=\"robots\" content=\"index, follow, max-snippet:-1, max-image-preview:large, max-video-preview:-1\" \/>\n<link rel=\"canonical\" href=\"https:\/\/bbies.fr\/couches-lavables\/boutique\/pack-entretien-stockage-6-pieces-lingettes-lavables-ou-carres-demaquillants\/\" \/>\n<script type=\"application\/ld+json\" class=\"yoast-schema-graph\">{\"@context\":\"https:\\\/\\\/schema.org\",\"@graph\":[{\"@type\":\"WebPage\",\"@id\":\"https:\\\/\\\/bbies.fr\\\/couches-lavables\\\/boutique\\\/pack-entretien-stockage-6-pieces-lingettes-lavables-ou-carres-demaquillants\\\/\",\"url\":\"https:\\\/\\\/bbies.fr\\\/couches-lavables\\\/boutique\\\/pack-entretien-stockage-6-pieces-lingettes-lavables-ou-carres-demaquillants\\\/\",\"name\":\"Pack entretien, stockage - 6 pi\u00e8ces - Id\u00e9al pour lingettes lavables ou carr\u00e9s d\u00e9maquillants | B&#039;bies\",\"isPartOf\":{\"@id\":\"https:\\\/\\\/bbies.fr\\\/couches-lavables\\\/#website\"},\"primaryImageOfPage\":{\"@id\":\"https:\\\/\\\/bbies.fr\\\/couches-lavables\\\/boutique\\\/pack-entretien-stockage-6-pieces-lingettes-lavables-ou-carres-demaquillants\\\/#primaryimage\"},\"image\":{\"@id\":\"https:\\\/\\\/bbies.fr\\\/couches-lavables\\\/boutique\\\/pack-entretien-stockage-6-pieces-lingettes-lavables-ou-carres-demaquillants\\\/#primaryimage\"},\"thumbnailUrl\":\"https:\\\/\\\/bbies.fr\\\/couches-lavables\\\/wp-content\\\/uploads\\\/2024\\\/06\\\/MYP2850-5.jpg\",\"datePublished\":\"2020-02-17T15:37:08+00:00\",\"dateModified\":\"2026-01-14T15:13:11+00:00\",\"breadcrumb\":{\"@id\":\"https:\\\/\\\/bbies.fr\\\/couches-lavables\\\/boutique\\\/pack-entretien-stockage-6-pieces-lingettes-lavables-ou-carres-demaquillants\\\/#breadcrumb\"},\"inLanguage\":\"fr-FR\",\"potentialAction\":[{\"@type\":\"ReadAction\",\"target\":[\"https:\\\/\\\/bbies.fr\\\/couches-lavables\\\/boutique\\\/pack-entretien-stockage-6-pieces-lingettes-lavables-ou-carres-demaquillants\\\/\"]}]},{\"@type\":\"ImageObject\",\"inLanguage\":\"fr-FR\",\"@id\":\"https:\\\/\\\/bbies.fr\\\/couches-lavables\\\/boutique\\\/pack-entretien-stockage-6-pieces-lingettes-lavables-ou-carres-demaquillants\\\/#primaryimage\",\"url\":\"https:\\\/\\\/bbies.fr\\\/couches-lavables\\\/wp-content\\\/uploads\\\/2024\\\/06\\\/MYP2850-5.jpg\",\"contentUrl\":\"https:\\\/\\\/bbies.fr\\\/couches-lavables\\\/wp-content\\\/uploads\\\/2024\\\/06\\\/MYP2850-5.jpg\",\"width\":800,\"height\":800},{\"@type\":\"BreadcrumbList\",\"@id\":\"https:\\\/\\\/bbies.fr\\\/couches-lavables\\\/boutique\\\/pack-entretien-stockage-6-pieces-lingettes-lavables-ou-carres-demaquillants\\\/#breadcrumb\",\"itemListElement\":[{\"@type\":\"ListItem\",\"position\":1,\"name\":\"Accueil\",\"item\":\"https:\\\/\\\/bbies.fr\\\/couches-lavables\\\/\"},{\"@type\":\"ListItem\",\"position\":2,\"name\":\"Boutique Bbies\",\"item\":\"https:\\\/\\\/bbies.fr\\\/couches-lavables\\\/boutique-bbies\\\/\"},{\"@type\":\"ListItem\",\"position\":3,\"name\":\"Pack entretien, stockage &#8211; 6 pi\u00e8ces &#8211; Id\u00e9al pour lingettes lavables ou carr\u00e9s d\u00e9maquillants\"}]},{\"@type\":\"WebSite\",\"@id\":\"https:\\\/\\\/bbies.fr\\\/couches-lavables\\\/#website\",\"url\":\"https:\\\/\\\/bbies.fr\\\/couches-lavables\\\/\",\"name\":\"B'bies, couches lavables et r\u00e9utilisables\",\"description\":\"De la naissance \u00e0 la propret\u00e9\",\"publisher\":{\"@id\":\"https:\\\/\\\/bbies.fr\\\/couches-lavables\\\/#organization\"},\"alternateName\":\"BBIES\",\"potentialAction\":[{\"@type\":\"SearchAction\",\"target\":{\"@type\":\"EntryPoint\",\"urlTemplate\":\"https:\\\/\\\/bbies.fr\\\/couches-lavables\\\/?s={search_term_string}\"},\"query-input\":{\"@type\":\"PropertyValueSpecification\",\"valueRequired\":true,\"valueName\":\"search_term_string\"}}],\"inLanguage\":\"fr-FR\"},{\"@type\":\"Organization\",\"@id\":\"https:\\\/\\\/bbies.fr\\\/couches-lavables\\\/#organization\",\"name\":\"B'bies\",\"url\":\"https:\\\/\\\/bbies.fr\\\/couches-lavables\\\/\",\"logo\":{\"@type\":\"ImageObject\",\"inLanguage\":\"fr-FR\",\"@id\":\"https:\\\/\\\/bbies.fr\\\/couches-lavables\\\/#\\\/schema\\\/logo\\\/image\\\/\",\"url\":\"https:\\\/\\\/bbies.fr\\\/couches-lavables\\\/wp-content\\\/uploads\\\/2019\\\/12\\\/logo-web.jpg\",\"contentUrl\":\"https:\\\/\\\/bbies.fr\\\/couches-lavables\\\/wp-content\\\/uploads\\\/2019\\\/12\\\/logo-web.jpg\",\"width\":364,\"height\":151,\"caption\":\"B'bies\"},\"image\":{\"@id\":\"https:\\\/\\\/bbies.fr\\\/couches-lavables\\\/#\\\/schema\\\/logo\\\/image\\\/\"},\"sameAs\":[\"https:\\\/\\\/www.facebook.com\\\/bbies.fr\\\/\",\"https:\\\/\\\/www.instagram.com\\\/bbies.fr\"]}]}<\/script>\n<!-- \/ Yoast SEO plugin. -->","yoast_head_json":{"title":"Pack entretien, stockage - 6 pi\u00e8ces - Id\u00e9al pour lingettes lavables ou carr\u00e9s d\u00e9maquillants | B&#039;bies","robots":{"index":"index","follow":"follow","max-snippet":"max-snippet:-1","max-image-preview":"max-image-preview:large","max-video-preview":"max-video-preview:-1"},"canonical":"https:\/\/bbies.fr\/couches-lavables\/boutique\/pack-entretien-stockage-6-pieces-lingettes-lavables-ou-carres-demaquillants\/","schema":{"@context":"https:\/\/schema.org","@graph":[{"@type":"WebPage","@id":"https:\/\/bbies.fr\/couches-lavables\/boutique\/pack-entretien-stockage-6-pieces-lingettes-lavables-ou-carres-demaquillants\/","url":"https:\/\/bbies.fr\/couches-lavables\/boutique\/pack-entretien-stockage-6-pieces-lingettes-lavables-ou-carres-demaquillants\/","name":"Pack entretien, stockage - 6 pi\u00e8ces - Id\u00e9al pour lingettes lavables ou carr\u00e9s d\u00e9maquillants | B&#039;bies","isPartOf":{"@id":"https:\/\/bbies.fr\/couches-lavables\/#website"},"primaryImageOfPage":{"@id":"https:\/\/bbies.fr\/couches-lavables\/boutique\/pack-entretien-stockage-6-pieces-lingettes-lavables-ou-carres-demaquillants\/#primaryimage"},"image":{"@id":"https:\/\/bbies.fr\/couches-lavables\/boutique\/pack-entretien-stockage-6-pieces-lingettes-lavables-ou-carres-demaquillants\/#primaryimage"},"thumbnailUrl":"https:\/\/bbies.fr\/couches-lavables\/wp-content\/uploads\/2024\/06\/MYP2850-5.jpg","datePublished":"2020-02-17T15:37:08+00:00","dateModified":"2026-01-14T15:13:11+00:00","breadcrumb":{"@id":"https:\/\/bbies.fr\/couches-lavables\/boutique\/pack-entretien-stockage-6-pieces-lingettes-lavables-ou-carres-demaquillants\/#breadcrumb"},"inLanguage":"fr-FR","potentialAction":[{"@type":"ReadAction","target":["https:\/\/bbies.fr\/couches-lavables\/boutique\/pack-entretien-stockage-6-pieces-lingettes-lavables-ou-carres-demaquillants\/"]}]},{"@type":"ImageObject","inLanguage":"fr-FR","@id":"https:\/\/bbies.fr\/couches-lavables\/boutique\/pack-entretien-stockage-6-pieces-lingettes-lavables-ou-carres-demaquillants\/#primaryimage","url":"https:\/\/bbies.fr\/couches-lavables\/wp-content\/uploads\/2024\/06\/MYP2850-5.jpg","contentUrl":"https:\/\/bbies.fr\/couches-lavables\/wp-content\/uploads\/2024\/06\/MYP2850-5.jpg","width":800,"height":800},{"@type":"BreadcrumbList","@id":"https:\/\/bbies.fr\/couches-lavables\/boutique\/pack-entretien-stockage-6-pieces-lingettes-lavables-ou-carres-demaquillants\/#breadcrumb","itemListElement":[{"@type":"ListItem","position":1,"name":"Accueil","item":"https:\/\/bbies.fr\/couches-lavables\/"},{"@type":"ListItem","position":2,"name":"Boutique Bbies","item":"https:\/\/bbies.fr\/couches-lavables\/boutique-bbies\/"},{"@type":"ListItem","position":3,"name":"Pack entretien, stockage &#8211; 6 pi\u00e8ces &#8211; Id\u00e9al pour lingettes lavables ou carr\u00e9s d\u00e9maquillants"}]},{"@type":"WebSite","@id":"https:\/\/bbies.fr\/couches-lavables\/#website","url":"https:\/\/bbies.fr\/couches-lavables\/","name":"B'bies, couches lavables et r\u00e9utilisables","description":"De la naissance \u00e0 la propret\u00e9","publisher":{"@id":"https:\/\/bbies.fr\/couches-lavables\/#organization"},"alternateName":"BBIES","potentialAction":[{"@type":"SearchAction","target":{"@type":"EntryPoint","urlTemplate":"https:\/\/bbies.fr\/couches-lavables\/?s={search_term_string}"},"query-input":{"@type":"PropertyValueSpecification","valueRequired":true,"valueName":"search_term_string"}}],"inLanguage":"fr-FR"},{"@type":"Organization","@id":"https:\/\/bbies.fr\/couches-lavables\/#organization","name":"B'bies","url":"https:\/\/bbies.fr\/couches-lavables\/","logo":{"@type":"ImageObject","inLanguage":"fr-FR","@id":"https:\/\/bbies.fr\/couches-lavables\/#\/schema\/logo\/image\/","url":"https:\/\/bbies.fr\/couches-lavables\/wp-content\/uploads\/2019\/12\/logo-web.jpg","contentUrl":"https:\/\/bbies.fr\/couches-lavables\/wp-content\/uploads\/2019\/12\/logo-web.jpg","width":364,"height":151,"caption":"B'bies"},"image":{"@id":"https:\/\/bbies.fr\/couches-lavables\/#\/schema\/logo\/image\/"},"sameAs":["https:\/\/www.facebook.com\/bbies.fr\/","https:\/\/www.instagram.com\/bbies.fr"]}]}},"_links":{"self":[{"href":"https:\/\/bbies.fr\/couches-lavables\/wp-json\/wp\/v2\/product\/1706813","targetHints":{"allow":["GET"]}}],"collection":[{"href":"https:\/\/bbies.fr\/couches-lavables\/wp-json\/wp\/v2\/product"}],"about":[{"href":"https:\/\/bbies.fr\/couches-lavables\/wp-json\/wp\/v2\/types\/product"}],"replies":[{"embeddable":true,"href":"https:\/\/bbies.fr\/couches-lavables\/wp-json\/wp\/v2\/comments?post=1706813"}],"wp:featuredmedia":[{"embeddable":true,"href":"https:\/\/bbies.fr\/couches-lavables\/wp-json\/wp\/v2\/media\/1706810"}],"wp:attachment":[{"href":"https:\/\/bbies.fr\/couches-lavables\/wp-json\/wp\/v2\/media?parent=1706813"}],"wp:term":[{"taxonomy":"product_brand","embeddable":true,"href":"https:\/\/bbies.fr\/couches-lavables\/wp-json\/wp\/v2\/product_brand?post=1706813"},{"taxonomy":"product_cat","embeddable":true,"href":"https:\/\/bbies.fr\/couches-lavables\/wp-json\/wp\/v2\/product_cat?post=1706813"},{"taxonomy":"product_tag","embeddable":true,"href":"https:\/\/bbies.fr\/couches-lavables\/wp-json\/wp\/v2\/product_tag?post=1706813"}],"curies":[{"name":"wp","href":"https:\/\/api.w.org\/{rel}","templated":true}]}}