{"id":1710035,"date":"2024-01-13T15:06:52","date_gmt":"2024-01-13T14:06:52","guid":{"rendered":"https:\/\/bbies.fr\/couches-lavables\/?post_type=product&#038;p=1710035"},"modified":"2025-12-08T14:11:11","modified_gmt":"2025-12-08T13:11:11","slug":"coffret-cadeau-petite-fille-mes-premiers-pas-zero-dechet-lingettes-pochette-parfum-solide","status":"publish","type":"product","link":"https:\/\/bbies.fr\/couches-lavables\/boutique\/coffret-cadeau-petite-fille-mes-premiers-pas-zero-dechet-lingettes-pochette-parfum-solide\/","title":{"rendered":"Coffret cadeau Petite fille \u00ab\u00a0mes premiers pas Z\u00e9ro D\u00e9chet\u00a0\u00bb : lingettes, pochette, parfum solide&#8230;"},"content":{"rendered":"<p>[et_pb_section fb_built=\u00a0\u00bb1&Prime; _builder_version=\u00a0\u00bb4.17.4&Prime; _module_preset=\u00a0\u00bbdefault\u00a0\u00bb global_colors_info=\u00a0\u00bb{}\u00a0\u00bb][\/et_pb_section]<\/p>\n","protected":false},"excerpt":{"rendered":"<p>Ce kit z\u00e9ro d\u00e9chet salle de bain, permettra \u00e0 votre fille de faire ses premiers pas dans un monde plus naturel et plus respectueux de l&rsquo;environnement. Partagez un moment fun et convivial avec votre enfant avant d&rsquo;aller \u00e0 l&rsquo;\u00e9cole !<\/p>\n<p>Faites-lui plaisir en adoptant une d\u00e9marche \u00e9conomique et \u00e9cologique qui lui permettra de d\u00e9couvrir des produits test\u00e9s sous contr\u00f4le dermatologique et constitu\u00e9s de mati\u00e8res naturelles et douces pour la peau.<\/p>\n<p>Ce coffret comprend:<\/p>\n<ul>\n<li>10 lingettes lavables qui remplaceront vos cotons jetables<\/li>\n<li>une pani\u00e8re de rangement en double gaze de coton<\/li>\n<li>un parfum solide aux doux ar\u00f4mes de la c\u00e9l\u00e8bre marque Comme Avant<\/li>\n<li>une trousse de toilette originale aux multifonctions<\/li>\n<\/ul>\n","protected":false},"featured_media":1712286,"comment_status":"closed","ping_status":"closed","template":"","meta":{"_acf_changed":false,"_et_pb_use_builder":"on","_et_pb_old_content":"Ce kit \"Mes premiers pas\" Z\u00e9ro D\u00e9chet est l'id\u00e9e cadeau id\u00e9ale pour votre fille, ni\u00e8ce ou petite fille qui aime prendre soin d'elle.\r\n\r\nElle pourra emporter ses lingettes et son parfum solide dans une superbe trousse multifonctions au coloris qui lui correspondra au mieux. La pani\u00e8re en double gaze de coton est id\u00e9ale pour organiser vos tiroirs \u00e0 la maison et ranger vos cotons r\u00e9utilisables ! Votre fille pourra imiter les gestes de sa maman gr\u00e2ce aux 10 lingettes d\u00e9maquillantes et nettoyantes en bambou. Pas besoin d'utiliser de produit pour les utiliser, humidifiez-les simplement et nettoyez votre visage. Offrez ce kit \u00e0 votre fille et elle profitera d'un parfum Bio solide, naturel et sans alcool aux odeurs des plus r\u00e9confortantes.\r\n<h2><strong>Parfum solide Comme Avant<\/strong><\/h2>\r\nUn parfum <strong>durable<\/strong> que vous pourrez porter tout au long de la journ\u00e9e et qui vous offrent une excellente tenue sur la peau ! Son format en stick n'est pas plus gros qu'un rouge \u00e0 l\u00e8vre : transportable facilement et partout. Sa composition 100% bio et safe, vous permet m\u00eame d'en appliquer sur vos enfants, on adore !\r\n<ul>\r\n \t<li><strong>TEXTURE NON COLLANTE : <\/strong>Sa texture riche, fraiche et parfum\u00e9e aux notes ensoleill\u00e9es p\u00e9n\u00e8tre rapidement pour laisser un fini non collant. Bonne tenue\u00a0sur la peau <strong>d'environ 5h<\/strong><\/li>\r\n \t<li><strong>VISAGE ET CORPS :<\/strong> Doux et nourrissant pour la peau<\/li>\r\n \t<li><strong>TEST\u00c9 SOUS CONTR\u00d4LE DERMATOLOGIQUE : <\/strong>Bio COSMOS Organic. Sans colorant, sans conservateur. Cosm\u00e9tique Vegan<\/li>\r\n \t<li>Convient <strong>\u00e0 tous les types de peau<\/strong>, y compris les peaux sensibles. Convient aux enfants d\u00e8s 3 ans.<\/li>\r\n \t<li><strong>FABRICATION AVEC AMOUR EN FRANCE :<\/strong> Fabriqu\u00e9 \u00e0 la main pr\u00e8s de Marseille<\/li>\r\n \t<li>Id\u00e9al<strong> pour le voyage<\/strong> car autoris\u00e9 en bagage cabine<\/li>\r\n \t<li>Seulement <strong>4 ingr\u00e9dients<\/strong> : beurre de kokum, cire de tournesol, parfums d\u2019origine naturelle ou huile essentielle<\/li>\r\n \t<li>\u00c9conomique, environ 6 mois d\u2019utilisation pour 20g = flacon de 200 Ml<\/li>\r\n<\/ul>\r\n<h3><strong>Nos conseils d'utilisations<\/strong><\/h3>\r\nPour utiliser notre parfum solide, il faut pousser le stick par-dessous. Puis <strong>frotter le produit sur les zones de chaleur<\/strong> comme l\u2019int\u00e9rieur des poignets, derri\u00e8re les oreilles, le cou ou encore le d\u00e9collet\u00e9.\r\n\r\nNotre parfum offre <strong>une tenue d\u2019environ 5h <\/strong>mais n\u2019h\u00e9sitez pas \u00e0 en r\u00e9appliquer une petite touche au cours de la journ\u00e9e si n\u00e9cessaire.\r\n\r\nLe parfum convient pour un usage seul \u00e0 partir de 7 ans.\r\n\r\nNous d\u00e9conseillons l\u2019utilisation de nos parfums solides pendant la grossesse et l\u2019allaitement car nos parfums naturels sont fabriqu\u00e9s \u00e0 partir d\u2019huiles essentielles.\r\n<h3><strong>Ingr\u00e9dients<\/strong><\/h3>\r\nNos parfums ont une composition courte et saine :\r\n\r\n<strong>Beurre de kokum<\/strong>\u202f:\u202fil est fabriqu\u00e9 \u00e0 partir des graines des fruits du Kokum, un arbre pr\u00e9sent dans les for\u00eats tropicales de l\u2019Inde. Riche en om\u00e9ga 6 et 9, ce beurre est non com\u00e9dog\u00e8ne et ne laisse pas de film gras.\u202f<strong>Origine Inde, certifi\u00e9 Biologique et COSMOS.\u202f<\/strong>\r\n\r\n<strong>Cire de tournesol hydrolys\u00e9e<\/strong> :\u202fissue de la fleur de tournesol, cette cire donne \u00e0 notre parfum sa texture. Elle est produite par hydrolyse, un proc\u00e9d\u00e9 respectueux de l\u2019environnement.\u202f<strong>Origine Allemagne, certifi\u00e9e COSMOS<\/strong>\r\n\r\n<strong>Parfum d\u2019origine naturelle<\/strong> : une association de deux fragrances fabriqu\u00e9es en France qui offrent une composition olfactive douce et agr\u00e9able. Ces parfums contiennent naturellement des allerg\u00e8nes qui sont mentionn\u00e9s dans la liste INCI de chaque parfum. <strong>Certifi\u00e9 Cosmos, Origine France et Madagascar pour le Patchouli.<\/strong>\r\n<h3><strong>Grammage<\/strong><\/h3>\r\n20 grammes\r\n<h2><strong>Pochette Imperm\u00e9able<\/strong><\/h2>\r\n<ul>\r\n \t<li>Tissu ext\u00e9rieur \u00e9pais <strong>100 % PUL imperm\u00e9able<\/strong> et respirant.<\/li>\r\n \t<li><strong>R\u00e9sistant<\/strong> \u00e0 l\u2019eau, la nourriture est bien prot\u00e9g\u00e9e.<\/li>\r\n \t<li>Fermeture par <strong>fermeture \u00e9clair<\/strong><\/li>\r\n \t<li>Sans <strong>BPA<\/strong>, sans <strong>PVC<\/strong> et sans <strong>phtalates<\/strong>.<\/li>\r\n<\/ul>\r\nDimensions : 20 x 16 cm\r\n<h2><strong>Pani\u00e8re lingettes<\/strong><\/h2>\r\n<ul>\r\n \t<li>Fabriqu\u00e9 \u00e0 <strong>Rennes<\/strong> par les ateliers\u201d Les cotons de Romane\u201d<\/li>\r\n \t<li><strong>Double Gaze de coton<\/strong>, bonne tenue<\/li>\r\n \t<li><strong>Douces<\/strong> et <strong>respectueuses<\/strong> de la peau<\/li>\r\n<\/ul>\r\nDimensions : (L)10 x (l)14 x (h)10\r\n\r\nLavables en machine\r\n<h2><strong>Lingettes lavables<\/strong><\/h2>\r\nPour le d\u00e9maquillage et le nettoyage : <strong>pas besoin<\/strong> d\u2019appliquer un produit sur votre carr\u00e9. <strong>Humidifiez le<\/strong> avec de l\u2019eau et nettoyer vos <strong>yeux<\/strong> ou <strong>visage<\/strong>.\r\n<h3><strong>Composition<\/strong><\/h3>\r\n100% bambou viscose\r\n<h3><strong>Entretien<\/strong><\/h3>\r\nLavage en machine \u00e0 40\u00b0.\r\n\r\n<em><strong> Astuce<\/strong><\/em> : regrouper vos carr\u00e9s dans un<strong> filet de lavage<\/strong>.","_et_gb_content_width":""},"product_brand":[1230,1253],"product_cat":[1066,729,216,1422,67,66],"product_tag":[1378],"class_list":{"0":"post-1710035","1":"product","2":"type-product","3":"status-publish","4":"has-post-thumbnail","6":"product_brand-bbies","7":"product_brand-comme-avant","8":"product_cat-kit-salle-de-bain-zero-dechet","9":"product_cat-coffrets-cadeaux","10":"product_cat-carres-demaquillants-lavables","11":"product_cat-noel","12":"product_cat-salle-de-bain","13":"product_cat-zero-dechet","14":"product_tag-cosmetique-solide","15":"pa_produits-lingette","17":"first","18":"instock","19":"sale","20":"taxable","21":"shipping-taxable","22":"purchasable","23":"product-type-bundle"},"bundled_by":[],"bundle_stock_status":"instock","bundle_stock_quantity":22,"bundle_virtual":false,"bundle_layout":"default","bundle_add_to_cart_form_location":"default","bundle_editable_in_cart":false,"bundle_sold_individually_context":"product","bundle_item_grouping":"parent","bundle_min_size":"","bundle_max_size":"","bundle_price":{"price":{"min":{"incl_tax":"37.9","excl_tax":"31.583333"},"max":{"incl_tax":"37.9","excl_tax":"31.583333"}},"regular_price":{"min":{"incl_tax":"57.6","excl_tax":"48"},"max":{"incl_tax":"57.6","excl_tax":"48"}}},"bundled_items":[{"bundled_item_id":2213,"product_id":1700285,"menu_order":0,"quantity_min":1,"quantity_max":1,"quantity_default":1,"priced_individually":false,"shipped_individually":false,"override_title":true,"title":"10 lingettes en bambou Bio","override_description":true,"description":"","optional":false,"hide_thumbnail":false,"discount":"","override_variations":false,"allowed_variations":[],"override_default_variation_attributes":false,"default_variation_attributes":[],"single_product_visibility":"visible","cart_visibility":"visible","order_visibility":"visible","single_product_price_visibility":"visible","cart_price_visibility":"visible","order_price_visibility":"visible","stock_status":"in_stock"},{"bundled_item_id":2214,"product_id":1700272,"menu_order":1,"quantity_min":1,"quantity_max":1,"quantity_default":1,"priced_individually":false,"shipped_individually":false,"override_title":true,"title":"Parfum solide en stick Comme Avant","override_description":true,"description":"","optional":false,"hide_thumbnail":false,"discount":"","override_variations":false,"allowed_variations":[],"override_default_variation_attributes":false,"default_variation_attributes":[],"single_product_visibility":"visible","cart_visibility":"visible","order_visibility":"visible","single_product_price_visibility":"visible","cart_price_visibility":"visible","order_price_visibility":"visible","stock_status":"in_stock"},{"bundled_item_id":2215,"product_id":1707683,"menu_order":2,"quantity_min":1,"quantity_max":1,"quantity_default":1,"priced_individually":false,"shipped_individually":false,"override_title":true,"title":"1 pochette multifonction herm\u00e9tique et zip\u00e9e 20 x 16cm","override_description":true,"description":"","optional":false,"hide_thumbnail":false,"discount":"","override_variations":false,"allowed_variations":[],"override_default_variation_attributes":false,"default_variation_attributes":[],"single_product_visibility":"visible","cart_visibility":"visible","order_visibility":"visible","single_product_price_visibility":"visible","cart_price_visibility":"visible","order_price_visibility":"visible","stock_status":"in_stock"},{"bundled_item_id":2216,"product_id":1710026,"menu_order":3,"quantity_min":1,"quantity_max":1,"quantity_default":1,"priced_individually":false,"shipped_individually":false,"override_title":true,"title":"Pani\u00e8re lingettes taille S - Double gaze de coton. Les cotons de Romane.","override_description":true,"description":"","optional":false,"hide_thumbnail":false,"discount":"","override_variations":false,"allowed_variations":[],"override_default_variation_attributes":false,"default_variation_attributes":[],"single_product_visibility":"visible","cart_visibility":"visible","order_visibility":"visible","single_product_price_visibility":"visible","cart_price_visibility":"visible","order_price_visibility":"visible","stock_status":"in_stock"}],"bundle_sell_ids":[],"acf":[],"yoast_head":"<!-- This site is optimized with the Yoast SEO plugin v27.4 - https:\/\/yoast.com\/product\/yoast-seo-wordpress\/ -->\n<title>Coffret cadeau Petite fille &quot;mes premiers pas Z\u00e9ro D\u00e9chet&quot; : lingettes, pochette, parfum solide... | B&#039;bies<\/title>\n<meta name=\"description\" content=\"Ce kit z\u00e9ro d\u00e9chet salle de bain, permettra \u00e0 votre fille de faire ses premiers pas dans un monde plus naturel et plus respectueux de l&#039;environnement.\" \/>\n<meta name=\"robots\" content=\"index, follow, max-snippet:-1, max-image-preview:large, max-video-preview:-1\" \/>\n<link rel=\"canonical\" href=\"https:\/\/bbies.fr\/couches-lavables\/boutique\/coffret-cadeau-petite-fille-mes-premiers-pas-zero-dechet-lingettes-pochette-parfum-solide\/\" \/>\n<script type=\"application\/ld+json\" class=\"yoast-schema-graph\">{\"@context\":\"https:\\\/\\\/schema.org\",\"@graph\":[{\"@type\":\"WebPage\",\"@id\":\"https:\\\/\\\/bbies.fr\\\/couches-lavables\\\/boutique\\\/coffret-cadeau-petite-fille-mes-premiers-pas-zero-dechet-lingettes-pochette-parfum-solide\\\/\",\"url\":\"https:\\\/\\\/bbies.fr\\\/couches-lavables\\\/boutique\\\/coffret-cadeau-petite-fille-mes-premiers-pas-zero-dechet-lingettes-pochette-parfum-solide\\\/\",\"name\":\"Coffret cadeau Petite fille \\\"mes premiers pas Z\u00e9ro D\u00e9chet\\\" : lingettes, pochette, parfum solide... | B&#039;bies\",\"isPartOf\":{\"@id\":\"https:\\\/\\\/bbies.fr\\\/couches-lavables\\\/#website\"},\"primaryImageOfPage\":{\"@id\":\"https:\\\/\\\/bbies.fr\\\/couches-lavables\\\/boutique\\\/coffret-cadeau-petite-fille-mes-premiers-pas-zero-dechet-lingettes-pochette-parfum-solide\\\/#primaryimage\"},\"image\":{\"@id\":\"https:\\\/\\\/bbies.fr\\\/couches-lavables\\\/boutique\\\/coffret-cadeau-petite-fille-mes-premiers-pas-zero-dechet-lingettes-pochette-parfum-solide\\\/#primaryimage\"},\"thumbnailUrl\":\"https:\\\/\\\/bbies.fr\\\/couches-lavables\\\/wp-content\\\/uploads\\\/2020\\\/05\\\/BUN_KITSDB-08-Coffret-mes-premiers-pas-Salle-de-Bain-zero-Dechet-1.webp\",\"datePublished\":\"2024-01-13T14:06:52+00:00\",\"dateModified\":\"2025-12-08T13:11:11+00:00\",\"description\":\"Ce kit z\u00e9ro d\u00e9chet salle de bain, permettra \u00e0 votre fille de faire ses premiers pas dans un monde plus naturel et plus respectueux de l'environnement.\",\"breadcrumb\":{\"@id\":\"https:\\\/\\\/bbies.fr\\\/couches-lavables\\\/boutique\\\/coffret-cadeau-petite-fille-mes-premiers-pas-zero-dechet-lingettes-pochette-parfum-solide\\\/#breadcrumb\"},\"inLanguage\":\"fr-FR\",\"potentialAction\":[{\"@type\":\"ReadAction\",\"target\":[\"https:\\\/\\\/bbies.fr\\\/couches-lavables\\\/boutique\\\/coffret-cadeau-petite-fille-mes-premiers-pas-zero-dechet-lingettes-pochette-parfum-solide\\\/\"]}]},{\"@type\":\"ImageObject\",\"inLanguage\":\"fr-FR\",\"@id\":\"https:\\\/\\\/bbies.fr\\\/couches-lavables\\\/boutique\\\/coffret-cadeau-petite-fille-mes-premiers-pas-zero-dechet-lingettes-pochette-parfum-solide\\\/#primaryimage\",\"url\":\"https:\\\/\\\/bbies.fr\\\/couches-lavables\\\/wp-content\\\/uploads\\\/2020\\\/05\\\/BUN_KITSDB-08-Coffret-mes-premiers-pas-Salle-de-Bain-zero-Dechet-1.webp\",\"contentUrl\":\"https:\\\/\\\/bbies.fr\\\/couches-lavables\\\/wp-content\\\/uploads\\\/2020\\\/05\\\/BUN_KITSDB-08-Coffret-mes-premiers-pas-Salle-de-Bain-zero-Dechet-1.webp\",\"width\":800,\"height\":800},{\"@type\":\"BreadcrumbList\",\"@id\":\"https:\\\/\\\/bbies.fr\\\/couches-lavables\\\/boutique\\\/coffret-cadeau-petite-fille-mes-premiers-pas-zero-dechet-lingettes-pochette-parfum-solide\\\/#breadcrumb\",\"itemListElement\":[{\"@type\":\"ListItem\",\"position\":1,\"name\":\"Accueil\",\"item\":\"https:\\\/\\\/bbies.fr\\\/couches-lavables\\\/\"},{\"@type\":\"ListItem\",\"position\":2,\"name\":\"Boutique Bbies\",\"item\":\"https:\\\/\\\/bbies.fr\\\/couches-lavables\\\/boutique-bbies\\\/\"},{\"@type\":\"ListItem\",\"position\":3,\"name\":\"Coffret cadeau Petite fille &#8220;mes premiers pas Z\u00e9ro D\u00e9chet&#8221; : lingettes, pochette, parfum solide&#8230;\"}]},{\"@type\":\"WebSite\",\"@id\":\"https:\\\/\\\/bbies.fr\\\/couches-lavables\\\/#website\",\"url\":\"https:\\\/\\\/bbies.fr\\\/couches-lavables\\\/\",\"name\":\"B'bies, couches lavables et r\u00e9utilisables\",\"description\":\"De la naissance \u00e0 la propret\u00e9\",\"publisher\":{\"@id\":\"https:\\\/\\\/bbies.fr\\\/couches-lavables\\\/#organization\"},\"alternateName\":\"BBIES\",\"potentialAction\":[{\"@type\":\"SearchAction\",\"target\":{\"@type\":\"EntryPoint\",\"urlTemplate\":\"https:\\\/\\\/bbies.fr\\\/couches-lavables\\\/?s={search_term_string}\"},\"query-input\":{\"@type\":\"PropertyValueSpecification\",\"valueRequired\":true,\"valueName\":\"search_term_string\"}}],\"inLanguage\":\"fr-FR\"},{\"@type\":\"Organization\",\"@id\":\"https:\\\/\\\/bbies.fr\\\/couches-lavables\\\/#organization\",\"name\":\"B'bies\",\"url\":\"https:\\\/\\\/bbies.fr\\\/couches-lavables\\\/\",\"logo\":{\"@type\":\"ImageObject\",\"inLanguage\":\"fr-FR\",\"@id\":\"https:\\\/\\\/bbies.fr\\\/couches-lavables\\\/#\\\/schema\\\/logo\\\/image\\\/\",\"url\":\"https:\\\/\\\/bbies.fr\\\/couches-lavables\\\/wp-content\\\/uploads\\\/2019\\\/12\\\/logo-web.jpg\",\"contentUrl\":\"https:\\\/\\\/bbies.fr\\\/couches-lavables\\\/wp-content\\\/uploads\\\/2019\\\/12\\\/logo-web.jpg\",\"width\":364,\"height\":151,\"caption\":\"B'bies\"},\"image\":{\"@id\":\"https:\\\/\\\/bbies.fr\\\/couches-lavables\\\/#\\\/schema\\\/logo\\\/image\\\/\"},\"sameAs\":[\"https:\\\/\\\/www.facebook.com\\\/bbies.fr\\\/\",\"https:\\\/\\\/www.instagram.com\\\/bbies.fr\"]}]}<\/script>\n<!-- \/ Yoast SEO plugin. -->","yoast_head_json":{"title":"Coffret cadeau Petite fille \"mes premiers pas Z\u00e9ro D\u00e9chet\" : lingettes, pochette, parfum solide... | B&#039;bies","description":"Ce kit z\u00e9ro d\u00e9chet salle de bain, permettra \u00e0 votre fille de faire ses premiers pas dans un monde plus naturel et plus respectueux de l'environnement.","robots":{"index":"index","follow":"follow","max-snippet":"max-snippet:-1","max-image-preview":"max-image-preview:large","max-video-preview":"max-video-preview:-1"},"canonical":"https:\/\/bbies.fr\/couches-lavables\/boutique\/coffret-cadeau-petite-fille-mes-premiers-pas-zero-dechet-lingettes-pochette-parfum-solide\/","schema":{"@context":"https:\/\/schema.org","@graph":[{"@type":"WebPage","@id":"https:\/\/bbies.fr\/couches-lavables\/boutique\/coffret-cadeau-petite-fille-mes-premiers-pas-zero-dechet-lingettes-pochette-parfum-solide\/","url":"https:\/\/bbies.fr\/couches-lavables\/boutique\/coffret-cadeau-petite-fille-mes-premiers-pas-zero-dechet-lingettes-pochette-parfum-solide\/","name":"Coffret cadeau Petite fille \"mes premiers pas Z\u00e9ro D\u00e9chet\" : lingettes, pochette, parfum solide... | B&#039;bies","isPartOf":{"@id":"https:\/\/bbies.fr\/couches-lavables\/#website"},"primaryImageOfPage":{"@id":"https:\/\/bbies.fr\/couches-lavables\/boutique\/coffret-cadeau-petite-fille-mes-premiers-pas-zero-dechet-lingettes-pochette-parfum-solide\/#primaryimage"},"image":{"@id":"https:\/\/bbies.fr\/couches-lavables\/boutique\/coffret-cadeau-petite-fille-mes-premiers-pas-zero-dechet-lingettes-pochette-parfum-solide\/#primaryimage"},"thumbnailUrl":"https:\/\/bbies.fr\/couches-lavables\/wp-content\/uploads\/2020\/05\/BUN_KITSDB-08-Coffret-mes-premiers-pas-Salle-de-Bain-zero-Dechet-1.webp","datePublished":"2024-01-13T14:06:52+00:00","dateModified":"2025-12-08T13:11:11+00:00","description":"Ce kit z\u00e9ro d\u00e9chet salle de bain, permettra \u00e0 votre fille de faire ses premiers pas dans un monde plus naturel et plus respectueux de l'environnement.","breadcrumb":{"@id":"https:\/\/bbies.fr\/couches-lavables\/boutique\/coffret-cadeau-petite-fille-mes-premiers-pas-zero-dechet-lingettes-pochette-parfum-solide\/#breadcrumb"},"inLanguage":"fr-FR","potentialAction":[{"@type":"ReadAction","target":["https:\/\/bbies.fr\/couches-lavables\/boutique\/coffret-cadeau-petite-fille-mes-premiers-pas-zero-dechet-lingettes-pochette-parfum-solide\/"]}]},{"@type":"ImageObject","inLanguage":"fr-FR","@id":"https:\/\/bbies.fr\/couches-lavables\/boutique\/coffret-cadeau-petite-fille-mes-premiers-pas-zero-dechet-lingettes-pochette-parfum-solide\/#primaryimage","url":"https:\/\/bbies.fr\/couches-lavables\/wp-content\/uploads\/2020\/05\/BUN_KITSDB-08-Coffret-mes-premiers-pas-Salle-de-Bain-zero-Dechet-1.webp","contentUrl":"https:\/\/bbies.fr\/couches-lavables\/wp-content\/uploads\/2020\/05\/BUN_KITSDB-08-Coffret-mes-premiers-pas-Salle-de-Bain-zero-Dechet-1.webp","width":800,"height":800},{"@type":"BreadcrumbList","@id":"https:\/\/bbies.fr\/couches-lavables\/boutique\/coffret-cadeau-petite-fille-mes-premiers-pas-zero-dechet-lingettes-pochette-parfum-solide\/#breadcrumb","itemListElement":[{"@type":"ListItem","position":1,"name":"Accueil","item":"https:\/\/bbies.fr\/couches-lavables\/"},{"@type":"ListItem","position":2,"name":"Boutique Bbies","item":"https:\/\/bbies.fr\/couches-lavables\/boutique-bbies\/"},{"@type":"ListItem","position":3,"name":"Coffret cadeau Petite fille &#8220;mes premiers pas Z\u00e9ro D\u00e9chet&#8221; : lingettes, pochette, parfum solide&#8230;"}]},{"@type":"WebSite","@id":"https:\/\/bbies.fr\/couches-lavables\/#website","url":"https:\/\/bbies.fr\/couches-lavables\/","name":"B'bies, couches lavables et r\u00e9utilisables","description":"De la naissance \u00e0 la propret\u00e9","publisher":{"@id":"https:\/\/bbies.fr\/couches-lavables\/#organization"},"alternateName":"BBIES","potentialAction":[{"@type":"SearchAction","target":{"@type":"EntryPoint","urlTemplate":"https:\/\/bbies.fr\/couches-lavables\/?s={search_term_string}"},"query-input":{"@type":"PropertyValueSpecification","valueRequired":true,"valueName":"search_term_string"}}],"inLanguage":"fr-FR"},{"@type":"Organization","@id":"https:\/\/bbies.fr\/couches-lavables\/#organization","name":"B'bies","url":"https:\/\/bbies.fr\/couches-lavables\/","logo":{"@type":"ImageObject","inLanguage":"fr-FR","@id":"https:\/\/bbies.fr\/couches-lavables\/#\/schema\/logo\/image\/","url":"https:\/\/bbies.fr\/couches-lavables\/wp-content\/uploads\/2019\/12\/logo-web.jpg","contentUrl":"https:\/\/bbies.fr\/couches-lavables\/wp-content\/uploads\/2019\/12\/logo-web.jpg","width":364,"height":151,"caption":"B'bies"},"image":{"@id":"https:\/\/bbies.fr\/couches-lavables\/#\/schema\/logo\/image\/"},"sameAs":["https:\/\/www.facebook.com\/bbies.fr\/","https:\/\/www.instagram.com\/bbies.fr"]}]}},"_links":{"self":[{"href":"https:\/\/bbies.fr\/couches-lavables\/wp-json\/wp\/v2\/product\/1710035","targetHints":{"allow":["GET"]}}],"collection":[{"href":"https:\/\/bbies.fr\/couches-lavables\/wp-json\/wp\/v2\/product"}],"about":[{"href":"https:\/\/bbies.fr\/couches-lavables\/wp-json\/wp\/v2\/types\/product"}],"replies":[{"embeddable":true,"href":"https:\/\/bbies.fr\/couches-lavables\/wp-json\/wp\/v2\/comments?post=1710035"}],"wp:featuredmedia":[{"embeddable":true,"href":"https:\/\/bbies.fr\/couches-lavables\/wp-json\/wp\/v2\/media\/1712286"}],"wp:attachment":[{"href":"https:\/\/bbies.fr\/couches-lavables\/wp-json\/wp\/v2\/media?parent=1710035"}],"wp:term":[{"taxonomy":"product_brand","embeddable":true,"href":"https:\/\/bbies.fr\/couches-lavables\/wp-json\/wp\/v2\/product_brand?post=1710035"},{"taxonomy":"product_cat","embeddable":true,"href":"https:\/\/bbies.fr\/couches-lavables\/wp-json\/wp\/v2\/product_cat?post=1710035"},{"taxonomy":"product_tag","embeddable":true,"href":"https:\/\/bbies.fr\/couches-lavables\/wp-json\/wp\/v2\/product_tag?post=1710035"}],"curies":[{"name":"wp","href":"https:\/\/api.w.org\/{rel}","templated":true}]}}