{"id":1711938,"date":"2024-11-29T10:59:08","date_gmt":"2024-11-29T09:59:08","guid":{"rendered":"https:\/\/bbies.fr\/couches-lavables\/?post_type=product&#038;p=1711938"},"modified":"2026-03-16T17:05:05","modified_gmt":"2026-03-16T16:05:05","slug":"nid-dange-bio-0-6-mois-saphir-minky-tout-doux","status":"publish","type":"product","link":"https:\/\/bbies.fr\/couches-lavables\/boutique\/nid-dange-bio-0-6-mois-saphir-minky-tout-doux\/","title":{"rendered":"Nid d&rsquo;ange universel &#8211; 0-6 mois &#8211; Saphir minky (tout doux)"},"content":{"rendered":"<p>[et_pb_section fb_built=\u00a0\u00bb1&Prime; _builder_version=\u00a0\u00bb4.27.3&Prime; _module_preset=\u00a0\u00bbdefault\u00a0\u00bb global_colors_info=\u00a0\u00bb{}\u00a0\u00bb][\/et_pb_section]<\/p>\n","protected":false},"excerpt":{"rendered":"<p>Nid d&rsquo;ange imperm\u00e9able et chaud, universel : voiture, cosy, poussette, coloris Saphir bleu Minky.<\/p>\n<p>Le nid d&rsquo;ange B\u2019bies s&rsquo;adapte \u00e0 toutes marques de poussettes, cosys, nacelles, si\u00e8ges auto gr\u00e2ce aux 5 ouvertures <u>universelles<\/u> pour passer les bretelles et les ceintures.<\/p>\n<p>L&rsquo;ext\u00e9rieur est doubl\u00e9 imperm\u00e9able pour affronter les intemp\u00e9ries au sec.<\/p>\n<p>L&rsquo;int\u00e9rieur est doux, \u00e9pais et chaud.<\/p>\n<p>L&rsquo;article, de tr\u00e8s grande qualit\u00e9, ne laisse aucune chance au froid !<\/p>\n<ul>\n<li>Velcro pour fermer sur l&rsquo;avant.<\/li>\n<li>Pressions pour former la capuche et prot\u00e9ger la t\u00eate de b\u00e9b\u00e9.<\/li>\n<li>Poche int\u00e9rieure pour que b\u00e9b\u00e9 ne glisse pas et que ses pieds restent au chaud.<\/li>\n<\/ul>\n","protected":false},"featured_media":1724370,"comment_status":"closed","ping_status":"closed","template":"","meta":{"_acf_changed":false,"_et_pb_use_builder":"on","_et_pb_old_content":"[learn_more caption=\"Utilisation\" state=\"open\"]\r\n<h3>Nid d'ange imperm\u00e9able et chaud, universel : voiture, cosy, poussette<\/h3>\r\nLe nid d'ange B\u2019bies s'adapte \u00e0 toutes marques de poussettes, cosys, nacelles, si\u00e8ges auto gr\u00e2ce aux 5 ouvertures <u>universelles<\/u> pour passer les bretelles et les ceintures.\r\n\r\nL'ext\u00e9rieur est doubl\u00e9 imperm\u00e9able pour affronter les intemp\u00e9ries au sec.\r\n\r\nL'int\u00e9rieur est doux, \u00e9pais et chaud.\r\n\r\nL'article, de tr\u00e8s grande qualit\u00e9, ne laisse aucune chance au froid !\r\n<ul>\r\n \t<li>Velcro pour fermer sur l'avant.<\/li>\r\n \t<li>Pressions pour former la capuche et prot\u00e9ger la t\u00eate de b\u00e9b\u00e9.<\/li>\r\n \t<li>Poche int\u00e9rieure pour que b\u00e9b\u00e9 ne glisse pas et que ses pieds restent au chaud.<\/li>\r\n<\/ul>\r\n[\/learn_more]\r\n\r\n[learn_more caption=\"Composition\"]\r\n<ul>\r\n \t<li>int\u00e9rieur : 60% laine, 20% coton, 20% nylon<\/li>\r\n \t<li>ext\u00e9rieur : 100% PUL<\/li>\r\n<\/ul>\r\n[\/learn_more]\r\n\r\n[learn_more caption=\"Entretien\"]\r\nPassez en machine \u00e0 laver \u00e0 40 \u00b0 maximum. Ne pas passer au s\u00e8che-linge. [\/learn_more]","_et_gb_content_width":""},"product_brand":[1230],"product_cat":[237,963,232,515,1376,209,1405,722],"product_tag":[],"class_list":{"0":"post-1711938","1":"product","2":"type-product","3":"status-publish","4":"has-post-thumbnail","6":"product_brand-bbies","7":"product_cat-sorties","8":"product_cat-bon-plans","9":"product_cat-nid-dange","10":"product_cat-nouveautes-apprentissage","11":"product_cat-les-produits-du-moment","12":"product_cat-puericulture","13":"product_cat-top-soldes","14":"product_cat-vetements","15":"pa_produits-nid-dange","17":"first","18":"instock","19":"sale","20":"taxable","21":"shipping-taxable","22":"purchasable","23":"product-type-simple"},"bundled_by":["1712122"],"bundle_stock_status":"instock","bundle_stock_quantity":103,"bundle_virtual":false,"bundle_layout":"","bundle_add_to_cart_form_location":"","bundle_editable_in_cart":false,"bundle_sold_individually_context":"","bundle_item_grouping":"","bundle_min_size":"","bundle_max_size":"","bundle_price":[],"bundled_items":[],"bundle_sell_ids":[],"acf":[],"yoast_head":"<!-- This site is optimized with the Yoast SEO plugin v27.4 - https:\/\/yoast.com\/product\/yoast-seo-wordpress\/ -->\n<title>Nid d&#039;ange universel - 0-6 mois - Saphir minky (tout doux) | B&#039;bies<\/title>\n<meta name=\"robots\" content=\"index, follow, max-snippet:-1, max-image-preview:large, max-video-preview:-1\" \/>\n<link rel=\"canonical\" href=\"https:\/\/bbies.fr\/couches-lavables\/boutique\/nid-dange-bio-0-6-mois-saphir-minky-tout-doux\/\" \/>\n<script type=\"application\/ld+json\" class=\"yoast-schema-graph\">{\"@context\":\"https:\\\/\\\/schema.org\",\"@graph\":[{\"@type\":\"WebPage\",\"@id\":\"https:\\\/\\\/bbies.fr\\\/couches-lavables\\\/boutique\\\/nid-dange-bio-0-6-mois-saphir-minky-tout-doux\\\/\",\"url\":\"https:\\\/\\\/bbies.fr\\\/couches-lavables\\\/boutique\\\/nid-dange-bio-0-6-mois-saphir-minky-tout-doux\\\/\",\"name\":\"Nid d'ange universel - 0-6 mois - Saphir minky (tout doux) | B&#039;bies\",\"isPartOf\":{\"@id\":\"https:\\\/\\\/bbies.fr\\\/couches-lavables\\\/#website\"},\"primaryImageOfPage\":{\"@id\":\"https:\\\/\\\/bbies.fr\\\/couches-lavables\\\/boutique\\\/nid-dange-bio-0-6-mois-saphir-minky-tout-doux\\\/#primaryimage\"},\"image\":{\"@id\":\"https:\\\/\\\/bbies.fr\\\/couches-lavables\\\/boutique\\\/nid-dange-bio-0-6-mois-saphir-minky-tout-doux\\\/#primaryimage\"},\"thumbnailUrl\":\"https:\\\/\\\/bbies.fr\\\/couches-lavables\\\/wp-content\\\/uploads\\\/2024\\\/11\\\/NID1006-Nid-dange-Bleu-saphir-Minky-3.webp\",\"datePublished\":\"2024-11-29T09:59:08+00:00\",\"dateModified\":\"2026-03-16T16:05:05+00:00\",\"breadcrumb\":{\"@id\":\"https:\\\/\\\/bbies.fr\\\/couches-lavables\\\/boutique\\\/nid-dange-bio-0-6-mois-saphir-minky-tout-doux\\\/#breadcrumb\"},\"inLanguage\":\"fr-FR\",\"potentialAction\":[{\"@type\":\"ReadAction\",\"target\":[\"https:\\\/\\\/bbies.fr\\\/couches-lavables\\\/boutique\\\/nid-dange-bio-0-6-mois-saphir-minky-tout-doux\\\/\"]}]},{\"@type\":\"ImageObject\",\"inLanguage\":\"fr-FR\",\"@id\":\"https:\\\/\\\/bbies.fr\\\/couches-lavables\\\/boutique\\\/nid-dange-bio-0-6-mois-saphir-minky-tout-doux\\\/#primaryimage\",\"url\":\"https:\\\/\\\/bbies.fr\\\/couches-lavables\\\/wp-content\\\/uploads\\\/2024\\\/11\\\/NID1006-Nid-dange-Bleu-saphir-Minky-3.webp\",\"contentUrl\":\"https:\\\/\\\/bbies.fr\\\/couches-lavables\\\/wp-content\\\/uploads\\\/2024\\\/11\\\/NID1006-Nid-dange-Bleu-saphir-Minky-3.webp\",\"width\":1667,\"height\":1667},{\"@type\":\"BreadcrumbList\",\"@id\":\"https:\\\/\\\/bbies.fr\\\/couches-lavables\\\/boutique\\\/nid-dange-bio-0-6-mois-saphir-minky-tout-doux\\\/#breadcrumb\",\"itemListElement\":[{\"@type\":\"ListItem\",\"position\":1,\"name\":\"Accueil\",\"item\":\"https:\\\/\\\/bbies.fr\\\/couches-lavables\\\/\"},{\"@type\":\"ListItem\",\"position\":2,\"name\":\"Boutique Bbies\",\"item\":\"https:\\\/\\\/bbies.fr\\\/couches-lavables\\\/boutique-bbies\\\/\"},{\"@type\":\"ListItem\",\"position\":3,\"name\":\"Nid d&#8217;ange universel &#8211; 0-6 mois &#8211; Saphir minky (tout doux)\"}]},{\"@type\":\"WebSite\",\"@id\":\"https:\\\/\\\/bbies.fr\\\/couches-lavables\\\/#website\",\"url\":\"https:\\\/\\\/bbies.fr\\\/couches-lavables\\\/\",\"name\":\"B'bies, couches lavables et r\u00e9utilisables\",\"description\":\"De la naissance \u00e0 la propret\u00e9\",\"publisher\":{\"@id\":\"https:\\\/\\\/bbies.fr\\\/couches-lavables\\\/#organization\"},\"alternateName\":\"BBIES\",\"potentialAction\":[{\"@type\":\"SearchAction\",\"target\":{\"@type\":\"EntryPoint\",\"urlTemplate\":\"https:\\\/\\\/bbies.fr\\\/couches-lavables\\\/?s={search_term_string}\"},\"query-input\":{\"@type\":\"PropertyValueSpecification\",\"valueRequired\":true,\"valueName\":\"search_term_string\"}}],\"inLanguage\":\"fr-FR\"},{\"@type\":\"Organization\",\"@id\":\"https:\\\/\\\/bbies.fr\\\/couches-lavables\\\/#organization\",\"name\":\"B'bies\",\"url\":\"https:\\\/\\\/bbies.fr\\\/couches-lavables\\\/\",\"logo\":{\"@type\":\"ImageObject\",\"inLanguage\":\"fr-FR\",\"@id\":\"https:\\\/\\\/bbies.fr\\\/couches-lavables\\\/#\\\/schema\\\/logo\\\/image\\\/\",\"url\":\"https:\\\/\\\/bbies.fr\\\/couches-lavables\\\/wp-content\\\/uploads\\\/2019\\\/12\\\/logo-web.jpg\",\"contentUrl\":\"https:\\\/\\\/bbies.fr\\\/couches-lavables\\\/wp-content\\\/uploads\\\/2019\\\/12\\\/logo-web.jpg\",\"width\":364,\"height\":151,\"caption\":\"B'bies\"},\"image\":{\"@id\":\"https:\\\/\\\/bbies.fr\\\/couches-lavables\\\/#\\\/schema\\\/logo\\\/image\\\/\"},\"sameAs\":[\"https:\\\/\\\/www.facebook.com\\\/bbies.fr\\\/\",\"https:\\\/\\\/www.instagram.com\\\/bbies.fr\"]}]}<\/script>\n<!-- \/ Yoast SEO plugin. -->","yoast_head_json":{"title":"Nid d'ange universel - 0-6 mois - Saphir minky (tout doux) | B&#039;bies","robots":{"index":"index","follow":"follow","max-snippet":"max-snippet:-1","max-image-preview":"max-image-preview:large","max-video-preview":"max-video-preview:-1"},"canonical":"https:\/\/bbies.fr\/couches-lavables\/boutique\/nid-dange-bio-0-6-mois-saphir-minky-tout-doux\/","schema":{"@context":"https:\/\/schema.org","@graph":[{"@type":"WebPage","@id":"https:\/\/bbies.fr\/couches-lavables\/boutique\/nid-dange-bio-0-6-mois-saphir-minky-tout-doux\/","url":"https:\/\/bbies.fr\/couches-lavables\/boutique\/nid-dange-bio-0-6-mois-saphir-minky-tout-doux\/","name":"Nid d'ange universel - 0-6 mois - Saphir minky (tout doux) | B&#039;bies","isPartOf":{"@id":"https:\/\/bbies.fr\/couches-lavables\/#website"},"primaryImageOfPage":{"@id":"https:\/\/bbies.fr\/couches-lavables\/boutique\/nid-dange-bio-0-6-mois-saphir-minky-tout-doux\/#primaryimage"},"image":{"@id":"https:\/\/bbies.fr\/couches-lavables\/boutique\/nid-dange-bio-0-6-mois-saphir-minky-tout-doux\/#primaryimage"},"thumbnailUrl":"https:\/\/bbies.fr\/couches-lavables\/wp-content\/uploads\/2024\/11\/NID1006-Nid-dange-Bleu-saphir-Minky-3.webp","datePublished":"2024-11-29T09:59:08+00:00","dateModified":"2026-03-16T16:05:05+00:00","breadcrumb":{"@id":"https:\/\/bbies.fr\/couches-lavables\/boutique\/nid-dange-bio-0-6-mois-saphir-minky-tout-doux\/#breadcrumb"},"inLanguage":"fr-FR","potentialAction":[{"@type":"ReadAction","target":["https:\/\/bbies.fr\/couches-lavables\/boutique\/nid-dange-bio-0-6-mois-saphir-minky-tout-doux\/"]}]},{"@type":"ImageObject","inLanguage":"fr-FR","@id":"https:\/\/bbies.fr\/couches-lavables\/boutique\/nid-dange-bio-0-6-mois-saphir-minky-tout-doux\/#primaryimage","url":"https:\/\/bbies.fr\/couches-lavables\/wp-content\/uploads\/2024\/11\/NID1006-Nid-dange-Bleu-saphir-Minky-3.webp","contentUrl":"https:\/\/bbies.fr\/couches-lavables\/wp-content\/uploads\/2024\/11\/NID1006-Nid-dange-Bleu-saphir-Minky-3.webp","width":1667,"height":1667},{"@type":"BreadcrumbList","@id":"https:\/\/bbies.fr\/couches-lavables\/boutique\/nid-dange-bio-0-6-mois-saphir-minky-tout-doux\/#breadcrumb","itemListElement":[{"@type":"ListItem","position":1,"name":"Accueil","item":"https:\/\/bbies.fr\/couches-lavables\/"},{"@type":"ListItem","position":2,"name":"Boutique Bbies","item":"https:\/\/bbies.fr\/couches-lavables\/boutique-bbies\/"},{"@type":"ListItem","position":3,"name":"Nid d&#8217;ange universel &#8211; 0-6 mois &#8211; Saphir minky (tout doux)"}]},{"@type":"WebSite","@id":"https:\/\/bbies.fr\/couches-lavables\/#website","url":"https:\/\/bbies.fr\/couches-lavables\/","name":"B'bies, couches lavables et r\u00e9utilisables","description":"De la naissance \u00e0 la propret\u00e9","publisher":{"@id":"https:\/\/bbies.fr\/couches-lavables\/#organization"},"alternateName":"BBIES","potentialAction":[{"@type":"SearchAction","target":{"@type":"EntryPoint","urlTemplate":"https:\/\/bbies.fr\/couches-lavables\/?s={search_term_string}"},"query-input":{"@type":"PropertyValueSpecification","valueRequired":true,"valueName":"search_term_string"}}],"inLanguage":"fr-FR"},{"@type":"Organization","@id":"https:\/\/bbies.fr\/couches-lavables\/#organization","name":"B'bies","url":"https:\/\/bbies.fr\/couches-lavables\/","logo":{"@type":"ImageObject","inLanguage":"fr-FR","@id":"https:\/\/bbies.fr\/couches-lavables\/#\/schema\/logo\/image\/","url":"https:\/\/bbies.fr\/couches-lavables\/wp-content\/uploads\/2019\/12\/logo-web.jpg","contentUrl":"https:\/\/bbies.fr\/couches-lavables\/wp-content\/uploads\/2019\/12\/logo-web.jpg","width":364,"height":151,"caption":"B'bies"},"image":{"@id":"https:\/\/bbies.fr\/couches-lavables\/#\/schema\/logo\/image\/"},"sameAs":["https:\/\/www.facebook.com\/bbies.fr\/","https:\/\/www.instagram.com\/bbies.fr"]}]}},"_links":{"self":[{"href":"https:\/\/bbies.fr\/couches-lavables\/wp-json\/wp\/v2\/product\/1711938","targetHints":{"allow":["GET"]}}],"collection":[{"href":"https:\/\/bbies.fr\/couches-lavables\/wp-json\/wp\/v2\/product"}],"about":[{"href":"https:\/\/bbies.fr\/couches-lavables\/wp-json\/wp\/v2\/types\/product"}],"replies":[{"embeddable":true,"href":"https:\/\/bbies.fr\/couches-lavables\/wp-json\/wp\/v2\/comments?post=1711938"}],"wp:featuredmedia":[{"embeddable":true,"href":"https:\/\/bbies.fr\/couches-lavables\/wp-json\/wp\/v2\/media\/1724370"}],"wp:attachment":[{"href":"https:\/\/bbies.fr\/couches-lavables\/wp-json\/wp\/v2\/media?parent=1711938"}],"wp:term":[{"taxonomy":"product_brand","embeddable":true,"href":"https:\/\/bbies.fr\/couches-lavables\/wp-json\/wp\/v2\/product_brand?post=1711938"},{"taxonomy":"product_cat","embeddable":true,"href":"https:\/\/bbies.fr\/couches-lavables\/wp-json\/wp\/v2\/product_cat?post=1711938"},{"taxonomy":"product_tag","embeddable":true,"href":"https:\/\/bbies.fr\/couches-lavables\/wp-json\/wp\/v2\/product_tag?post=1711938"}],"curies":[{"name":"wp","href":"https:\/\/api.w.org\/{rel}","templated":true}]}}