{"id":1713542,"date":"2025-01-10T11:35:16","date_gmt":"2025-01-10T10:35:16","guid":{"rendered":"https:\/\/bbies.fr\/couches-lavables\/?post_type=product&#038;p=1713542"},"modified":"2026-04-25T14:11:29","modified_gmt":"2026-04-25T12:11:29","slug":"couche-lavable-te1-tout-en-un-grande-taille-xl-15-32kg-jungle-en-folie","status":"publish","type":"product","link":"https:\/\/bbies.fr\/couches-lavables\/boutique\/couche-lavable-te1-tout-en-un-grande-taille-xl-15-32kg-jungle-en-folie\/","title":{"rendered":"Couche lavable Te1 (Tout en Un) &#8211; Grande taille : XL 15-32kg &#8211; Jungle en folie"},"content":{"rendered":"","protected":false},"excerpt":{"rendered":"<div class=\"flex max-w-full flex-col flex-grow\">\n<div class=\"min-h-8 text-message flex w-full flex-col items-end gap-2 whitespace-normal break-words text-start [.text-message+&amp;]:mt-5\" dir=\"auto\" data-message-author-role=\"assistant\" data-message-id=\"b0180681-056d-48c6-b304-f6a7fadc0fc6\" data-message-model-slug=\"gpt-4o-mini\">\n<div class=\"flex w-full flex-col gap-1 empty:hidden first:pt-[3px]\">\n<div class=\"markdown prose w-full break-words dark:prose-invert light\">\n<p>La couche lavable Tout-en-Un XL BBIES est con\u00e7ue pour les grands b\u00e9b\u00e9s (15\u201332 kg) et les enfants en apprentissage de la propret\u00e9. Son insert bambou-coton \u00e0 6 couches offre une absorption renforc\u00e9e, y compris la nuit.<\/p>\n<ul>\n<li><strong>Taille XL :<\/strong> 15\u201332 kg, r\u00e9glable par boutons-pression<\/li>\n<li><strong>Absorption maximale :<\/strong> insert 5 couches bambou + 1 coton<\/li>\n<li><strong>\u00c9tanch\u00e9it\u00e9 assur\u00e9e :<\/strong> doubles goussets antifuite, culotte PUL respirante<\/li>\n<li><strong>Certifi\u00e9s<\/strong> Oeko-Tex Standard 100 &amp; GOTS<\/li>\n<li><strong>Pr\u00eat \u00e0 l\u2019emploi<\/strong> en un geste \u2014 aussi simple qu\u2019une couche jetable<\/li>\n<\/ul>\n<\/div>\n<\/div>\n<\/div>\n<\/div>\n","protected":false},"featured_media":1713548,"comment_status":"closed","ping_status":"closed","template":"","meta":{"_acf_changed":false,"_et_pb_use_builder":"off","_et_pb_old_content":"<div class=\"et_pb_text_inner\">\r\n<h2>Comment fonctionne une couche lavable Te1 (Tout en un) Microfibre<\/h2>\r\n<h3>La facilit\u00e9 d\u2019utilisation<\/h3>\r\nPour commencer la d\u00e9signation Te1 (Tout en un) signifie que la couche est en une pi\u00e8ce. Il faut donc changer la couche \u00e0 chaque fois. C\u2019est le syst\u00e8me qui s\u2019apparente le plus \u00e0 la couche jetable dans son utilisation. Les couches lavables Te1 sont donc tr\u00e8s faciles \u00e0 prendre en main.\r\n\r\n(Par opposition au syst\u00e8me Tout en deux (Te2) qui signifie que la couche est en deux parties : une partie \u00e0 changer \u00e0 chaque fois et une l\u2019autre partie que l\u2019on peut r\u00e9utiliser 3 \u00e0 4 fois.)\r\n<h3>Un achat unique : des couches qui grandissent avec b\u00e9b\u00e9<\/h3>\r\n<strong>La couche Te1 est de taille unique.<\/strong> Elle se r\u00e8gle \u00e0 la morphologie de votre enfant gr\u00e2ce \u00e0 un syst\u00e8me de bouton-pression ou de velcro. Ainsi, ces couches accompagneront votre enfant jusqu`\u00e0 sa propret\u00e9 car il n\u2019est pas n\u00e9cessaire de racheter des couches lorsque b\u00e9b\u00e9 grandit.\u00a0 Il suffit juste de r\u00e9ajuster le r\u00e9glage de la couche pour que b\u00e9b\u00e9 se sente plus \u00e0 l\u2019aise.\r\n<h3>Ses atouts : Absorption et s\u00e9chage rapide<\/h3>\r\nA l\u2019int\u00e9rieur de la couche Te1, on ajoute des parties absorbantes, appel\u00e9es Inserts. Les inserts fournis dans le pack Te1 Microfibre sont en microfibre. Mais tous les inserts propos\u00e9s sur notre site sont compatibles. Vous pouvez donc compl\u00e9ter ce pack avec des inserts en bambou.\r\n\r\nDans nos couches lavables Te1 microfibre, l\u2019insert se glisse \u00e0 l\u2019int\u00e9rieur de la couche. Le tissu microfibre pr\u00e9sente l\u2019avantage de s\u00e9cher tr\u00e8s rapidement.\r\n<h3>Des tissus : absorbants, respirants, sains et certifi\u00e9s !<\/h3>\r\nLa partie ext\u00e9rieure de la couche lavable TE1 est con\u00e7ue en PUL, un tissu respirant et imperm\u00e9able.\r\n\r\nLa partie int\u00e9rieure de la couche TE1 Microfibre est en su\u00e9dine.\r\n\r\nL\u2019insert fourni est en microfibre.\r\n\r\nTous nos tissus r\u00e9pondent aux normes impos\u00e9es et sont lab\u00e9lis\u00e9s OEKO TEX Standard 100 Classe I et GOTS . Ces labels sont les plus exigeants, il garantissent l\u2019innocuit\u00e9 des tissus sur la peau des b\u00e9b\u00e9s.\r\n<h3>Les coloris<\/h3>\r\nGar\u00e7ons, filles, mixtes, unis ou \u00e0 motifs, coloris estival, printanier, vif ou pastel, faites vous plaisir !\r\n\r\n[learn_more caption=\"Composition\"]\r\n\r\n<strong>Couche partie int\u00e9rieure<\/strong> : 100% su\u00e9dine\r\n\r\n<strong>Couche partie ext\u00e9rieure<\/strong> : 100% PUL ( tissu polyester lamin\u00e9 : imperm\u00e9able et respirant) certifi\u00e9 Oeko-Tex\u00ae\r\n\r\n<strong>Insert<\/strong> : 100% microfibre certifi\u00e9 Oeko-Tex\u00ae\r\n\r\n[\/learn_more]\r\n\r\n[learn_more caption=\"Entretien\"]\r\n\r\n<strong>Pour la culotte<\/strong> :\r\n<ul>\r\n \t<li>Lavage en machine \u00e0 40\u00b0 maximum.<\/li>\r\n \t<li>Ne pas passez au s\u00e8che-linge.<\/li>\r\n \t<li>Ne pas laisser les culottes et inserts dans leur seau de stockage plus de 2 jours.<\/li>\r\n<\/ul>\r\nPour les <strong>inserts<\/strong> :\r\n<ul>\r\n \t<li>Lavage en machine \u00e0 40\u00b0 maximum.<\/li>\r\n \t<li>Pr\u00e9f\u00e9rez un s\u00e9chage \u00e0 l\u2019air libre. Vous pouvez les passer au s\u00e8che-linge, mais \u00e9vitez le programme intensif.<\/li>\r\n \t<li>Ne pas laisser les culottes et inserts dans leur seau de stockage plus de 48 heures.<\/li>\r\n<\/ul>\r\n[\/learn_more]\r\n\r\n<\/div>\r\n[learn_more caption=\"Les options possibles suppl\u00e9mentaires\"]\r\n\r\n<a href=\"https:\/\/bbies.fr\/couches-lavables\/wp-content\/uploads\/2019\/12\/Lot-15-couches-TE1-bambou-800-x800-5.jpg\"><img class=\"wp-image-1683082 alignnone\" src=\"https:\/\/bbies.fr\/couches-lavables\/wp-content\/uploads\/2019\/12\/Lot-15-couches-TE1-bambou-800-x800-5.jpg\" alt=\"\" width=\"241\" height=\"241\" \/><\/a>\r\n\r\n<strong>Les nuits en toute tranquillit\u00e9 :<\/strong> augmenter l\u2019absorption en optant pour des inserts nuit en chanvre. Le chanvre est une mati\u00e8re ultra absorbante pour une tr\u00e8s forte absorption. L\u2019insert se fixe dans la couche et se plie en 2.\r\n\r\n<strong>Nettoyage facilit\u00e9<\/strong> : les voiles de protection capturent les selles de b\u00e9b\u00e9. Ainsi votre couche ne contient plus que les urines. Plus simple au lavage ! Lors du change vous jetez le voile dans les toilettes ou dans la poubelle. Par 100, 400 ou encore 1200 faites le plein de voiles de protection !\r\n\r\n[\/learn_more]","_et_gb_content_width":""},"product_brand":[1230],"product_cat":[1101,37,514,516],"product_tag":[],"class_list":{"0":"post-1713542","1":"product","2":"type-product","3":"status-publish","4":"has-post-thumbnail","6":"product_brand-bbies","7":"product_cat-couche-lavable-te1-xl","8":"product_cat-couches-lavables","9":"product_cat-nouveautes","10":"product_cat-nouveautes-couches-lavables","11":"pa_matiere-bambou","12":"pa_matiere-coton","13":"pa_produits-couche-te1","15":"first","16":"instock","17":"sale","18":"taxable","19":"shipping-taxable","20":"purchasable","21":"product-type-simple"},"bundled_by":["1713686","1713688","1713691","1720052"],"bundle_stock_status":"instock","bundle_stock_quantity":73,"bundle_virtual":false,"bundle_layout":"","bundle_add_to_cart_form_location":"","bundle_editable_in_cart":false,"bundle_sold_individually_context":"","bundle_item_grouping":"","bundle_min_size":"","bundle_max_size":"","bundle_price":[],"bundled_items":[],"bundle_sell_ids":[],"acf":[],"yoast_head":"<!-- This site is optimized with the Yoast SEO plugin v27.4 - https:\/\/yoast.com\/product\/yoast-seo-wordpress\/ -->\n<title>Couche lavable Te1 (Tout en Un) - Grande taille : XL 15-32kg - Jungle en folie | B&#039;bies<\/title>\n<meta name=\"robots\" content=\"index, follow, max-snippet:-1, max-image-preview:large, max-video-preview:-1\" \/>\n<link rel=\"canonical\" href=\"https:\/\/bbies.fr\/couches-lavables\/boutique\/couche-lavable-te1-tout-en-un-grande-taille-xl-15-32kg-jungle-en-folie\/\" \/>\n<script type=\"application\/ld+json\" class=\"yoast-schema-graph\">{\"@context\":\"https:\\\/\\\/schema.org\",\"@graph\":[{\"@type\":\"WebPage\",\"@id\":\"https:\\\/\\\/bbies.fr\\\/couches-lavables\\\/boutique\\\/couche-lavable-te1-tout-en-un-grande-taille-xl-15-32kg-jungle-en-folie\\\/\",\"url\":\"https:\\\/\\\/bbies.fr\\\/couches-lavables\\\/boutique\\\/couche-lavable-te1-tout-en-un-grande-taille-xl-15-32kg-jungle-en-folie\\\/\",\"name\":\"Couche lavable Te1 (Tout en Un) - Grande taille : XL 15-32kg - Jungle en folie | B&#039;bies\",\"isPartOf\":{\"@id\":\"https:\\\/\\\/bbies.fr\\\/couches-lavables\\\/#website\"},\"primaryImageOfPage\":{\"@id\":\"https:\\\/\\\/bbies.fr\\\/couches-lavables\\\/boutique\\\/couche-lavable-te1-tout-en-un-grande-taille-xl-15-32kg-jungle-en-folie\\\/#primaryimage\"},\"image\":{\"@id\":\"https:\\\/\\\/bbies.fr\\\/couches-lavables\\\/boutique\\\/couche-lavable-te1-tout-en-un-grande-taille-xl-15-32kg-jungle-en-folie\\\/#primaryimage\"},\"thumbnailUrl\":\"https:\\\/\\\/bbies.fr\\\/couches-lavables\\\/wp-content\\\/uploads\\\/2025\\\/01\\\/TE1M-6004-Couche-lavable-Tout-en-un-Microfibre-XL-BBIES-Jungle-en-folie.webp\",\"datePublished\":\"2025-01-10T10:35:16+00:00\",\"dateModified\":\"2026-04-25T12:11:29+00:00\",\"breadcrumb\":{\"@id\":\"https:\\\/\\\/bbies.fr\\\/couches-lavables\\\/boutique\\\/couche-lavable-te1-tout-en-un-grande-taille-xl-15-32kg-jungle-en-folie\\\/#breadcrumb\"},\"inLanguage\":\"fr-FR\",\"potentialAction\":[{\"@type\":\"ReadAction\",\"target\":[\"https:\\\/\\\/bbies.fr\\\/couches-lavables\\\/boutique\\\/couche-lavable-te1-tout-en-un-grande-taille-xl-15-32kg-jungle-en-folie\\\/\"]}]},{\"@type\":\"ImageObject\",\"inLanguage\":\"fr-FR\",\"@id\":\"https:\\\/\\\/bbies.fr\\\/couches-lavables\\\/boutique\\\/couche-lavable-te1-tout-en-un-grande-taille-xl-15-32kg-jungle-en-folie\\\/#primaryimage\",\"url\":\"https:\\\/\\\/bbies.fr\\\/couches-lavables\\\/wp-content\\\/uploads\\\/2025\\\/01\\\/TE1M-6004-Couche-lavable-Tout-en-un-Microfibre-XL-BBIES-Jungle-en-folie.webp\",\"contentUrl\":\"https:\\\/\\\/bbies.fr\\\/couches-lavables\\\/wp-content\\\/uploads\\\/2025\\\/01\\\/TE1M-6004-Couche-lavable-Tout-en-un-Microfibre-XL-BBIES-Jungle-en-folie.webp\",\"width\":800,\"height\":800},{\"@type\":\"BreadcrumbList\",\"@id\":\"https:\\\/\\\/bbies.fr\\\/couches-lavables\\\/boutique\\\/couche-lavable-te1-tout-en-un-grande-taille-xl-15-32kg-jungle-en-folie\\\/#breadcrumb\",\"itemListElement\":[{\"@type\":\"ListItem\",\"position\":1,\"name\":\"Accueil\",\"item\":\"https:\\\/\\\/bbies.fr\\\/couches-lavables\\\/\"},{\"@type\":\"ListItem\",\"position\":2,\"name\":\"Boutique Bbies\",\"item\":\"https:\\\/\\\/bbies.fr\\\/couches-lavables\\\/boutique-bbies\\\/\"},{\"@type\":\"ListItem\",\"position\":3,\"name\":\"Couche lavable Te1 (Tout en Un) &#8211; Grande taille : XL 15-32kg &#8211; Jungle en folie\"}]},{\"@type\":\"WebSite\",\"@id\":\"https:\\\/\\\/bbies.fr\\\/couches-lavables\\\/#website\",\"url\":\"https:\\\/\\\/bbies.fr\\\/couches-lavables\\\/\",\"name\":\"B'bies, couches lavables et r\u00e9utilisables\",\"description\":\"De la naissance \u00e0 la propret\u00e9\",\"publisher\":{\"@id\":\"https:\\\/\\\/bbies.fr\\\/couches-lavables\\\/#organization\"},\"alternateName\":\"BBIES\",\"potentialAction\":[{\"@type\":\"SearchAction\",\"target\":{\"@type\":\"EntryPoint\",\"urlTemplate\":\"https:\\\/\\\/bbies.fr\\\/couches-lavables\\\/?s={search_term_string}\"},\"query-input\":{\"@type\":\"PropertyValueSpecification\",\"valueRequired\":true,\"valueName\":\"search_term_string\"}}],\"inLanguage\":\"fr-FR\"},{\"@type\":\"Organization\",\"@id\":\"https:\\\/\\\/bbies.fr\\\/couches-lavables\\\/#organization\",\"name\":\"B'bies\",\"url\":\"https:\\\/\\\/bbies.fr\\\/couches-lavables\\\/\",\"logo\":{\"@type\":\"ImageObject\",\"inLanguage\":\"fr-FR\",\"@id\":\"https:\\\/\\\/bbies.fr\\\/couches-lavables\\\/#\\\/schema\\\/logo\\\/image\\\/\",\"url\":\"https:\\\/\\\/bbies.fr\\\/couches-lavables\\\/wp-content\\\/uploads\\\/2019\\\/12\\\/logo-web.jpg\",\"contentUrl\":\"https:\\\/\\\/bbies.fr\\\/couches-lavables\\\/wp-content\\\/uploads\\\/2019\\\/12\\\/logo-web.jpg\",\"width\":364,\"height\":151,\"caption\":\"B'bies\"},\"image\":{\"@id\":\"https:\\\/\\\/bbies.fr\\\/couches-lavables\\\/#\\\/schema\\\/logo\\\/image\\\/\"},\"sameAs\":[\"https:\\\/\\\/www.facebook.com\\\/bbies.fr\\\/\",\"https:\\\/\\\/www.instagram.com\\\/bbies.fr\"]}]}<\/script>\n<!-- \/ Yoast SEO plugin. -->","yoast_head_json":{"title":"Couche lavable Te1 (Tout en Un) - Grande taille : XL 15-32kg - Jungle en folie | B&#039;bies","robots":{"index":"index","follow":"follow","max-snippet":"max-snippet:-1","max-image-preview":"max-image-preview:large","max-video-preview":"max-video-preview:-1"},"canonical":"https:\/\/bbies.fr\/couches-lavables\/boutique\/couche-lavable-te1-tout-en-un-grande-taille-xl-15-32kg-jungle-en-folie\/","schema":{"@context":"https:\/\/schema.org","@graph":[{"@type":"WebPage","@id":"https:\/\/bbies.fr\/couches-lavables\/boutique\/couche-lavable-te1-tout-en-un-grande-taille-xl-15-32kg-jungle-en-folie\/","url":"https:\/\/bbies.fr\/couches-lavables\/boutique\/couche-lavable-te1-tout-en-un-grande-taille-xl-15-32kg-jungle-en-folie\/","name":"Couche lavable Te1 (Tout en Un) - Grande taille : XL 15-32kg - Jungle en folie | B&#039;bies","isPartOf":{"@id":"https:\/\/bbies.fr\/couches-lavables\/#website"},"primaryImageOfPage":{"@id":"https:\/\/bbies.fr\/couches-lavables\/boutique\/couche-lavable-te1-tout-en-un-grande-taille-xl-15-32kg-jungle-en-folie\/#primaryimage"},"image":{"@id":"https:\/\/bbies.fr\/couches-lavables\/boutique\/couche-lavable-te1-tout-en-un-grande-taille-xl-15-32kg-jungle-en-folie\/#primaryimage"},"thumbnailUrl":"https:\/\/bbies.fr\/couches-lavables\/wp-content\/uploads\/2025\/01\/TE1M-6004-Couche-lavable-Tout-en-un-Microfibre-XL-BBIES-Jungle-en-folie.webp","datePublished":"2025-01-10T10:35:16+00:00","dateModified":"2026-04-25T12:11:29+00:00","breadcrumb":{"@id":"https:\/\/bbies.fr\/couches-lavables\/boutique\/couche-lavable-te1-tout-en-un-grande-taille-xl-15-32kg-jungle-en-folie\/#breadcrumb"},"inLanguage":"fr-FR","potentialAction":[{"@type":"ReadAction","target":["https:\/\/bbies.fr\/couches-lavables\/boutique\/couche-lavable-te1-tout-en-un-grande-taille-xl-15-32kg-jungle-en-folie\/"]}]},{"@type":"ImageObject","inLanguage":"fr-FR","@id":"https:\/\/bbies.fr\/couches-lavables\/boutique\/couche-lavable-te1-tout-en-un-grande-taille-xl-15-32kg-jungle-en-folie\/#primaryimage","url":"https:\/\/bbies.fr\/couches-lavables\/wp-content\/uploads\/2025\/01\/TE1M-6004-Couche-lavable-Tout-en-un-Microfibre-XL-BBIES-Jungle-en-folie.webp","contentUrl":"https:\/\/bbies.fr\/couches-lavables\/wp-content\/uploads\/2025\/01\/TE1M-6004-Couche-lavable-Tout-en-un-Microfibre-XL-BBIES-Jungle-en-folie.webp","width":800,"height":800},{"@type":"BreadcrumbList","@id":"https:\/\/bbies.fr\/couches-lavables\/boutique\/couche-lavable-te1-tout-en-un-grande-taille-xl-15-32kg-jungle-en-folie\/#breadcrumb","itemListElement":[{"@type":"ListItem","position":1,"name":"Accueil","item":"https:\/\/bbies.fr\/couches-lavables\/"},{"@type":"ListItem","position":2,"name":"Boutique Bbies","item":"https:\/\/bbies.fr\/couches-lavables\/boutique-bbies\/"},{"@type":"ListItem","position":3,"name":"Couche lavable Te1 (Tout en Un) &#8211; Grande taille : XL 15-32kg &#8211; Jungle en folie"}]},{"@type":"WebSite","@id":"https:\/\/bbies.fr\/couches-lavables\/#website","url":"https:\/\/bbies.fr\/couches-lavables\/","name":"B'bies, couches lavables et r\u00e9utilisables","description":"De la naissance \u00e0 la propret\u00e9","publisher":{"@id":"https:\/\/bbies.fr\/couches-lavables\/#organization"},"alternateName":"BBIES","potentialAction":[{"@type":"SearchAction","target":{"@type":"EntryPoint","urlTemplate":"https:\/\/bbies.fr\/couches-lavables\/?s={search_term_string}"},"query-input":{"@type":"PropertyValueSpecification","valueRequired":true,"valueName":"search_term_string"}}],"inLanguage":"fr-FR"},{"@type":"Organization","@id":"https:\/\/bbies.fr\/couches-lavables\/#organization","name":"B'bies","url":"https:\/\/bbies.fr\/couches-lavables\/","logo":{"@type":"ImageObject","inLanguage":"fr-FR","@id":"https:\/\/bbies.fr\/couches-lavables\/#\/schema\/logo\/image\/","url":"https:\/\/bbies.fr\/couches-lavables\/wp-content\/uploads\/2019\/12\/logo-web.jpg","contentUrl":"https:\/\/bbies.fr\/couches-lavables\/wp-content\/uploads\/2019\/12\/logo-web.jpg","width":364,"height":151,"caption":"B'bies"},"image":{"@id":"https:\/\/bbies.fr\/couches-lavables\/#\/schema\/logo\/image\/"},"sameAs":["https:\/\/www.facebook.com\/bbies.fr\/","https:\/\/www.instagram.com\/bbies.fr"]}]}},"_links":{"self":[{"href":"https:\/\/bbies.fr\/couches-lavables\/wp-json\/wp\/v2\/product\/1713542","targetHints":{"allow":["GET"]}}],"collection":[{"href":"https:\/\/bbies.fr\/couches-lavables\/wp-json\/wp\/v2\/product"}],"about":[{"href":"https:\/\/bbies.fr\/couches-lavables\/wp-json\/wp\/v2\/types\/product"}],"replies":[{"embeddable":true,"href":"https:\/\/bbies.fr\/couches-lavables\/wp-json\/wp\/v2\/comments?post=1713542"}],"wp:featuredmedia":[{"embeddable":true,"href":"https:\/\/bbies.fr\/couches-lavables\/wp-json\/wp\/v2\/media\/1713548"}],"wp:attachment":[{"href":"https:\/\/bbies.fr\/couches-lavables\/wp-json\/wp\/v2\/media?parent=1713542"}],"wp:term":[{"taxonomy":"product_brand","embeddable":true,"href":"https:\/\/bbies.fr\/couches-lavables\/wp-json\/wp\/v2\/product_brand?post=1713542"},{"taxonomy":"product_cat","embeddable":true,"href":"https:\/\/bbies.fr\/couches-lavables\/wp-json\/wp\/v2\/product_cat?post=1713542"},{"taxonomy":"product_tag","embeddable":true,"href":"https:\/\/bbies.fr\/couches-lavables\/wp-json\/wp\/v2\/product_tag?post=1713542"}],"curies":[{"name":"wp","href":"https:\/\/api.w.org\/{rel}","templated":true}]}}