{"id":1713691,"date":"2025-01-17T11:58:31","date_gmt":"2025-01-17T10:58:31","guid":{"rendered":"https:\/\/bbies.fr\/couches-lavables\/?post_type=product&#038;p=1713691"},"modified":"2026-03-16T16:46:29","modified_gmt":"2026-03-16T15:46:29","slug":"15-couches-lavables-te1-tout-en-un-grande-taille-xl-15-32kg","status":"publish","type":"product","link":"https:\/\/bbies.fr\/couches-lavables\/boutique\/15-couches-lavables-te1-tout-en-un-grande-taille-xl-15-32kg\/","title":{"rendered":"15 Couches lavables Te1 (Tout en Un) &#8211; Grande taille : XL 15-32kg"},"content":{"rendered":"<div class=\"et_pb_text_inner\">\n<div class=\"et_pb_text_inner\">\n<h2 class=\"font-claude-response-body break-words whitespace-pre-wrap leading-[1.7]\">Lot de 15 couches lavables TE1 XL : pourquoi est-ce le bon choix ?<\/h2>\n<p class=\"font-claude-response-body break-words whitespace-pre-wrap leading-[1.7]\">Avec 15 couches, vous atteignez une autonomie de 4 \u00e0 5 jours et dites adieu aux lessives \u00e0 la cha\u00eene. C&rsquo;est le kit complet par excellence, parfait pour une utilisation quotidienne exclusive en couches lavables grande taille, avec les coloris de votre choix.<\/p>\n<ul class=\"[li_&amp;]:mb-0 [li_&amp;]:mt-1 [li_&amp;]:gap-1 [&amp;:not(:last-child)_ul]:pb-1 [&amp;:not(:last-child)_ol]:pb-1 list-disc flex flex-col gap-1 pl-8 mb-3\">\n<li class=\"whitespace-normal break-words pl-2\">15 couches = 4 \u00e0 5 jours d&rsquo;autonomie (rotations incluses)<\/li>\n<li class=\"whitespace-normal break-words pl-2\">\u00c9conomie de 53 % par rapport \u00e0 l&rsquo;achat \u00e0 l&rsquo;unit\u00e9 \u2014 soit 197,90 \u20ac au lieu de 420,00 \u20ac<\/li>\n<li class=\"whitespace-normal break-words pl-2\">Coloris panachables : choisissez librement parmi les mod\u00e8les disponibles<\/li>\n<li class=\"whitespace-normal break-words pl-2\">Option sacs de stockage disponible en compl\u00e9ment<\/li>\n<\/ul>\n<\/div>\n<\/div>\n","protected":false},"excerpt":{"rendered":"<div class=\"flex max-w-full flex-col flex-grow\">\n<div class=\"min-h-8 text-message flex w-full flex-col items-end gap-2 whitespace-normal break-words text-start [.text-message+&amp;]:mt-5\" dir=\"auto\" data-message-author-role=\"assistant\" data-message-id=\"b0180681-056d-48c6-b304-f6a7fadc0fc6\" data-message-model-slug=\"gpt-4o-mini\">\n<div class=\"flex w-full flex-col gap-1 empty:hidden first:pt-[3px]\">\n<div class=\"markdown prose w-full break-words dark:prose-invert light\">\n<p>Lot de 15 couches lavables Grande Taille<\/p>\n<p>Offrez \u00e0 votre grand b\u00e9b\u00e9 ou \u00e0 votre enfant en pleine phase d\u2019apprentissage de la propret\u00e9 une solution \u00e0 la fois confortable, absorbante et \u00e9cologique avec notre <strong>couche lavable Tout-en-Un XL<\/strong>. Con\u00e7ue sp\u00e9cialement pour les enfants plus grands ou ceux qui tardent \u00e0 \u00eatre propres, cette couche s\u2019adapte parfaitement aux besoins des petits \u00e0 fort d\u00e9bit urinaire, offrant une protection maximale contre les fuites, m\u00eame pendant les nuits.<\/p>\n<p>Compos\u00e9e de <strong>microfibre<\/strong> ultra-absorbante et d&rsquo;une conception pratique <strong>Tout-en-Un<\/strong>, elle combine la facilit\u00e9 d\u2019utilisation d\u2019une couche jetable avec les avantages d\u2019une couche lavable durable. En un seul geste, vous obtenez une couche enti\u00e8rement pr\u00eate \u00e0 l&#8217;emploi. Sa taille XL garantit un ajustement confortable et s\u00e9curis\u00e9, m\u00eame pour les enfants de plus grande taille, tout en offrant une grande libert\u00e9 de mouvement.<\/p>\n<p>La partie absorbante de cette couche est compos\u00e9e de <strong>5 couches de bambou<\/strong> et d&rsquo;<strong>1 couche de coton<\/strong>, assurant une absorption exceptionnelle, m\u00eame pour les <strong>gros pipis<\/strong> des enfants plus grands. La combinaison du bambou, naturellement ultra-absorbant, et du coton doux garantit une gestion optimale de l&rsquo;humidit\u00e9, tout en pr\u00e9servant la peau d\u00e9licate de votre enfant.<\/p>\n<p>\u00c9cologique, \u00e9conomique et douce pour la peau de votre enfant, cette couche lavable est le choix id\u00e9al pour ceux qui recherchent une alternative durable aux couches jetables, tout en assurant une hygi\u00e8ne et un confort de qualit\u00e9 sup\u00e9rieure. Red\u00e9couvrez le bien-\u00eatre de votre enfant tout en contribuant \u00e0 pr\u00e9server notre plan\u00e8te !<\/p>\n<\/div>\n<\/div>\n<\/div>\n<\/div>\n<div class=\"mb-2 flex gap-3 empty:hidden -ml-2\">\n<div class=\"items-center justify-start rounded-xl p-1 flex\">\n<div class=\"flex items-center\"><\/div>\n<\/div>\n<\/div>\n<ul>\n<li>Taille XL : 15-32 kg<\/li>\n<li>5 couches d&rsquo;absorption<\/li>\n<li>Labellis\u00e9 Oeko Tex et Gots<\/li>\n<li>R\u00e9glage facile gr\u00e2ce aux boutons pressions et grandit avec b\u00e9b\u00e9<\/li>\n<li>Doubles goussets antifuite<\/li>\n<li>Culotte imperm\u00e9able et respirante<\/li>\n<li>Simple et rapide d\u2019utilisation<\/li>\n<\/ul>\n<p>&nbsp;<\/p>\n<p><strong>Merci d&rsquo;indiquer les quantit\u00e9s en face chaque mod\u00e8le souhait\u00e9 (Max 15 couches lavables au total )<\/strong><\/p>\n<p>&nbsp;<\/p>\n","protected":false},"featured_media":1713689,"comment_status":"closed","ping_status":"closed","template":"","meta":{"_acf_changed":false,"_et_pb_use_builder":"off","_et_pb_old_content":"<div class=\"et_pb_text_inner\">\r\n<h2>Comment fonctionne une couche lavable Te1 (Tout en un) Microfibre<\/h2>\r\n<h3>La facilit\u00e9 d\u2019utilisation<\/h3>\r\nPour commencer la d\u00e9signation Te1 (Tout en un) signifie que la couche est en une pi\u00e8ce. Il faut donc changer la couche \u00e0 chaque fois. C\u2019est le syst\u00e8me qui s\u2019apparente le plus \u00e0 la couche jetable dans son utilisation. Les couches lavables Te1 sont donc tr\u00e8s faciles \u00e0 prendre en main.\r\n\r\n(Par opposition au syst\u00e8me Tout en deux (Te2) qui signifie que la couche est en deux parties : une partie \u00e0 changer \u00e0 chaque fois et une l\u2019autre partie que l\u2019on peut r\u00e9utiliser 3 \u00e0 4 fois.)\r\n<h3>Un achat unique : des couches qui grandissent avec b\u00e9b\u00e9<\/h3>\r\n<strong>La couche Te1 est de taille unique.<\/strong> Elle se r\u00e8gle \u00e0 la morphologie de votre enfant gr\u00e2ce \u00e0 un syst\u00e8me de bouton-pression ou de velcro. Ainsi, ces couches accompagneront votre enfant jusqu`\u00e0 sa propret\u00e9 car il n\u2019est pas n\u00e9cessaire de racheter des couches lorsque b\u00e9b\u00e9 grandit.\u00a0 Il suffit juste de r\u00e9ajuster le r\u00e9glage de la couche pour que b\u00e9b\u00e9 se sente plus \u00e0 l\u2019aise.\r\n<h3>Ses atouts : Absorption et s\u00e9chage rapide<\/h3>\r\nA l\u2019int\u00e9rieur de la couche Te1, on ajoute des parties absorbantes, appel\u00e9es Inserts. Les inserts fournis dans le pack Te1 Microfibre sont en microfibre. Mais tous les inserts propos\u00e9s sur notre site sont compatibles. Vous pouvez donc compl\u00e9ter ce pack avec des inserts en bambou.\r\n\r\nDans nos couches lavables Te1 microfibre, l\u2019insert se glisse \u00e0 l\u2019int\u00e9rieur de la couche. Le tissu microfibre pr\u00e9sente l\u2019avantage de s\u00e9cher tr\u00e8s rapidement.\r\n<h3>Des tissus : absorbants, respirants, sains et certifi\u00e9s !<\/h3>\r\nLa partie ext\u00e9rieure de la couche lavable TE1 est con\u00e7ue en PUL, un tissu respirant et imperm\u00e9able.\r\n\r\nLa partie int\u00e9rieure de la couche TE1 Microfibre est en su\u00e9dine.\r\n\r\nL\u2019insert fourni est en microfibre.\r\n\r\nTous nos tissus r\u00e9pondent aux normes impos\u00e9es et sont lab\u00e9lis\u00e9s OEKO TEX Standard 100 Classe I et GOTS . Ces labels sont les plus exigeants, il garantissent l\u2019innocuit\u00e9 des tissus sur la peau des b\u00e9b\u00e9s.\r\n<h3>Les coloris<\/h3>\r\nGar\u00e7ons, filles, mixtes, unis ou \u00e0 motifs, coloris estival, printanier, vif ou pastel, faites vous plaisir !\r\n\r\n[learn_more caption=\"Composition\"]\r\n\r\n<strong>Couche partie int\u00e9rieure<\/strong> : 100% su\u00e9dine\r\n\r\n<strong>Couche partie ext\u00e9rieure<\/strong> : 100% PUL ( tissu polyester lamin\u00e9 : imperm\u00e9able et respirant) certifi\u00e9 Oeko-Tex\u00ae\r\n\r\n<strong>Insert<\/strong> : 100% microfibre certifi\u00e9 Oeko-Tex\u00ae\r\n\r\n[\/learn_more]\r\n\r\n[learn_more caption=\"Entretien\"]\r\n\r\n<strong>Pour la culotte<\/strong> :\r\n<ul>\r\n \t<li>Lavage en machine \u00e0 40\u00b0 maximum.<\/li>\r\n \t<li>Ne pas passez au s\u00e8che-linge.<\/li>\r\n \t<li>Ne pas laisser les culottes et inserts dans leur seau de stockage plus de 2 jours.<\/li>\r\n<\/ul>\r\nPour les <strong>inserts<\/strong> :\r\n<ul>\r\n \t<li>Lavage en machine \u00e0 40\u00b0 maximum.<\/li>\r\n \t<li>Pr\u00e9f\u00e9rez un s\u00e9chage \u00e0 l\u2019air libre. Vous pouvez les passer au s\u00e8che-linge, mais \u00e9vitez le programme intensif.<\/li>\r\n \t<li>Ne pas laisser les culottes et inserts dans leur seau de stockage plus de 48 heures.<\/li>\r\n<\/ul>\r\n[\/learn_more]\r\n\r\n<\/div>\r\n[learn_more caption=\"Les options possibles suppl\u00e9mentaires\"]\r\n\r\n<a href=\"https:\/\/bbies.fr\/couches-lavables\/wp-content\/uploads\/2019\/12\/Lot-15-couches-TE1-bambou-800-x800-5.jpg\"><img class=\"wp-image-1683082 alignnone\" src=\"https:\/\/bbies.fr\/couches-lavables\/wp-content\/uploads\/2019\/12\/Lot-15-couches-TE1-bambou-800-x800-5.jpg\" alt=\"\" width=\"241\" height=\"241\" \/><\/a>\r\n\r\n<strong>Les nuits en toute tranquillit\u00e9 :<\/strong> augmenter l\u2019absorption en optant pour des inserts nuit en chanvre. Le chanvre est une mati\u00e8re ultra absorbante pour une tr\u00e8s forte absorption. L\u2019insert se fixe dans la couche et se plie en 2.\r\n\r\n<strong>Nettoyage facilit\u00e9<\/strong> : les voiles de protection capturent les selles de b\u00e9b\u00e9. Ainsi votre couche ne contient plus que les urines. Plus simple au lavage ! Lors du change vous jetez le voile dans les toilettes ou dans la poubelle. Par 100, 400 ou encore 1200 faites le plein de voiles de protection !\r\n\r\n[\/learn_more]","_et_gb_content_width":""},"product_brand":[1230],"product_cat":[1101,37,514,516],"product_tag":[],"class_list":{"0":"post-1713691","1":"product","2":"type-product","3":"status-publish","4":"has-post-thumbnail","6":"product_brand-bbies","7":"product_cat-couche-lavable-te1-xl","8":"product_cat-couches-lavables","9":"product_cat-nouveautes","10":"product_cat-nouveautes-couches-lavables","11":"pa_produits-couche-te1","13":"first","14":"instock","15":"sale","16":"taxable","17":"shipping-taxable","18":"purchasable","19":"product-type-bundle"},"bundled_by":[],"bundle_stock_status":"instock","bundle_stock_quantity":27,"bundle_virtual":false,"bundle_layout":"default","bundle_add_to_cart_form_location":"default","bundle_editable_in_cart":false,"bundle_sold_individually_context":"product","bundle_item_grouping":"parent","bundle_min_size":15,"bundle_max_size":"","bundle_price":{"price":{"min":{"incl_tax":"197.90","excl_tax":"164.92"},"max":{"incl_tax":"332","excl_tax":"276.67"}},"regular_price":{"min":{"incl_tax":"420.00","excl_tax":"350.00"},"max":{"incl_tax":"660","excl_tax":"550"}}},"bundled_items":[{"bundled_item_id":2522,"product_id":1713542,"menu_order":0,"quantity_min":0,"quantity_max":15,"quantity_default":0,"priced_individually":false,"shipped_individually":false,"override_title":true,"title":"Jungle en folie","override_description":true,"description":"","optional":false,"hide_thumbnail":false,"discount":"","override_variations":false,"allowed_variations":[],"override_default_variation_attributes":false,"default_variation_attributes":[],"single_product_visibility":"visible","cart_visibility":"visible","order_visibility":"visible","single_product_price_visibility":"visible","cart_price_visibility":"visible","order_price_visibility":"visible","stock_status":"in_stock"},{"bundled_item_id":3016,"product_id":1725172,"menu_order":1,"quantity_min":0,"quantity_max":15,"quantity_default":0,"priced_individually":false,"shipped_individually":false,"override_title":true,"title":"Saphir","override_description":true,"description":"","optional":false,"hide_thumbnail":false,"discount":"","override_variations":false,"allowed_variations":[],"override_default_variation_attributes":false,"default_variation_attributes":[],"single_product_visibility":"visible","cart_visibility":"visible","order_visibility":"visible","single_product_price_visibility":"visible","cart_price_visibility":"visible","order_price_visibility":"visible","stock_status":"in_stock"},{"bundled_item_id":3017,"product_id":1725173,"menu_order":2,"quantity_min":0,"quantity_max":15,"quantity_default":0,"priced_individually":false,"shipped_individually":false,"override_title":true,"title":"Glacier","override_description":true,"description":"","optional":false,"hide_thumbnail":false,"discount":"","override_variations":false,"allowed_variations":[],"override_default_variation_attributes":false,"default_variation_attributes":[],"single_product_visibility":"visible","cart_visibility":"visible","order_visibility":"visible","single_product_price_visibility":"visible","cart_price_visibility":"visible","order_price_visibility":"visible","stock_status":"in_stock"},{"bundled_item_id":3018,"product_id":1725174,"menu_order":3,"quantity_min":0,"quantity_max":15,"quantity_default":0,"priced_individually":false,"shipped_individually":false,"override_title":true,"title":"P\u00eache","override_description":true,"description":"","optional":false,"hide_thumbnail":false,"discount":"","override_variations":false,"allowed_variations":[],"override_default_variation_attributes":false,"default_variation_attributes":[],"single_product_visibility":"visible","cart_visibility":"visible","order_visibility":"visible","single_product_price_visibility":"visible","cart_price_visibility":"visible","order_price_visibility":"visible","stock_status":"in_stock"},{"bundled_item_id":2523,"product_id":1704755,"menu_order":4,"quantity_min":1,"quantity_max":10,"quantity_default":1,"priced_individually":true,"shipped_individually":false,"override_title":true,"title":"Option : 2 sacs de stockage ou transport","override_description":true,"description":"","optional":true,"hide_thumbnail":false,"discount":"10","override_variations":false,"allowed_variations":[],"override_default_variation_attributes":false,"default_variation_attributes":[],"single_product_visibility":"visible","cart_visibility":"visible","order_visibility":"visible","single_product_price_visibility":"visible","cart_price_visibility":"visible","order_price_visibility":"visible","stock_status":"in_stock"}],"bundle_sell_ids":[],"acf":[],"yoast_head":"<!-- This site is optimized with the Yoast SEO plugin v27.4 - https:\/\/yoast.com\/product\/yoast-seo-wordpress\/ -->\n<title>15 Couches lavables Te1 (Tout en Un) - Grande taille : XL 15-32kg | B&#039;bies<\/title>\n<meta name=\"robots\" content=\"index, follow, max-snippet:-1, max-image-preview:large, max-video-preview:-1\" \/>\n<link rel=\"canonical\" href=\"https:\/\/bbies.fr\/couches-lavables\/boutique\/15-couches-lavables-te1-tout-en-un-grande-taille-xl-15-32kg\/\" \/>\n<script type=\"application\/ld+json\" class=\"yoast-schema-graph\">{\"@context\":\"https:\\\/\\\/schema.org\",\"@graph\":[{\"@type\":\"WebPage\",\"@id\":\"https:\\\/\\\/bbies.fr\\\/couches-lavables\\\/boutique\\\/15-couches-lavables-te1-tout-en-un-grande-taille-xl-15-32kg\\\/\",\"url\":\"https:\\\/\\\/bbies.fr\\\/couches-lavables\\\/boutique\\\/15-couches-lavables-te1-tout-en-un-grande-taille-xl-15-32kg\\\/\",\"name\":\"15 Couches lavables Te1 (Tout en Un) - Grande taille : XL 15-32kg | B&#039;bies\",\"isPartOf\":{\"@id\":\"https:\\\/\\\/bbies.fr\\\/couches-lavables\\\/#website\"},\"primaryImageOfPage\":{\"@id\":\"https:\\\/\\\/bbies.fr\\\/couches-lavables\\\/boutique\\\/15-couches-lavables-te1-tout-en-un-grande-taille-xl-15-32kg\\\/#primaryimage\"},\"image\":{\"@id\":\"https:\\\/\\\/bbies.fr\\\/couches-lavables\\\/boutique\\\/15-couches-lavables-te1-tout-en-un-grande-taille-xl-15-32kg\\\/#primaryimage\"},\"thumbnailUrl\":\"https:\\\/\\\/bbies.fr\\\/couches-lavables\\\/wp-content\\\/uploads\\\/2025\\\/01\\\/BUN_TE1M-XLX10-10-Couches-lavables-Tout-en-un-Microfibre-XL-BBIES.webp\",\"datePublished\":\"2025-01-17T10:58:31+00:00\",\"dateModified\":\"2026-03-16T15:46:29+00:00\",\"breadcrumb\":{\"@id\":\"https:\\\/\\\/bbies.fr\\\/couches-lavables\\\/boutique\\\/15-couches-lavables-te1-tout-en-un-grande-taille-xl-15-32kg\\\/#breadcrumb\"},\"inLanguage\":\"fr-FR\",\"potentialAction\":[{\"@type\":\"ReadAction\",\"target\":[\"https:\\\/\\\/bbies.fr\\\/couches-lavables\\\/boutique\\\/15-couches-lavables-te1-tout-en-un-grande-taille-xl-15-32kg\\\/\"]}]},{\"@type\":\"ImageObject\",\"inLanguage\":\"fr-FR\",\"@id\":\"https:\\\/\\\/bbies.fr\\\/couches-lavables\\\/boutique\\\/15-couches-lavables-te1-tout-en-un-grande-taille-xl-15-32kg\\\/#primaryimage\",\"url\":\"https:\\\/\\\/bbies.fr\\\/couches-lavables\\\/wp-content\\\/uploads\\\/2025\\\/01\\\/BUN_TE1M-XLX10-10-Couches-lavables-Tout-en-un-Microfibre-XL-BBIES.webp\",\"contentUrl\":\"https:\\\/\\\/bbies.fr\\\/couches-lavables\\\/wp-content\\\/uploads\\\/2025\\\/01\\\/BUN_TE1M-XLX10-10-Couches-lavables-Tout-en-un-Microfibre-XL-BBIES.webp\",\"width\":800,\"height\":800},{\"@type\":\"BreadcrumbList\",\"@id\":\"https:\\\/\\\/bbies.fr\\\/couches-lavables\\\/boutique\\\/15-couches-lavables-te1-tout-en-un-grande-taille-xl-15-32kg\\\/#breadcrumb\",\"itemListElement\":[{\"@type\":\"ListItem\",\"position\":1,\"name\":\"Accueil\",\"item\":\"https:\\\/\\\/bbies.fr\\\/couches-lavables\\\/\"},{\"@type\":\"ListItem\",\"position\":2,\"name\":\"Boutique Bbies\",\"item\":\"https:\\\/\\\/bbies.fr\\\/couches-lavables\\\/boutique-bbies\\\/\"},{\"@type\":\"ListItem\",\"position\":3,\"name\":\"15 Couches lavables Te1 (Tout en Un) &#8211; Grande taille : XL 15-32kg\"}]},{\"@type\":\"WebSite\",\"@id\":\"https:\\\/\\\/bbies.fr\\\/couches-lavables\\\/#website\",\"url\":\"https:\\\/\\\/bbies.fr\\\/couches-lavables\\\/\",\"name\":\"B'bies, couches lavables et r\u00e9utilisables\",\"description\":\"De la naissance \u00e0 la propret\u00e9\",\"publisher\":{\"@id\":\"https:\\\/\\\/bbies.fr\\\/couches-lavables\\\/#organization\"},\"alternateName\":\"BBIES\",\"potentialAction\":[{\"@type\":\"SearchAction\",\"target\":{\"@type\":\"EntryPoint\",\"urlTemplate\":\"https:\\\/\\\/bbies.fr\\\/couches-lavables\\\/?s={search_term_string}\"},\"query-input\":{\"@type\":\"PropertyValueSpecification\",\"valueRequired\":true,\"valueName\":\"search_term_string\"}}],\"inLanguage\":\"fr-FR\"},{\"@type\":\"Organization\",\"@id\":\"https:\\\/\\\/bbies.fr\\\/couches-lavables\\\/#organization\",\"name\":\"B'bies\",\"url\":\"https:\\\/\\\/bbies.fr\\\/couches-lavables\\\/\",\"logo\":{\"@type\":\"ImageObject\",\"inLanguage\":\"fr-FR\",\"@id\":\"https:\\\/\\\/bbies.fr\\\/couches-lavables\\\/#\\\/schema\\\/logo\\\/image\\\/\",\"url\":\"https:\\\/\\\/bbies.fr\\\/couches-lavables\\\/wp-content\\\/uploads\\\/2019\\\/12\\\/logo-web.jpg\",\"contentUrl\":\"https:\\\/\\\/bbies.fr\\\/couches-lavables\\\/wp-content\\\/uploads\\\/2019\\\/12\\\/logo-web.jpg\",\"width\":364,\"height\":151,\"caption\":\"B'bies\"},\"image\":{\"@id\":\"https:\\\/\\\/bbies.fr\\\/couches-lavables\\\/#\\\/schema\\\/logo\\\/image\\\/\"},\"sameAs\":[\"https:\\\/\\\/www.facebook.com\\\/bbies.fr\\\/\",\"https:\\\/\\\/www.instagram.com\\\/bbies.fr\"]}]}<\/script>\n<!-- \/ Yoast SEO plugin. -->","yoast_head_json":{"title":"15 Couches lavables Te1 (Tout en Un) - Grande taille : XL 15-32kg | B&#039;bies","robots":{"index":"index","follow":"follow","max-snippet":"max-snippet:-1","max-image-preview":"max-image-preview:large","max-video-preview":"max-video-preview:-1"},"canonical":"https:\/\/bbies.fr\/couches-lavables\/boutique\/15-couches-lavables-te1-tout-en-un-grande-taille-xl-15-32kg\/","schema":{"@context":"https:\/\/schema.org","@graph":[{"@type":"WebPage","@id":"https:\/\/bbies.fr\/couches-lavables\/boutique\/15-couches-lavables-te1-tout-en-un-grande-taille-xl-15-32kg\/","url":"https:\/\/bbies.fr\/couches-lavables\/boutique\/15-couches-lavables-te1-tout-en-un-grande-taille-xl-15-32kg\/","name":"15 Couches lavables Te1 (Tout en Un) - Grande taille : XL 15-32kg | B&#039;bies","isPartOf":{"@id":"https:\/\/bbies.fr\/couches-lavables\/#website"},"primaryImageOfPage":{"@id":"https:\/\/bbies.fr\/couches-lavables\/boutique\/15-couches-lavables-te1-tout-en-un-grande-taille-xl-15-32kg\/#primaryimage"},"image":{"@id":"https:\/\/bbies.fr\/couches-lavables\/boutique\/15-couches-lavables-te1-tout-en-un-grande-taille-xl-15-32kg\/#primaryimage"},"thumbnailUrl":"https:\/\/bbies.fr\/couches-lavables\/wp-content\/uploads\/2025\/01\/BUN_TE1M-XLX10-10-Couches-lavables-Tout-en-un-Microfibre-XL-BBIES.webp","datePublished":"2025-01-17T10:58:31+00:00","dateModified":"2026-03-16T15:46:29+00:00","breadcrumb":{"@id":"https:\/\/bbies.fr\/couches-lavables\/boutique\/15-couches-lavables-te1-tout-en-un-grande-taille-xl-15-32kg\/#breadcrumb"},"inLanguage":"fr-FR","potentialAction":[{"@type":"ReadAction","target":["https:\/\/bbies.fr\/couches-lavables\/boutique\/15-couches-lavables-te1-tout-en-un-grande-taille-xl-15-32kg\/"]}]},{"@type":"ImageObject","inLanguage":"fr-FR","@id":"https:\/\/bbies.fr\/couches-lavables\/boutique\/15-couches-lavables-te1-tout-en-un-grande-taille-xl-15-32kg\/#primaryimage","url":"https:\/\/bbies.fr\/couches-lavables\/wp-content\/uploads\/2025\/01\/BUN_TE1M-XLX10-10-Couches-lavables-Tout-en-un-Microfibre-XL-BBIES.webp","contentUrl":"https:\/\/bbies.fr\/couches-lavables\/wp-content\/uploads\/2025\/01\/BUN_TE1M-XLX10-10-Couches-lavables-Tout-en-un-Microfibre-XL-BBIES.webp","width":800,"height":800},{"@type":"BreadcrumbList","@id":"https:\/\/bbies.fr\/couches-lavables\/boutique\/15-couches-lavables-te1-tout-en-un-grande-taille-xl-15-32kg\/#breadcrumb","itemListElement":[{"@type":"ListItem","position":1,"name":"Accueil","item":"https:\/\/bbies.fr\/couches-lavables\/"},{"@type":"ListItem","position":2,"name":"Boutique Bbies","item":"https:\/\/bbies.fr\/couches-lavables\/boutique-bbies\/"},{"@type":"ListItem","position":3,"name":"15 Couches lavables Te1 (Tout en Un) &#8211; Grande taille : XL 15-32kg"}]},{"@type":"WebSite","@id":"https:\/\/bbies.fr\/couches-lavables\/#website","url":"https:\/\/bbies.fr\/couches-lavables\/","name":"B'bies, couches lavables et r\u00e9utilisables","description":"De la naissance \u00e0 la propret\u00e9","publisher":{"@id":"https:\/\/bbies.fr\/couches-lavables\/#organization"},"alternateName":"BBIES","potentialAction":[{"@type":"SearchAction","target":{"@type":"EntryPoint","urlTemplate":"https:\/\/bbies.fr\/couches-lavables\/?s={search_term_string}"},"query-input":{"@type":"PropertyValueSpecification","valueRequired":true,"valueName":"search_term_string"}}],"inLanguage":"fr-FR"},{"@type":"Organization","@id":"https:\/\/bbies.fr\/couches-lavables\/#organization","name":"B'bies","url":"https:\/\/bbies.fr\/couches-lavables\/","logo":{"@type":"ImageObject","inLanguage":"fr-FR","@id":"https:\/\/bbies.fr\/couches-lavables\/#\/schema\/logo\/image\/","url":"https:\/\/bbies.fr\/couches-lavables\/wp-content\/uploads\/2019\/12\/logo-web.jpg","contentUrl":"https:\/\/bbies.fr\/couches-lavables\/wp-content\/uploads\/2019\/12\/logo-web.jpg","width":364,"height":151,"caption":"B'bies"},"image":{"@id":"https:\/\/bbies.fr\/couches-lavables\/#\/schema\/logo\/image\/"},"sameAs":["https:\/\/www.facebook.com\/bbies.fr\/","https:\/\/www.instagram.com\/bbies.fr"]}]}},"_links":{"self":[{"href":"https:\/\/bbies.fr\/couches-lavables\/wp-json\/wp\/v2\/product\/1713691","targetHints":{"allow":["GET"]}}],"collection":[{"href":"https:\/\/bbies.fr\/couches-lavables\/wp-json\/wp\/v2\/product"}],"about":[{"href":"https:\/\/bbies.fr\/couches-lavables\/wp-json\/wp\/v2\/types\/product"}],"replies":[{"embeddable":true,"href":"https:\/\/bbies.fr\/couches-lavables\/wp-json\/wp\/v2\/comments?post=1713691"}],"wp:featuredmedia":[{"embeddable":true,"href":"https:\/\/bbies.fr\/couches-lavables\/wp-json\/wp\/v2\/media\/1713689"}],"wp:attachment":[{"href":"https:\/\/bbies.fr\/couches-lavables\/wp-json\/wp\/v2\/media?parent=1713691"}],"wp:term":[{"taxonomy":"product_brand","embeddable":true,"href":"https:\/\/bbies.fr\/couches-lavables\/wp-json\/wp\/v2\/product_brand?post=1713691"},{"taxonomy":"product_cat","embeddable":true,"href":"https:\/\/bbies.fr\/couches-lavables\/wp-json\/wp\/v2\/product_cat?post=1713691"},{"taxonomy":"product_tag","embeddable":true,"href":"https:\/\/bbies.fr\/couches-lavables\/wp-json\/wp\/v2\/product_tag?post=1713691"}],"curies":[{"name":"wp","href":"https:\/\/api.w.org\/{rel}","templated":true}]}}