{"id":1714177,"date":"2024-03-11T12:00:43","date_gmt":"2024-03-11T11:00:43","guid":{"rendered":"https:\/\/bbies.fr\/couches-lavables\/?post_type=product&#038;p=1714177"},"modified":"2025-12-08T14:11:10","modified_gmt":"2025-12-08T13:11:10","slug":"2-sacs-poubelles-lavables-et-reutilisables-9-litres-salle-de-bain-bureau","status":"publish","type":"product","link":"https:\/\/bbies.fr\/couches-lavables\/boutique\/2-sacs-poubelles-lavables-et-reutilisables-9-litres-salle-de-bain-bureau\/","title":{"rendered":"2 Sacs poubelles lavables et r\u00e9utilisables 9 Litres &#8211; Salle de bain \/ Bureau"},"content":{"rendered":"<p>[et_pb_section fb_built=\u00a0\u00bb1&Prime; _builder_version=\u00a0\u00bb4.17.4&Prime; _module_preset=\u00a0\u00bbdefault\u00a0\u00bb global_colors_info=\u00a0\u00bb{}\u00a0\u00bb][\/et_pb_section]<\/p>\n","protected":false},"excerpt":{"rendered":"<p><strong>Adoptez une alternative durable avec nos sacs poubelles lavables de 9 litres !<\/strong><\/p>\n<p>Lot de 2 pi\u00e8ces alliant praticit\u00e9 et engagement \u00e9cologique, ces sacs r\u00e9utilisable s\u2019int\u00e8grent parfaitement aux poubelles standards de salle de bain et de bureau. Leur designs esth\u00e9tiques et fonctionnesl vous permettent de dire adieu aux sacs jetables !<\/p>\n<p>Gr\u00e2ce \u00e0 sa hanse, il peut \u00eatre suspendu facilement, et son cordon de serrage assure un maintien optimal, quelle que soit votre poubelle.<\/p>\n<p>\u2714 <strong>Capacit\u00e9<\/strong> : 9 litres, id\u00e9al pour une utilisation quotidienne.<br \/>\n\u2714 <strong>Mat\u00e9riau<\/strong> : Polyester \u00e9tanche et r\u00e9sistant, simple \u00e0 entretenir.<br \/>\n\u2714 <strong>Entretien<\/strong> : Un passage en machine suffit pour le nettoyer.<br \/>\n\u2714 <strong>Dimensions<\/strong> : Diam\u00e8tre 32 cm, hauteur 36 cm, adapt\u00e9 aux petites poubelles.<br \/>\n\u2714 <strong>\u00c9cologique<\/strong> : Diminue consid\u00e9rablement l\u2019utilisation de sacs plastiques. \ud83c\udf3f<\/p>\n<p>Faites un geste pour la plan\u00e8te tout en conservant confort et praticit\u00e9 au quotidien !<\/p>\n","protected":false},"featured_media":1714166,"comment_status":"closed","ping_status":"closed","template":"","meta":{"_acf_changed":false,"_et_pb_use_builder":"on","_et_pb_old_content":"[learn_more caption=\"Utilisation\" state=\"open\"]\r\n\r\n<strong>Mode d\u2019emploi<\/strong>\r\nD\u00e9posez le sac dans votre poubelle de salle de bain ou de bureau comme un sac traditionnel.\r\nSuspendez-le gr\u00e2ce \u00e0 sa hanse si besoin.\r\nSerrez le cordon pour un maintien optimal.\r\nUne fois rempli, videz son contenu dans le bac \u00e0 d\u00e9chets ou de recyclage.\r\nLavez-le si n\u00e9cessaire et r\u00e9utilisez-le encore et encore !\r\n\r\n<strong>Pourquoi Opter pour Notre Sac Poubelle Lavable ?<\/strong>\r\nChoisir ce sac, c\u2019est privil\u00e9gier une alternative \u00e9cologique tout en conservant praticit\u00e9 et confort. Sa conception robuste et raffin\u00e9e en fait un accessoire indispensable au quotidi\r\n<div><\/div>\r\n<div><\/div>\r\n<div><\/div>\r\n<div>\u00a0<a href=\"https:\/\/bbies.fr\/couches-lavables\/wp-content\/uploads\/2023\/04\/ECO-1050-Sac-poubelle-reutilisable-EcologiQ-8-1.jpg\">\u00a0 <\/a><\/div>\r\n[\/learn_more]\r\n\r\n[learn_more caption=\"composition\"]\r\n\r\n100% PUL : Tissu imperm\u00e9able certifi\u00e9 Oeko-Tex\u00ae [\/learn_more]\r\n\r\n[learn_more caption=\"Entretien\"]\r\n\r\nUne fois rempli, videz son contenu dans le bac \u00e0 d\u00e9chets ou de recyclage., laver en machine entre 40\u00b0 et 60\u00b0 S\u00e8che-linge interdit.\r\n\r\n[\/learn_more]\r\n\r\n&nbsp;","_et_gb_content_width":""},"product_brand":[1185],"product_cat":[440,462,514,519,67,491,66],"product_tag":[],"class_list":{"0":"post-1714177","1":"product","2":"type-product","3":"status-publish","4":"has-post-thumbnail","6":"product_brand-ecologiq","7":"product_cat-accessoires-de-salle-de-bain","8":"product_cat-entretien","9":"product_cat-nouveautes","10":"product_cat-nouveautes-zero-dechet","11":"product_cat-salle-de-bain","12":"product_cat-vaiselle","13":"product_cat-zero-dechet","14":"pa_produits-sac-poubelle","16":"first","17":"instock","18":"sale","19":"taxable","20":"shipping-taxable","21":"purchasable","22":"product-type-bundle"},"bundled_by":[],"bundle_stock_status":"instock","bundle_stock_quantity":"","bundle_virtual":false,"bundle_layout":"default","bundle_add_to_cart_form_location":"default","bundle_editable_in_cart":false,"bundle_sold_individually_context":"product","bundle_item_grouping":"parent","bundle_min_size":"","bundle_max_size":"","bundle_price":{"price":{"min":{"incl_tax":"23.90","excl_tax":"19.92"},"max":{"incl_tax":"159.82","excl_tax":"133.18"}},"regular_price":{"min":{"incl_tax":"26.00","excl_tax":"21.67"},"max":{"incl_tax":"225.9","excl_tax":"188.25"}}},"bundled_items":[{"bundled_item_id":2543,"product_id":1714163,"menu_order":0,"quantity_min":2,"quantity_max":2,"quantity_default":2,"priced_individually":false,"shipped_individually":false,"override_title":false,"title":"Sac poubelle lavable et r\u00e9utilisable 9 Litres - Salle de bain \/ Bureau","override_description":true,"description":"","optional":false,"hide_thumbnail":false,"discount":"","override_variations":false,"allowed_variations":[],"override_default_variation_attributes":false,"default_variation_attributes":[],"single_product_visibility":"visible","cart_visibility":"visible","order_visibility":"visible","single_product_price_visibility":"visible","cart_price_visibility":"visible","order_price_visibility":"visible","stock_status":"in_stock"},{"bundled_item_id":2544,"product_id":1694564,"menu_order":1,"quantity_min":1,"quantity_max":10,"quantity_default":1,"priced_individually":true,"shipped_individually":false,"override_title":true,"title":"OPTION : Sac poubelle lavable (100L) - Tri des d\u00e9chets","override_description":true,"description":"Et pour votre cuisine ? :-)","optional":true,"hide_thumbnail":false,"discount":"15","override_variations":false,"allowed_variations":[],"override_default_variation_attributes":false,"default_variation_attributes":[],"single_product_visibility":"visible","cart_visibility":"visible","order_visibility":"visible","single_product_price_visibility":"visible","cart_price_visibility":"visible","order_price_visibility":"visible","stock_status":"in_stock"}],"bundle_sell_ids":[],"acf":[],"yoast_head":"<!-- This site is optimized with the Yoast SEO plugin v27.4 - https:\/\/yoast.com\/product\/yoast-seo-wordpress\/ -->\n<title>2 Sacs poubelles lavables et r\u00e9utilisables 9 Litres - Salle de bain \/ Bureau | B&#039;bies<\/title>\n<meta name=\"description\" content=\"Adoptez une alternative durable avec nos sacs poubelles lavables de 9 litres !  Lot de 2 pi\u00e8ces alliant praticit\u00e9 et engagement \u00e9cologique, ces sacs r\u00e9utilisable s\u2019int\u00e8grent parfaitement aux poubelles standards de salle de bain et de bureau. Leur designs esth\u00e9tiques et fonctionnesl vous permettent de dire adieu aux sacs jetables !  Gr\u00e2ce \u00e0 sa hanse, il peut \u00eatre suspendu facilement, et son cordon de serrage assure un maintien optimal, quelle que soit votre poubelle.  \u2714 Capacit\u00e9 : 9 litres, id\u00e9al pour une utilisation quotidienne. \u2714 Mat\u00e9riau : Polyester \u00e9tanche et r\u00e9sistant, simple \u00e0 entretenir. \u2714 Entretien : Un passage en machine suffit pour le nettoyer. \u2714 Dimensions : Diam\u00e8tre 32 cm, hauteur 36 cm, adapt\u00e9 aux petites poubelles. \u2714 \u00c9cologique : Diminue consid\u00e9rablement l\u2019utilisation de sacs plastiques. \ud83c\udf3f  Faites un geste pour la plan\u00e8te tout en conservant confort et praticit\u00e9 au quotidien !\" \/>\n<meta name=\"robots\" content=\"index, follow, max-snippet:-1, max-image-preview:large, max-video-preview:-1\" \/>\n<link rel=\"canonical\" href=\"https:\/\/bbies.fr\/couches-lavables\/boutique\/2-sacs-poubelles-lavables-et-reutilisables-9-litres-salle-de-bain-bureau\/\" \/>\n<script type=\"application\/ld+json\" class=\"yoast-schema-graph\">{\"@context\":\"https:\\\/\\\/schema.org\",\"@graph\":[{\"@type\":\"WebPage\",\"@id\":\"https:\\\/\\\/bbies.fr\\\/couches-lavables\\\/boutique\\\/2-sacs-poubelles-lavables-et-reutilisables-9-litres-salle-de-bain-bureau\\\/\",\"url\":\"https:\\\/\\\/bbies.fr\\\/couches-lavables\\\/boutique\\\/2-sacs-poubelles-lavables-et-reutilisables-9-litres-salle-de-bain-bureau\\\/\",\"name\":\"2 Sacs poubelles lavables et r\u00e9utilisables 9 Litres - Salle de bain \\\/ Bureau | B&#039;bies\",\"isPartOf\":{\"@id\":\"https:\\\/\\\/bbies.fr\\\/couches-lavables\\\/#website\"},\"primaryImageOfPage\":{\"@id\":\"https:\\\/\\\/bbies.fr\\\/couches-lavables\\\/boutique\\\/2-sacs-poubelles-lavables-et-reutilisables-9-litres-salle-de-bain-bureau\\\/#primaryimage\"},\"image\":{\"@id\":\"https:\\\/\\\/bbies.fr\\\/couches-lavables\\\/boutique\\\/2-sacs-poubelles-lavables-et-reutilisables-9-litres-salle-de-bain-bureau\\\/#primaryimage\"},\"thumbnailUrl\":\"https:\\\/\\\/bbies.fr\\\/couches-lavables\\\/wp-content\\\/uploads\\\/2025\\\/01\\\/ECO1051-4.jpg\",\"datePublished\":\"2024-03-11T11:00:43+00:00\",\"dateModified\":\"2025-12-08T13:11:10+00:00\",\"description\":\"Adoptez une alternative durable avec nos sacs poubelles lavables de 9 litres ! Lot de 2 pi\u00e8ces alliant praticit\u00e9 et engagement \u00e9cologique, ces sacs r\u00e9utilisable s\u2019int\u00e8grent parfaitement aux poubelles standards de salle de bain et de bureau. Leur designs esth\u00e9tiques et fonctionnesl vous permettent de dire adieu aux sacs jetables ! Gr\u00e2ce \u00e0 sa hanse, il peut \u00eatre suspendu facilement, et son cordon de serrage assure un maintien optimal, quelle que soit votre poubelle. \u2714 Capacit\u00e9 : 9 litres, id\u00e9al pour une utilisation quotidienne. \u2714 Mat\u00e9riau : Polyester \u00e9tanche et r\u00e9sistant, simple \u00e0 entretenir. \u2714 Entretien : Un passage en machine suffit pour le nettoyer. \u2714 Dimensions : Diam\u00e8tre 32 cm, hauteur 36 cm, adapt\u00e9 aux petites poubelles. \u2714 \u00c9cologique : Diminue consid\u00e9rablement l\u2019utilisation de sacs plastiques. \ud83c\udf3f Faites un geste pour la plan\u00e8te tout en conservant confort et praticit\u00e9 au quotidien !\",\"breadcrumb\":{\"@id\":\"https:\\\/\\\/bbies.fr\\\/couches-lavables\\\/boutique\\\/2-sacs-poubelles-lavables-et-reutilisables-9-litres-salle-de-bain-bureau\\\/#breadcrumb\"},\"inLanguage\":\"fr-FR\",\"potentialAction\":[{\"@type\":\"ReadAction\",\"target\":[\"https:\\\/\\\/bbies.fr\\\/couches-lavables\\\/boutique\\\/2-sacs-poubelles-lavables-et-reutilisables-9-litres-salle-de-bain-bureau\\\/\"]}]},{\"@type\":\"ImageObject\",\"inLanguage\":\"fr-FR\",\"@id\":\"https:\\\/\\\/bbies.fr\\\/couches-lavables\\\/boutique\\\/2-sacs-poubelles-lavables-et-reutilisables-9-litres-salle-de-bain-bureau\\\/#primaryimage\",\"url\":\"https:\\\/\\\/bbies.fr\\\/couches-lavables\\\/wp-content\\\/uploads\\\/2025\\\/01\\\/ECO1051-4.jpg\",\"contentUrl\":\"https:\\\/\\\/bbies.fr\\\/couches-lavables\\\/wp-content\\\/uploads\\\/2025\\\/01\\\/ECO1051-4.jpg\",\"width\":800,\"height\":800},{\"@type\":\"BreadcrumbList\",\"@id\":\"https:\\\/\\\/bbies.fr\\\/couches-lavables\\\/boutique\\\/2-sacs-poubelles-lavables-et-reutilisables-9-litres-salle-de-bain-bureau\\\/#breadcrumb\",\"itemListElement\":[{\"@type\":\"ListItem\",\"position\":1,\"name\":\"Accueil\",\"item\":\"https:\\\/\\\/bbies.fr\\\/couches-lavables\\\/\"},{\"@type\":\"ListItem\",\"position\":2,\"name\":\"Boutique Bbies\",\"item\":\"https:\\\/\\\/bbies.fr\\\/couches-lavables\\\/boutique-bbies\\\/\"},{\"@type\":\"ListItem\",\"position\":3,\"name\":\"2 Sacs poubelles lavables et r\u00e9utilisables 9 Litres &#8211; Salle de bain \\\/ Bureau\"}]},{\"@type\":\"WebSite\",\"@id\":\"https:\\\/\\\/bbies.fr\\\/couches-lavables\\\/#website\",\"url\":\"https:\\\/\\\/bbies.fr\\\/couches-lavables\\\/\",\"name\":\"B'bies, couches lavables et r\u00e9utilisables\",\"description\":\"De la naissance \u00e0 la propret\u00e9\",\"publisher\":{\"@id\":\"https:\\\/\\\/bbies.fr\\\/couches-lavables\\\/#organization\"},\"alternateName\":\"BBIES\",\"potentialAction\":[{\"@type\":\"SearchAction\",\"target\":{\"@type\":\"EntryPoint\",\"urlTemplate\":\"https:\\\/\\\/bbies.fr\\\/couches-lavables\\\/?s={search_term_string}\"},\"query-input\":{\"@type\":\"PropertyValueSpecification\",\"valueRequired\":true,\"valueName\":\"search_term_string\"}}],\"inLanguage\":\"fr-FR\"},{\"@type\":\"Organization\",\"@id\":\"https:\\\/\\\/bbies.fr\\\/couches-lavables\\\/#organization\",\"name\":\"B'bies\",\"url\":\"https:\\\/\\\/bbies.fr\\\/couches-lavables\\\/\",\"logo\":{\"@type\":\"ImageObject\",\"inLanguage\":\"fr-FR\",\"@id\":\"https:\\\/\\\/bbies.fr\\\/couches-lavables\\\/#\\\/schema\\\/logo\\\/image\\\/\",\"url\":\"https:\\\/\\\/bbies.fr\\\/couches-lavables\\\/wp-content\\\/uploads\\\/2019\\\/12\\\/logo-web.jpg\",\"contentUrl\":\"https:\\\/\\\/bbies.fr\\\/couches-lavables\\\/wp-content\\\/uploads\\\/2019\\\/12\\\/logo-web.jpg\",\"width\":364,\"height\":151,\"caption\":\"B'bies\"},\"image\":{\"@id\":\"https:\\\/\\\/bbies.fr\\\/couches-lavables\\\/#\\\/schema\\\/logo\\\/image\\\/\"},\"sameAs\":[\"https:\\\/\\\/www.facebook.com\\\/bbies.fr\\\/\",\"https:\\\/\\\/www.instagram.com\\\/bbies.fr\"]}]}<\/script>\n<!-- \/ Yoast SEO plugin. -->","yoast_head_json":{"title":"2 Sacs poubelles lavables et r\u00e9utilisables 9 Litres - Salle de bain \/ Bureau | B&#039;bies","description":"Adoptez une alternative durable avec nos sacs poubelles lavables de 9 litres !  Lot de 2 pi\u00e8ces alliant praticit\u00e9 et engagement \u00e9cologique, ces sacs r\u00e9utilisable s\u2019int\u00e8grent parfaitement aux poubelles standards de salle de bain et de bureau. Leur designs esth\u00e9tiques et fonctionnesl vous permettent de dire adieu aux sacs jetables !  Gr\u00e2ce \u00e0 sa hanse, il peut \u00eatre suspendu facilement, et son cordon de serrage assure un maintien optimal, quelle que soit votre poubelle.  \u2714 Capacit\u00e9 : 9 litres, id\u00e9al pour une utilisation quotidienne. \u2714 Mat\u00e9riau : Polyester \u00e9tanche et r\u00e9sistant, simple \u00e0 entretenir. \u2714 Entretien : Un passage en machine suffit pour le nettoyer. \u2714 Dimensions : Diam\u00e8tre 32 cm, hauteur 36 cm, adapt\u00e9 aux petites poubelles. \u2714 \u00c9cologique : Diminue consid\u00e9rablement l\u2019utilisation de sacs plastiques. \ud83c\udf3f  Faites un geste pour la plan\u00e8te tout en conservant confort et praticit\u00e9 au quotidien !","robots":{"index":"index","follow":"follow","max-snippet":"max-snippet:-1","max-image-preview":"max-image-preview:large","max-video-preview":"max-video-preview:-1"},"canonical":"https:\/\/bbies.fr\/couches-lavables\/boutique\/2-sacs-poubelles-lavables-et-reutilisables-9-litres-salle-de-bain-bureau\/","schema":{"@context":"https:\/\/schema.org","@graph":[{"@type":"WebPage","@id":"https:\/\/bbies.fr\/couches-lavables\/boutique\/2-sacs-poubelles-lavables-et-reutilisables-9-litres-salle-de-bain-bureau\/","url":"https:\/\/bbies.fr\/couches-lavables\/boutique\/2-sacs-poubelles-lavables-et-reutilisables-9-litres-salle-de-bain-bureau\/","name":"2 Sacs poubelles lavables et r\u00e9utilisables 9 Litres - Salle de bain \/ Bureau | B&#039;bies","isPartOf":{"@id":"https:\/\/bbies.fr\/couches-lavables\/#website"},"primaryImageOfPage":{"@id":"https:\/\/bbies.fr\/couches-lavables\/boutique\/2-sacs-poubelles-lavables-et-reutilisables-9-litres-salle-de-bain-bureau\/#primaryimage"},"image":{"@id":"https:\/\/bbies.fr\/couches-lavables\/boutique\/2-sacs-poubelles-lavables-et-reutilisables-9-litres-salle-de-bain-bureau\/#primaryimage"},"thumbnailUrl":"https:\/\/bbies.fr\/couches-lavables\/wp-content\/uploads\/2025\/01\/ECO1051-4.jpg","datePublished":"2024-03-11T11:00:43+00:00","dateModified":"2025-12-08T13:11:10+00:00","description":"Adoptez une alternative durable avec nos sacs poubelles lavables de 9 litres ! Lot de 2 pi\u00e8ces alliant praticit\u00e9 et engagement \u00e9cologique, ces sacs r\u00e9utilisable s\u2019int\u00e8grent parfaitement aux poubelles standards de salle de bain et de bureau. Leur designs esth\u00e9tiques et fonctionnesl vous permettent de dire adieu aux sacs jetables ! Gr\u00e2ce \u00e0 sa hanse, il peut \u00eatre suspendu facilement, et son cordon de serrage assure un maintien optimal, quelle que soit votre poubelle. \u2714 Capacit\u00e9 : 9 litres, id\u00e9al pour une utilisation quotidienne. \u2714 Mat\u00e9riau : Polyester \u00e9tanche et r\u00e9sistant, simple \u00e0 entretenir. \u2714 Entretien : Un passage en machine suffit pour le nettoyer. \u2714 Dimensions : Diam\u00e8tre 32 cm, hauteur 36 cm, adapt\u00e9 aux petites poubelles. \u2714 \u00c9cologique : Diminue consid\u00e9rablement l\u2019utilisation de sacs plastiques. \ud83c\udf3f Faites un geste pour la plan\u00e8te tout en conservant confort et praticit\u00e9 au quotidien !","breadcrumb":{"@id":"https:\/\/bbies.fr\/couches-lavables\/boutique\/2-sacs-poubelles-lavables-et-reutilisables-9-litres-salle-de-bain-bureau\/#breadcrumb"},"inLanguage":"fr-FR","potentialAction":[{"@type":"ReadAction","target":["https:\/\/bbies.fr\/couches-lavables\/boutique\/2-sacs-poubelles-lavables-et-reutilisables-9-litres-salle-de-bain-bureau\/"]}]},{"@type":"ImageObject","inLanguage":"fr-FR","@id":"https:\/\/bbies.fr\/couches-lavables\/boutique\/2-sacs-poubelles-lavables-et-reutilisables-9-litres-salle-de-bain-bureau\/#primaryimage","url":"https:\/\/bbies.fr\/couches-lavables\/wp-content\/uploads\/2025\/01\/ECO1051-4.jpg","contentUrl":"https:\/\/bbies.fr\/couches-lavables\/wp-content\/uploads\/2025\/01\/ECO1051-4.jpg","width":800,"height":800},{"@type":"BreadcrumbList","@id":"https:\/\/bbies.fr\/couches-lavables\/boutique\/2-sacs-poubelles-lavables-et-reutilisables-9-litres-salle-de-bain-bureau\/#breadcrumb","itemListElement":[{"@type":"ListItem","position":1,"name":"Accueil","item":"https:\/\/bbies.fr\/couches-lavables\/"},{"@type":"ListItem","position":2,"name":"Boutique Bbies","item":"https:\/\/bbies.fr\/couches-lavables\/boutique-bbies\/"},{"@type":"ListItem","position":3,"name":"2 Sacs poubelles lavables et r\u00e9utilisables 9 Litres &#8211; Salle de bain \/ Bureau"}]},{"@type":"WebSite","@id":"https:\/\/bbies.fr\/couches-lavables\/#website","url":"https:\/\/bbies.fr\/couches-lavables\/","name":"B'bies, couches lavables et r\u00e9utilisables","description":"De la naissance \u00e0 la propret\u00e9","publisher":{"@id":"https:\/\/bbies.fr\/couches-lavables\/#organization"},"alternateName":"BBIES","potentialAction":[{"@type":"SearchAction","target":{"@type":"EntryPoint","urlTemplate":"https:\/\/bbies.fr\/couches-lavables\/?s={search_term_string}"},"query-input":{"@type":"PropertyValueSpecification","valueRequired":true,"valueName":"search_term_string"}}],"inLanguage":"fr-FR"},{"@type":"Organization","@id":"https:\/\/bbies.fr\/couches-lavables\/#organization","name":"B'bies","url":"https:\/\/bbies.fr\/couches-lavables\/","logo":{"@type":"ImageObject","inLanguage":"fr-FR","@id":"https:\/\/bbies.fr\/couches-lavables\/#\/schema\/logo\/image\/","url":"https:\/\/bbies.fr\/couches-lavables\/wp-content\/uploads\/2019\/12\/logo-web.jpg","contentUrl":"https:\/\/bbies.fr\/couches-lavables\/wp-content\/uploads\/2019\/12\/logo-web.jpg","width":364,"height":151,"caption":"B'bies"},"image":{"@id":"https:\/\/bbies.fr\/couches-lavables\/#\/schema\/logo\/image\/"},"sameAs":["https:\/\/www.facebook.com\/bbies.fr\/","https:\/\/www.instagram.com\/bbies.fr"]}]}},"_links":{"self":[{"href":"https:\/\/bbies.fr\/couches-lavables\/wp-json\/wp\/v2\/product\/1714177","targetHints":{"allow":["GET"]}}],"collection":[{"href":"https:\/\/bbies.fr\/couches-lavables\/wp-json\/wp\/v2\/product"}],"about":[{"href":"https:\/\/bbies.fr\/couches-lavables\/wp-json\/wp\/v2\/types\/product"}],"replies":[{"embeddable":true,"href":"https:\/\/bbies.fr\/couches-lavables\/wp-json\/wp\/v2\/comments?post=1714177"}],"wp:featuredmedia":[{"embeddable":true,"href":"https:\/\/bbies.fr\/couches-lavables\/wp-json\/wp\/v2\/media\/1714166"}],"wp:attachment":[{"href":"https:\/\/bbies.fr\/couches-lavables\/wp-json\/wp\/v2\/media?parent=1714177"}],"wp:term":[{"taxonomy":"product_brand","embeddable":true,"href":"https:\/\/bbies.fr\/couches-lavables\/wp-json\/wp\/v2\/product_brand?post=1714177"},{"taxonomy":"product_cat","embeddable":true,"href":"https:\/\/bbies.fr\/couches-lavables\/wp-json\/wp\/v2\/product_cat?post=1714177"},{"taxonomy":"product_tag","embeddable":true,"href":"https:\/\/bbies.fr\/couches-lavables\/wp-json\/wp\/v2\/product_tag?post=1714177"}],"curies":[{"name":"wp","href":"https:\/\/api.w.org\/{rel}","templated":true}]}}