{"id":1714236,"date":"2025-01-30T16:33:27","date_gmt":"2025-01-30T15:33:27","guid":{"rendered":"https:\/\/bbies.fr\/couches-lavables\/?post_type=product&#038;p=1714236"},"modified":"2026-04-19T16:01:36","modified_gmt":"2026-04-19T14:01:36","slug":"sophie-la-girafe-sopure-beige-clair","status":"publish","type":"product","link":"https:\/\/bbies.fr\/couches-lavables\/boutique\/sophie-la-girafe-sopure-beige-clair\/","title":{"rendered":"Sophie la Girafe So&rsquo;Pure Beige clair"},"content":{"rendered":"<p>&nbsp;<\/p>\n<h3>Composition<\/h3>\n<p>Mati\u00e8re : Caoutchouc naturel<\/p>\n<hr \/>\n<h3>Entretien<\/h3>\n<p>Lavage exclu. Ne pas blanchir. S\u00e9chage en tambour interdit.<\/p>\n","protected":false},"excerpt":{"rendered":"<p>Sophie la girafe : le c\u00e9l\u00e8bre et intemporel jouet que l&rsquo;on offre tous \u00e0 la naissance !<\/p>\n<p>100% naturel, met tous les sens en \u00e9veil : la vue, l&rsquo;ou\u00efe, le go\u00fbt, le toucher et l&rsquo;odorat.<\/p>\n<ul class=\"ul1\">\n<li class=\"li1\">76 taches fonc\u00e9es pour attirer le regard de b\u00e9b\u00e9 et retrouver Sophie la Girafe facilement (d\u00e9veloppe la vue)<\/li>\n<li class=\"li1\">Un sifflet pour aider \u00e0 comprendre la relation de cause \u00e0 effet : \u00ab si j&rsquo;appuie, elle siffle \u00bb (stimule l&rsquo;ou\u00efe)<\/li>\n<li class=\"li1\">Nombreuses parties \u00e0 go\u00fbter et mordiller pour soulager les gencives (r\u00e9veille le go\u00fbt)<\/li>\n<li class=\"li1\">Facile \u00e0 saisir (anime le toucher)<\/li>\n<li class=\"li1\">Un parfum doux de caoutchouc naturel (exalte l&rsquo;odorat)<\/li>\n<\/ul>\n<p>&nbsp;<\/p>\n<ul class=\"ul1\">\n<li class=\"li1\">Compos\u00e9e de caoutchouc 100% naturel et de peinture alimentaire, elle est sans danger pour b\u00e9b\u00e9<\/li>\n<li class=\"li1\">Pr\u00e9sent\u00e9e dans une jolie bo\u00eete fabriqu\u00e9e \u00e0 l&rsquo;aide de mat\u00e9riaux recycl\u00e9s.<\/li>\n<li class=\"li1\">Parfaite \u00e0 offrir \u00e0 l&rsquo;occasion d&rsquo;une naissance<\/li>\n<li class=\"li1\">D\u00e8s la naissance<\/li>\n<\/ul>\n","protected":false},"featured_media":1714239,"comment_status":"closed","ping_status":"closed","template":"","meta":{"_acf_changed":false,"_et_pb_use_builder":"","_et_pb_old_content":"","_et_gb_content_width":""},"product_brand":[1173],"product_cat":[1172,876,64,1422,727,632,728,620,209,497],"product_tag":[],"class_list":{"0":"post-1714236","1":"product","2":"type-product","3":"status-publish","4":"has-post-thumbnail","6":"product_brand-vulli","7":"product_cat-anneau-de-dentition","8":"product_cat-hochet-doudou","9":"product_cat-jouets","10":"product_cat-noel","11":"product_cat-offrir","12":"product_cat-poussees-dentaires","13":"product_cat-produits-a-offrir","14":"product_cat-produits-valise-maternite","15":"product_cat-puericulture","16":"product_cat-valise-maternite","17":"pa_produits-anneau-dentition","19":"first","20":"instock","21":"sale","22":"taxable","23":"shipping-taxable","24":"purchasable","25":"product-type-simple"},"bundled_by":[],"bundle_stock_status":"instock","bundle_stock_quantity":2,"bundle_virtual":false,"bundle_layout":"","bundle_add_to_cart_form_location":"","bundle_editable_in_cart":false,"bundle_sold_individually_context":"","bundle_item_grouping":"","bundle_min_size":"","bundle_max_size":"","bundle_price":[],"bundled_items":[],"bundle_sell_ids":[],"acf":[],"yoast_head":"<!-- This site is optimized with the Yoast SEO plugin v27.4 - https:\/\/yoast.com\/product\/yoast-seo-wordpress\/ -->\n<title>Sophie la Girafe So&#039;Pure Beige clair | B&#039;bies<\/title>\n<meta name=\"description\" content=\"Sophie la girafe : le c\u00e9l\u00e8bre et intemporel jouet que l&#039;on offre tous \u00e0 la naissance !  100% naturel, met tous les sens en \u00e9veil : la vue, l&#039;ou\u00efe, le go\u00fbt, le toucher et l&#039;odorat.   76 taches fonc\u00e9es pour attirer le regard de b\u00e9b\u00e9 et retrouver Sophie la Girafe facilement (d\u00e9veloppe la vue)  Un sifflet pour aider \u00e0 comprendre la relation de cause \u00e0 effet : \u00ab si j&#039;appuie, elle siffle \u00bb (stimule l&#039;ou\u00efe)  Nombreuses parties \u00e0 go\u00fbter et mordiller pour soulager les gencives (r\u00e9veille le go\u00fbt)  Facile \u00e0 saisir (anime le toucher)  Un parfum doux de caoutchouc naturel (exalte l&#039;odorat)  &nbsp;   Compos\u00e9e de caoutchouc 100% naturel et de peinture alimentaire, elle est sans danger pour b\u00e9b\u00e9  Pr\u00e9sent\u00e9e dans une jolie bo\u00eete fabriqu\u00e9e \u00e0 l&#039;aide de mat\u00e9riaux recycl\u00e9s.  Parfaite \u00e0 offrir \u00e0 l&#039;occasion d&#039;une naissance  D\u00e8s la naissance\" \/>\n<meta name=\"robots\" content=\"index, follow, max-snippet:-1, max-image-preview:large, max-video-preview:-1\" \/>\n<link rel=\"canonical\" href=\"https:\/\/bbies.fr\/couches-lavables\/boutique\/sophie-la-girafe-sopure-beige-clair\/\" \/>\n<script type=\"application\/ld+json\" class=\"yoast-schema-graph\">{\"@context\":\"https:\\\/\\\/schema.org\",\"@graph\":[{\"@type\":\"WebPage\",\"@id\":\"https:\\\/\\\/bbies.fr\\\/couches-lavables\\\/boutique\\\/sophie-la-girafe-sopure-beige-clair\\\/\",\"url\":\"https:\\\/\\\/bbies.fr\\\/couches-lavables\\\/boutique\\\/sophie-la-girafe-sopure-beige-clair\\\/\",\"name\":\"Sophie la Girafe So'Pure Beige clair | B&#039;bies\",\"isPartOf\":{\"@id\":\"https:\\\/\\\/bbies.fr\\\/couches-lavables\\\/#website\"},\"primaryImageOfPage\":{\"@id\":\"https:\\\/\\\/bbies.fr\\\/couches-lavables\\\/boutique\\\/sophie-la-girafe-sopure-beige-clair\\\/#primaryimage\"},\"image\":{\"@id\":\"https:\\\/\\\/bbies.fr\\\/couches-lavables\\\/boutique\\\/sophie-la-girafe-sopure-beige-clair\\\/#primaryimage\"},\"thumbnailUrl\":\"https:\\\/\\\/bbies.fr\\\/couches-lavables\\\/wp-content\\\/uploads\\\/2025\\\/01\\\/Sophie-la-Girafe3.webp\",\"datePublished\":\"2025-01-30T15:33:27+00:00\",\"dateModified\":\"2026-04-19T14:01:36+00:00\",\"description\":\"Sophie la girafe : le c\u00e9l\u00e8bre et intemporel jouet que l'on offre tous \u00e0 la naissance ! 100% naturel, met tous les sens en \u00e9veil : la vue, l'ou\u00efe, le go\u00fbt, le toucher et l'odorat. 76 taches fonc\u00e9es pour attirer le regard de b\u00e9b\u00e9 et retrouver Sophie la Girafe facilement (d\u00e9veloppe la vue) Un sifflet pour aider \u00e0 comprendre la relation de cause \u00e0 effet : \u00ab si j'appuie, elle siffle \u00bb (stimule l'ou\u00efe) Nombreuses parties \u00e0 go\u00fbter et mordiller pour soulager les gencives (r\u00e9veille le go\u00fbt) Facile \u00e0 saisir (anime le toucher) Un parfum doux de caoutchouc naturel (exalte l'odorat) &nbsp; Compos\u00e9e de caoutchouc 100% naturel et de peinture alimentaire, elle est sans danger pour b\u00e9b\u00e9 Pr\u00e9sent\u00e9e dans une jolie bo\u00eete fabriqu\u00e9e \u00e0 l'aide de mat\u00e9riaux recycl\u00e9s. Parfaite \u00e0 offrir \u00e0 l'occasion d'une naissance D\u00e8s la naissance\",\"breadcrumb\":{\"@id\":\"https:\\\/\\\/bbies.fr\\\/couches-lavables\\\/boutique\\\/sophie-la-girafe-sopure-beige-clair\\\/#breadcrumb\"},\"inLanguage\":\"fr-FR\",\"potentialAction\":[{\"@type\":\"ReadAction\",\"target\":[\"https:\\\/\\\/bbies.fr\\\/couches-lavables\\\/boutique\\\/sophie-la-girafe-sopure-beige-clair\\\/\"]}]},{\"@type\":\"ImageObject\",\"inLanguage\":\"fr-FR\",\"@id\":\"https:\\\/\\\/bbies.fr\\\/couches-lavables\\\/boutique\\\/sophie-la-girafe-sopure-beige-clair\\\/#primaryimage\",\"url\":\"https:\\\/\\\/bbies.fr\\\/couches-lavables\\\/wp-content\\\/uploads\\\/2025\\\/01\\\/Sophie-la-Girafe3.webp\",\"contentUrl\":\"https:\\\/\\\/bbies.fr\\\/couches-lavables\\\/wp-content\\\/uploads\\\/2025\\\/01\\\/Sophie-la-Girafe3.webp\",\"width\":781,\"height\":781},{\"@type\":\"BreadcrumbList\",\"@id\":\"https:\\\/\\\/bbies.fr\\\/couches-lavables\\\/boutique\\\/sophie-la-girafe-sopure-beige-clair\\\/#breadcrumb\",\"itemListElement\":[{\"@type\":\"ListItem\",\"position\":1,\"name\":\"Accueil\",\"item\":\"https:\\\/\\\/bbies.fr\\\/couches-lavables\\\/\"},{\"@type\":\"ListItem\",\"position\":2,\"name\":\"Boutique Bbies\",\"item\":\"https:\\\/\\\/bbies.fr\\\/couches-lavables\\\/boutique-bbies\\\/\"},{\"@type\":\"ListItem\",\"position\":3,\"name\":\"Sophie la Girafe So&#8217;Pure Beige clair\"}]},{\"@type\":\"WebSite\",\"@id\":\"https:\\\/\\\/bbies.fr\\\/couches-lavables\\\/#website\",\"url\":\"https:\\\/\\\/bbies.fr\\\/couches-lavables\\\/\",\"name\":\"B'bies, couches lavables et r\u00e9utilisables\",\"description\":\"De la naissance \u00e0 la propret\u00e9\",\"publisher\":{\"@id\":\"https:\\\/\\\/bbies.fr\\\/couches-lavables\\\/#organization\"},\"alternateName\":\"BBIES\",\"potentialAction\":[{\"@type\":\"SearchAction\",\"target\":{\"@type\":\"EntryPoint\",\"urlTemplate\":\"https:\\\/\\\/bbies.fr\\\/couches-lavables\\\/?s={search_term_string}\"},\"query-input\":{\"@type\":\"PropertyValueSpecification\",\"valueRequired\":true,\"valueName\":\"search_term_string\"}}],\"inLanguage\":\"fr-FR\"},{\"@type\":\"Organization\",\"@id\":\"https:\\\/\\\/bbies.fr\\\/couches-lavables\\\/#organization\",\"name\":\"B'bies\",\"url\":\"https:\\\/\\\/bbies.fr\\\/couches-lavables\\\/\",\"logo\":{\"@type\":\"ImageObject\",\"inLanguage\":\"fr-FR\",\"@id\":\"https:\\\/\\\/bbies.fr\\\/couches-lavables\\\/#\\\/schema\\\/logo\\\/image\\\/\",\"url\":\"https:\\\/\\\/bbies.fr\\\/couches-lavables\\\/wp-content\\\/uploads\\\/2019\\\/12\\\/logo-web.jpg\",\"contentUrl\":\"https:\\\/\\\/bbies.fr\\\/couches-lavables\\\/wp-content\\\/uploads\\\/2019\\\/12\\\/logo-web.jpg\",\"width\":364,\"height\":151,\"caption\":\"B'bies\"},\"image\":{\"@id\":\"https:\\\/\\\/bbies.fr\\\/couches-lavables\\\/#\\\/schema\\\/logo\\\/image\\\/\"},\"sameAs\":[\"https:\\\/\\\/www.facebook.com\\\/bbies.fr\\\/\",\"https:\\\/\\\/www.instagram.com\\\/bbies.fr\"]}]}<\/script>\n<!-- \/ Yoast SEO plugin. -->","yoast_head_json":{"title":"Sophie la Girafe So'Pure Beige clair | B&#039;bies","description":"Sophie la girafe : le c\u00e9l\u00e8bre et intemporel jouet que l'on offre tous \u00e0 la naissance !  100% naturel, met tous les sens en \u00e9veil : la vue, l'ou\u00efe, le go\u00fbt, le toucher et l'odorat.   76 taches fonc\u00e9es pour attirer le regard de b\u00e9b\u00e9 et retrouver Sophie la Girafe facilement (d\u00e9veloppe la vue)  Un sifflet pour aider \u00e0 comprendre la relation de cause \u00e0 effet : \u00ab si j'appuie, elle siffle \u00bb (stimule l'ou\u00efe)  Nombreuses parties \u00e0 go\u00fbter et mordiller pour soulager les gencives (r\u00e9veille le go\u00fbt)  Facile \u00e0 saisir (anime le toucher)  Un parfum doux de caoutchouc naturel (exalte l'odorat)  &nbsp;   Compos\u00e9e de caoutchouc 100% naturel et de peinture alimentaire, elle est sans danger pour b\u00e9b\u00e9  Pr\u00e9sent\u00e9e dans une jolie bo\u00eete fabriqu\u00e9e \u00e0 l'aide de mat\u00e9riaux recycl\u00e9s.  Parfaite \u00e0 offrir \u00e0 l'occasion d'une naissance  D\u00e8s la naissance","robots":{"index":"index","follow":"follow","max-snippet":"max-snippet:-1","max-image-preview":"max-image-preview:large","max-video-preview":"max-video-preview:-1"},"canonical":"https:\/\/bbies.fr\/couches-lavables\/boutique\/sophie-la-girafe-sopure-beige-clair\/","schema":{"@context":"https:\/\/schema.org","@graph":[{"@type":"WebPage","@id":"https:\/\/bbies.fr\/couches-lavables\/boutique\/sophie-la-girafe-sopure-beige-clair\/","url":"https:\/\/bbies.fr\/couches-lavables\/boutique\/sophie-la-girafe-sopure-beige-clair\/","name":"Sophie la Girafe So'Pure Beige clair | B&#039;bies","isPartOf":{"@id":"https:\/\/bbies.fr\/couches-lavables\/#website"},"primaryImageOfPage":{"@id":"https:\/\/bbies.fr\/couches-lavables\/boutique\/sophie-la-girafe-sopure-beige-clair\/#primaryimage"},"image":{"@id":"https:\/\/bbies.fr\/couches-lavables\/boutique\/sophie-la-girafe-sopure-beige-clair\/#primaryimage"},"thumbnailUrl":"https:\/\/bbies.fr\/couches-lavables\/wp-content\/uploads\/2025\/01\/Sophie-la-Girafe3.webp","datePublished":"2025-01-30T15:33:27+00:00","dateModified":"2026-04-19T14:01:36+00:00","description":"Sophie la girafe : le c\u00e9l\u00e8bre et intemporel jouet que l'on offre tous \u00e0 la naissance ! 100% naturel, met tous les sens en \u00e9veil : la vue, l'ou\u00efe, le go\u00fbt, le toucher et l'odorat. 76 taches fonc\u00e9es pour attirer le regard de b\u00e9b\u00e9 et retrouver Sophie la Girafe facilement (d\u00e9veloppe la vue) Un sifflet pour aider \u00e0 comprendre la relation de cause \u00e0 effet : \u00ab si j'appuie, elle siffle \u00bb (stimule l'ou\u00efe) Nombreuses parties \u00e0 go\u00fbter et mordiller pour soulager les gencives (r\u00e9veille le go\u00fbt) Facile \u00e0 saisir (anime le toucher) Un parfum doux de caoutchouc naturel (exalte l'odorat) &nbsp; Compos\u00e9e de caoutchouc 100% naturel et de peinture alimentaire, elle est sans danger pour b\u00e9b\u00e9 Pr\u00e9sent\u00e9e dans une jolie bo\u00eete fabriqu\u00e9e \u00e0 l'aide de mat\u00e9riaux recycl\u00e9s. Parfaite \u00e0 offrir \u00e0 l'occasion d'une naissance D\u00e8s la naissance","breadcrumb":{"@id":"https:\/\/bbies.fr\/couches-lavables\/boutique\/sophie-la-girafe-sopure-beige-clair\/#breadcrumb"},"inLanguage":"fr-FR","potentialAction":[{"@type":"ReadAction","target":["https:\/\/bbies.fr\/couches-lavables\/boutique\/sophie-la-girafe-sopure-beige-clair\/"]}]},{"@type":"ImageObject","inLanguage":"fr-FR","@id":"https:\/\/bbies.fr\/couches-lavables\/boutique\/sophie-la-girafe-sopure-beige-clair\/#primaryimage","url":"https:\/\/bbies.fr\/couches-lavables\/wp-content\/uploads\/2025\/01\/Sophie-la-Girafe3.webp","contentUrl":"https:\/\/bbies.fr\/couches-lavables\/wp-content\/uploads\/2025\/01\/Sophie-la-Girafe3.webp","width":781,"height":781},{"@type":"BreadcrumbList","@id":"https:\/\/bbies.fr\/couches-lavables\/boutique\/sophie-la-girafe-sopure-beige-clair\/#breadcrumb","itemListElement":[{"@type":"ListItem","position":1,"name":"Accueil","item":"https:\/\/bbies.fr\/couches-lavables\/"},{"@type":"ListItem","position":2,"name":"Boutique Bbies","item":"https:\/\/bbies.fr\/couches-lavables\/boutique-bbies\/"},{"@type":"ListItem","position":3,"name":"Sophie la Girafe So&#8217;Pure Beige clair"}]},{"@type":"WebSite","@id":"https:\/\/bbies.fr\/couches-lavables\/#website","url":"https:\/\/bbies.fr\/couches-lavables\/","name":"B'bies, couches lavables et r\u00e9utilisables","description":"De la naissance \u00e0 la propret\u00e9","publisher":{"@id":"https:\/\/bbies.fr\/couches-lavables\/#organization"},"alternateName":"BBIES","potentialAction":[{"@type":"SearchAction","target":{"@type":"EntryPoint","urlTemplate":"https:\/\/bbies.fr\/couches-lavables\/?s={search_term_string}"},"query-input":{"@type":"PropertyValueSpecification","valueRequired":true,"valueName":"search_term_string"}}],"inLanguage":"fr-FR"},{"@type":"Organization","@id":"https:\/\/bbies.fr\/couches-lavables\/#organization","name":"B'bies","url":"https:\/\/bbies.fr\/couches-lavables\/","logo":{"@type":"ImageObject","inLanguage":"fr-FR","@id":"https:\/\/bbies.fr\/couches-lavables\/#\/schema\/logo\/image\/","url":"https:\/\/bbies.fr\/couches-lavables\/wp-content\/uploads\/2019\/12\/logo-web.jpg","contentUrl":"https:\/\/bbies.fr\/couches-lavables\/wp-content\/uploads\/2019\/12\/logo-web.jpg","width":364,"height":151,"caption":"B'bies"},"image":{"@id":"https:\/\/bbies.fr\/couches-lavables\/#\/schema\/logo\/image\/"},"sameAs":["https:\/\/www.facebook.com\/bbies.fr\/","https:\/\/www.instagram.com\/bbies.fr"]}]}},"_links":{"self":[{"href":"https:\/\/bbies.fr\/couches-lavables\/wp-json\/wp\/v2\/product\/1714236","targetHints":{"allow":["GET"]}}],"collection":[{"href":"https:\/\/bbies.fr\/couches-lavables\/wp-json\/wp\/v2\/product"}],"about":[{"href":"https:\/\/bbies.fr\/couches-lavables\/wp-json\/wp\/v2\/types\/product"}],"replies":[{"embeddable":true,"href":"https:\/\/bbies.fr\/couches-lavables\/wp-json\/wp\/v2\/comments?post=1714236"}],"wp:featuredmedia":[{"embeddable":true,"href":"https:\/\/bbies.fr\/couches-lavables\/wp-json\/wp\/v2\/media\/1714239"}],"wp:attachment":[{"href":"https:\/\/bbies.fr\/couches-lavables\/wp-json\/wp\/v2\/media?parent=1714236"}],"wp:term":[{"taxonomy":"product_brand","embeddable":true,"href":"https:\/\/bbies.fr\/couches-lavables\/wp-json\/wp\/v2\/product_brand?post=1714236"},{"taxonomy":"product_cat","embeddable":true,"href":"https:\/\/bbies.fr\/couches-lavables\/wp-json\/wp\/v2\/product_cat?post=1714236"},{"taxonomy":"product_tag","embeddable":true,"href":"https:\/\/bbies.fr\/couches-lavables\/wp-json\/wp\/v2\/product_tag?post=1714236"}],"curies":[{"name":"wp","href":"https:\/\/api.w.org\/{rel}","templated":true}]}}