{"id":1717778,"date":"2025-03-04T10:12:09","date_gmt":"2025-03-04T09:12:09","guid":{"rendered":"https:\/\/bbies.fr\/couches-lavables\/?post_type=product&#038;p=1717778"},"modified":"2025-12-10T16:46:38","modified_gmt":"2025-12-10T15:46:38","slug":"gourde-super-garcon-enfant-stella-green","status":"publish","type":"product","link":"https:\/\/bbies.fr\/couches-lavables\/boutique\/gourde-super-garcon-enfant-stella-green\/","title":{"rendered":"Ma 1er gourde , mod\u00e8le Super h\u00e9ros enfant , isotherme"},"content":{"rendered":"<p>[et_pb_section fb_built=\u00a0\u00bb1&Prime; _builder_version=\u00a0\u00bb4.17.4&Prime; _module_preset=\u00a0\u00bbdefault\u00a0\u00bb global_colors_info=\u00a0\u00bb{}\u00a0\u00bb][\/et_pb_section]<\/p>\n","protected":false},"excerpt":{"rendered":"<p>Cette gourde est l&rsquo;accessoire id\u00e9al pour accompagner votre enfant lors de ses activit\u00e9s sportives, voyages scolaires ou sorties en plein air. Gr\u00e2ce \u00e0 son format pratique et \u00e0 ses motifs ludiques, la gourde Stella Green en inox r\u00e9pond parfaitement aux besoins des plus jeunes :<\/p>\n<ul>\n<li>Acier inoxydable<\/li>\n<li>Double paroi sans BPA<\/li>\n<li>Capacit\u00e9 de 350 ml<\/li>\n<li>Maintient la temp\u00e9rature (chaud ou froid) pendant 12h<\/li>\n<li>Enti\u00e8rement \u00e9tanche<\/li>\n<li>S\u00e9curis\u00e9e \u00e0 l\u2019ouverture<\/li>\n<li>Petit bec adapt\u00e9 \u00e0 la bouche de l&rsquo;enfant<\/li>\n<\/ul>\n<p>Cette bouteille isotherme constitue une alternative id\u00e9ale aux bouteilles jetables et polluantes. D\u00e9cor\u00e9e d\u2019\u00e9toiles, d\u2019\u00e9clairs et de super-h\u00e9ro\u00efnes, elle est pens\u00e9e pour inspirer les enfants dans toutes leurs aventures.<\/p>\n<p>Adoptez un geste simple, b\u00e9n\u00e9fique pour votre sant\u00e9 et pour la plan\u00e8te.<\/p>\n","protected":false},"featured_media":1717781,"comment_status":"closed","ping_status":"closed","template":"","meta":{"_acf_changed":false,"_et_pb_use_builder":"on","_et_pb_old_content":"<h3 data-start=\"73\" data-end=\"129\"><strong data-start=\"77\" data-end=\"127\">Une gourde durable, pratique, et adapt\u00e9e \u00e0 l'enfant<\/strong><\/h3>\r\n<h3 data-start=\"131\" data-end=\"502\"><strong>La marque<\/strong><\/h3>\r\nStella Green est une marque engag\u00e9e, alliant design moderne et respect de l\u2019environnement. Sp\u00e9cialis\u00e9e dans les accessoires \u00e9coresponsables, elle mise sur la qualit\u00e9, la durabilit\u00e9 et l\u2019esth\u00e9tique. Chaque produit, qu'il s'agisse de bouteilles isothermes, de gourdes ou d'autres accessoires, est con\u00e7u pour ceux qui souhaitent allier praticit\u00e9 et respect de la plan\u00e8te. Gr\u00e2ce \u00e0 des mat\u00e9riaux de haute qualit\u00e9 et un design raffin\u00e9, Stella Green promeut un mode de vie responsable, tout en conservant un style unique.\r\n\r\n<hr \/>\r\n\r\n<h3 data-start=\"669\" data-end=\"728\"><strong data-start=\"673\" data-end=\"726\">Une gourde con\u00e7ue pour accompagner votre enfant<\/strong><\/h3>\r\nCette collection de gourdes isothermes pour enfants allie \u00e0 la fois style et fonctionnalit\u00e9, avec des motifs patchwork originaux et des couleurs vibrantes. Id\u00e9ales pour les jeunes aventuriers lors de leurs sorties z\u00e9ro d\u00e9chet, elles permettent d'introduire de mani\u00e8re ludique et simple le respect de l\u2019environnement. Offrez \u00e0 votre enfant une gourde attrayante et pratique avec cette gamme pens\u00e9e pour r\u00e9pondre aux besoins des plus petits.\r\n\r\n<hr \/>\r\n\r\n<h3><strong>Conseils d'utilisation<\/strong><\/h3>\r\nAfin de pr\u00e9server la long\u00e9vit\u00e9 de votre gourde isotherme et ses qualit\u00e9s, il est recommand\u00e9 de ne pas la mettre au lave-vaisselle ni au micro-ondes. Pour un entretien optimal, il est pr\u00e9f\u00e9rable de la laver \u00e0 la main.\r\n\r\n<hr \/>\r\n\r\n<h3><b>Contenance<\/b><\/h3>\r\n350ml\r\n\r\n<hr \/>\r\n\r\n<h3><strong>Dimensions<\/strong><\/h3>\r\n22cm x 20cm\r\n\r\n<hr \/>\r\n\r\n<h3><strong>Mat\u00e9riaux<\/strong><\/h3>\r\nAcier inoxydable 304\r\n\r\nDouble paroi sans BPA","_et_gb_content_width":""},"product_brand":[1238],"product_cat":[237,71,519,838,209,1342,441,66],"product_tag":[],"class_list":{"0":"post-1717778","1":"product","2":"type-product","3":"status-publish","4":"has-post-thumbnail","6":"product_brand-stella-green","7":"product_cat-sorties","8":"product_cat-cuisine","9":"product_cat-nouveautes-zero-dechet","10":"product_cat-pique-nique-responsable","11":"product_cat-puericulture","12":"product_cat-rentree-cp-cm2","13":"product_cat-sac-a-gouter","14":"product_cat-zero-dechet","15":"pa_produits-repas","17":"first","18":"instock","19":"sale","20":"taxable","21":"shipping-taxable","22":"purchasable","23":"product-type-simple"},"bundled_by":[],"bundle_stock_status":"instock","bundle_stock_quantity":22,"bundle_virtual":false,"bundle_layout":"","bundle_add_to_cart_form_location":"","bundle_editable_in_cart":false,"bundle_sold_individually_context":"","bundle_item_grouping":"","bundle_min_size":"","bundle_max_size":"","bundle_price":[],"bundled_items":[],"bundle_sell_ids":[],"acf":[],"yoast_head":"<!-- This site is optimized with the Yoast SEO plugin v27.4 - https:\/\/yoast.com\/product\/yoast-seo-wordpress\/ -->\n<title>Ma 1er gourde , mod\u00e8le Super h\u00e9ros enfant , isotherme | B&#039;bies<\/title>\n<meta name=\"description\" content=\"Cette gourde est l&#039;accessoire id\u00e9al pour accompagner votre enfant lors de ses activit\u00e9s sportives, voyages scolaires ou sorties en plein air.\" \/>\n<meta name=\"robots\" content=\"index, follow, max-snippet:-1, max-image-preview:large, max-video-preview:-1\" \/>\n<link rel=\"canonical\" href=\"https:\/\/bbies.fr\/couches-lavables\/boutique\/gourde-super-garcon-enfant-stella-green\/\" \/>\n<script type=\"application\/ld+json\" class=\"yoast-schema-graph\">{\"@context\":\"https:\\\/\\\/schema.org\",\"@graph\":[{\"@type\":\"WebPage\",\"@id\":\"https:\\\/\\\/bbies.fr\\\/couches-lavables\\\/boutique\\\/gourde-super-garcon-enfant-stella-green\\\/\",\"url\":\"https:\\\/\\\/bbies.fr\\\/couches-lavables\\\/boutique\\\/gourde-super-garcon-enfant-stella-green\\\/\",\"name\":\"Ma 1er gourde , mod\u00e8le Super h\u00e9ros enfant , isotherme | B&#039;bies\",\"isPartOf\":{\"@id\":\"https:\\\/\\\/bbies.fr\\\/couches-lavables\\\/#website\"},\"primaryImageOfPage\":{\"@id\":\"https:\\\/\\\/bbies.fr\\\/couches-lavables\\\/boutique\\\/gourde-super-garcon-enfant-stella-green\\\/#primaryimage\"},\"image\":{\"@id\":\"https:\\\/\\\/bbies.fr\\\/couches-lavables\\\/boutique\\\/gourde-super-garcon-enfant-stella-green\\\/#primaryimage\"},\"thumbnailUrl\":\"https:\\\/\\\/bbies.fr\\\/couches-lavables\\\/wp-content\\\/uploads\\\/2025\\\/03\\\/STELLA-02-gourde-super-garcon-2-STELLA-GREEN.webp\",\"datePublished\":\"2025-03-04T09:12:09+00:00\",\"dateModified\":\"2025-12-10T15:46:38+00:00\",\"description\":\"Cette gourde est l'accessoire id\u00e9al pour accompagner votre enfant lors de ses activit\u00e9s sportives, voyages scolaires ou sorties en plein air.\",\"breadcrumb\":{\"@id\":\"https:\\\/\\\/bbies.fr\\\/couches-lavables\\\/boutique\\\/gourde-super-garcon-enfant-stella-green\\\/#breadcrumb\"},\"inLanguage\":\"fr-FR\",\"potentialAction\":[{\"@type\":\"ReadAction\",\"target\":[\"https:\\\/\\\/bbies.fr\\\/couches-lavables\\\/boutique\\\/gourde-super-garcon-enfant-stella-green\\\/\"]}]},{\"@type\":\"ImageObject\",\"inLanguage\":\"fr-FR\",\"@id\":\"https:\\\/\\\/bbies.fr\\\/couches-lavables\\\/boutique\\\/gourde-super-garcon-enfant-stella-green\\\/#primaryimage\",\"url\":\"https:\\\/\\\/bbies.fr\\\/couches-lavables\\\/wp-content\\\/uploads\\\/2025\\\/03\\\/STELLA-02-gourde-super-garcon-2-STELLA-GREEN.webp\",\"contentUrl\":\"https:\\\/\\\/bbies.fr\\\/couches-lavables\\\/wp-content\\\/uploads\\\/2025\\\/03\\\/STELLA-02-gourde-super-garcon-2-STELLA-GREEN.webp\",\"width\":1080,\"height\":1080},{\"@type\":\"BreadcrumbList\",\"@id\":\"https:\\\/\\\/bbies.fr\\\/couches-lavables\\\/boutique\\\/gourde-super-garcon-enfant-stella-green\\\/#breadcrumb\",\"itemListElement\":[{\"@type\":\"ListItem\",\"position\":1,\"name\":\"Accueil\",\"item\":\"https:\\\/\\\/bbies.fr\\\/couches-lavables\\\/\"},{\"@type\":\"ListItem\",\"position\":2,\"name\":\"Boutique Bbies\",\"item\":\"https:\\\/\\\/bbies.fr\\\/couches-lavables\\\/boutique-bbies\\\/\"},{\"@type\":\"ListItem\",\"position\":3,\"name\":\"Ma 1er gourde , mod\u00e8le Super h\u00e9ros enfant , isotherme\"}]},{\"@type\":\"WebSite\",\"@id\":\"https:\\\/\\\/bbies.fr\\\/couches-lavables\\\/#website\",\"url\":\"https:\\\/\\\/bbies.fr\\\/couches-lavables\\\/\",\"name\":\"B'bies, couches lavables et r\u00e9utilisables\",\"description\":\"De la naissance \u00e0 la propret\u00e9\",\"publisher\":{\"@id\":\"https:\\\/\\\/bbies.fr\\\/couches-lavables\\\/#organization\"},\"alternateName\":\"BBIES\",\"potentialAction\":[{\"@type\":\"SearchAction\",\"target\":{\"@type\":\"EntryPoint\",\"urlTemplate\":\"https:\\\/\\\/bbies.fr\\\/couches-lavables\\\/?s={search_term_string}\"},\"query-input\":{\"@type\":\"PropertyValueSpecification\",\"valueRequired\":true,\"valueName\":\"search_term_string\"}}],\"inLanguage\":\"fr-FR\"},{\"@type\":\"Organization\",\"@id\":\"https:\\\/\\\/bbies.fr\\\/couches-lavables\\\/#organization\",\"name\":\"B'bies\",\"url\":\"https:\\\/\\\/bbies.fr\\\/couches-lavables\\\/\",\"logo\":{\"@type\":\"ImageObject\",\"inLanguage\":\"fr-FR\",\"@id\":\"https:\\\/\\\/bbies.fr\\\/couches-lavables\\\/#\\\/schema\\\/logo\\\/image\\\/\",\"url\":\"https:\\\/\\\/bbies.fr\\\/couches-lavables\\\/wp-content\\\/uploads\\\/2019\\\/12\\\/logo-web.jpg\",\"contentUrl\":\"https:\\\/\\\/bbies.fr\\\/couches-lavables\\\/wp-content\\\/uploads\\\/2019\\\/12\\\/logo-web.jpg\",\"width\":364,\"height\":151,\"caption\":\"B'bies\"},\"image\":{\"@id\":\"https:\\\/\\\/bbies.fr\\\/couches-lavables\\\/#\\\/schema\\\/logo\\\/image\\\/\"},\"sameAs\":[\"https:\\\/\\\/www.facebook.com\\\/bbies.fr\\\/\",\"https:\\\/\\\/www.instagram.com\\\/bbies.fr\"]}]}<\/script>\n<!-- \/ Yoast SEO plugin. -->","yoast_head_json":{"title":"Ma 1er gourde , mod\u00e8le Super h\u00e9ros enfant , isotherme | B&#039;bies","description":"Cette gourde est l'accessoire id\u00e9al pour accompagner votre enfant lors de ses activit\u00e9s sportives, voyages scolaires ou sorties en plein air.","robots":{"index":"index","follow":"follow","max-snippet":"max-snippet:-1","max-image-preview":"max-image-preview:large","max-video-preview":"max-video-preview:-1"},"canonical":"https:\/\/bbies.fr\/couches-lavables\/boutique\/gourde-super-garcon-enfant-stella-green\/","schema":{"@context":"https:\/\/schema.org","@graph":[{"@type":"WebPage","@id":"https:\/\/bbies.fr\/couches-lavables\/boutique\/gourde-super-garcon-enfant-stella-green\/","url":"https:\/\/bbies.fr\/couches-lavables\/boutique\/gourde-super-garcon-enfant-stella-green\/","name":"Ma 1er gourde , mod\u00e8le Super h\u00e9ros enfant , isotherme | B&#039;bies","isPartOf":{"@id":"https:\/\/bbies.fr\/couches-lavables\/#website"},"primaryImageOfPage":{"@id":"https:\/\/bbies.fr\/couches-lavables\/boutique\/gourde-super-garcon-enfant-stella-green\/#primaryimage"},"image":{"@id":"https:\/\/bbies.fr\/couches-lavables\/boutique\/gourde-super-garcon-enfant-stella-green\/#primaryimage"},"thumbnailUrl":"https:\/\/bbies.fr\/couches-lavables\/wp-content\/uploads\/2025\/03\/STELLA-02-gourde-super-garcon-2-STELLA-GREEN.webp","datePublished":"2025-03-04T09:12:09+00:00","dateModified":"2025-12-10T15:46:38+00:00","description":"Cette gourde est l'accessoire id\u00e9al pour accompagner votre enfant lors de ses activit\u00e9s sportives, voyages scolaires ou sorties en plein air.","breadcrumb":{"@id":"https:\/\/bbies.fr\/couches-lavables\/boutique\/gourde-super-garcon-enfant-stella-green\/#breadcrumb"},"inLanguage":"fr-FR","potentialAction":[{"@type":"ReadAction","target":["https:\/\/bbies.fr\/couches-lavables\/boutique\/gourde-super-garcon-enfant-stella-green\/"]}]},{"@type":"ImageObject","inLanguage":"fr-FR","@id":"https:\/\/bbies.fr\/couches-lavables\/boutique\/gourde-super-garcon-enfant-stella-green\/#primaryimage","url":"https:\/\/bbies.fr\/couches-lavables\/wp-content\/uploads\/2025\/03\/STELLA-02-gourde-super-garcon-2-STELLA-GREEN.webp","contentUrl":"https:\/\/bbies.fr\/couches-lavables\/wp-content\/uploads\/2025\/03\/STELLA-02-gourde-super-garcon-2-STELLA-GREEN.webp","width":1080,"height":1080},{"@type":"BreadcrumbList","@id":"https:\/\/bbies.fr\/couches-lavables\/boutique\/gourde-super-garcon-enfant-stella-green\/#breadcrumb","itemListElement":[{"@type":"ListItem","position":1,"name":"Accueil","item":"https:\/\/bbies.fr\/couches-lavables\/"},{"@type":"ListItem","position":2,"name":"Boutique Bbies","item":"https:\/\/bbies.fr\/couches-lavables\/boutique-bbies\/"},{"@type":"ListItem","position":3,"name":"Ma 1er gourde , mod\u00e8le Super h\u00e9ros enfant , isotherme"}]},{"@type":"WebSite","@id":"https:\/\/bbies.fr\/couches-lavables\/#website","url":"https:\/\/bbies.fr\/couches-lavables\/","name":"B'bies, couches lavables et r\u00e9utilisables","description":"De la naissance \u00e0 la propret\u00e9","publisher":{"@id":"https:\/\/bbies.fr\/couches-lavables\/#organization"},"alternateName":"BBIES","potentialAction":[{"@type":"SearchAction","target":{"@type":"EntryPoint","urlTemplate":"https:\/\/bbies.fr\/couches-lavables\/?s={search_term_string}"},"query-input":{"@type":"PropertyValueSpecification","valueRequired":true,"valueName":"search_term_string"}}],"inLanguage":"fr-FR"},{"@type":"Organization","@id":"https:\/\/bbies.fr\/couches-lavables\/#organization","name":"B'bies","url":"https:\/\/bbies.fr\/couches-lavables\/","logo":{"@type":"ImageObject","inLanguage":"fr-FR","@id":"https:\/\/bbies.fr\/couches-lavables\/#\/schema\/logo\/image\/","url":"https:\/\/bbies.fr\/couches-lavables\/wp-content\/uploads\/2019\/12\/logo-web.jpg","contentUrl":"https:\/\/bbies.fr\/couches-lavables\/wp-content\/uploads\/2019\/12\/logo-web.jpg","width":364,"height":151,"caption":"B'bies"},"image":{"@id":"https:\/\/bbies.fr\/couches-lavables\/#\/schema\/logo\/image\/"},"sameAs":["https:\/\/www.facebook.com\/bbies.fr\/","https:\/\/www.instagram.com\/bbies.fr"]}]}},"_links":{"self":[{"href":"https:\/\/bbies.fr\/couches-lavables\/wp-json\/wp\/v2\/product\/1717778","targetHints":{"allow":["GET"]}}],"collection":[{"href":"https:\/\/bbies.fr\/couches-lavables\/wp-json\/wp\/v2\/product"}],"about":[{"href":"https:\/\/bbies.fr\/couches-lavables\/wp-json\/wp\/v2\/types\/product"}],"replies":[{"embeddable":true,"href":"https:\/\/bbies.fr\/couches-lavables\/wp-json\/wp\/v2\/comments?post=1717778"}],"wp:featuredmedia":[{"embeddable":true,"href":"https:\/\/bbies.fr\/couches-lavables\/wp-json\/wp\/v2\/media\/1717781"}],"wp:attachment":[{"href":"https:\/\/bbies.fr\/couches-lavables\/wp-json\/wp\/v2\/media?parent=1717778"}],"wp:term":[{"taxonomy":"product_brand","embeddable":true,"href":"https:\/\/bbies.fr\/couches-lavables\/wp-json\/wp\/v2\/product_brand?post=1717778"},{"taxonomy":"product_cat","embeddable":true,"href":"https:\/\/bbies.fr\/couches-lavables\/wp-json\/wp\/v2\/product_cat?post=1717778"},{"taxonomy":"product_tag","embeddable":true,"href":"https:\/\/bbies.fr\/couches-lavables\/wp-json\/wp\/v2\/product_tag?post=1717778"}],"curies":[{"name":"wp","href":"https:\/\/api.w.org\/{rel}","templated":true}]}}