{"id":1717792,"date":"2025-03-04T11:08:02","date_gmt":"2025-03-04T10:08:02","guid":{"rendered":"https:\/\/bbies.fr\/couches-lavables\/?post_type=product&#038;p=1717792"},"modified":"2026-03-05T10:46:15","modified_gmt":"2026-03-05T09:46:15","slug":"sac-isotherme-stella-green-super-fille","status":"publish","type":"product","link":"https:\/\/bbies.fr\/couches-lavables\/boutique\/sac-isotherme-stella-green-super-fille\/","title":{"rendered":"Sac pique-nique isotherme &#8211; Wonder woman !"},"content":{"rendered":"<p>[et_pb_section fb_built=\u00a0\u00bb1&Prime; _builder_version=\u00a0\u00bb4.17.4&Prime; _module_preset=\u00a0\u00bbdefault\u00a0\u00bb global_colors_info=\u00a0\u00bb{}\u00a0\u00bb][\/et_pb_section]<\/p>\n","protected":false},"excerpt":{"rendered":"<div class=\"elementor-element elementor-element-3f9d788 elementor-widget elementor-widget-product-description-short elementor-widget-text-editor\" data-id=\"3f9d788\" data-element_type=\"widget\" data-widget_type=\"product-description-short.default\">\n<div class=\"elementor-widget-container\">\n<div class=\"ce-product-description-short\">\n<p>Sac isotherme Super Fille de la marque Stella Green, pratique pour emporter le repas de vos enfants en dehors de la maison, \u00e0 la plage ou \u00e0 l\u2019\u00e9cole ! Apportez une dose de fantaisie dans les journ\u00e9es de vos enfants pour stimuler son imagination.<\/p>\n<\/div>\n<\/div>\n<\/div>\n<div class=\"elementor-element elementor-element-bb60733 elementor-widget elementor-widget-product-description elementor-widget-text-editor\" data-id=\"bb60733\" data-element_type=\"widget\" data-widget_type=\"product-description.default\">\n<div class=\"elementor-widget-container\">\n<p>Ultra r\u00e9sistant, il gardera les aliments au frais gr\u00e2ce \u00e0 son isolant.<\/p>\n<ul>\n<li>Sac isotherme \u00e0 fermeture zipp\u00e9e,<\/li>\n<li>Pratique avec 2 anses<\/li>\n<li>1 poche sur l\u2019avant<\/li>\n<li>Dimensions : 23 x 20 x 15 cm<\/li>\n<\/ul>\n<\/div>\n<\/div>\n","protected":false},"featured_media":1717880,"comment_status":"closed","ping_status":"closed","template":"","meta":{"_acf_changed":false,"_et_pb_use_builder":"on","_et_pb_old_content":"<h3 data-start=\"73\" data-end=\"129\"><strong data-start=\"77\" data-end=\"127\">Un sac isotherme pour des pique-niques pleins d'aventures<\/strong><\/h3>\r\n<h3 data-start=\"131\" data-end=\"502\"><strong>La marque<\/strong><\/h3>\r\nStella Green est une marque engag\u00e9e, qui propose des produits alliant design moderne et respect de l\u2019environnement. Sp\u00e9cialis\u00e9e dans les accessoires \u00e9coresponsables, elle met l\u2019accent sur la qualit\u00e9, la durabilit\u00e9 et l\u2019esth\u00e9tique. Chaque produit, qu\u2019il s\u2019agisse de bouteilles isothermes, de gourdes ou d\u2019autres accessoires, est con\u00e7u pour r\u00e9pondre aux besoins de ceux qui souhaitent allier praticit\u00e9 et respect de la plan\u00e8te. Avec des mat\u00e9riaux de haute qualit\u00e9 et un design soign\u00e9, Stella Green invite \u00e0 un mode de vie plus responsable, sans compromis sur le style.\r\n\r\n<hr \/>\r\n\r\n<h3 data-start=\"669\" data-end=\"728\"><strong data-start=\"673\" data-end=\"726\">Un sac isotherme con\u00e7u pour accompagner votre enfant<\/strong><\/h3>\r\nD\u00e9couvrez notre collection de Sacs Isothermes Enfants Patchwork, une s\u00e9lection \u00e0 la fois ludique et pratique pour accompagner les jeunes h\u00e9ros dans leurs aventures. Ces sacs isothermes, de taille id\u00e9ale, sont d\u00e9cor\u00e9s de motifs inspirants tels que des \u00e9toiles, des \u00e9clairs et des super-h\u00e9ros\/h\u00e9ro\u00efnes. Con\u00e7us sp\u00e9cialement pour les enfants, ils combinent \u00e0 la fois style et fonctionnalit\u00e9. Parfaits pour garder les repas frais ou chauds lors des explorations, des pique-niques ou des missions scolaires, ils sont indispensables pour les jeunes aventuriers. Offrez-leur une dose de fantaisie avec ces sacs isothermes dynamiques, pens\u00e9s pour stimuler leur imagination et les accompagner dans toutes leurs \u00e9pop\u00e9es.\r\n\r\n<hr \/>\r\n\r\n<h3><strong>Conseils d'utilisation<\/strong><\/h3>\r\nIl est conseill\u00e9 de placer des \u00e9l\u00e9ments refroidissants (type poche de glace) dans le sac isotherme afin de maintenir une temp\u00e9rature fra\u00eeche. Se lave \u00e0 la main \u00e0 l'aide d'une \u00e9ponge.\r\n\r\n<hr \/>\r\n\r\n<h3><strong>Dimensions<\/strong><\/h3>\r\n23 x 20 x 15 cm\r\n\r\n<hr \/>\r\n\r\n<h3><strong>Mat\u00e9riaux<\/strong><\/h3>\r\nComposition : 100% polyester","_et_gb_content_width":""},"product_brand":[1238],"product_cat":[237,71,519,838,209,1342,441,66],"product_tag":[],"class_list":{"0":"post-1717792","1":"product","2":"type-product","3":"status-publish","4":"has-post-thumbnail","6":"product_brand-stella-green","7":"product_cat-sorties","8":"product_cat-cuisine","9":"product_cat-nouveautes-zero-dechet","10":"product_cat-pique-nique-responsable","11":"product_cat-puericulture","12":"product_cat-rentree-cp-cm2","13":"product_cat-sac-a-gouter","14":"product_cat-zero-dechet","15":"pa_produits-repas","17":"first","18":"instock","19":"sale","20":"taxable","21":"shipping-taxable","22":"purchasable","23":"product-type-simple"},"bundled_by":[],"bundle_stock_status":"instock","bundle_stock_quantity":16,"bundle_virtual":false,"bundle_layout":"","bundle_add_to_cart_form_location":"","bundle_editable_in_cart":false,"bundle_sold_individually_context":"","bundle_item_grouping":"","bundle_min_size":"","bundle_max_size":"","bundle_price":[],"bundled_items":[],"bundle_sell_ids":[],"acf":[],"yoast_head":"<!-- This site is optimized with the Yoast SEO plugin v27.4 - https:\/\/yoast.com\/product\/yoast-seo-wordpress\/ -->\n<title>Sac pique-nique isotherme - Wonder woman ! | B&#039;bies<\/title>\n<meta name=\"description\" content=\"Parfaitement adapt\u00e9s pour garder les repas frais ou chauds lors des pique-niques ou des missions scolaires, ils sont id\u00e9als pour les jeunes aventuriers.\" \/>\n<meta name=\"robots\" content=\"index, follow, max-snippet:-1, max-image-preview:large, max-video-preview:-1\" \/>\n<link rel=\"canonical\" href=\"https:\/\/bbies.fr\/couches-lavables\/boutique\/sac-isotherme-stella-green-super-fille\/\" \/>\n<script type=\"application\/ld+json\" class=\"yoast-schema-graph\">{\"@context\":\"https:\\\/\\\/schema.org\",\"@graph\":[{\"@type\":\"WebPage\",\"@id\":\"https:\\\/\\\/bbies.fr\\\/couches-lavables\\\/boutique\\\/sac-isotherme-stella-green-super-fille\\\/\",\"url\":\"https:\\\/\\\/bbies.fr\\\/couches-lavables\\\/boutique\\\/sac-isotherme-stella-green-super-fille\\\/\",\"name\":\"Sac pique-nique isotherme - Wonder woman ! | B&#039;bies\",\"isPartOf\":{\"@id\":\"https:\\\/\\\/bbies.fr\\\/couches-lavables\\\/#website\"},\"primaryImageOfPage\":{\"@id\":\"https:\\\/\\\/bbies.fr\\\/couches-lavables\\\/boutique\\\/sac-isotherme-stella-green-super-fille\\\/#primaryimage\"},\"image\":{\"@id\":\"https:\\\/\\\/bbies.fr\\\/couches-lavables\\\/boutique\\\/sac-isotherme-stella-green-super-fille\\\/#primaryimage\"},\"thumbnailUrl\":\"https:\\\/\\\/bbies.fr\\\/couches-lavables\\\/wp-content\\\/uploads\\\/2025\\\/03\\\/65.jpg\",\"datePublished\":\"2025-03-04T10:08:02+00:00\",\"dateModified\":\"2026-03-05T09:46:15+00:00\",\"description\":\"Parfaitement adapt\u00e9s pour garder les repas frais ou chauds lors des pique-niques ou des missions scolaires, ils sont id\u00e9als pour les jeunes aventuriers.\",\"breadcrumb\":{\"@id\":\"https:\\\/\\\/bbies.fr\\\/couches-lavables\\\/boutique\\\/sac-isotherme-stella-green-super-fille\\\/#breadcrumb\"},\"inLanguage\":\"fr-FR\",\"potentialAction\":[{\"@type\":\"ReadAction\",\"target\":[\"https:\\\/\\\/bbies.fr\\\/couches-lavables\\\/boutique\\\/sac-isotherme-stella-green-super-fille\\\/\"]}]},{\"@type\":\"ImageObject\",\"inLanguage\":\"fr-FR\",\"@id\":\"https:\\\/\\\/bbies.fr\\\/couches-lavables\\\/boutique\\\/sac-isotherme-stella-green-super-fille\\\/#primaryimage\",\"url\":\"https:\\\/\\\/bbies.fr\\\/couches-lavables\\\/wp-content\\\/uploads\\\/2025\\\/03\\\/65.jpg\",\"contentUrl\":\"https:\\\/\\\/bbies.fr\\\/couches-lavables\\\/wp-content\\\/uploads\\\/2025\\\/03\\\/65.jpg\",\"width\":1080,\"height\":1080},{\"@type\":\"BreadcrumbList\",\"@id\":\"https:\\\/\\\/bbies.fr\\\/couches-lavables\\\/boutique\\\/sac-isotherme-stella-green-super-fille\\\/#breadcrumb\",\"itemListElement\":[{\"@type\":\"ListItem\",\"position\":1,\"name\":\"Accueil\",\"item\":\"https:\\\/\\\/bbies.fr\\\/couches-lavables\\\/\"},{\"@type\":\"ListItem\",\"position\":2,\"name\":\"Boutique Bbies\",\"item\":\"https:\\\/\\\/bbies.fr\\\/couches-lavables\\\/boutique-bbies\\\/\"},{\"@type\":\"ListItem\",\"position\":3,\"name\":\"Sac pique-nique isotherme &#8211; Wonder woman !\"}]},{\"@type\":\"WebSite\",\"@id\":\"https:\\\/\\\/bbies.fr\\\/couches-lavables\\\/#website\",\"url\":\"https:\\\/\\\/bbies.fr\\\/couches-lavables\\\/\",\"name\":\"B'bies, couches lavables et r\u00e9utilisables\",\"description\":\"De la naissance \u00e0 la propret\u00e9\",\"publisher\":{\"@id\":\"https:\\\/\\\/bbies.fr\\\/couches-lavables\\\/#organization\"},\"alternateName\":\"BBIES\",\"potentialAction\":[{\"@type\":\"SearchAction\",\"target\":{\"@type\":\"EntryPoint\",\"urlTemplate\":\"https:\\\/\\\/bbies.fr\\\/couches-lavables\\\/?s={search_term_string}\"},\"query-input\":{\"@type\":\"PropertyValueSpecification\",\"valueRequired\":true,\"valueName\":\"search_term_string\"}}],\"inLanguage\":\"fr-FR\"},{\"@type\":\"Organization\",\"@id\":\"https:\\\/\\\/bbies.fr\\\/couches-lavables\\\/#organization\",\"name\":\"B'bies\",\"url\":\"https:\\\/\\\/bbies.fr\\\/couches-lavables\\\/\",\"logo\":{\"@type\":\"ImageObject\",\"inLanguage\":\"fr-FR\",\"@id\":\"https:\\\/\\\/bbies.fr\\\/couches-lavables\\\/#\\\/schema\\\/logo\\\/image\\\/\",\"url\":\"https:\\\/\\\/bbies.fr\\\/couches-lavables\\\/wp-content\\\/uploads\\\/2019\\\/12\\\/logo-web.jpg\",\"contentUrl\":\"https:\\\/\\\/bbies.fr\\\/couches-lavables\\\/wp-content\\\/uploads\\\/2019\\\/12\\\/logo-web.jpg\",\"width\":364,\"height\":151,\"caption\":\"B'bies\"},\"image\":{\"@id\":\"https:\\\/\\\/bbies.fr\\\/couches-lavables\\\/#\\\/schema\\\/logo\\\/image\\\/\"},\"sameAs\":[\"https:\\\/\\\/www.facebook.com\\\/bbies.fr\\\/\",\"https:\\\/\\\/www.instagram.com\\\/bbies.fr\"]}]}<\/script>\n<!-- \/ Yoast SEO plugin. -->","yoast_head_json":{"title":"Sac pique-nique isotherme - Wonder woman ! | B&#039;bies","description":"Parfaitement adapt\u00e9s pour garder les repas frais ou chauds lors des pique-niques ou des missions scolaires, ils sont id\u00e9als pour les jeunes aventuriers.","robots":{"index":"index","follow":"follow","max-snippet":"max-snippet:-1","max-image-preview":"max-image-preview:large","max-video-preview":"max-video-preview:-1"},"canonical":"https:\/\/bbies.fr\/couches-lavables\/boutique\/sac-isotherme-stella-green-super-fille\/","schema":{"@context":"https:\/\/schema.org","@graph":[{"@type":"WebPage","@id":"https:\/\/bbies.fr\/couches-lavables\/boutique\/sac-isotherme-stella-green-super-fille\/","url":"https:\/\/bbies.fr\/couches-lavables\/boutique\/sac-isotherme-stella-green-super-fille\/","name":"Sac pique-nique isotherme - Wonder woman ! | B&#039;bies","isPartOf":{"@id":"https:\/\/bbies.fr\/couches-lavables\/#website"},"primaryImageOfPage":{"@id":"https:\/\/bbies.fr\/couches-lavables\/boutique\/sac-isotherme-stella-green-super-fille\/#primaryimage"},"image":{"@id":"https:\/\/bbies.fr\/couches-lavables\/boutique\/sac-isotherme-stella-green-super-fille\/#primaryimage"},"thumbnailUrl":"https:\/\/bbies.fr\/couches-lavables\/wp-content\/uploads\/2025\/03\/65.jpg","datePublished":"2025-03-04T10:08:02+00:00","dateModified":"2026-03-05T09:46:15+00:00","description":"Parfaitement adapt\u00e9s pour garder les repas frais ou chauds lors des pique-niques ou des missions scolaires, ils sont id\u00e9als pour les jeunes aventuriers.","breadcrumb":{"@id":"https:\/\/bbies.fr\/couches-lavables\/boutique\/sac-isotherme-stella-green-super-fille\/#breadcrumb"},"inLanguage":"fr-FR","potentialAction":[{"@type":"ReadAction","target":["https:\/\/bbies.fr\/couches-lavables\/boutique\/sac-isotherme-stella-green-super-fille\/"]}]},{"@type":"ImageObject","inLanguage":"fr-FR","@id":"https:\/\/bbies.fr\/couches-lavables\/boutique\/sac-isotherme-stella-green-super-fille\/#primaryimage","url":"https:\/\/bbies.fr\/couches-lavables\/wp-content\/uploads\/2025\/03\/65.jpg","contentUrl":"https:\/\/bbies.fr\/couches-lavables\/wp-content\/uploads\/2025\/03\/65.jpg","width":1080,"height":1080},{"@type":"BreadcrumbList","@id":"https:\/\/bbies.fr\/couches-lavables\/boutique\/sac-isotherme-stella-green-super-fille\/#breadcrumb","itemListElement":[{"@type":"ListItem","position":1,"name":"Accueil","item":"https:\/\/bbies.fr\/couches-lavables\/"},{"@type":"ListItem","position":2,"name":"Boutique Bbies","item":"https:\/\/bbies.fr\/couches-lavables\/boutique-bbies\/"},{"@type":"ListItem","position":3,"name":"Sac pique-nique isotherme &#8211; Wonder woman !"}]},{"@type":"WebSite","@id":"https:\/\/bbies.fr\/couches-lavables\/#website","url":"https:\/\/bbies.fr\/couches-lavables\/","name":"B'bies, couches lavables et r\u00e9utilisables","description":"De la naissance \u00e0 la propret\u00e9","publisher":{"@id":"https:\/\/bbies.fr\/couches-lavables\/#organization"},"alternateName":"BBIES","potentialAction":[{"@type":"SearchAction","target":{"@type":"EntryPoint","urlTemplate":"https:\/\/bbies.fr\/couches-lavables\/?s={search_term_string}"},"query-input":{"@type":"PropertyValueSpecification","valueRequired":true,"valueName":"search_term_string"}}],"inLanguage":"fr-FR"},{"@type":"Organization","@id":"https:\/\/bbies.fr\/couches-lavables\/#organization","name":"B'bies","url":"https:\/\/bbies.fr\/couches-lavables\/","logo":{"@type":"ImageObject","inLanguage":"fr-FR","@id":"https:\/\/bbies.fr\/couches-lavables\/#\/schema\/logo\/image\/","url":"https:\/\/bbies.fr\/couches-lavables\/wp-content\/uploads\/2019\/12\/logo-web.jpg","contentUrl":"https:\/\/bbies.fr\/couches-lavables\/wp-content\/uploads\/2019\/12\/logo-web.jpg","width":364,"height":151,"caption":"B'bies"},"image":{"@id":"https:\/\/bbies.fr\/couches-lavables\/#\/schema\/logo\/image\/"},"sameAs":["https:\/\/www.facebook.com\/bbies.fr\/","https:\/\/www.instagram.com\/bbies.fr"]}]}},"_links":{"self":[{"href":"https:\/\/bbies.fr\/couches-lavables\/wp-json\/wp\/v2\/product\/1717792","targetHints":{"allow":["GET"]}}],"collection":[{"href":"https:\/\/bbies.fr\/couches-lavables\/wp-json\/wp\/v2\/product"}],"about":[{"href":"https:\/\/bbies.fr\/couches-lavables\/wp-json\/wp\/v2\/types\/product"}],"replies":[{"embeddable":true,"href":"https:\/\/bbies.fr\/couches-lavables\/wp-json\/wp\/v2\/comments?post=1717792"}],"wp:featuredmedia":[{"embeddable":true,"href":"https:\/\/bbies.fr\/couches-lavables\/wp-json\/wp\/v2\/media\/1717880"}],"wp:attachment":[{"href":"https:\/\/bbies.fr\/couches-lavables\/wp-json\/wp\/v2\/media?parent=1717792"}],"wp:term":[{"taxonomy":"product_brand","embeddable":true,"href":"https:\/\/bbies.fr\/couches-lavables\/wp-json\/wp\/v2\/product_brand?post=1717792"},{"taxonomy":"product_cat","embeddable":true,"href":"https:\/\/bbies.fr\/couches-lavables\/wp-json\/wp\/v2\/product_cat?post=1717792"},{"taxonomy":"product_tag","embeddable":true,"href":"https:\/\/bbies.fr\/couches-lavables\/wp-json\/wp\/v2\/product_tag?post=1717792"}],"curies":[{"name":"wp","href":"https:\/\/api.w.org\/{rel}","templated":true}]}}