{"id":1718036,"date":"2024-03-10T16:24:28","date_gmt":"2024-03-10T15:24:28","guid":{"rendered":"https:\/\/bbies.fr\/couches-lavables\/?post_type=product&#038;p=1718036"},"modified":"2026-02-15T12:36:50","modified_gmt":"2026-02-15T11:36:50","slug":"composteur-de-cuisine-bokashi-10l-seau-a-compost-zero-odeur-500g-activateur","status":"publish","type":"product","link":"https:\/\/bbies.fr\/couches-lavables\/boutique\/composteur-de-cuisine-bokashi-10l-seau-a-compost-zero-odeur-500g-activateur\/","title":{"rendered":"Composteur de cuisine Bokashi 10L &#8211; Seau \u00e0 compost Z\u00e9ro Odeur + 500g activateur"},"content":{"rendered":"<h2 data-start=\"0\" data-end=\"151\">Pourquoi utiliser un bokashi dans sa cuisine ?<\/h2>\n<ol data-start=\"153\" data-end=\"1516\">\n<li data-start=\"153\" data-end=\"418\">\n<p data-start=\"156\" data-end=\"418\"><strong data-start=\"156\" data-end=\"181\">Compostage sans odeur<\/strong> : Contrairement aux composteurs traditionnels, le Bokashi utilise un proc\u00e9d\u00e9 de fermentation qui \u00e9vite les mauvaises odeurs. Vous pouvez ainsi composter vos d\u00e9chets alimentaires directement dans votre cuisine sans g\u00eaner votre quotidien.<\/p>\n<\/li>\n<li data-start=\"420\" data-end=\"690\">\n<p data-start=\"423\" data-end=\"690\"><strong data-start=\"423\" data-end=\"448\">R\u00e9duction des d\u00e9chets<\/strong> : En utilisant un Bokashi, vous transformez vos restes de repas, \u00e9pluchures et autres d\u00e9chets alimentaires en compost, r\u00e9duisant ainsi la quantit\u00e9 de d\u00e9chets envoy\u00e9s \u00e0 la poubelle et contribuant \u00e0 une gestion plus responsable des ressources.<\/p>\n<\/li>\n<li data-start=\"692\" data-end=\"974\">\n<p data-start=\"695\" data-end=\"974\"><strong data-start=\"695\" data-end=\"731\">Engrais naturel pour vos plantes<\/strong> : Le compost produit par le Bokashi, une fois bien m\u00fbri, est un engrais riche et nutritif pour votre jardin, vos plantes d&rsquo;int\u00e9rieur ou votre potager. Vous obtenez ainsi un produit de qualit\u00e9 sans avoir besoin d&rsquo;acheter des engrais chimiques.<\/p>\n<\/li>\n<li data-start=\"976\" data-end=\"1223\">\n<p data-start=\"979\" data-end=\"1223\"><strong data-start=\"979\" data-end=\"1004\">Praticit\u00e9 et facilit\u00e9<\/strong> : Ce composteur est simple \u00e0 utiliser et \u00e0 entretenir, ce qui en fait une solution id\u00e9ale m\u00eame pour les d\u00e9butants. Il s\u2019adapte \u00e0 tous les espaces, m\u00eame les plus petits, comme les cuisines d\u2019appartements ou les balcons.<\/p>\n<\/li>\n<li data-start=\"1225\" data-end=\"1516\">\n<p data-start=\"1228\" data-end=\"1516\"><strong data-start=\"1228\" data-end=\"1256\">\u00c9cologique et \u00e9conomique<\/strong> : En utilisant un Bokashi, vous faites un geste pour l\u2019environnement en r\u00e9duisant votre empreinte \u00e9cologique et en vous inscrivant dans une d\u00e9marche z\u00e9ro d\u00e9chet. De plus, vous \u00e9conomisez sur l&rsquo;achat d&rsquo;engrais chimiques en cr\u00e9ant le v\u00f4tre de mani\u00e8re naturelle.<\/p>\n<\/li>\n<\/ol>\n<p data-start=\"1518\" data-end=\"1718\" data-is-last-node=\"\" data-is-only-node=\"\">En r\u00e9sum\u00e9, un Bokashi dans votre cuisine est un moyen efficace de composter, de r\u00e9duire vos d\u00e9chets, d\u2019am\u00e9liorer la sant\u00e9 de vos plantes et de participer activement \u00e0 la protection de l\u2019environnement.<\/p>\n<p data-start=\"1518\" data-end=\"1718\" data-is-last-node=\"\" data-is-only-node=\"\"><img loading=\"lazy\" decoding=\"async\" class=\"alignnone size-medium wp-image-11683\" src=\"https:\/\/www.ecologiq.fr\/wp-content\/uploads\/2025\/03\/Bokashi-jus-plante-297x300.webp\" alt=\"\" width=\"297\" height=\"300\" \/><\/p>\n<h2 data-start=\"1518\" data-end=\"1718\">Qu&rsquo;est ce que je peux jeter ou pas dans mon composteur ?<\/h2>\n<p data-start=\"1518\" data-end=\"1718\" data-is-last-node=\"\" data-is-only-node=\"\"><strong>D\u00e9chets autoris\u00e9s<\/strong> : Fruits, l\u00e9gumes ainsi que leurs peaux, nourritures pr\u00e9par\u00e9es, viandes et poissons (cuit(e)s ou cru(e)s), \u0153ufs, yaourts, fromages, pain, os, marc de caf\u00e9, sachets de th\u00e9, fleurs, mouchoirs en papier (en petite quantit\u00e9).<\/p>\n<p data-start=\"1518\" data-end=\"1718\" data-is-last-node=\"\" data-is-only-node=\"\"><strong>D\u00e9chets interdits<\/strong> : Vinaigre, jus, sauces, huile et eau, les gros os, les cendres, les excr\u00e9ments d&rsquo;animaux, le papier, le carton, le plastique, le verre, le m\u00e9tal, les m\u00e9dicaments, les produits chimiques, les plantes malades.<\/p>\n<h2 data-start=\"1518\" data-end=\"1718\">Que contient mon kit ?<\/h2>\n<p>1 r\u00e9cipient de 10L, 1 couvercle herm\u00e9tique, 1 filtre, 1 bouchon, 1 gobelet et 1 mini pelle + 500g activateur de compost<\/p>\n<p><a href=\"https:\/\/bbies.fr\/couches-lavables\/wp-content\/uploads\/2025\/03\/CECOA-01-Seau-compost-cuisine-Bokashi-05.webp\"><img loading=\"lazy\" decoding=\"async\" class=\"alignnone size-full wp-image-1718045\" src=\"https:\/\/bbies.fr\/couches-lavables\/wp-content\/uploads\/2025\/03\/CECOA-01-Seau-compost-cuisine-Bokashi-05.webp\" alt=\"\" width=\"500\" height=\"500\" srcset=\"https:\/\/bbies.fr\/couches-lavables\/wp-content\/uploads\/2025\/03\/CECOA-01-Seau-compost-cuisine-Bokashi-05.webp 500w, https:\/\/bbies.fr\/couches-lavables\/wp-content\/uploads\/2025\/03\/CECOA-01-Seau-compost-cuisine-Bokashi-05-480x480.webp 480w\" sizes=\"(min-width: 0px) and (max-width: 480px) 480px, (min-width: 481px) 500px, 100vw\" \/><\/a><\/p>\n<hr \/>\n<h3 data-start=\"1518\" data-end=\"1718\">Caract\u00e9ristiques<\/h3>\n<p data-start=\"1518\" data-end=\"1718\" data-is-last-node=\"\" data-is-only-node=\"\"><span class=\"a-size-base po-break-word\">Dimensions : 24L x 24l x 30H centim\u00e8tres<\/span><\/p>\n<p data-start=\"1518\" data-end=\"1718\" data-is-last-node=\"\" data-is-only-node=\"\">Capacit\u00e9 : 10L<\/p>\n<p data-start=\"1518\" data-end=\"1718\" data-is-last-node=\"\" data-is-only-node=\"\">Mati\u00e8re : <span class=\"a-size-base po-break-word\">Polypropyl\u00e8ne<\/span><\/p>\n","protected":false},"excerpt":{"rendered":"<p>D\u00e9couvrez une solution innovante pour un compostage facile, propre et sans odeur avec le composteur de cuisine Bokashi.<\/p>\n<p>Con\u00e7u pour transformer vos d\u00e9chets alimentaires (\u00e9pluchures, restes de repas, etc.) en un engrais naturel et puissant, ce composteur vous aide \u00e0 adopter une d\u00e9marche z\u00e9ro d\u00e9chet tout en pr\u00e9servant l\u2019environnement.<\/p>\n<p>Gr\u00e2ce \u00e0 son design astucieux et sa technologie de fermentation \u00e0 base de micro-organismes efficaces, il convient aussi bien \u00e0 l&rsquo;int\u00e9rieur qu&rsquo;\u00e0 l&rsquo;ext\u00e9rieur, pour tous les types d&rsquo;espaces : appartement, maison, jardin ou balcon.<\/p>\n<p>Facile \u00e0 utiliser et \u00e0 entretenir, il est id\u00e9al pour les d\u00e9butants comme pour les jardiniers exp\u00e9riment\u00e9s, vous permettant de r\u00e9duire vos d\u00e9chets organiques tout en nourrissant vos plantes et votre potager de mani\u00e8re durable.<\/p>\n<p>Ce bokashi est fourni avec un sachet de 500g d&rsquo;activateur de compost. (non obligatoire). L&rsquo; activateur permet d&rsquo;acc\u00e9l\u00e9ration du processus de fermentation et emp\u00eache la pourriture des d\u00e9chets.<\/p>\n<p>&nbsp;<\/p>\n<ul>\n<li>Compostage facile et sans odeur<\/li>\n<li>Faites vos engrais \u00e0 partir de vos d\u00e9chets<\/li>\n<li>Compact et herm\u00e9tique<\/li>\n<li>Se fera discret et esth\u00e9tique dans votre int\u00e9rieur<\/li>\n<li>Livr\u00e9 avec 500g d&rsquo;activateur organique<\/li>\n<li>Capacit\u00e9 10 L<\/li>\n<\/ul>\n","protected":false},"featured_media":1718044,"comment_status":"closed","ping_status":"closed","template":"","meta":{"_acf_changed":false,"_et_pb_use_builder":"","_et_pb_old_content":"","_et_gb_content_width":""},"product_brand":[1196],"product_cat":[71,1194,66],"product_tag":[],"class_list":{"0":"post-1718036","1":"product","2":"type-product","3":"status-publish","4":"has-post-thumbnail","6":"product_brand-cecoa","7":"product_cat-cuisine","8":"product_cat-tri-et-compost","9":"product_cat-zero-dechet","11":"first","12":"instock","13":"sale","14":"taxable","15":"shipping-taxable","16":"purchasable","17":"product-type-variable"},"bundled_by":[],"bundle_stock_status":"instock","bundle_stock_quantity":null,"bundle_virtual":false,"bundle_layout":"","bundle_add_to_cart_form_location":"","bundle_editable_in_cart":false,"bundle_sold_individually_context":"","bundle_item_grouping":"","bundle_min_size":"","bundle_max_size":"","bundle_price":[],"bundled_items":[],"bundle_sell_ids":[],"acf":[],"yoast_head":"<!-- This site is optimized with the Yoast SEO plugin v27.4 - https:\/\/yoast.com\/product\/yoast-seo-wordpress\/ -->\n<title>Composteur de cuisine Bokashi 10L - Seau \u00e0 compost Z\u00e9ro Odeur + 500g activateur | B&#039;bies<\/title>\n<meta name=\"description\" content=\"D\u00e9couvrez une solution innovante pour un compostage facile, propre et sans odeur avec le composteur de cuisine Bokashi.  Con\u00e7u pour transformer vos d\u00e9chets alimentaires (\u00e9pluchures, restes de repas, etc.) en un engrais naturel et puissant, ce composteur vous aide \u00e0 adopter une d\u00e9marche z\u00e9ro d\u00e9chet tout en pr\u00e9servant l\u2019environnement.  Gr\u00e2ce \u00e0 son design astucieux et sa technologie de fermentation \u00e0 base de micro-organismes efficaces, il convient aussi bien \u00e0 l&#039;int\u00e9rieur qu&#039;\u00e0 l&#039;ext\u00e9rieur, pour tous les types d&#039;espaces : appartement, maison, jardin ou balcon.  Facile \u00e0 utiliser et \u00e0 entretenir, il est id\u00e9al pour les d\u00e9butants comme pour les jardiniers exp\u00e9riment\u00e9s, vous permettant de r\u00e9duire vos d\u00e9chets organiques tout en nourrissant vos plantes et votre potager de mani\u00e8re durable.  Ce bokashi est fourni avec un sachet de 500g d&#039;activateur de compost. (non obligatoire). L&#039; activateur permet d&#039;acc\u00e9l\u00e9ration du processus de fermentation et emp\u00eache la pourriture des d\u00e9chets.  &nbsp;   Compostage facile et sans odeur  Faites vos engrais \u00e0 partir de vos d\u00e9chets  Compact et herm\u00e9tique  Se fera discret et esth\u00e9tique dans votre int\u00e9rieur  Livr\u00e9 avec 500g d&#039;activateur organique  Capacit\u00e9 10 L\" \/>\n<meta name=\"robots\" content=\"index, follow, max-snippet:-1, max-image-preview:large, max-video-preview:-1\" \/>\n<link rel=\"canonical\" href=\"https:\/\/bbies.fr\/couches-lavables\/boutique\/composteur-de-cuisine-bokashi-10l-seau-a-compost-zero-odeur-500g-activateur\/\" \/>\n<script type=\"application\/ld+json\" class=\"yoast-schema-graph\">{\"@context\":\"https:\\\/\\\/schema.org\",\"@graph\":[{\"@type\":\"WebPage\",\"@id\":\"https:\\\/\\\/bbies.fr\\\/couches-lavables\\\/boutique\\\/composteur-de-cuisine-bokashi-10l-seau-a-compost-zero-odeur-500g-activateur\\\/\",\"url\":\"https:\\\/\\\/bbies.fr\\\/couches-lavables\\\/boutique\\\/composteur-de-cuisine-bokashi-10l-seau-a-compost-zero-odeur-500g-activateur\\\/\",\"name\":\"Composteur de cuisine Bokashi 10L - Seau \u00e0 compost Z\u00e9ro Odeur + 500g activateur | B&#039;bies\",\"isPartOf\":{\"@id\":\"https:\\\/\\\/bbies.fr\\\/couches-lavables\\\/#website\"},\"primaryImageOfPage\":{\"@id\":\"https:\\\/\\\/bbies.fr\\\/couches-lavables\\\/boutique\\\/composteur-de-cuisine-bokashi-10l-seau-a-compost-zero-odeur-500g-activateur\\\/#primaryimage\"},\"image\":{\"@id\":\"https:\\\/\\\/bbies.fr\\\/couches-lavables\\\/boutique\\\/composteur-de-cuisine-bokashi-10l-seau-a-compost-zero-odeur-500g-activateur\\\/#primaryimage\"},\"thumbnailUrl\":\"https:\\\/\\\/bbies.fr\\\/couches-lavables\\\/wp-content\\\/uploads\\\/2025\\\/03\\\/CECOA-01-Seau-compost-cuisine-Bokashi-04.webp\",\"datePublished\":\"2024-03-10T15:24:28+00:00\",\"dateModified\":\"2026-02-15T11:36:50+00:00\",\"description\":\"D\u00e9couvrez une solution innovante pour un compostage facile, propre et sans odeur avec le composteur de cuisine Bokashi. Con\u00e7u pour transformer vos d\u00e9chets alimentaires (\u00e9pluchures, restes de repas, etc.) en un engrais naturel et puissant, ce composteur vous aide \u00e0 adopter une d\u00e9marche z\u00e9ro d\u00e9chet tout en pr\u00e9servant l\u2019environnement. Gr\u00e2ce \u00e0 son design astucieux et sa technologie de fermentation \u00e0 base de micro-organismes efficaces, il convient aussi bien \u00e0 l'int\u00e9rieur qu'\u00e0 l'ext\u00e9rieur, pour tous les types d'espaces : appartement, maison, jardin ou balcon. Facile \u00e0 utiliser et \u00e0 entretenir, il est id\u00e9al pour les d\u00e9butants comme pour les jardiniers exp\u00e9riment\u00e9s, vous permettant de r\u00e9duire vos d\u00e9chets organiques tout en nourrissant vos plantes et votre potager de mani\u00e8re durable. Ce bokashi est fourni avec un sachet de 500g d'activateur de compost. (non obligatoire). L' activateur permet d'acc\u00e9l\u00e9ration du processus de fermentation et emp\u00eache la pourriture des d\u00e9chets. &nbsp; Compostage facile et sans odeur Faites vos engrais \u00e0 partir de vos d\u00e9chets Compact et herm\u00e9tique Se fera discret et esth\u00e9tique dans votre int\u00e9rieur Livr\u00e9 avec 500g d'activateur organique Capacit\u00e9 10 L\",\"breadcrumb\":{\"@id\":\"https:\\\/\\\/bbies.fr\\\/couches-lavables\\\/boutique\\\/composteur-de-cuisine-bokashi-10l-seau-a-compost-zero-odeur-500g-activateur\\\/#breadcrumb\"},\"inLanguage\":\"fr-FR\",\"potentialAction\":[{\"@type\":\"ReadAction\",\"target\":[\"https:\\\/\\\/bbies.fr\\\/couches-lavables\\\/boutique\\\/composteur-de-cuisine-bokashi-10l-seau-a-compost-zero-odeur-500g-activateur\\\/\"]}]},{\"@type\":\"ImageObject\",\"inLanguage\":\"fr-FR\",\"@id\":\"https:\\\/\\\/bbies.fr\\\/couches-lavables\\\/boutique\\\/composteur-de-cuisine-bokashi-10l-seau-a-compost-zero-odeur-500g-activateur\\\/#primaryimage\",\"url\":\"https:\\\/\\\/bbies.fr\\\/couches-lavables\\\/wp-content\\\/uploads\\\/2025\\\/03\\\/CECOA-01-Seau-compost-cuisine-Bokashi-04.webp\",\"contentUrl\":\"https:\\\/\\\/bbies.fr\\\/couches-lavables\\\/wp-content\\\/uploads\\\/2025\\\/03\\\/CECOA-01-Seau-compost-cuisine-Bokashi-04.webp\",\"width\":500,\"height\":500},{\"@type\":\"BreadcrumbList\",\"@id\":\"https:\\\/\\\/bbies.fr\\\/couches-lavables\\\/boutique\\\/composteur-de-cuisine-bokashi-10l-seau-a-compost-zero-odeur-500g-activateur\\\/#breadcrumb\",\"itemListElement\":[{\"@type\":\"ListItem\",\"position\":1,\"name\":\"Accueil\",\"item\":\"https:\\\/\\\/bbies.fr\\\/couches-lavables\\\/\"},{\"@type\":\"ListItem\",\"position\":2,\"name\":\"Boutique Bbies\",\"item\":\"https:\\\/\\\/bbies.fr\\\/couches-lavables\\\/boutique-bbies\\\/\"},{\"@type\":\"ListItem\",\"position\":3,\"name\":\"Composteur de cuisine Bokashi 10L &#8211; Seau \u00e0 compost Z\u00e9ro Odeur + 500g activateur\"}]},{\"@type\":\"WebSite\",\"@id\":\"https:\\\/\\\/bbies.fr\\\/couches-lavables\\\/#website\",\"url\":\"https:\\\/\\\/bbies.fr\\\/couches-lavables\\\/\",\"name\":\"B'bies, couches lavables et r\u00e9utilisables\",\"description\":\"De la naissance \u00e0 la propret\u00e9\",\"publisher\":{\"@id\":\"https:\\\/\\\/bbies.fr\\\/couches-lavables\\\/#organization\"},\"alternateName\":\"BBIES\",\"potentialAction\":[{\"@type\":\"SearchAction\",\"target\":{\"@type\":\"EntryPoint\",\"urlTemplate\":\"https:\\\/\\\/bbies.fr\\\/couches-lavables\\\/?s={search_term_string}\"},\"query-input\":{\"@type\":\"PropertyValueSpecification\",\"valueRequired\":true,\"valueName\":\"search_term_string\"}}],\"inLanguage\":\"fr-FR\"},{\"@type\":\"Organization\",\"@id\":\"https:\\\/\\\/bbies.fr\\\/couches-lavables\\\/#organization\",\"name\":\"B'bies\",\"url\":\"https:\\\/\\\/bbies.fr\\\/couches-lavables\\\/\",\"logo\":{\"@type\":\"ImageObject\",\"inLanguage\":\"fr-FR\",\"@id\":\"https:\\\/\\\/bbies.fr\\\/couches-lavables\\\/#\\\/schema\\\/logo\\\/image\\\/\",\"url\":\"https:\\\/\\\/bbies.fr\\\/couches-lavables\\\/wp-content\\\/uploads\\\/2019\\\/12\\\/logo-web.jpg\",\"contentUrl\":\"https:\\\/\\\/bbies.fr\\\/couches-lavables\\\/wp-content\\\/uploads\\\/2019\\\/12\\\/logo-web.jpg\",\"width\":364,\"height\":151,\"caption\":\"B'bies\"},\"image\":{\"@id\":\"https:\\\/\\\/bbies.fr\\\/couches-lavables\\\/#\\\/schema\\\/logo\\\/image\\\/\"},\"sameAs\":[\"https:\\\/\\\/www.facebook.com\\\/bbies.fr\\\/\",\"https:\\\/\\\/www.instagram.com\\\/bbies.fr\"]}]}<\/script>\n<!-- \/ Yoast SEO plugin. -->","yoast_head_json":{"title":"Composteur de cuisine Bokashi 10L - Seau \u00e0 compost Z\u00e9ro Odeur + 500g activateur | B&#039;bies","description":"D\u00e9couvrez une solution innovante pour un compostage facile, propre et sans odeur avec le composteur de cuisine Bokashi.  Con\u00e7u pour transformer vos d\u00e9chets alimentaires (\u00e9pluchures, restes de repas, etc.) en un engrais naturel et puissant, ce composteur vous aide \u00e0 adopter une d\u00e9marche z\u00e9ro d\u00e9chet tout en pr\u00e9servant l\u2019environnement.  Gr\u00e2ce \u00e0 son design astucieux et sa technologie de fermentation \u00e0 base de micro-organismes efficaces, il convient aussi bien \u00e0 l'int\u00e9rieur qu'\u00e0 l'ext\u00e9rieur, pour tous les types d'espaces : appartement, maison, jardin ou balcon.  Facile \u00e0 utiliser et \u00e0 entretenir, il est id\u00e9al pour les d\u00e9butants comme pour les jardiniers exp\u00e9riment\u00e9s, vous permettant de r\u00e9duire vos d\u00e9chets organiques tout en nourrissant vos plantes et votre potager de mani\u00e8re durable.  Ce bokashi est fourni avec un sachet de 500g d'activateur de compost. (non obligatoire). L' activateur permet d'acc\u00e9l\u00e9ration du processus de fermentation et emp\u00eache la pourriture des d\u00e9chets.  &nbsp;   Compostage facile et sans odeur  Faites vos engrais \u00e0 partir de vos d\u00e9chets  Compact et herm\u00e9tique  Se fera discret et esth\u00e9tique dans votre int\u00e9rieur  Livr\u00e9 avec 500g d'activateur organique  Capacit\u00e9 10 L","robots":{"index":"index","follow":"follow","max-snippet":"max-snippet:-1","max-image-preview":"max-image-preview:large","max-video-preview":"max-video-preview:-1"},"canonical":"https:\/\/bbies.fr\/couches-lavables\/boutique\/composteur-de-cuisine-bokashi-10l-seau-a-compost-zero-odeur-500g-activateur\/","schema":{"@context":"https:\/\/schema.org","@graph":[{"@type":"WebPage","@id":"https:\/\/bbies.fr\/couches-lavables\/boutique\/composteur-de-cuisine-bokashi-10l-seau-a-compost-zero-odeur-500g-activateur\/","url":"https:\/\/bbies.fr\/couches-lavables\/boutique\/composteur-de-cuisine-bokashi-10l-seau-a-compost-zero-odeur-500g-activateur\/","name":"Composteur de cuisine Bokashi 10L - Seau \u00e0 compost Z\u00e9ro Odeur + 500g activateur | B&#039;bies","isPartOf":{"@id":"https:\/\/bbies.fr\/couches-lavables\/#website"},"primaryImageOfPage":{"@id":"https:\/\/bbies.fr\/couches-lavables\/boutique\/composteur-de-cuisine-bokashi-10l-seau-a-compost-zero-odeur-500g-activateur\/#primaryimage"},"image":{"@id":"https:\/\/bbies.fr\/couches-lavables\/boutique\/composteur-de-cuisine-bokashi-10l-seau-a-compost-zero-odeur-500g-activateur\/#primaryimage"},"thumbnailUrl":"https:\/\/bbies.fr\/couches-lavables\/wp-content\/uploads\/2025\/03\/CECOA-01-Seau-compost-cuisine-Bokashi-04.webp","datePublished":"2024-03-10T15:24:28+00:00","dateModified":"2026-02-15T11:36:50+00:00","description":"D\u00e9couvrez une solution innovante pour un compostage facile, propre et sans odeur avec le composteur de cuisine Bokashi. Con\u00e7u pour transformer vos d\u00e9chets alimentaires (\u00e9pluchures, restes de repas, etc.) en un engrais naturel et puissant, ce composteur vous aide \u00e0 adopter une d\u00e9marche z\u00e9ro d\u00e9chet tout en pr\u00e9servant l\u2019environnement. Gr\u00e2ce \u00e0 son design astucieux et sa technologie de fermentation \u00e0 base de micro-organismes efficaces, il convient aussi bien \u00e0 l'int\u00e9rieur qu'\u00e0 l'ext\u00e9rieur, pour tous les types d'espaces : appartement, maison, jardin ou balcon. Facile \u00e0 utiliser et \u00e0 entretenir, il est id\u00e9al pour les d\u00e9butants comme pour les jardiniers exp\u00e9riment\u00e9s, vous permettant de r\u00e9duire vos d\u00e9chets organiques tout en nourrissant vos plantes et votre potager de mani\u00e8re durable. Ce bokashi est fourni avec un sachet de 500g d'activateur de compost. (non obligatoire). L' activateur permet d'acc\u00e9l\u00e9ration du processus de fermentation et emp\u00eache la pourriture des d\u00e9chets. &nbsp; Compostage facile et sans odeur Faites vos engrais \u00e0 partir de vos d\u00e9chets Compact et herm\u00e9tique Se fera discret et esth\u00e9tique dans votre int\u00e9rieur Livr\u00e9 avec 500g d'activateur organique Capacit\u00e9 10 L","breadcrumb":{"@id":"https:\/\/bbies.fr\/couches-lavables\/boutique\/composteur-de-cuisine-bokashi-10l-seau-a-compost-zero-odeur-500g-activateur\/#breadcrumb"},"inLanguage":"fr-FR","potentialAction":[{"@type":"ReadAction","target":["https:\/\/bbies.fr\/couches-lavables\/boutique\/composteur-de-cuisine-bokashi-10l-seau-a-compost-zero-odeur-500g-activateur\/"]}]},{"@type":"ImageObject","inLanguage":"fr-FR","@id":"https:\/\/bbies.fr\/couches-lavables\/boutique\/composteur-de-cuisine-bokashi-10l-seau-a-compost-zero-odeur-500g-activateur\/#primaryimage","url":"https:\/\/bbies.fr\/couches-lavables\/wp-content\/uploads\/2025\/03\/CECOA-01-Seau-compost-cuisine-Bokashi-04.webp","contentUrl":"https:\/\/bbies.fr\/couches-lavables\/wp-content\/uploads\/2025\/03\/CECOA-01-Seau-compost-cuisine-Bokashi-04.webp","width":500,"height":500},{"@type":"BreadcrumbList","@id":"https:\/\/bbies.fr\/couches-lavables\/boutique\/composteur-de-cuisine-bokashi-10l-seau-a-compost-zero-odeur-500g-activateur\/#breadcrumb","itemListElement":[{"@type":"ListItem","position":1,"name":"Accueil","item":"https:\/\/bbies.fr\/couches-lavables\/"},{"@type":"ListItem","position":2,"name":"Boutique Bbies","item":"https:\/\/bbies.fr\/couches-lavables\/boutique-bbies\/"},{"@type":"ListItem","position":3,"name":"Composteur de cuisine Bokashi 10L &#8211; Seau \u00e0 compost Z\u00e9ro Odeur + 500g activateur"}]},{"@type":"WebSite","@id":"https:\/\/bbies.fr\/couches-lavables\/#website","url":"https:\/\/bbies.fr\/couches-lavables\/","name":"B'bies, couches lavables et r\u00e9utilisables","description":"De la naissance \u00e0 la propret\u00e9","publisher":{"@id":"https:\/\/bbies.fr\/couches-lavables\/#organization"},"alternateName":"BBIES","potentialAction":[{"@type":"SearchAction","target":{"@type":"EntryPoint","urlTemplate":"https:\/\/bbies.fr\/couches-lavables\/?s={search_term_string}"},"query-input":{"@type":"PropertyValueSpecification","valueRequired":true,"valueName":"search_term_string"}}],"inLanguage":"fr-FR"},{"@type":"Organization","@id":"https:\/\/bbies.fr\/couches-lavables\/#organization","name":"B'bies","url":"https:\/\/bbies.fr\/couches-lavables\/","logo":{"@type":"ImageObject","inLanguage":"fr-FR","@id":"https:\/\/bbies.fr\/couches-lavables\/#\/schema\/logo\/image\/","url":"https:\/\/bbies.fr\/couches-lavables\/wp-content\/uploads\/2019\/12\/logo-web.jpg","contentUrl":"https:\/\/bbies.fr\/couches-lavables\/wp-content\/uploads\/2019\/12\/logo-web.jpg","width":364,"height":151,"caption":"B'bies"},"image":{"@id":"https:\/\/bbies.fr\/couches-lavables\/#\/schema\/logo\/image\/"},"sameAs":["https:\/\/www.facebook.com\/bbies.fr\/","https:\/\/www.instagram.com\/bbies.fr"]}]}},"_links":{"self":[{"href":"https:\/\/bbies.fr\/couches-lavables\/wp-json\/wp\/v2\/product\/1718036","targetHints":{"allow":["GET"]}}],"collection":[{"href":"https:\/\/bbies.fr\/couches-lavables\/wp-json\/wp\/v2\/product"}],"about":[{"href":"https:\/\/bbies.fr\/couches-lavables\/wp-json\/wp\/v2\/types\/product"}],"replies":[{"embeddable":true,"href":"https:\/\/bbies.fr\/couches-lavables\/wp-json\/wp\/v2\/comments?post=1718036"}],"wp:featuredmedia":[{"embeddable":true,"href":"https:\/\/bbies.fr\/couches-lavables\/wp-json\/wp\/v2\/media\/1718044"}],"wp:attachment":[{"href":"https:\/\/bbies.fr\/couches-lavables\/wp-json\/wp\/v2\/media?parent=1718036"}],"wp:term":[{"taxonomy":"product_brand","embeddable":true,"href":"https:\/\/bbies.fr\/couches-lavables\/wp-json\/wp\/v2\/product_brand?post=1718036"},{"taxonomy":"product_cat","embeddable":true,"href":"https:\/\/bbies.fr\/couches-lavables\/wp-json\/wp\/v2\/product_cat?post=1718036"},{"taxonomy":"product_tag","embeddable":true,"href":"https:\/\/bbies.fr\/couches-lavables\/wp-json\/wp\/v2\/product_tag?post=1718036"}],"curies":[{"name":"wp","href":"https:\/\/api.w.org\/{rel}","templated":true}]}}