{"id":1719684,"date":"2025-04-28T16:45:13","date_gmt":"2025-04-28T14:45:13","guid":{"rendered":"https:\/\/bbies.fr\/couches-lavables\/?post_type=product&#038;p=1719684"},"modified":"2025-12-08T14:11:13","modified_gmt":"2025-12-08T13:11:13","slug":"sac-et-gourde-isotherme-super-heros-heroines","status":"publish","type":"product","link":"https:\/\/bbies.fr\/couches-lavables\/boutique\/sac-et-gourde-isotherme-super-heros-heroines\/","title":{"rendered":"KIT Sac + gourde isotherme -Super-h\u00e9ros-h\u00e9ro\u00efnes"},"content":{"rendered":"<p>[et_pb_section fb_built=\u00a0\u00bb1&Prime; _builder_version=\u00a0\u00bb4.17.4&Prime; _module_preset=\u00a0\u00bbdefault\u00a0\u00bb global_colors_info=\u00a0\u00bb{}\u00a0\u00bb][\/et_pb_section]<\/p>\n","protected":false},"excerpt":{"rendered":"<div class=\"elementor-element elementor-element-3f9d788 elementor-widget elementor-widget-product-description-short elementor-widget-text-editor\" data-id=\"3f9d788\" data-element_type=\"widget\" data-widget_type=\"product-description-short.default\">\n<div class=\"elementor-widget-container\">\n<div class=\"ce-product-description-short\">\n<p data-start=\"80\" data-end=\"553\"><strong data-start=\"80\" data-end=\"138\">Pack Super-h\u00e9ros Stella Green : sac isotherme + gourde<\/strong><br data-start=\"138\" data-end=\"141\" \/>Pratique et r\u00e9sistant, le pack Super-h\u00e9ros de Stella Green est id\u00e9al pour accompagner les repas de vos enfants \u00e0 l&rsquo;\u00e9cole, en sortie ou \u00e0 la plage !<br data-start=\"288\" data-end=\"291\" \/>Le sac isotherme garde les aliments frais gr\u00e2ce \u00e0 son isolant, et se transporte facilement avec ses deux anses et sa poche avant zipp\u00e9e. La gourde assortie, en acier inoxydable sans BPA, conserve les boissons fra\u00eeches ou chaudes tout au long de leurs aventures !<\/p>\n<ul data-start=\"555\" data-end=\"678\">\n<li class=\"\" data-start=\"555\" data-end=\"605\">\n<p class=\"\" data-start=\"557\" data-end=\"605\">Sac : fermeture zipp\u00e9e, 2 anses, 1 poche avant<\/p>\n<\/li>\n<li class=\"\" data-start=\"606\" data-end=\"642\">\n<p class=\"\" data-start=\"608\" data-end=\"642\">Dimensions sac : 23 x 20 x 15 cm<\/p>\n<\/li>\n<li class=\"\" data-start=\"643\" data-end=\"678\">\n<p class=\"\" data-start=\"645\" data-end=\"678\">Gourde : 350 ml, acier inoxydable<\/p>\n<\/li>\n<\/ul>\n<\/div>\n<\/div>\n<\/div>\n","protected":false},"featured_media":1717883,"comment_status":"closed","ping_status":"closed","template":"","meta":{"_acf_changed":false,"_et_pb_use_builder":"on","_et_pb_old_content":"<h2 data-start=\"134\" data-end=\"201\"><strong data-start=\"134\" data-end=\"201\">Un duo de super-h\u00e9ro.\u00efnes pour des aventures pleines d'\u00e9nergie !<\/strong><\/h2>\r\n<h3 data-start=\"203\" data-end=\"216\"><strong data-start=\"203\" data-end=\"216\">La marque<\/strong><\/h3>\r\n<p class=\"\" data-start=\"218\" data-end=\"671\">Stella Green est une marque engag\u00e9e qui allie design moderne et respect de l\u2019environnement. Sp\u00e9cialis\u00e9e dans les accessoires \u00e9coresponsables, elle propose des produits de qualit\u00e9, durables et esth\u00e9tiques. Chaque cr\u00e9ation, des bouteilles isothermes aux sacs, est pens\u00e9e pour accompagner petits et grands dans un mode de vie plus responsable, sans jamais renoncer au style. Avec Stella Green, chaque geste du quotidien devient une mission pour la plan\u00e8te.<\/p>\r\n\r\n<h3 data-start=\"673\" data-end=\"750\"><strong data-start=\"673\" data-end=\"750\">Un sac isotherme et une gourde pour accompagner les jeunes super-h\u00e9ro.\u00efnes<\/strong><\/h3>\r\n<p class=\"\" data-start=\"752\" data-end=\"1443\">Offrez \u00e0 votre enfant des journ\u00e9es pleines d'\u00e9nergie et d'aventures avec notre <strong data-start=\"831\" data-end=\"853\">Pack Super-H\u00e9ro.\u00efne<\/strong>, compos\u00e9 d'un sac isotherme et d'une gourde assortie.<br data-start=\"907\" data-end=\"910\" \/>L\u00e9ger et pratique, le sac est d\u00e9cor\u00e9 de motifs inspirants : \u00e9toiles, \u00e9clairs et symboles de super-h\u00e9ro\u00efnes pour stimuler l\u2019imagination des jeunes aventuri\u00e8res. Parfait pour garder les repas frais ou chauds lors des sorties scolaires, des pique-niques ou des journ\u00e9es d'exploration !<br data-start=\"1192\" data-end=\"1195\" \/>La gourde assortie, en acier inoxydable sans BPA, est robuste et con\u00e7ue pour suivre les super-h\u00e9ro\u00efnes dans toutes leurs missions, tout en maintenant leurs boissons \u00e0 la temp\u00e9rature id\u00e9ale. Son ouverture s\u00e9curis\u00e9e pr\u00e9vient les fuites accidentelles.<\/p>\r\n<p class=\"\" data-start=\"1445\" data-end=\"1585\">Pens\u00e9 pour encourager leur autonomie et nourrir leur esprit d'aventure, ce duo est le compagnon indispensable des petites h\u00e9ro\u00efnes ou h\u00e9ros en herbe.<\/p>\r\n\r\n<h4 data-start=\"1587\" data-end=\"1613\"><strong data-start=\"1587\" data-end=\"1613\">Conseils d'utilisation<\/strong><\/h4>\r\n<ul data-start=\"1615\" data-end=\"1803\">\r\n \t<li class=\"\" data-start=\"1615\" data-end=\"1706\">\r\n<p class=\"\" data-start=\"1617\" data-end=\"1706\">Utilisez une poche de glace pour maintenir la fra\u00eecheur du repas dans le sac isotherme.<\/p>\r\n<\/li>\r\n \t<li class=\"\" data-start=\"1707\" data-end=\"1803\">\r\n<p class=\"\" data-start=\"1709\" data-end=\"1803\">Nettoyez le sac et la gourde \u00e0 la main avec une \u00e9ponge douce pour prolonger leur dur\u00e9e de vie.<\/p>\r\n<\/li>\r\n<\/ul>\r\n<h4 data-start=\"1805\" data-end=\"1819\"><strong data-start=\"1805\" data-end=\"1819\">Dimensions<\/strong><\/h4>\r\n<ul data-start=\"1821\" data-end=\"1864\">\r\n \t<li class=\"\" data-start=\"1821\" data-end=\"1846\">\r\n<p class=\"\" data-start=\"1823\" data-end=\"1846\">Sac : 23 x 20 x 15 cm<\/p>\r\n<\/li>\r\n \t<li class=\"\" data-start=\"1847\" data-end=\"1864\">\r\n<p class=\"\" data-start=\"1849\" data-end=\"1864\">Gourde : 350 ml<\/p>\r\n<\/li>\r\n<\/ul>\r\n<h4 data-start=\"1866\" data-end=\"1879\"><strong data-start=\"1866\" data-end=\"1879\">Mat\u00e9riaux<\/strong><\/h4>\r\n<ul data-start=\"1881\" data-end=\"1942\">\r\n \t<li class=\"\" data-start=\"1881\" data-end=\"1905\">\r\n<p class=\"\" data-start=\"1883\" data-end=\"1905\">Sac : 100% polyester<\/p>\r\n<\/li>\r\n \t<li class=\"\" data-start=\"1906\" data-end=\"1942\">\r\n<p class=\"\" data-start=\"1908\" data-end=\"1942\">Gourde : acier inoxydable sans BPA<\/p>\r\n<\/li>\r\n<\/ul>","_et_gb_content_width":""},"product_brand":[1185],"product_cat":[237,71,519,838,209,1342,441,66],"product_tag":[],"class_list":{"0":"post-1719684","1":"product","2":"type-product","3":"status-publish","4":"has-post-thumbnail","6":"product_brand-ecologiq","7":"product_cat-sorties","8":"product_cat-cuisine","9":"product_cat-nouveautes-zero-dechet","10":"product_cat-pique-nique-responsable","11":"product_cat-puericulture","12":"product_cat-rentree-cp-cm2","13":"product_cat-sac-a-gouter","14":"product_cat-zero-dechet","15":"pa_produits-repas","17":"first","18":"instock","19":"sale","20":"taxable","21":"shipping-taxable","22":"purchasable","23":"product-type-bundle"},"bundled_by":[],"bundle_stock_status":"instock","bundle_stock_quantity":34,"bundle_virtual":false,"bundle_layout":"default","bundle_add_to_cart_form_location":"default","bundle_editable_in_cart":false,"bundle_sold_individually_context":"product","bundle_item_grouping":"parent","bundle_min_size":"","bundle_max_size":"","bundle_price":{"price":{"min":{"incl_tax":"22.41","excl_tax":"18.675"},"max":{"incl_tax":"22.41","excl_tax":"18.675"}},"regular_price":{"min":{"incl_tax":"32.8","excl_tax":"27.333333"},"max":{"incl_tax":"32.8","excl_tax":"27.333333"}}},"bundled_items":[{"bundled_item_id":2673,"product_id":1717795,"menu_order":0,"quantity_min":1,"quantity_max":1,"quantity_default":1,"priced_individually":false,"shipped_individually":false,"override_title":false,"title":"Gourde sp\u00e9ciale enfant - Ma 1er gourde, isotherme","override_description":true,"description":"","optional":false,"hide_thumbnail":false,"discount":"","override_variations":false,"allowed_variations":[],"override_default_variation_attributes":false,"default_variation_attributes":[],"single_product_visibility":"visible","cart_visibility":"visible","order_visibility":"visible","single_product_price_visibility":"visible","cart_price_visibility":"visible","order_price_visibility":"visible","stock_status":"in_stock"},{"bundled_item_id":2674,"product_id":1719676,"menu_order":1,"quantity_min":1,"quantity_max":1,"quantity_default":1,"priced_individually":false,"shipped_individually":false,"override_title":false,"title":"Sac pique-nique enfant - isotherme","override_description":true,"description":"","optional":false,"hide_thumbnail":false,"discount":"","override_variations":false,"allowed_variations":[],"override_default_variation_attributes":false,"default_variation_attributes":[],"single_product_visibility":"visible","cart_visibility":"visible","order_visibility":"visible","single_product_price_visibility":"visible","cart_price_visibility":"visible","order_price_visibility":"visible","stock_status":"in_stock"}],"bundle_sell_ids":[],"acf":[],"yoast_head":"<!-- This site is optimized with the Yoast SEO plugin v27.4 - https:\/\/yoast.com\/product\/yoast-seo-wordpress\/ -->\n<title>KIT Sac + gourde isotherme -Super-h\u00e9ros-h\u00e9ro\u00efnes | B&#039;bies<\/title>\n<meta name=\"description\" content=\"Pack Super-h\u00e9ros Stella Green : sac isotherme + gourdePratique et r\u00e9sistant, le pack Super-h\u00e9ros de Stella Green est id\u00e9al pour accompagner les repas de vos enfants \u00e0 l&#039;\u00e9cole, en sortie ou \u00e0 la plage !Le sac isotherme garde les aliments frais gr\u00e2ce \u00e0 son isolant, et se transporte facilement avec ses deux anses et sa poche avant zipp\u00e9e. La gourde assortie, en acier inoxydable sans BPA, conserve les boissons fra\u00eeches ou chaudes tout au long de leurs aventures !     Sac : fermeture zipp\u00e9e, 2 anses, 1 poche avant    Dimensions sac : 23 x 20 x 15 cm    Gourde : 350 ml, acier inoxydable\" \/>\n<meta name=\"robots\" content=\"index, follow, max-snippet:-1, max-image-preview:large, max-video-preview:-1\" \/>\n<link rel=\"canonical\" href=\"https:\/\/bbies.fr\/couches-lavables\/boutique\/sac-et-gourde-isotherme-super-heros-heroines\/\" \/>\n<script type=\"application\/ld+json\" class=\"yoast-schema-graph\">{\"@context\":\"https:\\\/\\\/schema.org\",\"@graph\":[{\"@type\":\"WebPage\",\"@id\":\"https:\\\/\\\/bbies.fr\\\/couches-lavables\\\/boutique\\\/sac-et-gourde-isotherme-super-heros-heroines\\\/\",\"url\":\"https:\\\/\\\/bbies.fr\\\/couches-lavables\\\/boutique\\\/sac-et-gourde-isotherme-super-heros-heroines\\\/\",\"name\":\"KIT Sac + gourde isotherme -Super-h\u00e9ros-h\u00e9ro\u00efnes | B&#039;bies\",\"isPartOf\":{\"@id\":\"https:\\\/\\\/bbies.fr\\\/couches-lavables\\\/#website\"},\"primaryImageOfPage\":{\"@id\":\"https:\\\/\\\/bbies.fr\\\/couches-lavables\\\/boutique\\\/sac-et-gourde-isotherme-super-heros-heroines\\\/#primaryimage\"},\"image\":{\"@id\":\"https:\\\/\\\/bbies.fr\\\/couches-lavables\\\/boutique\\\/sac-et-gourde-isotherme-super-heros-heroines\\\/#primaryimage\"},\"thumbnailUrl\":\"https:\\\/\\\/bbies.fr\\\/couches-lavables\\\/wp-content\\\/uploads\\\/2025\\\/03\\\/sac-gourde-fille-garcon2.webp\",\"datePublished\":\"2025-04-28T14:45:13+00:00\",\"dateModified\":\"2025-12-08T13:11:13+00:00\",\"description\":\"Pack Super-h\u00e9ros Stella Green : sac isotherme + gourdePratique et r\u00e9sistant, le pack Super-h\u00e9ros de Stella Green est id\u00e9al pour accompagner les repas de vos enfants \u00e0 l'\u00e9cole, en sortie ou \u00e0 la plage !Le sac isotherme garde les aliments frais gr\u00e2ce \u00e0 son isolant, et se transporte facilement avec ses deux anses et sa poche avant zipp\u00e9e. La gourde assortie, en acier inoxydable sans BPA, conserve les boissons fra\u00eeches ou chaudes tout au long de leurs aventures ! Sac : fermeture zipp\u00e9e, 2 anses, 1 poche avant Dimensions sac : 23 x 20 x 15 cm Gourde : 350 ml, acier inoxydable\",\"breadcrumb\":{\"@id\":\"https:\\\/\\\/bbies.fr\\\/couches-lavables\\\/boutique\\\/sac-et-gourde-isotherme-super-heros-heroines\\\/#breadcrumb\"},\"inLanguage\":\"fr-FR\",\"potentialAction\":[{\"@type\":\"ReadAction\",\"target\":[\"https:\\\/\\\/bbies.fr\\\/couches-lavables\\\/boutique\\\/sac-et-gourde-isotherme-super-heros-heroines\\\/\"]}]},{\"@type\":\"ImageObject\",\"inLanguage\":\"fr-FR\",\"@id\":\"https:\\\/\\\/bbies.fr\\\/couches-lavables\\\/boutique\\\/sac-et-gourde-isotherme-super-heros-heroines\\\/#primaryimage\",\"url\":\"https:\\\/\\\/bbies.fr\\\/couches-lavables\\\/wp-content\\\/uploads\\\/2025\\\/03\\\/sac-gourde-fille-garcon2.webp\",\"contentUrl\":\"https:\\\/\\\/bbies.fr\\\/couches-lavables\\\/wp-content\\\/uploads\\\/2025\\\/03\\\/sac-gourde-fille-garcon2.webp\",\"width\":1080,\"height\":1080},{\"@type\":\"BreadcrumbList\",\"@id\":\"https:\\\/\\\/bbies.fr\\\/couches-lavables\\\/boutique\\\/sac-et-gourde-isotherme-super-heros-heroines\\\/#breadcrumb\",\"itemListElement\":[{\"@type\":\"ListItem\",\"position\":1,\"name\":\"Accueil\",\"item\":\"https:\\\/\\\/bbies.fr\\\/couches-lavables\\\/\"},{\"@type\":\"ListItem\",\"position\":2,\"name\":\"Boutique Bbies\",\"item\":\"https:\\\/\\\/bbies.fr\\\/couches-lavables\\\/boutique-bbies\\\/\"},{\"@type\":\"ListItem\",\"position\":3,\"name\":\"KIT Sac + gourde isotherme -Super-h\u00e9ros-h\u00e9ro\u00efnes\"}]},{\"@type\":\"WebSite\",\"@id\":\"https:\\\/\\\/bbies.fr\\\/couches-lavables\\\/#website\",\"url\":\"https:\\\/\\\/bbies.fr\\\/couches-lavables\\\/\",\"name\":\"B'bies, couches lavables et r\u00e9utilisables\",\"description\":\"De la naissance \u00e0 la propret\u00e9\",\"publisher\":{\"@id\":\"https:\\\/\\\/bbies.fr\\\/couches-lavables\\\/#organization\"},\"alternateName\":\"BBIES\",\"potentialAction\":[{\"@type\":\"SearchAction\",\"target\":{\"@type\":\"EntryPoint\",\"urlTemplate\":\"https:\\\/\\\/bbies.fr\\\/couches-lavables\\\/?s={search_term_string}\"},\"query-input\":{\"@type\":\"PropertyValueSpecification\",\"valueRequired\":true,\"valueName\":\"search_term_string\"}}],\"inLanguage\":\"fr-FR\"},{\"@type\":\"Organization\",\"@id\":\"https:\\\/\\\/bbies.fr\\\/couches-lavables\\\/#organization\",\"name\":\"B'bies\",\"url\":\"https:\\\/\\\/bbies.fr\\\/couches-lavables\\\/\",\"logo\":{\"@type\":\"ImageObject\",\"inLanguage\":\"fr-FR\",\"@id\":\"https:\\\/\\\/bbies.fr\\\/couches-lavables\\\/#\\\/schema\\\/logo\\\/image\\\/\",\"url\":\"https:\\\/\\\/bbies.fr\\\/couches-lavables\\\/wp-content\\\/uploads\\\/2019\\\/12\\\/logo-web.jpg\",\"contentUrl\":\"https:\\\/\\\/bbies.fr\\\/couches-lavables\\\/wp-content\\\/uploads\\\/2019\\\/12\\\/logo-web.jpg\",\"width\":364,\"height\":151,\"caption\":\"B'bies\"},\"image\":{\"@id\":\"https:\\\/\\\/bbies.fr\\\/couches-lavables\\\/#\\\/schema\\\/logo\\\/image\\\/\"},\"sameAs\":[\"https:\\\/\\\/www.facebook.com\\\/bbies.fr\\\/\",\"https:\\\/\\\/www.instagram.com\\\/bbies.fr\"]}]}<\/script>\n<!-- \/ Yoast SEO plugin. -->","yoast_head_json":{"title":"KIT Sac + gourde isotherme -Super-h\u00e9ros-h\u00e9ro\u00efnes | B&#039;bies","description":"Pack Super-h\u00e9ros Stella Green : sac isotherme + gourdePratique et r\u00e9sistant, le pack Super-h\u00e9ros de Stella Green est id\u00e9al pour accompagner les repas de vos enfants \u00e0 l'\u00e9cole, en sortie ou \u00e0 la plage !Le sac isotherme garde les aliments frais gr\u00e2ce \u00e0 son isolant, et se transporte facilement avec ses deux anses et sa poche avant zipp\u00e9e. La gourde assortie, en acier inoxydable sans BPA, conserve les boissons fra\u00eeches ou chaudes tout au long de leurs aventures !     Sac : fermeture zipp\u00e9e, 2 anses, 1 poche avant    Dimensions sac : 23 x 20 x 15 cm    Gourde : 350 ml, acier inoxydable","robots":{"index":"index","follow":"follow","max-snippet":"max-snippet:-1","max-image-preview":"max-image-preview:large","max-video-preview":"max-video-preview:-1"},"canonical":"https:\/\/bbies.fr\/couches-lavables\/boutique\/sac-et-gourde-isotherme-super-heros-heroines\/","schema":{"@context":"https:\/\/schema.org","@graph":[{"@type":"WebPage","@id":"https:\/\/bbies.fr\/couches-lavables\/boutique\/sac-et-gourde-isotherme-super-heros-heroines\/","url":"https:\/\/bbies.fr\/couches-lavables\/boutique\/sac-et-gourde-isotherme-super-heros-heroines\/","name":"KIT Sac + gourde isotherme -Super-h\u00e9ros-h\u00e9ro\u00efnes | B&#039;bies","isPartOf":{"@id":"https:\/\/bbies.fr\/couches-lavables\/#website"},"primaryImageOfPage":{"@id":"https:\/\/bbies.fr\/couches-lavables\/boutique\/sac-et-gourde-isotherme-super-heros-heroines\/#primaryimage"},"image":{"@id":"https:\/\/bbies.fr\/couches-lavables\/boutique\/sac-et-gourde-isotherme-super-heros-heroines\/#primaryimage"},"thumbnailUrl":"https:\/\/bbies.fr\/couches-lavables\/wp-content\/uploads\/2025\/03\/sac-gourde-fille-garcon2.webp","datePublished":"2025-04-28T14:45:13+00:00","dateModified":"2025-12-08T13:11:13+00:00","description":"Pack Super-h\u00e9ros Stella Green : sac isotherme + gourdePratique et r\u00e9sistant, le pack Super-h\u00e9ros de Stella Green est id\u00e9al pour accompagner les repas de vos enfants \u00e0 l'\u00e9cole, en sortie ou \u00e0 la plage !Le sac isotherme garde les aliments frais gr\u00e2ce \u00e0 son isolant, et se transporte facilement avec ses deux anses et sa poche avant zipp\u00e9e. La gourde assortie, en acier inoxydable sans BPA, conserve les boissons fra\u00eeches ou chaudes tout au long de leurs aventures ! Sac : fermeture zipp\u00e9e, 2 anses, 1 poche avant Dimensions sac : 23 x 20 x 15 cm Gourde : 350 ml, acier inoxydable","breadcrumb":{"@id":"https:\/\/bbies.fr\/couches-lavables\/boutique\/sac-et-gourde-isotherme-super-heros-heroines\/#breadcrumb"},"inLanguage":"fr-FR","potentialAction":[{"@type":"ReadAction","target":["https:\/\/bbies.fr\/couches-lavables\/boutique\/sac-et-gourde-isotherme-super-heros-heroines\/"]}]},{"@type":"ImageObject","inLanguage":"fr-FR","@id":"https:\/\/bbies.fr\/couches-lavables\/boutique\/sac-et-gourde-isotherme-super-heros-heroines\/#primaryimage","url":"https:\/\/bbies.fr\/couches-lavables\/wp-content\/uploads\/2025\/03\/sac-gourde-fille-garcon2.webp","contentUrl":"https:\/\/bbies.fr\/couches-lavables\/wp-content\/uploads\/2025\/03\/sac-gourde-fille-garcon2.webp","width":1080,"height":1080},{"@type":"BreadcrumbList","@id":"https:\/\/bbies.fr\/couches-lavables\/boutique\/sac-et-gourde-isotherme-super-heros-heroines\/#breadcrumb","itemListElement":[{"@type":"ListItem","position":1,"name":"Accueil","item":"https:\/\/bbies.fr\/couches-lavables\/"},{"@type":"ListItem","position":2,"name":"Boutique Bbies","item":"https:\/\/bbies.fr\/couches-lavables\/boutique-bbies\/"},{"@type":"ListItem","position":3,"name":"KIT Sac + gourde isotherme -Super-h\u00e9ros-h\u00e9ro\u00efnes"}]},{"@type":"WebSite","@id":"https:\/\/bbies.fr\/couches-lavables\/#website","url":"https:\/\/bbies.fr\/couches-lavables\/","name":"B'bies, couches lavables et r\u00e9utilisables","description":"De la naissance \u00e0 la propret\u00e9","publisher":{"@id":"https:\/\/bbies.fr\/couches-lavables\/#organization"},"alternateName":"BBIES","potentialAction":[{"@type":"SearchAction","target":{"@type":"EntryPoint","urlTemplate":"https:\/\/bbies.fr\/couches-lavables\/?s={search_term_string}"},"query-input":{"@type":"PropertyValueSpecification","valueRequired":true,"valueName":"search_term_string"}}],"inLanguage":"fr-FR"},{"@type":"Organization","@id":"https:\/\/bbies.fr\/couches-lavables\/#organization","name":"B'bies","url":"https:\/\/bbies.fr\/couches-lavables\/","logo":{"@type":"ImageObject","inLanguage":"fr-FR","@id":"https:\/\/bbies.fr\/couches-lavables\/#\/schema\/logo\/image\/","url":"https:\/\/bbies.fr\/couches-lavables\/wp-content\/uploads\/2019\/12\/logo-web.jpg","contentUrl":"https:\/\/bbies.fr\/couches-lavables\/wp-content\/uploads\/2019\/12\/logo-web.jpg","width":364,"height":151,"caption":"B'bies"},"image":{"@id":"https:\/\/bbies.fr\/couches-lavables\/#\/schema\/logo\/image\/"},"sameAs":["https:\/\/www.facebook.com\/bbies.fr\/","https:\/\/www.instagram.com\/bbies.fr"]}]}},"_links":{"self":[{"href":"https:\/\/bbies.fr\/couches-lavables\/wp-json\/wp\/v2\/product\/1719684","targetHints":{"allow":["GET"]}}],"collection":[{"href":"https:\/\/bbies.fr\/couches-lavables\/wp-json\/wp\/v2\/product"}],"about":[{"href":"https:\/\/bbies.fr\/couches-lavables\/wp-json\/wp\/v2\/types\/product"}],"replies":[{"embeddable":true,"href":"https:\/\/bbies.fr\/couches-lavables\/wp-json\/wp\/v2\/comments?post=1719684"}],"wp:featuredmedia":[{"embeddable":true,"href":"https:\/\/bbies.fr\/couches-lavables\/wp-json\/wp\/v2\/media\/1717883"}],"wp:attachment":[{"href":"https:\/\/bbies.fr\/couches-lavables\/wp-json\/wp\/v2\/media?parent=1719684"}],"wp:term":[{"taxonomy":"product_brand","embeddable":true,"href":"https:\/\/bbies.fr\/couches-lavables\/wp-json\/wp\/v2\/product_brand?post=1719684"},{"taxonomy":"product_cat","embeddable":true,"href":"https:\/\/bbies.fr\/couches-lavables\/wp-json\/wp\/v2\/product_cat?post=1719684"},{"taxonomy":"product_tag","embeddable":true,"href":"https:\/\/bbies.fr\/couches-lavables\/wp-json\/wp\/v2\/product_tag?post=1719684"}],"curies":[{"name":"wp","href":"https:\/\/api.w.org\/{rel}","templated":true}]}}