{"id":1720265,"date":"2024-06-12T21:06:21","date_gmt":"2024-06-12T19:06:21","guid":{"rendered":"https:\/\/bbies.fr\/couches-lavables\/?post_type=product&#038;p=1720265"},"modified":"2026-04-22T15:29:27","modified_gmt":"2026-04-22T13:29:27","slug":"1-sac-transport-pour-cake-tissu-bio","status":"publish","type":"product","link":"https:\/\/bbies.fr\/couches-lavables\/boutique\/1-sac-transport-pour-cake-tissu-bio\/","title":{"rendered":"1 sac transport pour cake"},"content":{"rendered":"<p>[et_pb_section fb_built=\u00a0\u00bb1&Prime; _builder_version=\u00a0\u00bb4.17.4&Prime; _module_preset=\u00a0\u00bbdefault\u00a0\u00bb global_colors_info=\u00a0\u00bb{}\u00a0\u00bb][\/et_pb_section]<\/p>\n","protected":false},"excerpt":{"rendered":"<p class=\"\" data-start=\"194\" data-end=\"253\"><strong data-start=\"194\" data-end=\"253\">Le sac malin pour transporter vos cakes faits maison \ud83c\udf70<\/strong><\/p>\n<p class=\"\" data-start=\"255\" data-end=\"456\">Fini les sacs jetables et les emballages hasardeux : optez pour une solution pratique, esth\u00e9tique et durable ! Ce sac \u00e0 cake est parfait pour emporter vos cr\u00e9ations sucr\u00e9es ou sal\u00e9es en toute s\u00e9curit\u00e9.<\/p>\n<p class=\"\" data-start=\"458\" data-end=\"813\">\u2728 <strong data-start=\"460\" data-end=\"507\">Tissu enduit imperm\u00e9able certifi\u00e9 OEKO-TEX\u00ae<\/strong> : prot\u00e8ge efficacement contre l\u2019humidit\u00e9 et les salissures<br data-start=\"566\" data-end=\"569\" \/>\u2728 <strong data-start=\"571\" data-end=\"601\">Sans BPA, PVC ni phtalates<\/strong> : sain pour vous et la plan\u00e8te<br data-start=\"632\" data-end=\"635\" \/>\ud83e\uddfc <strong data-start=\"638\" data-end=\"667\">Lavable en machine \u00e0 30\u00b0C<\/strong> : facile \u00e0 entretenir<br data-start=\"689\" data-end=\"692\" \/>\ud83d\udc5c <strong data-start=\"695\" data-end=\"717\" data-is-only-node=\"\">Deux anses solides<\/strong> : un transport confortable<br data-start=\"744\" data-end=\"747\" \/>\ud83d\udd12 <strong data-start=\"750\" data-end=\"778\">Fermeture zipp\u00e9e robuste<\/strong> : votre cake reste bien en place<\/p>\n<p class=\"\" data-start=\"815\" data-end=\"1015\">Compact et l\u00e9ger (35 x 13 x 9 cm), il accueille vos cakes m\u00eame encore chauds. Que ce soit pour un pique-nique, un repas entre amis ou un go\u00fbter \u00e0 l\u2019ext\u00e9rieur, il vous accompagne partout avec \u00e9l\u00e9gance.<\/p>\n<p class=\"\" data-start=\"1017\" data-end=\"1074\">\ud83c\udf3f Une alternative z\u00e9ro d\u00e9chet, \u00e9cologique et \u00e9conomique.<\/p>\n","protected":false},"featured_media":1720274,"comment_status":"closed","ping_status":"closed","template":"","meta":{"_acf_changed":false,"_et_pb_use_builder":"on","_et_pb_old_content":"[learn_more caption=\"Composition\"] 100% PUL certif\u00e9. Contact alimentaire. [\/learn_more] [learn_more caption=\"Entretien\"] Lavage en machine \u00e0 40\u00b0. S\u00e8che-linge interdit [\/learn_more]","_et_gb_content_width":""},"product_brand":[1185],"product_cat":[71,519,461,66],"product_tag":[],"class_list":{"0":"post-1720265","1":"product","2":"type-product","3":"status-publish","4":"has-post-thumbnail","6":"product_brand-ecologiq","7":"product_cat-cuisine","8":"product_cat-nouveautes-zero-dechet","9":"product_cat-sac-a-pain","10":"product_cat-zero-dechet","11":"pa_produits-conservation","13":"first","14":"instock","15":"sale","16":"taxable","17":"shipping-taxable","18":"purchasable","19":"product-type-variable"},"bundled_by":[],"bundle_stock_status":"instock","bundle_stock_quantity":null,"bundle_virtual":false,"bundle_layout":"","bundle_add_to_cart_form_location":"","bundle_editable_in_cart":false,"bundle_sold_individually_context":"","bundle_item_grouping":"","bundle_min_size":"","bundle_max_size":"","bundle_price":[],"bundled_items":[],"bundle_sell_ids":[],"acf":[],"yoast_head":"<!-- This site is optimized with the Yoast SEO plugin v27.4 - https:\/\/yoast.com\/product\/yoast-seo-wordpress\/ -->\n<title>1 sac transport pour cake | B&#039;bies<\/title>\n<meta name=\"description\" content=\"Le sac malin pour transporter vos cakes faits maison \ud83c\udf70 Fini les sacs jetables et les emballages hasardeux : optez pour une solution pratique, esth\u00e9tique et durable ! Ce sac \u00e0 cake est parfait pour emporter vos cr\u00e9ations sucr\u00e9es ou sal\u00e9es en toute s\u00e9curit\u00e9. \u2728 Tissu enduit imperm\u00e9able certifi\u00e9 OEKO-TEX\u00ae : prot\u00e8ge efficacement contre l\u2019humidit\u00e9 et les salissures\u2728 Sans BPA, PVC ni phtalates : sain pour vous et la plan\u00e8te\ud83e\uddfc Lavable en machine \u00e0 30\u00b0C : facile \u00e0 entretenir\ud83d\udc5c Deux anses solides : un transport confortable\ud83d\udd12 Fermeture zipp\u00e9e robuste : votre cake reste bien en place Compact et l\u00e9ger (35 x 13 x 9 cm), il accueille vos cakes m\u00eame encore chauds. Que ce soit pour un pique-nique, un repas entre amis ou un go\u00fbter \u00e0 l\u2019ext\u00e9rieur, il vous accompagne partout avec \u00e9l\u00e9gance. \ud83c\udf3f Une alternative z\u00e9ro d\u00e9chet, \u00e9cologique et \u00e9conomique.\" \/>\n<meta name=\"robots\" content=\"index, follow, max-snippet:-1, max-image-preview:large, max-video-preview:-1\" \/>\n<link rel=\"canonical\" href=\"https:\/\/bbies.fr\/couches-lavables\/boutique\/1-sac-transport-pour-cake-tissu-bio\/\" \/>\n<script type=\"application\/ld+json\" class=\"yoast-schema-graph\">{\"@context\":\"https:\\\/\\\/schema.org\",\"@graph\":[{\"@type\":\"WebPage\",\"@id\":\"https:\\\/\\\/bbies.fr\\\/couches-lavables\\\/boutique\\\/1-sac-transport-pour-cake-tissu-bio\\\/\",\"url\":\"https:\\\/\\\/bbies.fr\\\/couches-lavables\\\/boutique\\\/1-sac-transport-pour-cake-tissu-bio\\\/\",\"name\":\"1 sac transport pour cake | B&#039;bies\",\"isPartOf\":{\"@id\":\"https:\\\/\\\/bbies.fr\\\/couches-lavables\\\/#website\"},\"primaryImageOfPage\":{\"@id\":\"https:\\\/\\\/bbies.fr\\\/couches-lavables\\\/boutique\\\/1-sac-transport-pour-cake-tissu-bio\\\/#primaryimage\"},\"image\":{\"@id\":\"https:\\\/\\\/bbies.fr\\\/couches-lavables\\\/boutique\\\/1-sac-transport-pour-cake-tissu-bio\\\/#primaryimage\"},\"thumbnailUrl\":\"https:\\\/\\\/bbies.fr\\\/couches-lavables\\\/wp-content\\\/uploads\\\/2025\\\/05\\\/GRE8101-3.webp\",\"datePublished\":\"2024-06-12T19:06:21+00:00\",\"dateModified\":\"2026-04-22T13:29:27+00:00\",\"description\":\"Le sac malin pour transporter vos cakes faits maison \ud83c\udf70 Fini les sacs jetables et les emballages hasardeux : optez pour une solution pratique, esth\u00e9tique et durable ! Ce sac \u00e0 cake est parfait pour emporter vos cr\u00e9ations sucr\u00e9es ou sal\u00e9es en toute s\u00e9curit\u00e9. \u2728 Tissu enduit imperm\u00e9able certifi\u00e9 OEKO-TEX\u00ae : prot\u00e8ge efficacement contre l\u2019humidit\u00e9 et les salissures\u2728 Sans BPA, PVC ni phtalates : sain pour vous et la plan\u00e8te\ud83e\uddfc Lavable en machine \u00e0 30\u00b0C : facile \u00e0 entretenir\ud83d\udc5c Deux anses solides : un transport confortable\ud83d\udd12 Fermeture zipp\u00e9e robuste : votre cake reste bien en place Compact et l\u00e9ger (35 x 13 x 9 cm), il accueille vos cakes m\u00eame encore chauds. Que ce soit pour un pique-nique, un repas entre amis ou un go\u00fbter \u00e0 l\u2019ext\u00e9rieur, il vous accompagne partout avec \u00e9l\u00e9gance. \ud83c\udf3f Une alternative z\u00e9ro d\u00e9chet, \u00e9cologique et \u00e9conomique.\",\"breadcrumb\":{\"@id\":\"https:\\\/\\\/bbies.fr\\\/couches-lavables\\\/boutique\\\/1-sac-transport-pour-cake-tissu-bio\\\/#breadcrumb\"},\"inLanguage\":\"fr-FR\",\"potentialAction\":[{\"@type\":\"ReadAction\",\"target\":[\"https:\\\/\\\/bbies.fr\\\/couches-lavables\\\/boutique\\\/1-sac-transport-pour-cake-tissu-bio\\\/\"]}]},{\"@type\":\"ImageObject\",\"inLanguage\":\"fr-FR\",\"@id\":\"https:\\\/\\\/bbies.fr\\\/couches-lavables\\\/boutique\\\/1-sac-transport-pour-cake-tissu-bio\\\/#primaryimage\",\"url\":\"https:\\\/\\\/bbies.fr\\\/couches-lavables\\\/wp-content\\\/uploads\\\/2025\\\/05\\\/GRE8101-3.webp\",\"contentUrl\":\"https:\\\/\\\/bbies.fr\\\/couches-lavables\\\/wp-content\\\/uploads\\\/2025\\\/05\\\/GRE8101-3.webp\",\"width\":800,\"height\":800},{\"@type\":\"BreadcrumbList\",\"@id\":\"https:\\\/\\\/bbies.fr\\\/couches-lavables\\\/boutique\\\/1-sac-transport-pour-cake-tissu-bio\\\/#breadcrumb\",\"itemListElement\":[{\"@type\":\"ListItem\",\"position\":1,\"name\":\"Accueil\",\"item\":\"https:\\\/\\\/bbies.fr\\\/couches-lavables\\\/\"},{\"@type\":\"ListItem\",\"position\":2,\"name\":\"Boutique Bbies\",\"item\":\"https:\\\/\\\/bbies.fr\\\/couches-lavables\\\/boutique-bbies\\\/\"},{\"@type\":\"ListItem\",\"position\":3,\"name\":\"1 sac transport pour cake\"}]},{\"@type\":\"WebSite\",\"@id\":\"https:\\\/\\\/bbies.fr\\\/couches-lavables\\\/#website\",\"url\":\"https:\\\/\\\/bbies.fr\\\/couches-lavables\\\/\",\"name\":\"B'bies, couches lavables et r\u00e9utilisables\",\"description\":\"De la naissance \u00e0 la propret\u00e9\",\"publisher\":{\"@id\":\"https:\\\/\\\/bbies.fr\\\/couches-lavables\\\/#organization\"},\"alternateName\":\"BBIES\",\"potentialAction\":[{\"@type\":\"SearchAction\",\"target\":{\"@type\":\"EntryPoint\",\"urlTemplate\":\"https:\\\/\\\/bbies.fr\\\/couches-lavables\\\/?s={search_term_string}\"},\"query-input\":{\"@type\":\"PropertyValueSpecification\",\"valueRequired\":true,\"valueName\":\"search_term_string\"}}],\"inLanguage\":\"fr-FR\"},{\"@type\":\"Organization\",\"@id\":\"https:\\\/\\\/bbies.fr\\\/couches-lavables\\\/#organization\",\"name\":\"B'bies\",\"url\":\"https:\\\/\\\/bbies.fr\\\/couches-lavables\\\/\",\"logo\":{\"@type\":\"ImageObject\",\"inLanguage\":\"fr-FR\",\"@id\":\"https:\\\/\\\/bbies.fr\\\/couches-lavables\\\/#\\\/schema\\\/logo\\\/image\\\/\",\"url\":\"https:\\\/\\\/bbies.fr\\\/couches-lavables\\\/wp-content\\\/uploads\\\/2019\\\/12\\\/logo-web.jpg\",\"contentUrl\":\"https:\\\/\\\/bbies.fr\\\/couches-lavables\\\/wp-content\\\/uploads\\\/2019\\\/12\\\/logo-web.jpg\",\"width\":364,\"height\":151,\"caption\":\"B'bies\"},\"image\":{\"@id\":\"https:\\\/\\\/bbies.fr\\\/couches-lavables\\\/#\\\/schema\\\/logo\\\/image\\\/\"},\"sameAs\":[\"https:\\\/\\\/www.facebook.com\\\/bbies.fr\\\/\",\"https:\\\/\\\/www.instagram.com\\\/bbies.fr\"]}]}<\/script>\n<!-- \/ Yoast SEO plugin. -->","yoast_head_json":{"title":"1 sac transport pour cake | B&#039;bies","description":"Le sac malin pour transporter vos cakes faits maison \ud83c\udf70 Fini les sacs jetables et les emballages hasardeux : optez pour une solution pratique, esth\u00e9tique et durable ! Ce sac \u00e0 cake est parfait pour emporter vos cr\u00e9ations sucr\u00e9es ou sal\u00e9es en toute s\u00e9curit\u00e9. \u2728 Tissu enduit imperm\u00e9able certifi\u00e9 OEKO-TEX\u00ae : prot\u00e8ge efficacement contre l\u2019humidit\u00e9 et les salissures\u2728 Sans BPA, PVC ni phtalates : sain pour vous et la plan\u00e8te\ud83e\uddfc Lavable en machine \u00e0 30\u00b0C : facile \u00e0 entretenir\ud83d\udc5c Deux anses solides : un transport confortable\ud83d\udd12 Fermeture zipp\u00e9e robuste : votre cake reste bien en place Compact et l\u00e9ger (35 x 13 x 9 cm), il accueille vos cakes m\u00eame encore chauds. Que ce soit pour un pique-nique, un repas entre amis ou un go\u00fbter \u00e0 l\u2019ext\u00e9rieur, il vous accompagne partout avec \u00e9l\u00e9gance. \ud83c\udf3f Une alternative z\u00e9ro d\u00e9chet, \u00e9cologique et \u00e9conomique.","robots":{"index":"index","follow":"follow","max-snippet":"max-snippet:-1","max-image-preview":"max-image-preview:large","max-video-preview":"max-video-preview:-1"},"canonical":"https:\/\/bbies.fr\/couches-lavables\/boutique\/1-sac-transport-pour-cake-tissu-bio\/","schema":{"@context":"https:\/\/schema.org","@graph":[{"@type":"WebPage","@id":"https:\/\/bbies.fr\/couches-lavables\/boutique\/1-sac-transport-pour-cake-tissu-bio\/","url":"https:\/\/bbies.fr\/couches-lavables\/boutique\/1-sac-transport-pour-cake-tissu-bio\/","name":"1 sac transport pour cake | B&#039;bies","isPartOf":{"@id":"https:\/\/bbies.fr\/couches-lavables\/#website"},"primaryImageOfPage":{"@id":"https:\/\/bbies.fr\/couches-lavables\/boutique\/1-sac-transport-pour-cake-tissu-bio\/#primaryimage"},"image":{"@id":"https:\/\/bbies.fr\/couches-lavables\/boutique\/1-sac-transport-pour-cake-tissu-bio\/#primaryimage"},"thumbnailUrl":"https:\/\/bbies.fr\/couches-lavables\/wp-content\/uploads\/2025\/05\/GRE8101-3.webp","datePublished":"2024-06-12T19:06:21+00:00","dateModified":"2026-04-22T13:29:27+00:00","description":"Le sac malin pour transporter vos cakes faits maison \ud83c\udf70 Fini les sacs jetables et les emballages hasardeux : optez pour une solution pratique, esth\u00e9tique et durable ! Ce sac \u00e0 cake est parfait pour emporter vos cr\u00e9ations sucr\u00e9es ou sal\u00e9es en toute s\u00e9curit\u00e9. \u2728 Tissu enduit imperm\u00e9able certifi\u00e9 OEKO-TEX\u00ae : prot\u00e8ge efficacement contre l\u2019humidit\u00e9 et les salissures\u2728 Sans BPA, PVC ni phtalates : sain pour vous et la plan\u00e8te\ud83e\uddfc Lavable en machine \u00e0 30\u00b0C : facile \u00e0 entretenir\ud83d\udc5c Deux anses solides : un transport confortable\ud83d\udd12 Fermeture zipp\u00e9e robuste : votre cake reste bien en place Compact et l\u00e9ger (35 x 13 x 9 cm), il accueille vos cakes m\u00eame encore chauds. Que ce soit pour un pique-nique, un repas entre amis ou un go\u00fbter \u00e0 l\u2019ext\u00e9rieur, il vous accompagne partout avec \u00e9l\u00e9gance. \ud83c\udf3f Une alternative z\u00e9ro d\u00e9chet, \u00e9cologique et \u00e9conomique.","breadcrumb":{"@id":"https:\/\/bbies.fr\/couches-lavables\/boutique\/1-sac-transport-pour-cake-tissu-bio\/#breadcrumb"},"inLanguage":"fr-FR","potentialAction":[{"@type":"ReadAction","target":["https:\/\/bbies.fr\/couches-lavables\/boutique\/1-sac-transport-pour-cake-tissu-bio\/"]}]},{"@type":"ImageObject","inLanguage":"fr-FR","@id":"https:\/\/bbies.fr\/couches-lavables\/boutique\/1-sac-transport-pour-cake-tissu-bio\/#primaryimage","url":"https:\/\/bbies.fr\/couches-lavables\/wp-content\/uploads\/2025\/05\/GRE8101-3.webp","contentUrl":"https:\/\/bbies.fr\/couches-lavables\/wp-content\/uploads\/2025\/05\/GRE8101-3.webp","width":800,"height":800},{"@type":"BreadcrumbList","@id":"https:\/\/bbies.fr\/couches-lavables\/boutique\/1-sac-transport-pour-cake-tissu-bio\/#breadcrumb","itemListElement":[{"@type":"ListItem","position":1,"name":"Accueil","item":"https:\/\/bbies.fr\/couches-lavables\/"},{"@type":"ListItem","position":2,"name":"Boutique Bbies","item":"https:\/\/bbies.fr\/couches-lavables\/boutique-bbies\/"},{"@type":"ListItem","position":3,"name":"1 sac transport pour cake"}]},{"@type":"WebSite","@id":"https:\/\/bbies.fr\/couches-lavables\/#website","url":"https:\/\/bbies.fr\/couches-lavables\/","name":"B'bies, couches lavables et r\u00e9utilisables","description":"De la naissance \u00e0 la propret\u00e9","publisher":{"@id":"https:\/\/bbies.fr\/couches-lavables\/#organization"},"alternateName":"BBIES","potentialAction":[{"@type":"SearchAction","target":{"@type":"EntryPoint","urlTemplate":"https:\/\/bbies.fr\/couches-lavables\/?s={search_term_string}"},"query-input":{"@type":"PropertyValueSpecification","valueRequired":true,"valueName":"search_term_string"}}],"inLanguage":"fr-FR"},{"@type":"Organization","@id":"https:\/\/bbies.fr\/couches-lavables\/#organization","name":"B'bies","url":"https:\/\/bbies.fr\/couches-lavables\/","logo":{"@type":"ImageObject","inLanguage":"fr-FR","@id":"https:\/\/bbies.fr\/couches-lavables\/#\/schema\/logo\/image\/","url":"https:\/\/bbies.fr\/couches-lavables\/wp-content\/uploads\/2019\/12\/logo-web.jpg","contentUrl":"https:\/\/bbies.fr\/couches-lavables\/wp-content\/uploads\/2019\/12\/logo-web.jpg","width":364,"height":151,"caption":"B'bies"},"image":{"@id":"https:\/\/bbies.fr\/couches-lavables\/#\/schema\/logo\/image\/"},"sameAs":["https:\/\/www.facebook.com\/bbies.fr\/","https:\/\/www.instagram.com\/bbies.fr"]}]}},"_links":{"self":[{"href":"https:\/\/bbies.fr\/couches-lavables\/wp-json\/wp\/v2\/product\/1720265","targetHints":{"allow":["GET"]}}],"collection":[{"href":"https:\/\/bbies.fr\/couches-lavables\/wp-json\/wp\/v2\/product"}],"about":[{"href":"https:\/\/bbies.fr\/couches-lavables\/wp-json\/wp\/v2\/types\/product"}],"replies":[{"embeddable":true,"href":"https:\/\/bbies.fr\/couches-lavables\/wp-json\/wp\/v2\/comments?post=1720265"}],"wp:featuredmedia":[{"embeddable":true,"href":"https:\/\/bbies.fr\/couches-lavables\/wp-json\/wp\/v2\/media\/1720274"}],"wp:attachment":[{"href":"https:\/\/bbies.fr\/couches-lavables\/wp-json\/wp\/v2\/media?parent=1720265"}],"wp:term":[{"taxonomy":"product_brand","embeddable":true,"href":"https:\/\/bbies.fr\/couches-lavables\/wp-json\/wp\/v2\/product_brand?post=1720265"},{"taxonomy":"product_cat","embeddable":true,"href":"https:\/\/bbies.fr\/couches-lavables\/wp-json\/wp\/v2\/product_cat?post=1720265"},{"taxonomy":"product_tag","embeddable":true,"href":"https:\/\/bbies.fr\/couches-lavables\/wp-json\/wp\/v2\/product_tag?post=1720265"}],"curies":[{"name":"wp","href":"https:\/\/api.w.org\/{rel}","templated":true}]}}