{"id":1720728,"date":"2025-05-21T17:36:48","date_gmt":"2025-05-21T15:36:48","guid":{"rendered":"https:\/\/bbies.fr\/couches-lavables\/?post_type=product&#038;p=1720728"},"modified":"2025-12-08T14:11:13","modified_gmt":"2025-12-08T13:11:13","slug":"kit-pique-nique-maternelle-5-pieces-heroine","status":"publish","type":"product","link":"https:\/\/bbies.fr\/couches-lavables\/boutique\/kit-pique-nique-maternelle-5-pieces-heroine\/","title":{"rendered":"Kit pique-nique maternelle &#8211; 5 pi\u00e8ces &#8211; H\u00e9ro\u00efne"},"content":{"rendered":"<p>[et_pb_section fb_built=\u00a0\u00bb1&Prime; _builder_version=\u00a0\u00bb4.27.4&Prime; _module_preset=\u00a0\u00bbdefault\u00a0\u00bb global_colors_info=\u00a0\u00bb{}\u00a0\u00bb][\/et_pb_section]<\/p>\n","protected":false},"excerpt":{"rendered":"<p data-start=\"165\" data-end=\"290\"><strong data-start=\"146\" data-end=\"229\">Kit Pique-Nique Petite Fille \u2013 Pratique, mignon et 100 % pr\u00eat pour l\u2019aventure !<\/strong><\/p>\n<p class=\"\" data-start=\"165\" data-end=\"290\">Pens\u00e9 pour accompagner les journ\u00e9es bien remplies des petites exploratrices, ce kit pique-nique est id\u00e9al pour l\u2019\u00e9cole, les sorties ou les balades en famille. Joliment assorti et parfaitement adapt\u00e9 aux petites mains, il comprend tout le n\u00e9cessaire pour un repas ou un go\u00fbter \u00e0 emporter :<\/p>\n<ul data-start=\"292\" data-end=\"658\">\n<li class=\"\" data-start=\"292\" data-end=\"393\">\n<p class=\"\" data-start=\"294\" data-end=\"393\"><strong>1 sac isotherme avec petite poign\u00e9e <\/strong>: garde les aliments et boissons \u00e0 bonne temp\u00e9rature,<\/p>\n<\/li>\n<li data-start=\"292\" data-end=\"393\"><strong data-start=\"297\" data-end=\"337\">1 gourde inox (350 ml) : <\/strong>r\u00e9sistante et facile \u00e0 ouvrir et \u00e0 utiliser gr\u00e2ce \u00e0 son bec verseur<\/li>\n<li class=\"\" data-start=\"394\" data-end=\"486\">\n<p class=\"\" data-start=\"396\" data-end=\"486\"><strong>2 pochettes \u00e0 go\u00fbter ou sandwich imperm\u00e9able<\/strong> : pour transporter biscuits ou fruits sans miettes ou sandwich pain de mie<\/p>\n<\/li>\n<li class=\"\" data-start=\"572\" data-end=\"658\">\n<p class=\"\" data-start=\"574\" data-end=\"658\"><strong>1 gourde \u00e0 compote Squiz<\/strong> : r\u00e9utilisable, facile \u00e0 remplir, ador\u00e9e des enfants !<\/p>\n<\/li>\n<\/ul>\n<p class=\"\" data-start=\"660\" data-end=\"713\">Un ensemble aussi joli que pratique, pour allier autonomie, plaisir et \u00e9coresponsabilit\u00e9 d\u00e8s le plus jeune \u00e2ge<\/p>\n","protected":false},"featured_media":1720734,"comment_status":"closed","ping_status":"closed","template":"","meta":{"_acf_changed":false,"_et_pb_use_builder":"on","_et_pb_old_content":"<h4 class=\"\" data-start=\"440\" data-end=\"462\">Le kit contient :<\/h4>\r\n<ul data-start=\"505\" data-end=\"823\">\r\n \t<li class=\"\" data-start=\"505\" data-end=\"657\">\r\n<p class=\"\" data-start=\"507\" data-end=\"657\">Un <strong data-start=\"510\" data-end=\"527\">sac isotherme<\/strong> color\u00e9 et r\u00e9sistant, parfait pour garder les aliments frais. Facile \u00e0 transporter avec ses deux anses et sa poche avant zipp\u00e9e.<\/p>\r\n<\/li>\r\n \t<li class=\"\" data-start=\"658\" data-end=\"823\">\r\n<p class=\"\" data-start=\"660\" data-end=\"823\">Une <strong data-start=\"664\" data-end=\"694\">gourde en acier inoxydable<\/strong> (350 ml), sans BPA, pour garder les boissons \u00e0 la bonne temp\u00e9rature, froides comme chaudes.<br data-start=\"786\" data-end=\"789\" \/><em data-start=\"789\" data-end=\"823\">Dimensions sac : 23 x 20 x 15 cm<\/em><\/p>\r\n<\/li>\r\n<\/ul>\r\n<p class=\"\" data-start=\"825\" data-end=\"862\">\ud83e\udd95 <strong>2<\/strong> p<strong data-start=\"828\" data-end=\"860\">ochettes \u00e0 go\u00fbter ou \u00e0 sandwich<\/strong><\/p>\r\n\r\n<ul data-start=\"863\" data-end=\"1128\">\r\n \t<li class=\"\" data-start=\"863\" data-end=\"979\">\r\n<p class=\"\" data-start=\"865\" data-end=\"979\">Herm\u00e9tique, jolie et ultra-pratique, elle permet de transporter un biscuit ou un fruit sans miettes dans le sac ou un sandwich en pain de mie<\/p>\r\n<\/li>\r\n \t<li class=\"\" data-start=\"980\" data-end=\"1070\">\r\n<p class=\"\" data-start=\"982\" data-end=\"1070\">En tissu imperm\u00e9able et respirant (100 % PUL), elle prot\u00e8ge efficacement les aliments.<\/p>\r\n<\/li>\r\n \t<li class=\"\" data-start=\"1071\" data-end=\"1128\">\r\n<p class=\"\" data-start=\"1073\" data-end=\"1128\">Sans BPA, PVC ou phtalates.<br data-start=\"1100\" data-end=\"1103\" \/><em data-start=\"1103\" data-end=\"1128\">Dimensions : 20 x 16 cm<\/em><\/p>\r\n<\/li>\r\n<\/ul>\r\n<p class=\"\" data-start=\"1361\" data-end=\"1405\">\ud83e\udde1 <strong data-start=\"1364\" data-end=\"1403\">Gourde \u00e0 compote r\u00e9utilisable Squiz<\/strong><\/p>\r\n\r\n<ul data-start=\"1406\" data-end=\"1592\">\r\n \t<li class=\"\" data-start=\"1406\" data-end=\"1514\">\r\n<p class=\"\" data-start=\"1408\" data-end=\"1514\">Id\u00e9ale pour les compotes maison ou les yaourts \u00e0 emporter. R\u00e9utilisable, facile \u00e0 remplir et \u00e0 nettoyer.<\/p>\r\n<\/li>\r\n \t<li class=\"\" data-start=\"1515\" data-end=\"1592\">\r\n<p class=\"\" data-start=\"1517\" data-end=\"1592\">Color\u00e9e et rigolote, elle pla\u00eet aux enfants tout en respectant la plan\u00e8te !<\/p>\r\n<\/li>\r\n \t<li data-start=\"1515\" data-end=\"1592\"><strong data-start=\"697\" data-end=\"727\">Z\u00e9ro BPA, phtalates ou PVC<\/strong> : pour une utilisation sans danger d\u00e8s 6 mois.<\/li>\r\n \t<li data-start=\"1515\" data-end=\"1592\"><strong data-start=\"868\" data-end=\"913\">Compatibles cong\u00e9lateur et lave-vaisselle<\/strong> : pour une organisation simplifi\u00e9e au quotidien.<\/li>\r\n<\/ul>\r\n&nbsp;","_et_gb_content_width":""},"product_brand":[1185,1273,1238],"product_cat":[237,71,838,209,1342,441,66],"product_tag":[],"class_list":{"0":"post-1720728","1":"product","2":"type-product","3":"status-publish","4":"has-post-thumbnail","6":"product_brand-ecologiq","7":"product_brand-squiz","8":"product_brand-stella-green","9":"product_cat-sorties","10":"product_cat-cuisine","11":"product_cat-pique-nique-responsable","12":"product_cat-puericulture","13":"product_cat-rentree-cp-cm2","14":"product_cat-sac-a-gouter","15":"product_cat-zero-dechet","16":"pa_produits-conservation","17":"pa_produits-sac","19":"first","20":"instock","21":"sale","22":"taxable","23":"shipping-taxable","24":"purchasable","25":"product-type-bundle"},"bundled_by":[],"bundle_stock_status":"instock","bundle_stock_quantity":26,"bundle_virtual":false,"bundle_layout":"default","bundle_add_to_cart_form_location":"default","bundle_editable_in_cart":false,"bundle_sold_individually_context":"product","bundle_item_grouping":"parent","bundle_min_size":"","bundle_max_size":"","bundle_price":{"price":{"min":{"incl_tax":"39.9","excl_tax":"33.25"},"max":{"incl_tax":"39.9","excl_tax":"33.25"}},"regular_price":{"min":{"incl_tax":"54.7","excl_tax":"45.583333"},"max":{"incl_tax":"54.7","excl_tax":"45.583333"}}},"bundled_items":[{"bundled_item_id":2818,"product_id":1719676,"menu_order":0,"quantity_min":1,"quantity_max":1,"quantity_default":1,"priced_individually":false,"shipped_individually":false,"override_title":false,"title":"Sac pique-nique enfant - isotherme","override_description":true,"description":"","optional":false,"hide_thumbnail":false,"discount":"","override_variations":false,"allowed_variations":[],"override_default_variation_attributes":false,"default_variation_attributes":[],"single_product_visibility":"visible","cart_visibility":"visible","order_visibility":"visible","single_product_price_visibility":"visible","cart_price_visibility":"visible","order_price_visibility":"visible","stock_status":"in_stock"},{"bundled_item_id":2819,"product_id":1717795,"menu_order":1,"quantity_min":1,"quantity_max":1,"quantity_default":1,"priced_individually":false,"shipped_individually":false,"override_title":false,"title":"Gourde sp\u00e9ciale enfant - Ma 1er gourde, isotherme","override_description":true,"description":"","optional":false,"hide_thumbnail":false,"discount":"","override_variations":false,"allowed_variations":[],"override_default_variation_attributes":false,"default_variation_attributes":[],"single_product_visibility":"visible","cart_visibility":"visible","order_visibility":"visible","single_product_price_visibility":"visible","cart_price_visibility":"visible","order_price_visibility":"visible","stock_status":"in_stock"},{"bundled_item_id":2820,"product_id":1720708,"menu_order":2,"quantity_min":1,"quantity_max":1,"quantity_default":1,"priced_individually":false,"shipped_individually":false,"override_title":false,"title":"Gourde compote r\u00e9utilisable - Mod\u00e8le \u00e0 choisir","override_description":true,"description":"","optional":false,"hide_thumbnail":false,"discount":"","override_variations":false,"allowed_variations":[],"override_default_variation_attributes":false,"default_variation_attributes":[],"single_product_visibility":"visible","cart_visibility":"visible","order_visibility":"visible","single_product_price_visibility":"visible","cart_price_visibility":"visible","order_price_visibility":"visible","stock_status":"in_stock"},{"bundled_item_id":2821,"product_id":1707668,"menu_order":3,"quantity_min":1,"quantity_max":1,"quantity_default":1,"priced_individually":false,"shipped_individually":false,"override_title":true,"title":"Sac \u00e0 go\u00fbter ou sandwich - Coloris N\u00b01 \u00e0 choisir","override_description":true,"description":"","optional":false,"hide_thumbnail":false,"discount":"","override_variations":false,"allowed_variations":[],"override_default_variation_attributes":false,"default_variation_attributes":[],"single_product_visibility":"visible","cart_visibility":"visible","order_visibility":"visible","single_product_price_visibility":"visible","cart_price_visibility":"visible","order_price_visibility":"visible","stock_status":"in_stock"},{"bundled_item_id":2822,"product_id":1707668,"menu_order":4,"quantity_min":1,"quantity_max":1,"quantity_default":1,"priced_individually":false,"shipped_individually":false,"override_title":true,"title":"Sac \u00e0 go\u00fbter ou sandwich - Coloris N\u00b02 \u00e0 choisir","override_description":true,"description":"","optional":false,"hide_thumbnail":false,"discount":"","override_variations":false,"allowed_variations":[],"override_default_variation_attributes":false,"default_variation_attributes":[],"single_product_visibility":"visible","cart_visibility":"visible","order_visibility":"visible","single_product_price_visibility":"visible","cart_price_visibility":"visible","order_price_visibility":"visible","stock_status":"in_stock"}],"bundle_sell_ids":[],"acf":[],"yoast_head":"<!-- This site is optimized with the Yoast SEO plugin v27.4 - https:\/\/yoast.com\/product\/yoast-seo-wordpress\/ -->\n<title>Kit pique-nique maternelle - 5 pi\u00e8ces - H\u00e9ro\u00efne | B&#039;bies<\/title>\n<meta name=\"description\" content=\"Kit Pique-Nique Petite Fille \u2013 Pratique, mignon et 100 % pr\u00eat pour l\u2019aventure ! Pens\u00e9 pour accompagner les journ\u00e9es bien remplies des petites exploratrices, ce kit pique-nique est id\u00e9al pour l\u2019\u00e9cole, les sorties ou les balades en famille. Joliment assorti et parfaitement adapt\u00e9 aux petites mains, il comprend tout le n\u00e9cessaire pour un repas ou un go\u00fbter \u00e0 emporter :     1 sac isotherme avec petite poign\u00e9e : garde les aliments et boissons \u00e0 bonne temp\u00e9rature,   1 gourde inox (350 ml) : r\u00e9sistante et facile \u00e0 ouvrir et \u00e0 utiliser gr\u00e2ce \u00e0 son bec verseur   2 pochettes \u00e0 go\u00fbter ou sandwich imperm\u00e9able : pour transporter biscuits ou fruits sans miettes ou sandwich pain de mie    1 gourde \u00e0 compote Squiz : r\u00e9utilisable, facile \u00e0 remplir, ador\u00e9e des enfants !   Un ensemble aussi joli que pratique, pour allier autonomie, plaisir et \u00e9coresponsabilit\u00e9 d\u00e8s le plus jeune \u00e2ge\" \/>\n<meta name=\"robots\" content=\"index, follow, max-snippet:-1, max-image-preview:large, max-video-preview:-1\" \/>\n<link rel=\"canonical\" href=\"https:\/\/bbies.fr\/couches-lavables\/boutique\/kit-pique-nique-maternelle-5-pieces-heroine\/\" \/>\n<script type=\"application\/ld+json\" class=\"yoast-schema-graph\">{\"@context\":\"https:\\\/\\\/schema.org\",\"@graph\":[{\"@type\":\"WebPage\",\"@id\":\"https:\\\/\\\/bbies.fr\\\/couches-lavables\\\/boutique\\\/kit-pique-nique-maternelle-5-pieces-heroine\\\/\",\"url\":\"https:\\\/\\\/bbies.fr\\\/couches-lavables\\\/boutique\\\/kit-pique-nique-maternelle-5-pieces-heroine\\\/\",\"name\":\"Kit pique-nique maternelle - 5 pi\u00e8ces - H\u00e9ro\u00efne | B&#039;bies\",\"isPartOf\":{\"@id\":\"https:\\\/\\\/bbies.fr\\\/couches-lavables\\\/#website\"},\"primaryImageOfPage\":{\"@id\":\"https:\\\/\\\/bbies.fr\\\/couches-lavables\\\/boutique\\\/kit-pique-nique-maternelle-5-pieces-heroine\\\/#primaryimage\"},\"image\":{\"@id\":\"https:\\\/\\\/bbies.fr\\\/couches-lavables\\\/boutique\\\/kit-pique-nique-maternelle-5-pieces-heroine\\\/#primaryimage\"},\"thumbnailUrl\":\"https:\\\/\\\/bbies.fr\\\/couches-lavables\\\/wp-content\\\/uploads\\\/2025\\\/05\\\/KIT-PIQ-F-bright.webp\",\"datePublished\":\"2025-05-21T15:36:48+00:00\",\"dateModified\":\"2025-12-08T13:11:13+00:00\",\"description\":\"Kit Pique-Nique Petite Fille \u2013 Pratique, mignon et 100 % pr\u00eat pour l\u2019aventure ! Pens\u00e9 pour accompagner les journ\u00e9es bien remplies des petites exploratrices, ce kit pique-nique est id\u00e9al pour l\u2019\u00e9cole, les sorties ou les balades en famille. Joliment assorti et parfaitement adapt\u00e9 aux petites mains, il comprend tout le n\u00e9cessaire pour un repas ou un go\u00fbter \u00e0 emporter : 1 sac isotherme avec petite poign\u00e9e : garde les aliments et boissons \u00e0 bonne temp\u00e9rature, 1 gourde inox (350 ml) : r\u00e9sistante et facile \u00e0 ouvrir et \u00e0 utiliser gr\u00e2ce \u00e0 son bec verseur 2 pochettes \u00e0 go\u00fbter ou sandwich imperm\u00e9able : pour transporter biscuits ou fruits sans miettes ou sandwich pain de mie 1 gourde \u00e0 compote Squiz : r\u00e9utilisable, facile \u00e0 remplir, ador\u00e9e des enfants ! Un ensemble aussi joli que pratique, pour allier autonomie, plaisir et \u00e9coresponsabilit\u00e9 d\u00e8s le plus jeune \u00e2ge\",\"breadcrumb\":{\"@id\":\"https:\\\/\\\/bbies.fr\\\/couches-lavables\\\/boutique\\\/kit-pique-nique-maternelle-5-pieces-heroine\\\/#breadcrumb\"},\"inLanguage\":\"fr-FR\",\"potentialAction\":[{\"@type\":\"ReadAction\",\"target\":[\"https:\\\/\\\/bbies.fr\\\/couches-lavables\\\/boutique\\\/kit-pique-nique-maternelle-5-pieces-heroine\\\/\"]}]},{\"@type\":\"ImageObject\",\"inLanguage\":\"fr-FR\",\"@id\":\"https:\\\/\\\/bbies.fr\\\/couches-lavables\\\/boutique\\\/kit-pique-nique-maternelle-5-pieces-heroine\\\/#primaryimage\",\"url\":\"https:\\\/\\\/bbies.fr\\\/couches-lavables\\\/wp-content\\\/uploads\\\/2025\\\/05\\\/KIT-PIQ-F-bright.webp\",\"contentUrl\":\"https:\\\/\\\/bbies.fr\\\/couches-lavables\\\/wp-content\\\/uploads\\\/2025\\\/05\\\/KIT-PIQ-F-bright.webp\",\"width\":800,\"height\":800},{\"@type\":\"BreadcrumbList\",\"@id\":\"https:\\\/\\\/bbies.fr\\\/couches-lavables\\\/boutique\\\/kit-pique-nique-maternelle-5-pieces-heroine\\\/#breadcrumb\",\"itemListElement\":[{\"@type\":\"ListItem\",\"position\":1,\"name\":\"Accueil\",\"item\":\"https:\\\/\\\/bbies.fr\\\/couches-lavables\\\/\"},{\"@type\":\"ListItem\",\"position\":2,\"name\":\"Boutique Bbies\",\"item\":\"https:\\\/\\\/bbies.fr\\\/couches-lavables\\\/boutique-bbies\\\/\"},{\"@type\":\"ListItem\",\"position\":3,\"name\":\"Kit pique-nique maternelle &#8211; 5 pi\u00e8ces &#8211; H\u00e9ro\u00efne\"}]},{\"@type\":\"WebSite\",\"@id\":\"https:\\\/\\\/bbies.fr\\\/couches-lavables\\\/#website\",\"url\":\"https:\\\/\\\/bbies.fr\\\/couches-lavables\\\/\",\"name\":\"B'bies, couches lavables et r\u00e9utilisables\",\"description\":\"De la naissance \u00e0 la propret\u00e9\",\"publisher\":{\"@id\":\"https:\\\/\\\/bbies.fr\\\/couches-lavables\\\/#organization\"},\"alternateName\":\"BBIES\",\"potentialAction\":[{\"@type\":\"SearchAction\",\"target\":{\"@type\":\"EntryPoint\",\"urlTemplate\":\"https:\\\/\\\/bbies.fr\\\/couches-lavables\\\/?s={search_term_string}\"},\"query-input\":{\"@type\":\"PropertyValueSpecification\",\"valueRequired\":true,\"valueName\":\"search_term_string\"}}],\"inLanguage\":\"fr-FR\"},{\"@type\":\"Organization\",\"@id\":\"https:\\\/\\\/bbies.fr\\\/couches-lavables\\\/#organization\",\"name\":\"B'bies\",\"url\":\"https:\\\/\\\/bbies.fr\\\/couches-lavables\\\/\",\"logo\":{\"@type\":\"ImageObject\",\"inLanguage\":\"fr-FR\",\"@id\":\"https:\\\/\\\/bbies.fr\\\/couches-lavables\\\/#\\\/schema\\\/logo\\\/image\\\/\",\"url\":\"https:\\\/\\\/bbies.fr\\\/couches-lavables\\\/wp-content\\\/uploads\\\/2019\\\/12\\\/logo-web.jpg\",\"contentUrl\":\"https:\\\/\\\/bbies.fr\\\/couches-lavables\\\/wp-content\\\/uploads\\\/2019\\\/12\\\/logo-web.jpg\",\"width\":364,\"height\":151,\"caption\":\"B'bies\"},\"image\":{\"@id\":\"https:\\\/\\\/bbies.fr\\\/couches-lavables\\\/#\\\/schema\\\/logo\\\/image\\\/\"},\"sameAs\":[\"https:\\\/\\\/www.facebook.com\\\/bbies.fr\\\/\",\"https:\\\/\\\/www.instagram.com\\\/bbies.fr\"]}]}<\/script>\n<!-- \/ Yoast SEO plugin. -->","yoast_head_json":{"title":"Kit pique-nique maternelle - 5 pi\u00e8ces - H\u00e9ro\u00efne | B&#039;bies","description":"Kit Pique-Nique Petite Fille \u2013 Pratique, mignon et 100 % pr\u00eat pour l\u2019aventure ! Pens\u00e9 pour accompagner les journ\u00e9es bien remplies des petites exploratrices, ce kit pique-nique est id\u00e9al pour l\u2019\u00e9cole, les sorties ou les balades en famille. Joliment assorti et parfaitement adapt\u00e9 aux petites mains, il comprend tout le n\u00e9cessaire pour un repas ou un go\u00fbter \u00e0 emporter :     1 sac isotherme avec petite poign\u00e9e : garde les aliments et boissons \u00e0 bonne temp\u00e9rature,   1 gourde inox (350 ml) : r\u00e9sistante et facile \u00e0 ouvrir et \u00e0 utiliser gr\u00e2ce \u00e0 son bec verseur   2 pochettes \u00e0 go\u00fbter ou sandwich imperm\u00e9able : pour transporter biscuits ou fruits sans miettes ou sandwich pain de mie    1 gourde \u00e0 compote Squiz : r\u00e9utilisable, facile \u00e0 remplir, ador\u00e9e des enfants !   Un ensemble aussi joli que pratique, pour allier autonomie, plaisir et \u00e9coresponsabilit\u00e9 d\u00e8s le plus jeune \u00e2ge","robots":{"index":"index","follow":"follow","max-snippet":"max-snippet:-1","max-image-preview":"max-image-preview:large","max-video-preview":"max-video-preview:-1"},"canonical":"https:\/\/bbies.fr\/couches-lavables\/boutique\/kit-pique-nique-maternelle-5-pieces-heroine\/","schema":{"@context":"https:\/\/schema.org","@graph":[{"@type":"WebPage","@id":"https:\/\/bbies.fr\/couches-lavables\/boutique\/kit-pique-nique-maternelle-5-pieces-heroine\/","url":"https:\/\/bbies.fr\/couches-lavables\/boutique\/kit-pique-nique-maternelle-5-pieces-heroine\/","name":"Kit pique-nique maternelle - 5 pi\u00e8ces - H\u00e9ro\u00efne | B&#039;bies","isPartOf":{"@id":"https:\/\/bbies.fr\/couches-lavables\/#website"},"primaryImageOfPage":{"@id":"https:\/\/bbies.fr\/couches-lavables\/boutique\/kit-pique-nique-maternelle-5-pieces-heroine\/#primaryimage"},"image":{"@id":"https:\/\/bbies.fr\/couches-lavables\/boutique\/kit-pique-nique-maternelle-5-pieces-heroine\/#primaryimage"},"thumbnailUrl":"https:\/\/bbies.fr\/couches-lavables\/wp-content\/uploads\/2025\/05\/KIT-PIQ-F-bright.webp","datePublished":"2025-05-21T15:36:48+00:00","dateModified":"2025-12-08T13:11:13+00:00","description":"Kit Pique-Nique Petite Fille \u2013 Pratique, mignon et 100 % pr\u00eat pour l\u2019aventure ! Pens\u00e9 pour accompagner les journ\u00e9es bien remplies des petites exploratrices, ce kit pique-nique est id\u00e9al pour l\u2019\u00e9cole, les sorties ou les balades en famille. Joliment assorti et parfaitement adapt\u00e9 aux petites mains, il comprend tout le n\u00e9cessaire pour un repas ou un go\u00fbter \u00e0 emporter : 1 sac isotherme avec petite poign\u00e9e : garde les aliments et boissons \u00e0 bonne temp\u00e9rature, 1 gourde inox (350 ml) : r\u00e9sistante et facile \u00e0 ouvrir et \u00e0 utiliser gr\u00e2ce \u00e0 son bec verseur 2 pochettes \u00e0 go\u00fbter ou sandwich imperm\u00e9able : pour transporter biscuits ou fruits sans miettes ou sandwich pain de mie 1 gourde \u00e0 compote Squiz : r\u00e9utilisable, facile \u00e0 remplir, ador\u00e9e des enfants ! Un ensemble aussi joli que pratique, pour allier autonomie, plaisir et \u00e9coresponsabilit\u00e9 d\u00e8s le plus jeune \u00e2ge","breadcrumb":{"@id":"https:\/\/bbies.fr\/couches-lavables\/boutique\/kit-pique-nique-maternelle-5-pieces-heroine\/#breadcrumb"},"inLanguage":"fr-FR","potentialAction":[{"@type":"ReadAction","target":["https:\/\/bbies.fr\/couches-lavables\/boutique\/kit-pique-nique-maternelle-5-pieces-heroine\/"]}]},{"@type":"ImageObject","inLanguage":"fr-FR","@id":"https:\/\/bbies.fr\/couches-lavables\/boutique\/kit-pique-nique-maternelle-5-pieces-heroine\/#primaryimage","url":"https:\/\/bbies.fr\/couches-lavables\/wp-content\/uploads\/2025\/05\/KIT-PIQ-F-bright.webp","contentUrl":"https:\/\/bbies.fr\/couches-lavables\/wp-content\/uploads\/2025\/05\/KIT-PIQ-F-bright.webp","width":800,"height":800},{"@type":"BreadcrumbList","@id":"https:\/\/bbies.fr\/couches-lavables\/boutique\/kit-pique-nique-maternelle-5-pieces-heroine\/#breadcrumb","itemListElement":[{"@type":"ListItem","position":1,"name":"Accueil","item":"https:\/\/bbies.fr\/couches-lavables\/"},{"@type":"ListItem","position":2,"name":"Boutique Bbies","item":"https:\/\/bbies.fr\/couches-lavables\/boutique-bbies\/"},{"@type":"ListItem","position":3,"name":"Kit pique-nique maternelle &#8211; 5 pi\u00e8ces &#8211; H\u00e9ro\u00efne"}]},{"@type":"WebSite","@id":"https:\/\/bbies.fr\/couches-lavables\/#website","url":"https:\/\/bbies.fr\/couches-lavables\/","name":"B'bies, couches lavables et r\u00e9utilisables","description":"De la naissance \u00e0 la propret\u00e9","publisher":{"@id":"https:\/\/bbies.fr\/couches-lavables\/#organization"},"alternateName":"BBIES","potentialAction":[{"@type":"SearchAction","target":{"@type":"EntryPoint","urlTemplate":"https:\/\/bbies.fr\/couches-lavables\/?s={search_term_string}"},"query-input":{"@type":"PropertyValueSpecification","valueRequired":true,"valueName":"search_term_string"}}],"inLanguage":"fr-FR"},{"@type":"Organization","@id":"https:\/\/bbies.fr\/couches-lavables\/#organization","name":"B'bies","url":"https:\/\/bbies.fr\/couches-lavables\/","logo":{"@type":"ImageObject","inLanguage":"fr-FR","@id":"https:\/\/bbies.fr\/couches-lavables\/#\/schema\/logo\/image\/","url":"https:\/\/bbies.fr\/couches-lavables\/wp-content\/uploads\/2019\/12\/logo-web.jpg","contentUrl":"https:\/\/bbies.fr\/couches-lavables\/wp-content\/uploads\/2019\/12\/logo-web.jpg","width":364,"height":151,"caption":"B'bies"},"image":{"@id":"https:\/\/bbies.fr\/couches-lavables\/#\/schema\/logo\/image\/"},"sameAs":["https:\/\/www.facebook.com\/bbies.fr\/","https:\/\/www.instagram.com\/bbies.fr"]}]}},"_links":{"self":[{"href":"https:\/\/bbies.fr\/couches-lavables\/wp-json\/wp\/v2\/product\/1720728","targetHints":{"allow":["GET"]}}],"collection":[{"href":"https:\/\/bbies.fr\/couches-lavables\/wp-json\/wp\/v2\/product"}],"about":[{"href":"https:\/\/bbies.fr\/couches-lavables\/wp-json\/wp\/v2\/types\/product"}],"replies":[{"embeddable":true,"href":"https:\/\/bbies.fr\/couches-lavables\/wp-json\/wp\/v2\/comments?post=1720728"}],"wp:featuredmedia":[{"embeddable":true,"href":"https:\/\/bbies.fr\/couches-lavables\/wp-json\/wp\/v2\/media\/1720734"}],"wp:attachment":[{"href":"https:\/\/bbies.fr\/couches-lavables\/wp-json\/wp\/v2\/media?parent=1720728"}],"wp:term":[{"taxonomy":"product_brand","embeddable":true,"href":"https:\/\/bbies.fr\/couches-lavables\/wp-json\/wp\/v2\/product_brand?post=1720728"},{"taxonomy":"product_cat","embeddable":true,"href":"https:\/\/bbies.fr\/couches-lavables\/wp-json\/wp\/v2\/product_cat?post=1720728"},{"taxonomy":"product_tag","embeddable":true,"href":"https:\/\/bbies.fr\/couches-lavables\/wp-json\/wp\/v2\/product_tag?post=1720728"}],"curies":[{"name":"wp","href":"https:\/\/api.w.org\/{rel}","templated":true}]}}