{"id":1720986,"date":"2025-05-30T10:36:20","date_gmt":"2025-05-30T08:36:20","guid":{"rendered":"https:\/\/bbies.fr\/couches-lavables\/?post_type=product&#038;p=1720986"},"modified":"2026-01-15T16:43:09","modified_gmt":"2026-01-15T15:43:09","slug":"maillot-de-bain-bebe-protection-uv-casquette","status":"publish","type":"product","link":"https:\/\/bbies.fr\/couches-lavables\/boutique\/maillot-de-bain-bebe-protection-uv-casquette\/","title":{"rendered":"Maillot de bain b\u00e9b\u00e9 &#8211; Protection UV + Casquette"},"content":{"rendered":"<h3>Taille<\/h3>\n<ul>\n<li>80 cm : 9-12 mois<\/li>\n<li>90 cm : 1-2 ans<\/li>\n<li>100 cm : 3-4 ans<\/li>\n<\/ul>\n<p>&nbsp;<\/p>\n<h3>Composition<\/h3>\n<p>95% polyester, 4% spandex<\/p>\n<h3>Entretien<\/h3>\n<ul>\n<li>Lavage en machine \u00e0 30\u00b0C d\u00e9licat<\/li>\n<li>Repassage interdit<\/li>\n<li>S\u00e9chage en machine interdit<\/li>\n<li>Nettoyage \u00e0 sec interdit<\/li>\n<\/ul>\n","protected":false},"excerpt":{"rendered":"<p>Ensemble maillot de bain \/ combishort \u00e0 manche longue. Ce maillot de bain offrira une protection optimale \u00e0 votre enfant sur la plage ou le bord de la piscine. Le textile prot\u00e8ge du soleil et des rayons UV. La casquette assortit descend sur la nuque pour compl\u00e9ter la protection.<\/p>\n<p>Maillot de bain confortable : facile \u00e0 enfiler gr\u00e2ce \u00e0 sa fermeture \u00e9claire, et s\u00e9chage ultra rapide.<\/p>\n<p>&nbsp;<\/p>\n<ul>\n<li>Combinaison de bain 1 pi\u00e8ce + 1 casquette nuque<\/li>\n<li>Col montant,\u00a0Manches courtes<\/li>\n<li>Ouverture zipp\u00e9e,\u00a0Prot\u00e8ge menton<\/li>\n<li>Protection textile anti-UV<\/li>\n<\/ul>\n","protected":false},"featured_media":1721147,"comment_status":"closed","ping_status":"closed","template":"","meta":{"_acf_changed":false,"_et_pb_use_builder":"off","_et_pb_old_content":"<h3>Taille<\/h3>\r\n<ul>\r\n \t<li>80 cm : 9-12 mois<\/li>\r\n \t<li>90 cm : 1-2 ans<\/li>\r\n \t<li>100 cm : 3-4 ans<\/li>\r\n<\/ul>\r\n\u00a0\r\n<h3>Composition<\/h3>\r\n95% polyester, 4% spandex\r\n\r\n\u00a0\r\n<h3>Entretien<\/h3>\r\n<ul>\r\n \t<li>Lavage en machine \u00e0 30\u00b0C d\u00e9licat<\/li>\r\n \t<li>Repassage interdit<\/li>\r\n \t<li>S\u00e9chage en machine interdit<\/li>\r\n \t<li>Nettoyage \u00e0 sec interdit<\/li>\r\n<\/ul>","_et_gb_content_width":""},"product_brand":[1291],"product_cat":[1296,523,1316,209],"product_tag":[],"class_list":{"0":"post-1720986","1":"product","2":"type-product","3":"status-publish","4":"has-post-thumbnail","6":"product_brand-ltex","7":"product_cat-plage","8":"product_cat-pour-le-bain","9":"product_cat-protection-solaire","10":"product_cat-puericulture","11":"pa_produits-maillot-de-bain","12":"pa_taille-90-cm","13":"pa_taille-100-cm","14":"pa_taille-80-cm","16":"first","17":"outofstock","18":"taxable","19":"shipping-taxable","20":"product-type-variable"},"bundled_by":[],"bundle_stock_status":"outofstock","bundle_stock_quantity":null,"bundle_virtual":false,"bundle_layout":"","bundle_add_to_cart_form_location":"","bundle_editable_in_cart":false,"bundle_sold_individually_context":"","bundle_item_grouping":"","bundle_min_size":"","bundle_max_size":"","bundle_price":[],"bundled_items":[],"bundle_sell_ids":[],"acf":[],"yoast_head":"<!-- This site is optimized with the Yoast SEO plugin v27.4 - https:\/\/yoast.com\/product\/yoast-seo-wordpress\/ -->\n<title>Maillot de bain b\u00e9b\u00e9 - Protection UV + Casquette | B&#039;bies<\/title>\n<meta name=\"robots\" content=\"index, follow, max-snippet:-1, max-image-preview:large, max-video-preview:-1\" \/>\n<link rel=\"canonical\" href=\"https:\/\/bbies.fr\/couches-lavables\/boutique\/maillot-de-bain-bebe-protection-uv-casquette\/\" \/>\n<script type=\"application\/ld+json\" class=\"yoast-schema-graph\">{\"@context\":\"https:\\\/\\\/schema.org\",\"@graph\":[{\"@type\":\"WebPage\",\"@id\":\"https:\\\/\\\/bbies.fr\\\/couches-lavables\\\/boutique\\\/maillot-de-bain-bebe-protection-uv-casquette\\\/\",\"url\":\"https:\\\/\\\/bbies.fr\\\/couches-lavables\\\/boutique\\\/maillot-de-bain-bebe-protection-uv-casquette\\\/\",\"name\":\"Maillot de bain b\u00e9b\u00e9 - Protection UV + Casquette | B&#039;bies\",\"isPartOf\":{\"@id\":\"https:\\\/\\\/bbies.fr\\\/couches-lavables\\\/#website\"},\"primaryImageOfPage\":{\"@id\":\"https:\\\/\\\/bbies.fr\\\/couches-lavables\\\/boutique\\\/maillot-de-bain-bebe-protection-uv-casquette\\\/#primaryimage\"},\"image\":{\"@id\":\"https:\\\/\\\/bbies.fr\\\/couches-lavables\\\/boutique\\\/maillot-de-bain-bebe-protection-uv-casquette\\\/#primaryimage\"},\"thumbnailUrl\":\"https:\\\/\\\/bbies.fr\\\/couches-lavables\\\/wp-content\\\/uploads\\\/2025\\\/05\\\/boy_fish_swimsuit.webp\",\"datePublished\":\"2025-05-30T08:36:20+00:00\",\"dateModified\":\"2026-01-15T15:43:09+00:00\",\"breadcrumb\":{\"@id\":\"https:\\\/\\\/bbies.fr\\\/couches-lavables\\\/boutique\\\/maillot-de-bain-bebe-protection-uv-casquette\\\/#breadcrumb\"},\"inLanguage\":\"fr-FR\",\"potentialAction\":[{\"@type\":\"ReadAction\",\"target\":[\"https:\\\/\\\/bbies.fr\\\/couches-lavables\\\/boutique\\\/maillot-de-bain-bebe-protection-uv-casquette\\\/\"]}]},{\"@type\":\"ImageObject\",\"inLanguage\":\"fr-FR\",\"@id\":\"https:\\\/\\\/bbies.fr\\\/couches-lavables\\\/boutique\\\/maillot-de-bain-bebe-protection-uv-casquette\\\/#primaryimage\",\"url\":\"https:\\\/\\\/bbies.fr\\\/couches-lavables\\\/wp-content\\\/uploads\\\/2025\\\/05\\\/boy_fish_swimsuit.webp\",\"contentUrl\":\"https:\\\/\\\/bbies.fr\\\/couches-lavables\\\/wp-content\\\/uploads\\\/2025\\\/05\\\/boy_fish_swimsuit.webp\",\"width\":800,\"height\":800},{\"@type\":\"BreadcrumbList\",\"@id\":\"https:\\\/\\\/bbies.fr\\\/couches-lavables\\\/boutique\\\/maillot-de-bain-bebe-protection-uv-casquette\\\/#breadcrumb\",\"itemListElement\":[{\"@type\":\"ListItem\",\"position\":1,\"name\":\"Accueil\",\"item\":\"https:\\\/\\\/bbies.fr\\\/couches-lavables\\\/\"},{\"@type\":\"ListItem\",\"position\":2,\"name\":\"Boutique Bbies\",\"item\":\"https:\\\/\\\/bbies.fr\\\/couches-lavables\\\/boutique-bbies\\\/\"},{\"@type\":\"ListItem\",\"position\":3,\"name\":\"Maillot de bain b\u00e9b\u00e9 &#8211; Protection UV + Casquette\"}]},{\"@type\":\"WebSite\",\"@id\":\"https:\\\/\\\/bbies.fr\\\/couches-lavables\\\/#website\",\"url\":\"https:\\\/\\\/bbies.fr\\\/couches-lavables\\\/\",\"name\":\"B'bies, couches lavables et r\u00e9utilisables\",\"description\":\"De la naissance \u00e0 la propret\u00e9\",\"publisher\":{\"@id\":\"https:\\\/\\\/bbies.fr\\\/couches-lavables\\\/#organization\"},\"alternateName\":\"BBIES\",\"potentialAction\":[{\"@type\":\"SearchAction\",\"target\":{\"@type\":\"EntryPoint\",\"urlTemplate\":\"https:\\\/\\\/bbies.fr\\\/couches-lavables\\\/?s={search_term_string}\"},\"query-input\":{\"@type\":\"PropertyValueSpecification\",\"valueRequired\":true,\"valueName\":\"search_term_string\"}}],\"inLanguage\":\"fr-FR\"},{\"@type\":\"Organization\",\"@id\":\"https:\\\/\\\/bbies.fr\\\/couches-lavables\\\/#organization\",\"name\":\"B'bies\",\"url\":\"https:\\\/\\\/bbies.fr\\\/couches-lavables\\\/\",\"logo\":{\"@type\":\"ImageObject\",\"inLanguage\":\"fr-FR\",\"@id\":\"https:\\\/\\\/bbies.fr\\\/couches-lavables\\\/#\\\/schema\\\/logo\\\/image\\\/\",\"url\":\"https:\\\/\\\/bbies.fr\\\/couches-lavables\\\/wp-content\\\/uploads\\\/2019\\\/12\\\/logo-web.jpg\",\"contentUrl\":\"https:\\\/\\\/bbies.fr\\\/couches-lavables\\\/wp-content\\\/uploads\\\/2019\\\/12\\\/logo-web.jpg\",\"width\":364,\"height\":151,\"caption\":\"B'bies\"},\"image\":{\"@id\":\"https:\\\/\\\/bbies.fr\\\/couches-lavables\\\/#\\\/schema\\\/logo\\\/image\\\/\"},\"sameAs\":[\"https:\\\/\\\/www.facebook.com\\\/bbies.fr\\\/\",\"https:\\\/\\\/www.instagram.com\\\/bbies.fr\"]}]}<\/script>\n<!-- \/ Yoast SEO plugin. -->","yoast_head_json":{"title":"Maillot de bain b\u00e9b\u00e9 - Protection UV + Casquette | B&#039;bies","robots":{"index":"index","follow":"follow","max-snippet":"max-snippet:-1","max-image-preview":"max-image-preview:large","max-video-preview":"max-video-preview:-1"},"canonical":"https:\/\/bbies.fr\/couches-lavables\/boutique\/maillot-de-bain-bebe-protection-uv-casquette\/","schema":{"@context":"https:\/\/schema.org","@graph":[{"@type":"WebPage","@id":"https:\/\/bbies.fr\/couches-lavables\/boutique\/maillot-de-bain-bebe-protection-uv-casquette\/","url":"https:\/\/bbies.fr\/couches-lavables\/boutique\/maillot-de-bain-bebe-protection-uv-casquette\/","name":"Maillot de bain b\u00e9b\u00e9 - Protection UV + Casquette | B&#039;bies","isPartOf":{"@id":"https:\/\/bbies.fr\/couches-lavables\/#website"},"primaryImageOfPage":{"@id":"https:\/\/bbies.fr\/couches-lavables\/boutique\/maillot-de-bain-bebe-protection-uv-casquette\/#primaryimage"},"image":{"@id":"https:\/\/bbies.fr\/couches-lavables\/boutique\/maillot-de-bain-bebe-protection-uv-casquette\/#primaryimage"},"thumbnailUrl":"https:\/\/bbies.fr\/couches-lavables\/wp-content\/uploads\/2025\/05\/boy_fish_swimsuit.webp","datePublished":"2025-05-30T08:36:20+00:00","dateModified":"2026-01-15T15:43:09+00:00","breadcrumb":{"@id":"https:\/\/bbies.fr\/couches-lavables\/boutique\/maillot-de-bain-bebe-protection-uv-casquette\/#breadcrumb"},"inLanguage":"fr-FR","potentialAction":[{"@type":"ReadAction","target":["https:\/\/bbies.fr\/couches-lavables\/boutique\/maillot-de-bain-bebe-protection-uv-casquette\/"]}]},{"@type":"ImageObject","inLanguage":"fr-FR","@id":"https:\/\/bbies.fr\/couches-lavables\/boutique\/maillot-de-bain-bebe-protection-uv-casquette\/#primaryimage","url":"https:\/\/bbies.fr\/couches-lavables\/wp-content\/uploads\/2025\/05\/boy_fish_swimsuit.webp","contentUrl":"https:\/\/bbies.fr\/couches-lavables\/wp-content\/uploads\/2025\/05\/boy_fish_swimsuit.webp","width":800,"height":800},{"@type":"BreadcrumbList","@id":"https:\/\/bbies.fr\/couches-lavables\/boutique\/maillot-de-bain-bebe-protection-uv-casquette\/#breadcrumb","itemListElement":[{"@type":"ListItem","position":1,"name":"Accueil","item":"https:\/\/bbies.fr\/couches-lavables\/"},{"@type":"ListItem","position":2,"name":"Boutique Bbies","item":"https:\/\/bbies.fr\/couches-lavables\/boutique-bbies\/"},{"@type":"ListItem","position":3,"name":"Maillot de bain b\u00e9b\u00e9 &#8211; Protection UV + Casquette"}]},{"@type":"WebSite","@id":"https:\/\/bbies.fr\/couches-lavables\/#website","url":"https:\/\/bbies.fr\/couches-lavables\/","name":"B'bies, couches lavables et r\u00e9utilisables","description":"De la naissance \u00e0 la propret\u00e9","publisher":{"@id":"https:\/\/bbies.fr\/couches-lavables\/#organization"},"alternateName":"BBIES","potentialAction":[{"@type":"SearchAction","target":{"@type":"EntryPoint","urlTemplate":"https:\/\/bbies.fr\/couches-lavables\/?s={search_term_string}"},"query-input":{"@type":"PropertyValueSpecification","valueRequired":true,"valueName":"search_term_string"}}],"inLanguage":"fr-FR"},{"@type":"Organization","@id":"https:\/\/bbies.fr\/couches-lavables\/#organization","name":"B'bies","url":"https:\/\/bbies.fr\/couches-lavables\/","logo":{"@type":"ImageObject","inLanguage":"fr-FR","@id":"https:\/\/bbies.fr\/couches-lavables\/#\/schema\/logo\/image\/","url":"https:\/\/bbies.fr\/couches-lavables\/wp-content\/uploads\/2019\/12\/logo-web.jpg","contentUrl":"https:\/\/bbies.fr\/couches-lavables\/wp-content\/uploads\/2019\/12\/logo-web.jpg","width":364,"height":151,"caption":"B'bies"},"image":{"@id":"https:\/\/bbies.fr\/couches-lavables\/#\/schema\/logo\/image\/"},"sameAs":["https:\/\/www.facebook.com\/bbies.fr\/","https:\/\/www.instagram.com\/bbies.fr"]}]}},"_links":{"self":[{"href":"https:\/\/bbies.fr\/couches-lavables\/wp-json\/wp\/v2\/product\/1720986","targetHints":{"allow":["GET"]}}],"collection":[{"href":"https:\/\/bbies.fr\/couches-lavables\/wp-json\/wp\/v2\/product"}],"about":[{"href":"https:\/\/bbies.fr\/couches-lavables\/wp-json\/wp\/v2\/types\/product"}],"replies":[{"embeddable":true,"href":"https:\/\/bbies.fr\/couches-lavables\/wp-json\/wp\/v2\/comments?post=1720986"}],"wp:featuredmedia":[{"embeddable":true,"href":"https:\/\/bbies.fr\/couches-lavables\/wp-json\/wp\/v2\/media\/1721147"}],"wp:attachment":[{"href":"https:\/\/bbies.fr\/couches-lavables\/wp-json\/wp\/v2\/media?parent=1720986"}],"wp:term":[{"taxonomy":"product_brand","embeddable":true,"href":"https:\/\/bbies.fr\/couches-lavables\/wp-json\/wp\/v2\/product_brand?post=1720986"},{"taxonomy":"product_cat","embeddable":true,"href":"https:\/\/bbies.fr\/couches-lavables\/wp-json\/wp\/v2\/product_cat?post=1720986"},{"taxonomy":"product_tag","embeddable":true,"href":"https:\/\/bbies.fr\/couches-lavables\/wp-json\/wp\/v2\/product_tag?post=1720986"}],"curies":[{"name":"wp","href":"https:\/\/api.w.org\/{rel}","templated":true}]}}