{"id":1725977,"date":"2024-06-16T07:52:13","date_gmt":"2024-06-16T05:52:13","guid":{"rendered":"https:\/\/bbies.fr\/couches-lavables\/?post_type=product&#038;p=1725977"},"modified":"2026-04-20T11:34:44","modified_gmt":"2026-04-20T09:34:44","slug":"masque-visage-hydrogel-aloe-paris","status":"publish","type":"product","link":"https:\/\/bbies.fr\/couches-lavables\/boutique\/masque-visage-hydrogel-aloe-paris\/","title":{"rendered":"Masque visage Hydrogel &#8211; Aloe Paris"},"content":{"rendered":"<h2>La marque Aloe Paris<\/h2>\n<div id=\"utilisation_text\" class=\"rte\" data-is-open=\"true\">\n<p class=\"isSelectedEnd\">Aloe Paris est une marque de skincare fran\u00e7aise qui associe la puissance de l\u2019aloe vera \u00e0 une approche dermo-cosm\u00e9tique moderne. Elle d\u00e9veloppe des soins naturels, sensoriels et performants, con\u00e7us pour hydrater, apaiser et sublimer la peau tout en respectant son \u00e9quilibre.<\/p>\n<p>Pens\u00e9e comme une routine simple et efficace, la marque mise sur des formules concentr\u00e9es, test\u00e9es dermatologiquement et engag\u00e9es pour une beaut\u00e9 plus clean et responsable.<\/p>\n<\/div>\n<div data-is-open=\"true\"><\/div>\n<div data-is-open=\"true\">\n<hr \/>\n<\/div>\n<p>&nbsp;<\/p>\n<div id=\"utilisation_text\" class=\"rte\" data-is-open=\"true\">\n<h3><strong>Comment l&rsquo;utiliser ?<\/strong><\/h3>\n<p>1- Nettoyez votre visage et s\u00e9chez le<\/p>\n<p>2- Appliquez le masque sur votre peau<\/p>\n<p>3- Laissez poser entre 30 et 45 minutes<\/p>\n<p>4 &#8211; Lorsque le marque devient transparent, il est temps de le retirer.<\/p>\n<p>5- Massez l&rsquo;exc\u00e9dent sans rincer<\/p>\n<\/div>\n<hr \/>\n<h3><\/h3>\n<h3><strong>Pr\u00e9cautions d&rsquo;usages<\/strong><\/h3>\n<ul>\n<li>Eviter tout contact direct avec les yeux.<\/li>\n<li>Tenir hors de port\u00e9e des enfants.<\/li>\n<li>Ne pas appliquer sur une peau irrit\u00e9e<\/li>\n<li>Conserver dans un endroit frais, \u00e0 l&rsquo;abri de la chaleur et de la lumi\u00e8re (&lt;21\u00b0C)<\/li>\n<\/ul>\n<p>&nbsp;<\/p>\n<hr \/>\n<h3><\/h3>\n<h3>Contenance<\/h3>\n<p>1 masque = 1 utilisation<\/p>\n<p>&nbsp;<\/p>\n<hr \/>\n<h3><\/h3>\n<h3>Ingr\u00e9dients<\/h3>\n<div class=\"prodcut--accordion--header border-0\">\n<div id=\"des-3\" class=\"prodcut--accordion--content d-lg-block collapse \">\n<div id=\"des-3\" class=\"prodcut--accordion--content d-lg-block collapse \">\n<div id=\"replo-carousel::R5r2:\" class=\"r-xkzg5t\" role=\"region\" data-rid=\"febea077-3349-495a-a847-69ef53243dc6\" aria-label=\"Carousel\" data-replo-carousel=\"true\">\n<div class=\"r-7tfp1r\" data-rid=\"3326a70d-6929-450f-91ec-95b1d74fc330\">\n<div class=\"r-2nlzun\" data-rid=\"ca151cdb-632b-4460-849c-83f5d6b2affa\">\n<div id=\"replo-carousel:Rnlr2::track\" dir=\"ltr\" tabindex=\"-1\" role=\"region\" data-replo-component-root=\"carousel\" data-replo-part=\"slides\" data-replo-root-id=\"replo-carousel:Rnlr2:\" data-orientation=\"horizontal\" data-active-slide-position=\"start\" aria-label=\"Carousel slides\" data-is-hydrated=\"true\">\n<div data-replo-component-root=\"carousel\" data-replo-part=\"slide-track\" data-replo-root-id=\"replo-carousel:Rnlr2:\" data-orientation=\"horizontal\" data-active-slide-position=\"start\">\n<div id=\"replo-carousel:Rnlr2::slide:0:R3nlr2:\" class=\"r-1mxqao9\" tabindex=\"-1\" role=\"group\" data-replo-component-root=\"carousel\" data-replo-part=\"slide\" data-replo-root-id=\"replo-carousel:Rnlr2:\" data-slide-index=\"0\" data-slide-source-index=\"0\" data-is-active=\"true\" data-slide-id=\"replo-carousel:Rnlr2::slide:0\" aria-label=\"Slide 1\" data-component-id=\"556d564c-1f24-427c-a196-8418f68250b9\" data-is-target=\"true\">\n<div class=\"r-v22ovl\" data-rid=\"556d564c-1f24-427c-a196-8418f68250b9\">\n<div class=\"r-17hp563\" data-rid=\"1b5e919c-12c5-4bd1-802c-4b95d06a4932\">\n<div class=\"r-niygvr\" data-rid=\"b2273594-7e4c-470b-bd85-ead7e6143335\">\n<div class=\"r-1f7n0so\" data-rid=\"d46cb9a0-6eb3-4324-ad62-0f0dc2737da5\">\n<div class=\"r-hd7kt2\" data-rid=\"454c2667-2ab0-413a-ab46-4a6f1597101f\">\n<div class=\"r-1kg64s2 alchemy-rte\" data-rid=\"ae46aa9c-82a0-4159-856b-d62278c8c272\">\n<p>Aqua, Glycerin, Hydrolyzed Collagen, Propanediol, Butylene Glycol, Polyurethane-35, 1,2-hexanediol, Hydroxyacetophenone , Algae Extract, Aloe Barbadensis Leaf Juice Powder, Citric Acid, Betaine, Sodium Hyaluronate, Hydroxyethylcellulose, Mica, Simmondsia Chinensis (Jojoba) Seed Oil, Tocopheryl Acetate, Tripeptide-1, Pentapeptide-3acetyl, Acetyl Hexapeptide-8<\/p>\n<\/div>\n<\/div>\n<\/div>\n<\/div>\n<\/div>\n<\/div>\n<\/div>\n<div id=\"replo-carousel:Rnlr2::slide:0:R7nlr2:\" class=\"r-1mxqao9\" tabindex=\"-1\" role=\"group\" data-replo-component-root=\"carousel\" data-replo-part=\"slide\" data-replo-root-id=\"replo-carousel:Rnlr2:\" data-slide-index=\"2\" data-slide-source-index=\"0\" data-slide-id=\"replo-carousel:Rnlr2::slide:0\" aria-label=\"Slide 3\" data-component-id=\"556d564c-1f24-427c-a196-8418f68250b9\" data-is-target=\"true\">\n<div class=\"r-1rk9fy8\" data-rid=\"1\">\n<div class=\"r-v22ovl\" data-rid=\"556d564c-1f24-427c-a196-8418f68250b9\">\n<div class=\"r-17hp563\" data-rid=\"1b5e919c-12c5-4bd1-802c-4b95d06a4932\">\n<div class=\"r-niygvr\" data-rid=\"b2273594-7e4c-470b-bd85-ead7e6143335\">\n<div class=\"r-g3t792\" data-rid=\"0a4041b0-18a8-4346-aed4-1d5491dbab5c\">\n<div class=\"r-c20vd7\" data-rid=\"0f329bed-a8b6-4474-b8ab-26d8419b0235\">\n<div class=\"r-1hh8r8a alchemy-rte\" data-rid=\"c2643dde-77e5-4a18-85c1-49e1fb7dd056\">\n<p>*masque 100% compostable et biod\u00e9gradable<\/p>\n<\/div>\n<\/div>\n<\/div>\n<\/div>\n<\/div>\n<\/div>\n<\/div>\n<\/div>\n<\/div>\n<\/div>\n<\/div>\n<\/div>\n<\/div>\n<\/div>\n<\/div>\n<\/div>\n","protected":false},"excerpt":{"rendered":"<p class=\"isSelectedEnd\">Le masque visage hydrogel Aloe Paris hydrate intens\u00e9ment la peau, m\u00eame au c\u0153ur des journ\u00e9es les plus charg\u00e9es. Pens\u00e9 pour les mamans, il offre un vrai moment pour soi. D\u00e8s la premi\u00e8re utilisation, le teint para\u00eet plus frais, repos\u00e9 et \u00e9clatant. Sa texture apporte une sensation de fra\u00eecheur imm\u00e9diate, id\u00e9ale pour se r\u00e9veiller tout en douceur.<\/p>\n<p class=\"isSelectedEnd\">Facile \u00e0 int\u00e9grer dans votre routine, il se laisse poser entre 30 et 45 minutes le temps de s\u2019occuper des enfants, sans compromettre votre bien-\u00eatre.<\/p>\n<ul>\n<li>Aloe vera : apaise et hydrate<\/li>\n<li>Collag\u00e8ne : lisse et repulpe la peau<\/li>\n<li>Algues : revitalisent et redonnent de l\u2019\u00e9clat<\/li>\n<li>Huile de jojoba : nourrit, adoucit et am\u00e9liore la qualit\u00e9 de la peau<\/li>\n<\/ul>\n","protected":false},"featured_media":1729339,"comment_status":"closed","ping_status":"closed","template":"","meta":{"_acf_changed":false,"_et_pb_use_builder":"","_et_pb_old_content":"","_et_gb_content_width":""},"product_brand":[1630],"product_cat":[67,826,66],"product_tag":[],"class_list":{"0":"post-1725977","1":"product","2":"type-product","3":"status-publish","4":"has-post-thumbnail","6":"product_brand-aloe-paris","7":"product_cat-salle-de-bain","8":"product_cat-soin-visage-et-corps","9":"product_cat-zero-dechet","10":"pa_produits-masque","11":"pa_produits-visage","13":"first","14":"instock","15":"taxable","16":"shipping-taxable","17":"purchasable","18":"product-type-simple"},"bundled_by":[],"bundle_stock_status":"instock","bundle_stock_quantity":15,"bundle_virtual":false,"bundle_layout":"","bundle_add_to_cart_form_location":"","bundle_editable_in_cart":false,"bundle_sold_individually_context":"","bundle_item_grouping":"","bundle_min_size":"","bundle_max_size":"","bundle_price":[],"bundled_items":[],"bundle_sell_ids":[],"acf":[],"yoast_head":"<!-- This site is optimized with the Yoast SEO plugin v27.4 - https:\/\/yoast.com\/product\/yoast-seo-wordpress\/ -->\n<title>Masque visage Hydrogel - Aloe Paris | B&#039;bies<\/title>\n<meta name=\"description\" content=\"Le masque visage hydrogel Aloe Paris hydrate intens\u00e9ment la peau, m\u00eame au c\u0153ur des journ\u00e9es les plus charg\u00e9es. Pens\u00e9 pour les mamans, il offre un vrai moment pour soi. D\u00e8s la premi\u00e8re utilisation, le teint para\u00eet plus frais, repos\u00e9 et \u00e9clatant. Sa texture apporte une sensation de fra\u00eecheur imm\u00e9diate, id\u00e9ale pour se r\u00e9veiller tout en douceur. Facile \u00e0 int\u00e9grer dans votre routine, il se laisse poser entre 30 et 45 minutes le temps de s\u2019occuper des enfants, sans compromettre votre bien-\u00eatre.    Aloe vera : apaise et hydrate  Collag\u00e8ne : lisse et repulpe la peau  Algues : revitalisent et redonnent de l\u2019\u00e9clat  Huile de jojoba : nourrit, adoucit et am\u00e9liore la qualit\u00e9 de la peau\" \/>\n<meta name=\"robots\" content=\"index, follow, max-snippet:-1, max-image-preview:large, max-video-preview:-1\" \/>\n<link rel=\"canonical\" href=\"https:\/\/bbies.fr\/couches-lavables\/boutique\/masque-visage-hydrogel-aloe-paris\/\" \/>\n<script type=\"application\/ld+json\" class=\"yoast-schema-graph\">{\"@context\":\"https:\\\/\\\/schema.org\",\"@graph\":[{\"@type\":\"WebPage\",\"@id\":\"https:\\\/\\\/bbies.fr\\\/couches-lavables\\\/boutique\\\/masque-visage-hydrogel-aloe-paris\\\/\",\"url\":\"https:\\\/\\\/bbies.fr\\\/couches-lavables\\\/boutique\\\/masque-visage-hydrogel-aloe-paris\\\/\",\"name\":\"Masque visage Hydrogel - Aloe Paris | B&#039;bies\",\"isPartOf\":{\"@id\":\"https:\\\/\\\/bbies.fr\\\/couches-lavables\\\/#website\"},\"primaryImageOfPage\":{\"@id\":\"https:\\\/\\\/bbies.fr\\\/couches-lavables\\\/boutique\\\/masque-visage-hydrogel-aloe-paris\\\/#primaryimage\"},\"image\":{\"@id\":\"https:\\\/\\\/bbies.fr\\\/couches-lavables\\\/boutique\\\/masque-visage-hydrogel-aloe-paris\\\/#primaryimage\"},\"thumbnailUrl\":\"https:\\\/\\\/bbies.fr\\\/couches-lavables\\\/wp-content\\\/uploads\\\/2024\\\/06\\\/Firefly_mais-un-fond-avec-de-la-loe-vera-368405.webp\",\"datePublished\":\"2024-06-16T05:52:13+00:00\",\"dateModified\":\"2026-04-20T09:34:44+00:00\",\"description\":\"Le masque visage hydrogel Aloe Paris hydrate intens\u00e9ment la peau, m\u00eame au c\u0153ur des journ\u00e9es les plus charg\u00e9es. Pens\u00e9 pour les mamans, il offre un vrai moment pour soi. D\u00e8s la premi\u00e8re utilisation, le teint para\u00eet plus frais, repos\u00e9 et \u00e9clatant. Sa texture apporte une sensation de fra\u00eecheur imm\u00e9diate, id\u00e9ale pour se r\u00e9veiller tout en douceur. Facile \u00e0 int\u00e9grer dans votre routine, il se laisse poser entre 30 et 45 minutes le temps de s\u2019occuper des enfants, sans compromettre votre bien-\u00eatre. Aloe vera : apaise et hydrate Collag\u00e8ne : lisse et repulpe la peau Algues : revitalisent et redonnent de l\u2019\u00e9clat Huile de jojoba : nourrit, adoucit et am\u00e9liore la qualit\u00e9 de la peau\",\"breadcrumb\":{\"@id\":\"https:\\\/\\\/bbies.fr\\\/couches-lavables\\\/boutique\\\/masque-visage-hydrogel-aloe-paris\\\/#breadcrumb\"},\"inLanguage\":\"fr-FR\",\"potentialAction\":[{\"@type\":\"ReadAction\",\"target\":[\"https:\\\/\\\/bbies.fr\\\/couches-lavables\\\/boutique\\\/masque-visage-hydrogel-aloe-paris\\\/\"]}]},{\"@type\":\"ImageObject\",\"inLanguage\":\"fr-FR\",\"@id\":\"https:\\\/\\\/bbies.fr\\\/couches-lavables\\\/boutique\\\/masque-visage-hydrogel-aloe-paris\\\/#primaryimage\",\"url\":\"https:\\\/\\\/bbies.fr\\\/couches-lavables\\\/wp-content\\\/uploads\\\/2024\\\/06\\\/Firefly_mais-un-fond-avec-de-la-loe-vera-368405.webp\",\"contentUrl\":\"https:\\\/\\\/bbies.fr\\\/couches-lavables\\\/wp-content\\\/uploads\\\/2024\\\/06\\\/Firefly_mais-un-fond-avec-de-la-loe-vera-368405.webp\",\"width\":2048,\"height\":2048},{\"@type\":\"BreadcrumbList\",\"@id\":\"https:\\\/\\\/bbies.fr\\\/couches-lavables\\\/boutique\\\/masque-visage-hydrogel-aloe-paris\\\/#breadcrumb\",\"itemListElement\":[{\"@type\":\"ListItem\",\"position\":1,\"name\":\"Accueil\",\"item\":\"https:\\\/\\\/bbies.fr\\\/couches-lavables\\\/\"},{\"@type\":\"ListItem\",\"position\":2,\"name\":\"Boutique Bbies\",\"item\":\"https:\\\/\\\/bbies.fr\\\/couches-lavables\\\/boutique-bbies\\\/\"},{\"@type\":\"ListItem\",\"position\":3,\"name\":\"Masque visage Hydrogel &#8211; Aloe Paris\"}]},{\"@type\":\"WebSite\",\"@id\":\"https:\\\/\\\/bbies.fr\\\/couches-lavables\\\/#website\",\"url\":\"https:\\\/\\\/bbies.fr\\\/couches-lavables\\\/\",\"name\":\"B'bies, couches lavables et r\u00e9utilisables\",\"description\":\"De la naissance \u00e0 la propret\u00e9\",\"publisher\":{\"@id\":\"https:\\\/\\\/bbies.fr\\\/couches-lavables\\\/#organization\"},\"alternateName\":\"BBIES\",\"potentialAction\":[{\"@type\":\"SearchAction\",\"target\":{\"@type\":\"EntryPoint\",\"urlTemplate\":\"https:\\\/\\\/bbies.fr\\\/couches-lavables\\\/?s={search_term_string}\"},\"query-input\":{\"@type\":\"PropertyValueSpecification\",\"valueRequired\":true,\"valueName\":\"search_term_string\"}}],\"inLanguage\":\"fr-FR\"},{\"@type\":\"Organization\",\"@id\":\"https:\\\/\\\/bbies.fr\\\/couches-lavables\\\/#organization\",\"name\":\"B'bies\",\"url\":\"https:\\\/\\\/bbies.fr\\\/couches-lavables\\\/\",\"logo\":{\"@type\":\"ImageObject\",\"inLanguage\":\"fr-FR\",\"@id\":\"https:\\\/\\\/bbies.fr\\\/couches-lavables\\\/#\\\/schema\\\/logo\\\/image\\\/\",\"url\":\"https:\\\/\\\/bbies.fr\\\/couches-lavables\\\/wp-content\\\/uploads\\\/2019\\\/12\\\/logo-web.jpg\",\"contentUrl\":\"https:\\\/\\\/bbies.fr\\\/couches-lavables\\\/wp-content\\\/uploads\\\/2019\\\/12\\\/logo-web.jpg\",\"width\":364,\"height\":151,\"caption\":\"B'bies\"},\"image\":{\"@id\":\"https:\\\/\\\/bbies.fr\\\/couches-lavables\\\/#\\\/schema\\\/logo\\\/image\\\/\"},\"sameAs\":[\"https:\\\/\\\/www.facebook.com\\\/bbies.fr\\\/\",\"https:\\\/\\\/www.instagram.com\\\/bbies.fr\"]}]}<\/script>\n<!-- \/ Yoast SEO plugin. -->","yoast_head_json":{"title":"Masque visage Hydrogel - Aloe Paris | B&#039;bies","description":"Le masque visage hydrogel Aloe Paris hydrate intens\u00e9ment la peau, m\u00eame au c\u0153ur des journ\u00e9es les plus charg\u00e9es. Pens\u00e9 pour les mamans, il offre un vrai moment pour soi. D\u00e8s la premi\u00e8re utilisation, le teint para\u00eet plus frais, repos\u00e9 et \u00e9clatant. Sa texture apporte une sensation de fra\u00eecheur imm\u00e9diate, id\u00e9ale pour se r\u00e9veiller tout en douceur. Facile \u00e0 int\u00e9grer dans votre routine, il se laisse poser entre 30 et 45 minutes le temps de s\u2019occuper des enfants, sans compromettre votre bien-\u00eatre.    Aloe vera : apaise et hydrate  Collag\u00e8ne : lisse et repulpe la peau  Algues : revitalisent et redonnent de l\u2019\u00e9clat  Huile de jojoba : nourrit, adoucit et am\u00e9liore la qualit\u00e9 de la peau","robots":{"index":"index","follow":"follow","max-snippet":"max-snippet:-1","max-image-preview":"max-image-preview:large","max-video-preview":"max-video-preview:-1"},"canonical":"https:\/\/bbies.fr\/couches-lavables\/boutique\/masque-visage-hydrogel-aloe-paris\/","schema":{"@context":"https:\/\/schema.org","@graph":[{"@type":"WebPage","@id":"https:\/\/bbies.fr\/couches-lavables\/boutique\/masque-visage-hydrogel-aloe-paris\/","url":"https:\/\/bbies.fr\/couches-lavables\/boutique\/masque-visage-hydrogel-aloe-paris\/","name":"Masque visage Hydrogel - Aloe Paris | B&#039;bies","isPartOf":{"@id":"https:\/\/bbies.fr\/couches-lavables\/#website"},"primaryImageOfPage":{"@id":"https:\/\/bbies.fr\/couches-lavables\/boutique\/masque-visage-hydrogel-aloe-paris\/#primaryimage"},"image":{"@id":"https:\/\/bbies.fr\/couches-lavables\/boutique\/masque-visage-hydrogel-aloe-paris\/#primaryimage"},"thumbnailUrl":"https:\/\/bbies.fr\/couches-lavables\/wp-content\/uploads\/2024\/06\/Firefly_mais-un-fond-avec-de-la-loe-vera-368405.webp","datePublished":"2024-06-16T05:52:13+00:00","dateModified":"2026-04-20T09:34:44+00:00","description":"Le masque visage hydrogel Aloe Paris hydrate intens\u00e9ment la peau, m\u00eame au c\u0153ur des journ\u00e9es les plus charg\u00e9es. Pens\u00e9 pour les mamans, il offre un vrai moment pour soi. D\u00e8s la premi\u00e8re utilisation, le teint para\u00eet plus frais, repos\u00e9 et \u00e9clatant. Sa texture apporte une sensation de fra\u00eecheur imm\u00e9diate, id\u00e9ale pour se r\u00e9veiller tout en douceur. Facile \u00e0 int\u00e9grer dans votre routine, il se laisse poser entre 30 et 45 minutes le temps de s\u2019occuper des enfants, sans compromettre votre bien-\u00eatre. Aloe vera : apaise et hydrate Collag\u00e8ne : lisse et repulpe la peau Algues : revitalisent et redonnent de l\u2019\u00e9clat Huile de jojoba : nourrit, adoucit et am\u00e9liore la qualit\u00e9 de la peau","breadcrumb":{"@id":"https:\/\/bbies.fr\/couches-lavables\/boutique\/masque-visage-hydrogel-aloe-paris\/#breadcrumb"},"inLanguage":"fr-FR","potentialAction":[{"@type":"ReadAction","target":["https:\/\/bbies.fr\/couches-lavables\/boutique\/masque-visage-hydrogel-aloe-paris\/"]}]},{"@type":"ImageObject","inLanguage":"fr-FR","@id":"https:\/\/bbies.fr\/couches-lavables\/boutique\/masque-visage-hydrogel-aloe-paris\/#primaryimage","url":"https:\/\/bbies.fr\/couches-lavables\/wp-content\/uploads\/2024\/06\/Firefly_mais-un-fond-avec-de-la-loe-vera-368405.webp","contentUrl":"https:\/\/bbies.fr\/couches-lavables\/wp-content\/uploads\/2024\/06\/Firefly_mais-un-fond-avec-de-la-loe-vera-368405.webp","width":2048,"height":2048},{"@type":"BreadcrumbList","@id":"https:\/\/bbies.fr\/couches-lavables\/boutique\/masque-visage-hydrogel-aloe-paris\/#breadcrumb","itemListElement":[{"@type":"ListItem","position":1,"name":"Accueil","item":"https:\/\/bbies.fr\/couches-lavables\/"},{"@type":"ListItem","position":2,"name":"Boutique Bbies","item":"https:\/\/bbies.fr\/couches-lavables\/boutique-bbies\/"},{"@type":"ListItem","position":3,"name":"Masque visage Hydrogel &#8211; Aloe Paris"}]},{"@type":"WebSite","@id":"https:\/\/bbies.fr\/couches-lavables\/#website","url":"https:\/\/bbies.fr\/couches-lavables\/","name":"B'bies, couches lavables et r\u00e9utilisables","description":"De la naissance \u00e0 la propret\u00e9","publisher":{"@id":"https:\/\/bbies.fr\/couches-lavables\/#organization"},"alternateName":"BBIES","potentialAction":[{"@type":"SearchAction","target":{"@type":"EntryPoint","urlTemplate":"https:\/\/bbies.fr\/couches-lavables\/?s={search_term_string}"},"query-input":{"@type":"PropertyValueSpecification","valueRequired":true,"valueName":"search_term_string"}}],"inLanguage":"fr-FR"},{"@type":"Organization","@id":"https:\/\/bbies.fr\/couches-lavables\/#organization","name":"B'bies","url":"https:\/\/bbies.fr\/couches-lavables\/","logo":{"@type":"ImageObject","inLanguage":"fr-FR","@id":"https:\/\/bbies.fr\/couches-lavables\/#\/schema\/logo\/image\/","url":"https:\/\/bbies.fr\/couches-lavables\/wp-content\/uploads\/2019\/12\/logo-web.jpg","contentUrl":"https:\/\/bbies.fr\/couches-lavables\/wp-content\/uploads\/2019\/12\/logo-web.jpg","width":364,"height":151,"caption":"B'bies"},"image":{"@id":"https:\/\/bbies.fr\/couches-lavables\/#\/schema\/logo\/image\/"},"sameAs":["https:\/\/www.facebook.com\/bbies.fr\/","https:\/\/www.instagram.com\/bbies.fr"]}]}},"_links":{"self":[{"href":"https:\/\/bbies.fr\/couches-lavables\/wp-json\/wp\/v2\/product\/1725977","targetHints":{"allow":["GET"]}}],"collection":[{"href":"https:\/\/bbies.fr\/couches-lavables\/wp-json\/wp\/v2\/product"}],"about":[{"href":"https:\/\/bbies.fr\/couches-lavables\/wp-json\/wp\/v2\/types\/product"}],"replies":[{"embeddable":true,"href":"https:\/\/bbies.fr\/couches-lavables\/wp-json\/wp\/v2\/comments?post=1725977"}],"wp:featuredmedia":[{"embeddable":true,"href":"https:\/\/bbies.fr\/couches-lavables\/wp-json\/wp\/v2\/media\/1729339"}],"wp:attachment":[{"href":"https:\/\/bbies.fr\/couches-lavables\/wp-json\/wp\/v2\/media?parent=1725977"}],"wp:term":[{"taxonomy":"product_brand","embeddable":true,"href":"https:\/\/bbies.fr\/couches-lavables\/wp-json\/wp\/v2\/product_brand?post=1725977"},{"taxonomy":"product_cat","embeddable":true,"href":"https:\/\/bbies.fr\/couches-lavables\/wp-json\/wp\/v2\/product_cat?post=1725977"},{"taxonomy":"product_tag","embeddable":true,"href":"https:\/\/bbies.fr\/couches-lavables\/wp-json\/wp\/v2\/product_tag?post=1725977"}],"curies":[{"name":"wp","href":"https:\/\/api.w.org\/{rel}","templated":true}]}}