{"id":1727135,"date":"2024-05-12T14:48:01","date_gmt":"2024-05-12T12:48:01","guid":{"rendered":"https:\/\/bbies.fr\/couches-lavables\/?post_type=product&#038;p=1727135"},"modified":"2026-02-25T15:54:54","modified_gmt":"2026-02-25T14:54:54","slug":"tablette-en-cedre-a-suspendre-pour-parfumer","status":"publish","type":"product","link":"https:\/\/bbies.fr\/couches-lavables\/boutique\/tablette-en-cedre-a-suspendre-pour-parfumer\/","title":{"rendered":"Tablette en c\u00e8dre \u00e0 suspendre pour parfumer"},"content":{"rendered":"<p>[et_pb_section fb_built=\u00a0\u00bb1&Prime; _builder_version=\u00a0\u00bb4.16&Prime; background_image=\u00a0\u00bbhttps:\/\/bbies.fr\/couches-lavables\/wp-content\/uploads\/2019\/11\/rond-fond.jpg\u00a0\u00bb background_size=\u00a0\u00bbinitial\u00a0\u00bb custom_padding=\u00a0\u00bb0px||||false|false\u00a0\u00bb global_colors_info=\u00a0\u00bb{}\u00a0\u00bb][et_pb_row column_structure=\u00a0\u00bb1_2,1_2&Prime; _builder_version=\u00a0\u00bb4.16&Prime; background_color=\u00a0\u00bb#ffffff\u00a0\u00bb background_size=\u00a0\u00bbinitial\u00a0\u00bb background_position=\u00a0\u00bbtop_left\u00a0\u00bb background_repeat=\u00a0\u00bbrepeat\u00a0\u00bb width=\u00a0\u00bb100%\u00a0\u00bb custom_margin=\u00a0\u00bb|424px||auto|false|false\u00a0\u00bb custom_padding=\u00a0\u00bb0px||||false|false\u00a0\u00bb global_colors_info=\u00a0\u00bb{}\u00a0\u00bb][et_pb_column type=\u00a0\u00bb1_2&Prime; _builder_version=\u00a0\u00bb4.16&Prime; custom_padding=\u00a0\u00bb|||\u00a0\u00bb global_colors_info=\u00a0\u00bb{}\u00a0\u00bb custom_padding__hover=\u00a0\u00bb|||\u00a0\u00bb][et_pb_wc_images show_sale_badge=\u00a0\u00bboff\u00a0\u00bb sale_badge_color=\u00a0\u00bb#9ACEA7&Prime; _builder_version=\u00a0\u00bb4.16&Prime; background_color=\u00a0\u00bb#ffffff\u00a0\u00bb module_alignment=\u00a0\u00bbcenter\u00a0\u00bb animation_style=\u00a0\u00bbbounce\u00a0\u00bb link_option_url_new_window=\u00a0\u00bbon\u00a0\u00bb global_colors_info=\u00a0\u00bb{}\u00a0\u00bb][\/et_pb_wc_images][\/et_pb_column][et_pb_column type=\u00a0\u00bb1_2&Prime; _builder_version=\u00a0\u00bb4.16&Prime; custom_padding=\u00a0\u00bb|||\u00a0\u00bb global_colors_info=\u00a0\u00bb{}\u00a0\u00bb custom_padding__hover=\u00a0\u00bb|||\u00a0\u00bb][et_pb_wc_title _builder_version=\u00a0\u00bb4.16&Prime; header_font=\u00a0\u00bbPoppins||||||||\u00a0\u00bb header_text_color=\u00a0\u00bbrgba(0,0,0,0.58)\u00a0\u00bb header_line_height=\u00a0\u00bb1.1em\u00a0\u00bb custom_padding=\u00a0\u00bb|||26px||\u00a0\u00bb global_colors_info=\u00a0\u00bb{}\u00a0\u00bb][\/et_pb_wc_title][et_pb_wc_rating admin_label=\u00a0\u00bbWoo Rating\u00a0\u00bb _builder_version=\u00a0\u00bb4.16&Prime; global_colors_info=\u00a0\u00bb{}\u00a0\u00bb][\/et_pb_wc_rating][et_pb_wc_price _builder_version=\u00a0\u00bb4.16&Prime; body_font=\u00a0\u00bbPoppins|300|||||||\u00a0\u00bb body_text_color=\u00a0\u00bb#006277&Prime; body_font_size=\u00a0\u00bb22px\u00a0\u00bb body_line_height=\u00a0\u00bb1.6em\u00a0\u00bb before_sale_price_font=\u00a0\u00bbPoppins||||||||\u00a0\u00bb before_sale_price_text_color=\u00a0\u00bbrgba(0,0,0,0.77)\u00a0\u00bb sale_price_font=\u00a0\u00bbPoppins|700|||||||\u00a0\u00bb sale_price_font_size=\u00a0\u00bb38px\u00a0\u00bb text_orientation=\u00a0\u00bbleft\u00a0\u00bb custom_padding=\u00a0\u00bb|||33px||\u00a0\u00bb animation_style=\u00a0\u00bbbounce\u00a0\u00bb global_colors_info=\u00a0\u00bb{}\u00a0\u00bb][\/et_pb_wc_price][et_pb_wc_description description_type_last_edited=\u00a0\u00bboff|desktop\u00a0\u00bb _builder_version=\u00a0\u00bb4.16&Prime; body_font=\u00a0\u00bbPoppins|300|||||||\u00a0\u00bb body_font_size=\u00a0\u00bb15px\u00a0\u00bb body_letter_spacing=\u00a0\u00bb1px\u00a0\u00bb header_font=\u00a0\u00bbPoppins|300|||||||\u00a0\u00bb header_letter_spacing=\u00a0\u00bb2px\u00a0\u00bb custom_padding=\u00a0\u00bb|||36px||\u00a0\u00bb global_colors_info=\u00a0\u00bb{}\u00a0\u00bb description_type__hover_enabled=\u00a0\u00bboff|desktop\u00a0\u00bb][\/et_pb_wc_description][et_pb_wc_add_to_cart _builder_version=\u00a0\u00bb4.16&Prime; fields_background_color=\u00a0\u00bb#006277&Prime; field_label_font=\u00a0\u00bbPoppins|700|||||||\u00a0\u00bb field_label_text_color=\u00a0\u00bb#F39093&Prime; fields_font=\u00a0\u00bbPoppins||||||||\u00a0\u00bb fields_font_size=\u00a0\u00bb27px\u00a0\u00bb custom_button=\u00a0\u00bbon\u00a0\u00bb button_text_color=\u00a0\u00bb#F39093&Prime; custom_padding=\u00a0\u00bb|||25px||\u00a0\u00bb animation_style=\u00a0\u00bbbounce\u00a0\u00bb border_width_all_fields=\u00a0\u00bb1px\u00a0\u00bb box_shadow_style_fields=\u00a0\u00bbpreset4&Prime; box_shadow_horizontal_fields=\u00a0\u00bb-4px\u00a0\u00bb box_shadow_color_fields=\u00a0\u00bb#ffffff\u00a0\u00bb body_font=\u00a0\u00bbPoppins|700|||||||\u00a0\u00bb body_text_color=\u00a0\u00bb#F39093&Prime; global_colors_info=\u00a0\u00bb{}\u00a0\u00bb][\/et_pb_wc_add_to_cart][et_pb_wc_meta separator=\u00a0\u00bb-\u00a0\u00bb _builder_version=\u00a0\u00bb4.16&Prime; body_font=\u00a0\u00bbPoppins||||||||\u00a0\u00bb body_text_align=\u00a0\u00bbjustify\u00a0\u00bb body_text_color=\u00a0\u00bbrgba(0,0,0,0.41)\u00a0\u00bb background_color=\u00a0\u00bb#ffffff\u00a0\u00bb background_enable_image=\u00a0\u00bboff\u00a0\u00bb custom_padding=\u00a0\u00bb|||19px||\u00a0\u00bb animation_style=\u00a0\u00bbbounce\u00a0\u00bb global_colors_info=\u00a0\u00bb{}\u00a0\u00bb][\/et_pb_wc_meta][\/et_pb_column][\/et_pb_row][\/et_pb_section][et_pb_section fb_built=\u00a0\u00bb1&Prime; _builder_version=\u00a0\u00bb4.16&Prime; background_color=\u00a0\u00bb#a6d6ce \u00a0\u00bb global_colors_info=\u00a0\u00bb{}\u00a0\u00bb][et_pb_row _builder_version=\u00a0\u00bb4.16&Prime; global_colors_info=\u00a0\u00bb{}\u00a0\u00bb][et_pb_column type=\u00a0\u00bb4_4&Prime; _builder_version=\u00a0\u00bb4.16&Prime; global_colors_info=\u00a0\u00bb{}\u00a0\u00bb][et_pb_text _builder_version=\u00a0\u00bb4.16&Prime; text_font=\u00a0\u00bbPoppins||||||||\u00a0\u00bb text_text_color=\u00a0\u00bb#000000&Prime; text_font_size=\u00a0\u00bb31px\u00a0\u00bb global_colors_info=\u00a0\u00bb{}\u00a0\u00bb]<\/p>\n<p style=\"text-align: center;\">Vous voulez agrandir votre collection ?<\/p>\n<p style=\"text-align: center;\"><img loading=\"lazy\" decoding=\"async\" src=\"https:\/\/bbies.fr\/couches-lavables\/wp-content\/uploads\/2019\/11\/fon-1.png\" width=\"232\" height=\"106\" alt=\"\" class=\"wp-image-541 alignnone size-full\" \/><\/p>\n<p style=\"text-align: center;\">[\/et_pb_text][\/et_pb_column][\/et_pb_row][et_pb_row _builder_version=\u00a0\u00bb4.16&Prime; background_size=\u00a0\u00bbinitial\u00a0\u00bb background_position=\u00a0\u00bbtop_left\u00a0\u00bb background_repeat=\u00a0\u00bbrepeat\u00a0\u00bb width=\u00a0\u00bb100%\u00a0\u00bb custom_padding=\u00a0\u00bb4px|||||\u00a0\u00bb global_colors_info=\u00a0\u00bb{}\u00a0\u00bb][et_pb_column type=\u00a0\u00bb4_4&Prime; _builder_version=\u00a0\u00bb4.16&Prime; custom_padding=\u00a0\u00bb|||\u00a0\u00bb global_colors_info=\u00a0\u00bb{}\u00a0\u00bb custom_padding__hover=\u00a0\u00bb|||\u00a0\u00bb][et_pb_wc_upsells _builder_version=\u00a0\u00bb4.16&Prime; custom_margin=\u00a0\u00bb-70px|||||\u00a0\u00bb global_colors_info=\u00a0\u00bb{}\u00a0\u00bb][\/et_pb_wc_upsells][et_pb_wc_related_products sale_badge_color=\u00a0\u00bbrgba(0,0,0,0)\u00a0\u00bb _builder_version=\u00a0\u00bb4.16&Prime; title_font=\u00a0\u00bbPoppins||||||||\u00a0\u00bb product_title_font=\u00a0\u00bbPoppins||||||||\u00a0\u00bb product_title_text_color=\u00a0\u00bb#ffffff\u00a0\u00bb price_font=\u00a0\u00bbPoppins||||||||\u00a0\u00bb price_text_color=\u00a0\u00bb#ffffff\u00a0\u00bb sale_badge_font=\u00a0\u00bbAlef||||||||\u00a0\u00bb sale_badge_font_size=\u00a0\u00bb1px\u00a0\u00bb sale_badge_line_height=\u00a0\u00bb1em\u00a0\u00bb text_orientation=\u00a0\u00bbcenter\u00a0\u00bb global_colors_info=\u00a0\u00bb{}\u00a0\u00bb][\/et_pb_wc_related_products][\/et_pb_column][\/et_pb_row][\/et_pb_section][et_pb_section fb_built=\u00a0\u00bb1&Prime; _builder_version=\u00a0\u00bb4.16&Prime; global_colors_info=\u00a0\u00bb{}\u00a0\u00bb][et_pb_row column_structure=\u00a0\u00bb1_2,1_2&Prime; _builder_version=\u00a0\u00bb4.16&Prime; background_color=\u00a0\u00bb#ffffff\u00a0\u00bb global_colors_info=\u00a0\u00bb{}\u00a0\u00bb][et_pb_column type=\u00a0\u00bb1_2&Prime; _builder_version=\u00a0\u00bb4.16&Prime; global_colors_info=\u00a0\u00bb{}\u00a0\u00bb][et_pb_signup provider=\u00a0\u00bbsendinblue\u00a0\u00bb first_name_field=\u00a0\u00bboff\u00a0\u00bb last_name_field=\u00a0\u00bboff\u00a0\u00bb button_text=\u00a0\u00bbJe m&rsquo;abonne ! \u00a0\u00bb description=\u00a0\u00bb<\/p>\n<p style=%22text-align: center;%22><img src=%22https:\/\/bbies.fr\/couches-lavables\/wp-content\/uploads\/2019\/11\/on-reste-en-contact-300x85.png%22 width=%22300%22 height=%2285%22 alt=%22%22 class=%22wp-image-546 alignnone size-medium%22 \/><\/p>\n<p style=%22text-align: center;%22>Les bonnes choses arrivent&#8230; \u00e0 ceux qui s&rsquo;inscrivent \u00e0 notre newsletter \ud83d\ude42<\/p>\n<p>\u00a0\u00bb _builder_version=\u00a0\u00bb4.16&Prime; header_font=\u00a0\u00bbPoppins||||||||\u00a0\u00bb body_font=\u00a0\u00bbPoppins|300|||||||\u00a0\u00bb background_color=\u00a0\u00bb#a6d6ce\u00a0\u00bb custom_button=\u00a0\u00bbon\u00a0\u00bb button_border_width=\u00a0\u00bb2px\u00a0\u00bb button_border_radius=\u00a0\u00bb31px\u00a0\u00bb button_font=\u00a0\u00bbPoppins||||||||\u00a0\u00bb text_orientation=\u00a0\u00bbcenter\u00a0\u00bb global_colors_info=\u00a0\u00bb{}\u00a0\u00bb][\/et_pb_signup][\/et_pb_column][et_pb_column type=\u00a0\u00bb1_2&Prime; _builder_version=\u00a0\u00bb4.16&Prime; global_colors_info=\u00a0\u00bb{}\u00a0\u00bb][et_pb_text _builder_version=\u00a0\u00bb4.16&Prime; text_font=\u00a0\u00bbPoppins||||||||\u00a0\u00bb text_text_color=\u00a0\u00bb#ffffff\u00a0\u00bb text_font_size=\u00a0\u00bb20px\u00a0\u00bb text_line_height=\u00a0\u00bb2.5em\u00a0\u00bb background_color=\u00a0\u00bb#006277&Prime; custom_padding=\u00a0\u00bb||0px|||\u00a0\u00bb global_colors_info=\u00a0\u00bb{}\u00a0\u00bb]<\/p>\n<p style=\"text-align: center;\"><img loading=\"lazy\" decoding=\"async\" src=\"https:\/\/bbies.fr\/couches-lavables\/wp-content\/uploads\/2019\/11\/on-se-suit.png\" width=\"232\" height=\"106\" alt=\"\" class=\"wp-image-544 alignnone size-full\" \/><\/p>\n<p>[\/et_pb_text][et_pb_text _builder_version=\u00a0\u00bb4.16&Prime; text_font=\u00a0\u00bbPoppins|300|||||||\u00a0\u00bb text_text_color=\u00a0\u00bb#ffffff\u00a0\u00bb text_font_size=\u00a0\u00bb17px\u00a0\u00bb text_line_height=\u00a0\u00bb2.4em\u00a0\u00bb background_color=\u00a0\u00bb#006277&Prime; max_width=\u00a0\u00bb100%\u00a0\u00bb min_height=\u00a0\u00bb62px\u00a0\u00bb max_height=\u00a0\u00bb1000px\u00a0\u00bb custom_margin=\u00a0\u00bb-37px|||||\u00a0\u00bb custom_padding=\u00a0\u00bb5px|||||\u00a0\u00bb global_colors_info=\u00a0\u00bb{}\u00a0\u00bb]<\/p>\n<p style=\"text-align: center;\">Retrouvez-nous sur nos r\u00e9seaux sociaux\u00a0<\/p>\n<p>[\/et_pb_text][et_pb_social_media_follow _builder_version=\u00a0\u00bb4.16&Prime; background_color=\u00a0\u00bb#006277&Prime; text_orientation=\u00a0\u00bbcenter\u00a0\u00bb min_height=\u00a0\u00bb151px\u00a0\u00bb custom_margin=\u00a0\u00bb-38px|||||\u00a0\u00bb global_colors_info=\u00a0\u00bb{}\u00a0\u00bb][et_pb_social_media_follow_network social_network=\u00a0\u00bbfacebook\u00a0\u00bb _builder_version=\u00a0\u00bb4.16&Prime; background_color=\u00a0\u00bb#c0b09d\u00a0\u00bb background_enable_color=\u00a0\u00bbon\u00a0\u00bb global_colors_info=\u00a0\u00bb{}\u00a0\u00bb follow_button=\u00a0\u00bboff\u00a0\u00bb url_new_window=\u00a0\u00bbon\u00a0\u00bb]facebook[\/et_pb_social_media_follow_network][et_pb_social_media_follow_network social_network=\u00a0\u00bbinstagram\u00a0\u00bb _builder_version=\u00a0\u00bb4.16&Prime; background_color=\u00a0\u00bb#c0b09d\u00a0\u00bb background_enable_color=\u00a0\u00bbon\u00a0\u00bb global_colors_info=\u00a0\u00bb{}\u00a0\u00bb follow_button=\u00a0\u00bboff\u00a0\u00bb url_new_window=\u00a0\u00bbon\u00a0\u00bb]instagram[\/et_pb_social_media_follow_network][et_pb_social_media_follow_network social_network=\u00a0\u00bbyoutube\u00a0\u00bb _builder_version=\u00a0\u00bb4.16&Prime; background_color=\u00a0\u00bb#c0b09d\u00a0\u00bb background_enable_color=\u00a0\u00bbon\u00a0\u00bb global_colors_info=\u00a0\u00bb{}\u00a0\u00bb follow_button=\u00a0\u00bboff\u00a0\u00bb url_new_window=\u00a0\u00bbon\u00a0\u00bb]youtube[\/et_pb_social_media_follow_network][\/et_pb_social_media_follow][\/et_pb_column][\/et_pb_row][\/et_pb_section]<\/p>\n","protected":false},"excerpt":{"rendered":"<p data-start=\"100\" data-end=\"341\">La tablette de c\u00e8dre Ecodis est id\u00e9ale pour parfumer naturellement les armoires et tiroirs contenant les affaires de b\u00e9b\u00e9. Elle diffuse une d\u00e9licate fragrance bois\u00e9e tout en contribuant \u00e0 garder les v\u00eatements et le linge de b\u00e9b\u00e9 frais.<\/p>\n<p data-start=\"343\" data-end=\"547\">Pour r\u00e9activer le parfum et les propri\u00e9t\u00e9s du bois, vous pouvez poncer l\u00e9g\u00e8rement la tablette avec du papier abrasif tous les six mois. Un petit geste simple pour un parfum toujours agr\u00e9able et naturel.<\/p>\n","protected":false},"featured_media":1727138,"comment_status":"closed","ping_status":"closed","template":"","meta":{"_acf_changed":false,"_et_pb_use_builder":"on","_et_pb_old_content":"<div class=\"product-single__description rte\">\r\n<div class=\"product-single__description rte\">\r\n\r\n<a href=\"https:\/\/bbies.fr\/couches-lavables\/wp-content\/uploads\/2025\/11\/logo_ecodis.webp\"><img class=\"alignnone size-full wp-image-1725601\" src=\"https:\/\/bbies.fr\/couches-lavables\/wp-content\/uploads\/2025\/11\/logo_ecodis.webp\" alt=\"\" width=\"150\" height=\"53\" \/><\/a>\r\n<div class=\"elementor-element elementor-element-f0d06f5 elementor-widget elementor-widget-heading\" data-id=\"f0d06f5\" data-element_type=\"widget\" data-widget_type=\"heading.default\">\r\n<p class=\"elementor-heading-title elementor-size-default\"><span class=\"texte-intro\">\u00c9codis est une soci\u00e9t\u00e9 fran\u00e7aise pionni\u00e8re dans la conception et la diffusion d\u2019\u00e9coproduits. Les produits \u00c9codis s\u2019appuient sur des labels \u00e9cologiques reconnus et sont certifi\u00e9s par des organismes ind\u00e9pendants.<\/span><\/p>\r\n\r\n\r\n<hr \/>\r\n\r\n<\/div>\r\n<h2><\/h2>\r\n<h3 data-start=\"595\" data-end=\"615\"><strong data-start=\"600\" data-end=\"615\">Utilisation<\/strong><\/h3>\r\n<p data-start=\"616\" data-end=\"1039\">Placez simplement la tablette de c\u00e8dre dans les armoires, tiroirs ou penderies o\u00f9 sont rang\u00e9s les v\u00eatements et le linge de b\u00e9b\u00e9. Elle diffuse naturellement une agr\u00e9able fragrance bois\u00e9e et contribue \u00e0 maintenir vos textiles frais.<\/p>\r\n\r\n\r\n<hr \/>\r\n\r\n<h3 data-start=\"1041\" data-end=\"1061\"><\/h3>\r\n<h3 data-start=\"1041\" data-end=\"1061\"><strong data-start=\"1046\" data-end=\"1061\">Caract\u00e9ristiques<\/strong><\/h3>\r\n<\/div>\r\n<ul>\r\n \t<li data-start=\"1412\" data-end=\"1430\"><span class=\"product-technical-details-value\">Composition : Bois de C\u00e8dre Atlantica.\r\nCrochet en acier fabriqu\u00e9 en Allemagne.<\/span><\/li>\r\n \t<li data-start=\"1412\" data-end=\"1430\">Dimensions : Planche : 19cm x 6,4cm et Crochet : hauteur : 8cm<\/li>\r\n<\/ul>\r\n&nbsp;\r\n<div class=\"product-single__description rte\">\r\n\r\n<hr \/>\r\n\r\n<h3 data-start=\"1412\" data-end=\"1430\"><\/h3>\r\n<h3 data-start=\"1412\" data-end=\"1430\"><strong data-start=\"1417\" data-end=\"1430\">Entretien<\/strong><\/h3>\r\n<ul data-start=\"1431\" data-end=\"1947\">\r\n \t<li data-start=\"1431\" data-end=\"1567\">\r\n<p data-start=\"1433\" data-end=\"1567\">Pour raviver le parfum et les propri\u00e9t\u00e9s du bois de c\u00e8dre, poncez l\u00e9g\u00e8rement la tablette avec du papier abrasif tous les six mois. \u00c9vitez de la placer dans des endroits humides pour pr\u00e9server sa durabilit\u00e9.<\/p>\r\n<\/li>\r\n<\/ul>\r\n<\/div>\r\n<\/div>","_et_gb_content_width":""},"product_brand":[1347],"product_cat":[427,462,519,66],"product_tag":[],"class_list":{"0":"post-1727135","1":"product","2":"type-product","3":"status-publish","4":"has-post-thumbnail","6":"product_brand-ecodis","7":"product_cat-entretien-du-linge","8":"product_cat-entretien","9":"product_cat-nouveautes-zero-dechet","10":"product_cat-zero-dechet","11":"pa_produits-balle-sechage","13":"first","14":"instock","15":"taxable","16":"shipping-taxable","17":"purchasable","18":"product-type-simple"},"bundled_by":[],"bundle_stock_status":"instock","bundle_stock_quantity":5,"bundle_virtual":false,"bundle_layout":"","bundle_add_to_cart_form_location":"","bundle_editable_in_cart":false,"bundle_sold_individually_context":"","bundle_item_grouping":"","bundle_min_size":"","bundle_max_size":"","bundle_price":[],"bundled_items":[],"bundle_sell_ids":[],"acf":[],"yoast_head":"<!-- This site is optimized with the Yoast SEO plugin v27.4 - https:\/\/yoast.com\/product\/yoast-seo-wordpress\/ -->\n<title>Tablette en c\u00e8dre \u00e0 suspendre pour parfumer | B&#039;bies<\/title>\n<meta name=\"description\" content=\"Naturelle et biod\u00e9gradables, l&#039;\u00e9ponge loofah vous permettra de faire briller assiettes et couverts. La loofah est une \u00e9ponge v\u00e9g\u00e8tale.\" \/>\n<meta name=\"robots\" content=\"index, follow, max-snippet:-1, max-image-preview:large, max-video-preview:-1\" \/>\n<link rel=\"canonical\" href=\"https:\/\/bbies.fr\/couches-lavables\/boutique\/tablette-en-cedre-a-suspendre-pour-parfumer\/\" \/>\n<script type=\"application\/ld+json\" class=\"yoast-schema-graph\">{\"@context\":\"https:\\\/\\\/schema.org\",\"@graph\":[{\"@type\":\"WebPage\",\"@id\":\"https:\\\/\\\/bbies.fr\\\/couches-lavables\\\/boutique\\\/tablette-en-cedre-a-suspendre-pour-parfumer\\\/\",\"url\":\"https:\\\/\\\/bbies.fr\\\/couches-lavables\\\/boutique\\\/tablette-en-cedre-a-suspendre-pour-parfumer\\\/\",\"name\":\"Tablette en c\u00e8dre \u00e0 suspendre pour parfumer | B&#039;bies\",\"isPartOf\":{\"@id\":\"https:\\\/\\\/bbies.fr\\\/couches-lavables\\\/#website\"},\"primaryImageOfPage\":{\"@id\":\"https:\\\/\\\/bbies.fr\\\/couches-lavables\\\/boutique\\\/tablette-en-cedre-a-suspendre-pour-parfumer\\\/#primaryimage\"},\"image\":{\"@id\":\"https:\\\/\\\/bbies.fr\\\/couches-lavables\\\/boutique\\\/tablette-en-cedre-a-suspendre-pour-parfumer\\\/#primaryimage\"},\"thumbnailUrl\":\"https:\\\/\\\/bbies.fr\\\/couches-lavables\\\/wp-content\\\/uploads\\\/2026\\\/01\\\/EcologiQ-_-vignettes-produits-800-X-800_2024.webp\",\"datePublished\":\"2024-05-12T12:48:01+00:00\",\"dateModified\":\"2026-02-25T14:54:54+00:00\",\"description\":\"Naturelle et biod\u00e9gradables, l'\u00e9ponge loofah vous permettra de faire briller assiettes et couverts. La loofah est une \u00e9ponge v\u00e9g\u00e8tale.\",\"breadcrumb\":{\"@id\":\"https:\\\/\\\/bbies.fr\\\/couches-lavables\\\/boutique\\\/tablette-en-cedre-a-suspendre-pour-parfumer\\\/#breadcrumb\"},\"inLanguage\":\"fr-FR\",\"potentialAction\":[{\"@type\":\"ReadAction\",\"target\":[\"https:\\\/\\\/bbies.fr\\\/couches-lavables\\\/boutique\\\/tablette-en-cedre-a-suspendre-pour-parfumer\\\/\"]}]},{\"@type\":\"ImageObject\",\"inLanguage\":\"fr-FR\",\"@id\":\"https:\\\/\\\/bbies.fr\\\/couches-lavables\\\/boutique\\\/tablette-en-cedre-a-suspendre-pour-parfumer\\\/#primaryimage\",\"url\":\"https:\\\/\\\/bbies.fr\\\/couches-lavables\\\/wp-content\\\/uploads\\\/2026\\\/01\\\/EcologiQ-_-vignettes-produits-800-X-800_2024.webp\",\"contentUrl\":\"https:\\\/\\\/bbies.fr\\\/couches-lavables\\\/wp-content\\\/uploads\\\/2026\\\/01\\\/EcologiQ-_-vignettes-produits-800-X-800_2024.webp\",\"width\":1667,\"height\":1667},{\"@type\":\"BreadcrumbList\",\"@id\":\"https:\\\/\\\/bbies.fr\\\/couches-lavables\\\/boutique\\\/tablette-en-cedre-a-suspendre-pour-parfumer\\\/#breadcrumb\",\"itemListElement\":[{\"@type\":\"ListItem\",\"position\":1,\"name\":\"Accueil\",\"item\":\"https:\\\/\\\/bbies.fr\\\/couches-lavables\\\/\"},{\"@type\":\"ListItem\",\"position\":2,\"name\":\"Boutique Bbies\",\"item\":\"https:\\\/\\\/bbies.fr\\\/couches-lavables\\\/boutique-bbies\\\/\"},{\"@type\":\"ListItem\",\"position\":3,\"name\":\"Tablette en c\u00e8dre \u00e0 suspendre pour parfumer\"}]},{\"@type\":\"WebSite\",\"@id\":\"https:\\\/\\\/bbies.fr\\\/couches-lavables\\\/#website\",\"url\":\"https:\\\/\\\/bbies.fr\\\/couches-lavables\\\/\",\"name\":\"B'bies, couches lavables et r\u00e9utilisables\",\"description\":\"De la naissance \u00e0 la propret\u00e9\",\"publisher\":{\"@id\":\"https:\\\/\\\/bbies.fr\\\/couches-lavables\\\/#organization\"},\"alternateName\":\"BBIES\",\"potentialAction\":[{\"@type\":\"SearchAction\",\"target\":{\"@type\":\"EntryPoint\",\"urlTemplate\":\"https:\\\/\\\/bbies.fr\\\/couches-lavables\\\/?s={search_term_string}\"},\"query-input\":{\"@type\":\"PropertyValueSpecification\",\"valueRequired\":true,\"valueName\":\"search_term_string\"}}],\"inLanguage\":\"fr-FR\"},{\"@type\":\"Organization\",\"@id\":\"https:\\\/\\\/bbies.fr\\\/couches-lavables\\\/#organization\",\"name\":\"B'bies\",\"url\":\"https:\\\/\\\/bbies.fr\\\/couches-lavables\\\/\",\"logo\":{\"@type\":\"ImageObject\",\"inLanguage\":\"fr-FR\",\"@id\":\"https:\\\/\\\/bbies.fr\\\/couches-lavables\\\/#\\\/schema\\\/logo\\\/image\\\/\",\"url\":\"https:\\\/\\\/bbies.fr\\\/couches-lavables\\\/wp-content\\\/uploads\\\/2019\\\/12\\\/logo-web.jpg\",\"contentUrl\":\"https:\\\/\\\/bbies.fr\\\/couches-lavables\\\/wp-content\\\/uploads\\\/2019\\\/12\\\/logo-web.jpg\",\"width\":364,\"height\":151,\"caption\":\"B'bies\"},\"image\":{\"@id\":\"https:\\\/\\\/bbies.fr\\\/couches-lavables\\\/#\\\/schema\\\/logo\\\/image\\\/\"},\"sameAs\":[\"https:\\\/\\\/www.facebook.com\\\/bbies.fr\\\/\",\"https:\\\/\\\/www.instagram.com\\\/bbies.fr\"]}]}<\/script>\n<!-- \/ Yoast SEO plugin. -->","yoast_head_json":{"title":"Tablette en c\u00e8dre \u00e0 suspendre pour parfumer | B&#039;bies","description":"Naturelle et biod\u00e9gradables, l'\u00e9ponge loofah vous permettra de faire briller assiettes et couverts. La loofah est une \u00e9ponge v\u00e9g\u00e8tale.","robots":{"index":"index","follow":"follow","max-snippet":"max-snippet:-1","max-image-preview":"max-image-preview:large","max-video-preview":"max-video-preview:-1"},"canonical":"https:\/\/bbies.fr\/couches-lavables\/boutique\/tablette-en-cedre-a-suspendre-pour-parfumer\/","schema":{"@context":"https:\/\/schema.org","@graph":[{"@type":"WebPage","@id":"https:\/\/bbies.fr\/couches-lavables\/boutique\/tablette-en-cedre-a-suspendre-pour-parfumer\/","url":"https:\/\/bbies.fr\/couches-lavables\/boutique\/tablette-en-cedre-a-suspendre-pour-parfumer\/","name":"Tablette en c\u00e8dre \u00e0 suspendre pour parfumer | B&#039;bies","isPartOf":{"@id":"https:\/\/bbies.fr\/couches-lavables\/#website"},"primaryImageOfPage":{"@id":"https:\/\/bbies.fr\/couches-lavables\/boutique\/tablette-en-cedre-a-suspendre-pour-parfumer\/#primaryimage"},"image":{"@id":"https:\/\/bbies.fr\/couches-lavables\/boutique\/tablette-en-cedre-a-suspendre-pour-parfumer\/#primaryimage"},"thumbnailUrl":"https:\/\/bbies.fr\/couches-lavables\/wp-content\/uploads\/2026\/01\/EcologiQ-_-vignettes-produits-800-X-800_2024.webp","datePublished":"2024-05-12T12:48:01+00:00","dateModified":"2026-02-25T14:54:54+00:00","description":"Naturelle et biod\u00e9gradables, l'\u00e9ponge loofah vous permettra de faire briller assiettes et couverts. La loofah est une \u00e9ponge v\u00e9g\u00e8tale.","breadcrumb":{"@id":"https:\/\/bbies.fr\/couches-lavables\/boutique\/tablette-en-cedre-a-suspendre-pour-parfumer\/#breadcrumb"},"inLanguage":"fr-FR","potentialAction":[{"@type":"ReadAction","target":["https:\/\/bbies.fr\/couches-lavables\/boutique\/tablette-en-cedre-a-suspendre-pour-parfumer\/"]}]},{"@type":"ImageObject","inLanguage":"fr-FR","@id":"https:\/\/bbies.fr\/couches-lavables\/boutique\/tablette-en-cedre-a-suspendre-pour-parfumer\/#primaryimage","url":"https:\/\/bbies.fr\/couches-lavables\/wp-content\/uploads\/2026\/01\/EcologiQ-_-vignettes-produits-800-X-800_2024.webp","contentUrl":"https:\/\/bbies.fr\/couches-lavables\/wp-content\/uploads\/2026\/01\/EcologiQ-_-vignettes-produits-800-X-800_2024.webp","width":1667,"height":1667},{"@type":"BreadcrumbList","@id":"https:\/\/bbies.fr\/couches-lavables\/boutique\/tablette-en-cedre-a-suspendre-pour-parfumer\/#breadcrumb","itemListElement":[{"@type":"ListItem","position":1,"name":"Accueil","item":"https:\/\/bbies.fr\/couches-lavables\/"},{"@type":"ListItem","position":2,"name":"Boutique Bbies","item":"https:\/\/bbies.fr\/couches-lavables\/boutique-bbies\/"},{"@type":"ListItem","position":3,"name":"Tablette en c\u00e8dre \u00e0 suspendre pour parfumer"}]},{"@type":"WebSite","@id":"https:\/\/bbies.fr\/couches-lavables\/#website","url":"https:\/\/bbies.fr\/couches-lavables\/","name":"B'bies, couches lavables et r\u00e9utilisables","description":"De la naissance \u00e0 la propret\u00e9","publisher":{"@id":"https:\/\/bbies.fr\/couches-lavables\/#organization"},"alternateName":"BBIES","potentialAction":[{"@type":"SearchAction","target":{"@type":"EntryPoint","urlTemplate":"https:\/\/bbies.fr\/couches-lavables\/?s={search_term_string}"},"query-input":{"@type":"PropertyValueSpecification","valueRequired":true,"valueName":"search_term_string"}}],"inLanguage":"fr-FR"},{"@type":"Organization","@id":"https:\/\/bbies.fr\/couches-lavables\/#organization","name":"B'bies","url":"https:\/\/bbies.fr\/couches-lavables\/","logo":{"@type":"ImageObject","inLanguage":"fr-FR","@id":"https:\/\/bbies.fr\/couches-lavables\/#\/schema\/logo\/image\/","url":"https:\/\/bbies.fr\/couches-lavables\/wp-content\/uploads\/2019\/12\/logo-web.jpg","contentUrl":"https:\/\/bbies.fr\/couches-lavables\/wp-content\/uploads\/2019\/12\/logo-web.jpg","width":364,"height":151,"caption":"B'bies"},"image":{"@id":"https:\/\/bbies.fr\/couches-lavables\/#\/schema\/logo\/image\/"},"sameAs":["https:\/\/www.facebook.com\/bbies.fr\/","https:\/\/www.instagram.com\/bbies.fr"]}]}},"_links":{"self":[{"href":"https:\/\/bbies.fr\/couches-lavables\/wp-json\/wp\/v2\/product\/1727135","targetHints":{"allow":["GET"]}}],"collection":[{"href":"https:\/\/bbies.fr\/couches-lavables\/wp-json\/wp\/v2\/product"}],"about":[{"href":"https:\/\/bbies.fr\/couches-lavables\/wp-json\/wp\/v2\/types\/product"}],"replies":[{"embeddable":true,"href":"https:\/\/bbies.fr\/couches-lavables\/wp-json\/wp\/v2\/comments?post=1727135"}],"wp:featuredmedia":[{"embeddable":true,"href":"https:\/\/bbies.fr\/couches-lavables\/wp-json\/wp\/v2\/media\/1727138"}],"wp:attachment":[{"href":"https:\/\/bbies.fr\/couches-lavables\/wp-json\/wp\/v2\/media?parent=1727135"}],"wp:term":[{"taxonomy":"product_brand","embeddable":true,"href":"https:\/\/bbies.fr\/couches-lavables\/wp-json\/wp\/v2\/product_brand?post=1727135"},{"taxonomy":"product_cat","embeddable":true,"href":"https:\/\/bbies.fr\/couches-lavables\/wp-json\/wp\/v2\/product_cat?post=1727135"},{"taxonomy":"product_tag","embeddable":true,"href":"https:\/\/bbies.fr\/couches-lavables\/wp-json\/wp\/v2\/product_tag?post=1727135"}],"curies":[{"name":"wp","href":"https:\/\/api.w.org\/{rel}","templated":true}]}}