{"id":1727539,"date":"2024-03-10T15:00:15","date_gmt":"2024-03-10T14:00:15","guid":{"rendered":"https:\/\/bbies.fr\/couches-lavables\/?post_type=product&#038;p=1727539"},"modified":"2026-04-02T21:07:29","modified_gmt":"2026-04-02T19:07:29","slug":"seau-a-compost-de-cuisine-6l-livoo-noir","status":"publish","type":"product","link":"https:\/\/bbies.fr\/couches-lavables\/boutique\/seau-a-compost-de-cuisine-6l-livoo-noir\/","title":{"rendered":"Seau \u00e0 compost de cuisine 6L &#8211; LIVOO &#8211; Noir"},"content":{"rendered":"<div class=\"flex max-w-full flex-col flex-grow\">\n<div class=\"min-h-8 text-message relative flex w-full flex-col items-end gap-2 whitespace-normal break-words text-start [.text-message+&amp;]:mt-5\" dir=\"auto\" data-message-author-role=\"assistant\" data-message-id=\"2347fffa-2c0c-48d5-917d-54b0d44b6080\" data-message-model-slug=\"gpt-4o-mini\">\n<div class=\"flex w-full flex-col gap-1 empty:hidden first:pt-[3px]\">\n<div class=\"markdown prose w-full break-words dark:prose-invert light\">\n<h3 data-start=\"83\" data-end=\"124\">La marque LIVOO :<\/h3>\n<p>Livoo est une marque fran\u00e7aise d\u00e9di\u00e9e aux petits appareils \u00e9lectrom\u00e9nagers et aux accessoires du quotidien. Elle allie design moderne, simplicit\u00e9 d\u2019utilisation et prix accessibles, pour faciliter la vie de tous les jours. Avec des produits pratiques et tendance, Livoo s\u2019adresse \u00e0 celles et ceux qui veulent s\u2019\u00e9quiper intelligemment sans compromis entre style, qualit\u00e9 et budget.<\/p>\n<p>&nbsp;<\/p>\n<hr \/>\n<h3 data-start=\"83\" data-end=\"124\"><\/h3>\n<h3 class=\"\" data-start=\"83\" data-end=\"124\">Pourquoi utiliser un seau \u00e0 compost ?<\/h3>\n<ol data-start=\"126\" data-end=\"2987\">\n<li class=\"\" data-start=\"126\" data-end=\"519\">\n<p class=\"\" data-start=\"129\" data-end=\"519\"><strong data-start=\"129\" data-end=\"155\">Pratique et hygi\u00e9nique<\/strong><br data-start=\"155\" data-end=\"158\" \/>Un seau \u00e0 compost est un outil pratique pour collecter les d\u00e9chets organiques. Il permet de rassembler facilement les restes alimentaires et autres d\u00e9chets biod\u00e9gradables au quotidien. En utilisant un seau \u00e0 compost, vous \u00e9vitez que les d\u00e9chets s&rsquo;accumulent dans votre cuisine ou dans votre poubelle, ce qui r\u00e9duit les risques de mauvaises odeurs et d&rsquo;insectes.<\/p>\n<\/li>\n<li class=\"\" data-start=\"521\" data-end=\"922\">\n<p class=\"\" data-start=\"524\" data-end=\"922\"><strong data-start=\"524\" data-end=\"549\">R\u00e9duction des d\u00e9chets<\/strong><br data-start=\"549\" data-end=\"552\" \/>En compostant vos d\u00e9chets, vous contribuez directement \u00e0 la r\u00e9duction de la quantit\u00e9 de d\u00e9chets envoy\u00e9s \u00e0 la d\u00e9charge. Environ 30% des d\u00e9chets m\u00e9nagers sont compostables (restes de fruits et l\u00e9gumes, marc de caf\u00e9, coquilles d&rsquo;\u0153ufs, etc.). Un seau \u00e0 compost vous aide \u00e0 mieux vous organiser en attendant de vous rendre \u00e0 votre composteur souvent au fond du jardin \ud83d\ude42<\/p>\n<\/li>\n<li class=\"\" data-start=\"924\" data-end=\"1318\">\n<p class=\"\" data-start=\"927\" data-end=\"1318\"><strong data-start=\"927\" data-end=\"964\">Am\u00e9lioration de la qualit\u00e9 du sol<\/strong><br data-start=\"964\" data-end=\"967\" \/>Le compost est un amendement de sol riche et nourrissant. En compostant, vous produisez un engrais naturel et \u00e9cologique que vous pouvez utiliser dans votre jardin, vos plantes en pot ou m\u00eame pour vos plantations en ext\u00e9rieur. Ce compost am\u00e9liore la structure du sol, augmente sa capacit\u00e9 \u00e0 retenir l&rsquo;eau et enrichit la terre en nutriments essentiels.<\/p>\n<\/li>\n<li class=\"\" data-start=\"1320\" data-end=\"1735\">\n<p class=\"\" data-start=\"1323\" data-end=\"1735\"><strong data-start=\"1323\" data-end=\"1354\">Facilite le tri des d\u00e9chets<\/strong><br data-start=\"1354\" data-end=\"1357\" \/>L&rsquo;utilisation d&rsquo;un seau \u00e0 compost facilite le tri des d\u00e9chets \u00e0 la source. En ayant un seau d\u00e9di\u00e9 dans votre cuisine ou \u00e0 proximit\u00e9 de votre zone de pr\u00e9paration des repas, vous \u00eates plus enclins \u00e0 trier vos d\u00e9chets organiques de mani\u00e8re efficace et \u00e0 les envoyer dans votre composteur ou sur votre tas de compost. Cela permet de simplifier le processus de recyclage \u00e0 la maison.<\/p>\n<\/li>\n<li class=\"\" data-start=\"2132\" data-end=\"2572\">\n<p class=\"\" data-start=\"2135\" data-end=\"2572\"><strong data-start=\"2135\" data-end=\"2172\">Un geste \u00e9cologique et \u00e9conomique<\/strong><br data-start=\"2172\" data-end=\"2175\" \/>Composter, c&rsquo;est faire un geste pour l&rsquo;environnement. En r\u00e9duisant la quantit\u00e9 de d\u00e9chets envoy\u00e9s \u00e0 l&rsquo;incin\u00e9rateur ou \u00e0 la d\u00e9charge, vous participez \u00e0 la diminution des \u00e9missions de gaz \u00e0 effet de serre et au soutien de l&rsquo;\u00e9conomie circulaire. En outre, le compost produit peut remplacer des fertilisants chimiques co\u00fbteux et polluants, ce qui est \u00e0 la fois \u00e9conomique et b\u00e9n\u00e9fique pour la plan\u00e8te.<\/p>\n<\/li>\n<li class=\"\" data-start=\"2574\" data-end=\"2987\">\n<p class=\"\" data-start=\"2577\" data-end=\"2987\"><strong data-start=\"2577\" data-end=\"2616\">Facilit\u00e9 d\u2019utilisation et entretien<\/strong><br data-start=\"2616\" data-end=\"2619\" \/>Ce seau \u00e0 compost est con\u00e7u pour \u00eatre simple \u00e0 utiliser et facile \u00e0 entretenir. Fabriqu\u00e9 en m\u00e9tal il est \u00e9quip\u00e9 d&rsquo;un seau en plastique \u00e0 l&rsquo;int\u00e9rieur facilement nettoyable, qui passe au lave-laisselle.<\/p>\n<\/li>\n<\/ol>\n<p>&nbsp;<\/p>\n<hr \/>\n<h3 data-start=\"1518\" data-end=\"1718\">Caract\u00e9ristiques<\/h3>\n<p data-start=\"1518\" data-end=\"1718\" data-is-last-node=\"\" data-is-only-node=\"\"><span class=\"a-size-base po-break-word\">Dimensions : 18*18*23 cm<\/span><\/p>\n<p data-start=\"1518\" data-end=\"1718\" data-is-last-node=\"\" data-is-only-node=\"\">Capacit\u00e9 : 6L<\/p>\n<p data-start=\"1518\" data-end=\"1718\" data-is-last-node=\"\" data-is-only-node=\"\">Mati\u00e8re : M\u00e9tal<\/p>\n<p data-start=\"1518\" data-end=\"1718\" data-is-last-node=\"\" data-is-only-node=\"\">Couleur : Noir<\/p>\n<\/div>\n<\/div>\n<\/div>\n<\/div>\n","protected":false},"excerpt":{"rendered":"<p>Avec son volume de 6 litres, le seau \u00e0 compost Livoo est id\u00e9al pour collecter les d\u00e9chets organiques du quotidien, tels que les restes alimentaires ou les \u00e9pluchures de fruits et l\u00e9gumes.<\/p>\n<p>Adapt\u00e9 \u00e0 une utilisation en int\u00e9rieur, il est \u00e9quip\u00e9 d\u2019un filtre \u00e0 charbon actif qui aide \u00e0 absorber et neutraliser efficacement les odeurs li\u00e9es aux d\u00e9chets organiques.<\/p>\n","protected":false},"featured_media":1727542,"comment_status":"closed","ping_status":"closed","template":"","meta":{"_acf_changed":false,"_et_pb_use_builder":"","_et_pb_old_content":"","_et_gb_content_width":""},"product_brand":[1598],"product_cat":[71,1194,66],"product_tag":[],"class_list":{"0":"post-1727539","1":"product","2":"type-product","3":"status-publish","4":"has-post-thumbnail","6":"product_brand-livoo","7":"product_cat-cuisine","8":"product_cat-tri-et-compost","9":"product_cat-zero-dechet","11":"first","12":"instock","13":"sale","14":"taxable","15":"shipping-taxable","16":"purchasable","17":"product-type-simple"},"bundled_by":[],"bundle_stock_status":"instock","bundle_stock_quantity":9,"bundle_virtual":false,"bundle_layout":"","bundle_add_to_cart_form_location":"","bundle_editable_in_cart":false,"bundle_sold_individually_context":"","bundle_item_grouping":"","bundle_min_size":"","bundle_max_size":"","bundle_price":[],"bundled_items":[],"bundle_sell_ids":[],"acf":[],"yoast_head":"<!-- This site is optimized with the Yoast SEO plugin v27.4 - https:\/\/yoast.com\/product\/yoast-seo-wordpress\/ -->\n<title>Seau \u00e0 compost de cuisine 6L - LIVOO - Noir | B&#039;bies<\/title>\n<meta name=\"description\" content=\"Avec son volume de 6 litres, le seau \u00e0 compost Livoo est id\u00e9al pour collecter les d\u00e9chets organiques du quotidien, tels que les restes alimentaires ou les \u00e9pluchures de fruits et l\u00e9gumes.  Adapt\u00e9 \u00e0 une utilisation en int\u00e9rieur, il est \u00e9quip\u00e9 d\u2019un filtre \u00e0 charbon actif qui aide \u00e0 absorber et neutraliser efficacement les odeurs li\u00e9es aux d\u00e9chets organiques.\" \/>\n<meta name=\"robots\" content=\"index, follow, max-snippet:-1, max-image-preview:large, max-video-preview:-1\" \/>\n<link rel=\"canonical\" href=\"https:\/\/bbies.fr\/couches-lavables\/boutique\/seau-a-compost-de-cuisine-6l-livoo-noir\/\" \/>\n<script type=\"application\/ld+json\" class=\"yoast-schema-graph\">{\"@context\":\"https:\\\/\\\/schema.org\",\"@graph\":[{\"@type\":\"WebPage\",\"@id\":\"https:\\\/\\\/bbies.fr\\\/couches-lavables\\\/boutique\\\/seau-a-compost-de-cuisine-6l-livoo-noir\\\/\",\"url\":\"https:\\\/\\\/bbies.fr\\\/couches-lavables\\\/boutique\\\/seau-a-compost-de-cuisine-6l-livoo-noir\\\/\",\"name\":\"Seau \u00e0 compost de cuisine 6L - LIVOO - Noir | B&#039;bies\",\"isPartOf\":{\"@id\":\"https:\\\/\\\/bbies.fr\\\/couches-lavables\\\/#website\"},\"primaryImageOfPage\":{\"@id\":\"https:\\\/\\\/bbies.fr\\\/couches-lavables\\\/boutique\\\/seau-a-compost-de-cuisine-6l-livoo-noir\\\/#primaryimage\"},\"image\":{\"@id\":\"https:\\\/\\\/bbies.fr\\\/couches-lavables\\\/boutique\\\/seau-a-compost-de-cuisine-6l-livoo-noir\\\/#primaryimage\"},\"thumbnailUrl\":\"https:\\\/\\\/bbies.fr\\\/couches-lavables\\\/wp-content\\\/uploads\\\/2026\\\/02\\\/seau-a-compost-de-cuisine-6-l.jpg\",\"datePublished\":\"2024-03-10T14:00:15+00:00\",\"dateModified\":\"2026-04-02T19:07:29+00:00\",\"description\":\"Avec son volume de 6 litres, le seau \u00e0 compost Livoo est id\u00e9al pour collecter les d\u00e9chets organiques du quotidien, tels que les restes alimentaires ou les \u00e9pluchures de fruits et l\u00e9gumes. Adapt\u00e9 \u00e0 une utilisation en int\u00e9rieur, il est \u00e9quip\u00e9 d\u2019un filtre \u00e0 charbon actif qui aide \u00e0 absorber et neutraliser efficacement les odeurs li\u00e9es aux d\u00e9chets organiques.\",\"breadcrumb\":{\"@id\":\"https:\\\/\\\/bbies.fr\\\/couches-lavables\\\/boutique\\\/seau-a-compost-de-cuisine-6l-livoo-noir\\\/#breadcrumb\"},\"inLanguage\":\"fr-FR\",\"potentialAction\":[{\"@type\":\"ReadAction\",\"target\":[\"https:\\\/\\\/bbies.fr\\\/couches-lavables\\\/boutique\\\/seau-a-compost-de-cuisine-6l-livoo-noir\\\/\"]}]},{\"@type\":\"ImageObject\",\"inLanguage\":\"fr-FR\",\"@id\":\"https:\\\/\\\/bbies.fr\\\/couches-lavables\\\/boutique\\\/seau-a-compost-de-cuisine-6l-livoo-noir\\\/#primaryimage\",\"url\":\"https:\\\/\\\/bbies.fr\\\/couches-lavables\\\/wp-content\\\/uploads\\\/2026\\\/02\\\/seau-a-compost-de-cuisine-6-l.jpg\",\"contentUrl\":\"https:\\\/\\\/bbies.fr\\\/couches-lavables\\\/wp-content\\\/uploads\\\/2026\\\/02\\\/seau-a-compost-de-cuisine-6-l.jpg\",\"width\":600,\"height\":600},{\"@type\":\"BreadcrumbList\",\"@id\":\"https:\\\/\\\/bbies.fr\\\/couches-lavables\\\/boutique\\\/seau-a-compost-de-cuisine-6l-livoo-noir\\\/#breadcrumb\",\"itemListElement\":[{\"@type\":\"ListItem\",\"position\":1,\"name\":\"Accueil\",\"item\":\"https:\\\/\\\/bbies.fr\\\/couches-lavables\\\/\"},{\"@type\":\"ListItem\",\"position\":2,\"name\":\"Boutique Bbies\",\"item\":\"https:\\\/\\\/bbies.fr\\\/couches-lavables\\\/boutique-bbies\\\/\"},{\"@type\":\"ListItem\",\"position\":3,\"name\":\"Seau \u00e0 compost de cuisine 6L &#8211; LIVOO &#8211; Noir\"}]},{\"@type\":\"WebSite\",\"@id\":\"https:\\\/\\\/bbies.fr\\\/couches-lavables\\\/#website\",\"url\":\"https:\\\/\\\/bbies.fr\\\/couches-lavables\\\/\",\"name\":\"B'bies, couches lavables et r\u00e9utilisables\",\"description\":\"De la naissance \u00e0 la propret\u00e9\",\"publisher\":{\"@id\":\"https:\\\/\\\/bbies.fr\\\/couches-lavables\\\/#organization\"},\"alternateName\":\"BBIES\",\"potentialAction\":[{\"@type\":\"SearchAction\",\"target\":{\"@type\":\"EntryPoint\",\"urlTemplate\":\"https:\\\/\\\/bbies.fr\\\/couches-lavables\\\/?s={search_term_string}\"},\"query-input\":{\"@type\":\"PropertyValueSpecification\",\"valueRequired\":true,\"valueName\":\"search_term_string\"}}],\"inLanguage\":\"fr-FR\"},{\"@type\":\"Organization\",\"@id\":\"https:\\\/\\\/bbies.fr\\\/couches-lavables\\\/#organization\",\"name\":\"B'bies\",\"url\":\"https:\\\/\\\/bbies.fr\\\/couches-lavables\\\/\",\"logo\":{\"@type\":\"ImageObject\",\"inLanguage\":\"fr-FR\",\"@id\":\"https:\\\/\\\/bbies.fr\\\/couches-lavables\\\/#\\\/schema\\\/logo\\\/image\\\/\",\"url\":\"https:\\\/\\\/bbies.fr\\\/couches-lavables\\\/wp-content\\\/uploads\\\/2019\\\/12\\\/logo-web.jpg\",\"contentUrl\":\"https:\\\/\\\/bbies.fr\\\/couches-lavables\\\/wp-content\\\/uploads\\\/2019\\\/12\\\/logo-web.jpg\",\"width\":364,\"height\":151,\"caption\":\"B'bies\"},\"image\":{\"@id\":\"https:\\\/\\\/bbies.fr\\\/couches-lavables\\\/#\\\/schema\\\/logo\\\/image\\\/\"},\"sameAs\":[\"https:\\\/\\\/www.facebook.com\\\/bbies.fr\\\/\",\"https:\\\/\\\/www.instagram.com\\\/bbies.fr\"]}]}<\/script>\n<!-- \/ Yoast SEO plugin. -->","yoast_head_json":{"title":"Seau \u00e0 compost de cuisine 6L - LIVOO - Noir | B&#039;bies","description":"Avec son volume de 6 litres, le seau \u00e0 compost Livoo est id\u00e9al pour collecter les d\u00e9chets organiques du quotidien, tels que les restes alimentaires ou les \u00e9pluchures de fruits et l\u00e9gumes.  Adapt\u00e9 \u00e0 une utilisation en int\u00e9rieur, il est \u00e9quip\u00e9 d\u2019un filtre \u00e0 charbon actif qui aide \u00e0 absorber et neutraliser efficacement les odeurs li\u00e9es aux d\u00e9chets organiques.","robots":{"index":"index","follow":"follow","max-snippet":"max-snippet:-1","max-image-preview":"max-image-preview:large","max-video-preview":"max-video-preview:-1"},"canonical":"https:\/\/bbies.fr\/couches-lavables\/boutique\/seau-a-compost-de-cuisine-6l-livoo-noir\/","schema":{"@context":"https:\/\/schema.org","@graph":[{"@type":"WebPage","@id":"https:\/\/bbies.fr\/couches-lavables\/boutique\/seau-a-compost-de-cuisine-6l-livoo-noir\/","url":"https:\/\/bbies.fr\/couches-lavables\/boutique\/seau-a-compost-de-cuisine-6l-livoo-noir\/","name":"Seau \u00e0 compost de cuisine 6L - LIVOO - Noir | B&#039;bies","isPartOf":{"@id":"https:\/\/bbies.fr\/couches-lavables\/#website"},"primaryImageOfPage":{"@id":"https:\/\/bbies.fr\/couches-lavables\/boutique\/seau-a-compost-de-cuisine-6l-livoo-noir\/#primaryimage"},"image":{"@id":"https:\/\/bbies.fr\/couches-lavables\/boutique\/seau-a-compost-de-cuisine-6l-livoo-noir\/#primaryimage"},"thumbnailUrl":"https:\/\/bbies.fr\/couches-lavables\/wp-content\/uploads\/2026\/02\/seau-a-compost-de-cuisine-6-l.jpg","datePublished":"2024-03-10T14:00:15+00:00","dateModified":"2026-04-02T19:07:29+00:00","description":"Avec son volume de 6 litres, le seau \u00e0 compost Livoo est id\u00e9al pour collecter les d\u00e9chets organiques du quotidien, tels que les restes alimentaires ou les \u00e9pluchures de fruits et l\u00e9gumes. Adapt\u00e9 \u00e0 une utilisation en int\u00e9rieur, il est \u00e9quip\u00e9 d\u2019un filtre \u00e0 charbon actif qui aide \u00e0 absorber et neutraliser efficacement les odeurs li\u00e9es aux d\u00e9chets organiques.","breadcrumb":{"@id":"https:\/\/bbies.fr\/couches-lavables\/boutique\/seau-a-compost-de-cuisine-6l-livoo-noir\/#breadcrumb"},"inLanguage":"fr-FR","potentialAction":[{"@type":"ReadAction","target":["https:\/\/bbies.fr\/couches-lavables\/boutique\/seau-a-compost-de-cuisine-6l-livoo-noir\/"]}]},{"@type":"ImageObject","inLanguage":"fr-FR","@id":"https:\/\/bbies.fr\/couches-lavables\/boutique\/seau-a-compost-de-cuisine-6l-livoo-noir\/#primaryimage","url":"https:\/\/bbies.fr\/couches-lavables\/wp-content\/uploads\/2026\/02\/seau-a-compost-de-cuisine-6-l.jpg","contentUrl":"https:\/\/bbies.fr\/couches-lavables\/wp-content\/uploads\/2026\/02\/seau-a-compost-de-cuisine-6-l.jpg","width":600,"height":600},{"@type":"BreadcrumbList","@id":"https:\/\/bbies.fr\/couches-lavables\/boutique\/seau-a-compost-de-cuisine-6l-livoo-noir\/#breadcrumb","itemListElement":[{"@type":"ListItem","position":1,"name":"Accueil","item":"https:\/\/bbies.fr\/couches-lavables\/"},{"@type":"ListItem","position":2,"name":"Boutique Bbies","item":"https:\/\/bbies.fr\/couches-lavables\/boutique-bbies\/"},{"@type":"ListItem","position":3,"name":"Seau \u00e0 compost de cuisine 6L &#8211; LIVOO &#8211; Noir"}]},{"@type":"WebSite","@id":"https:\/\/bbies.fr\/couches-lavables\/#website","url":"https:\/\/bbies.fr\/couches-lavables\/","name":"B'bies, couches lavables et r\u00e9utilisables","description":"De la naissance \u00e0 la propret\u00e9","publisher":{"@id":"https:\/\/bbies.fr\/couches-lavables\/#organization"},"alternateName":"BBIES","potentialAction":[{"@type":"SearchAction","target":{"@type":"EntryPoint","urlTemplate":"https:\/\/bbies.fr\/couches-lavables\/?s={search_term_string}"},"query-input":{"@type":"PropertyValueSpecification","valueRequired":true,"valueName":"search_term_string"}}],"inLanguage":"fr-FR"},{"@type":"Organization","@id":"https:\/\/bbies.fr\/couches-lavables\/#organization","name":"B'bies","url":"https:\/\/bbies.fr\/couches-lavables\/","logo":{"@type":"ImageObject","inLanguage":"fr-FR","@id":"https:\/\/bbies.fr\/couches-lavables\/#\/schema\/logo\/image\/","url":"https:\/\/bbies.fr\/couches-lavables\/wp-content\/uploads\/2019\/12\/logo-web.jpg","contentUrl":"https:\/\/bbies.fr\/couches-lavables\/wp-content\/uploads\/2019\/12\/logo-web.jpg","width":364,"height":151,"caption":"B'bies"},"image":{"@id":"https:\/\/bbies.fr\/couches-lavables\/#\/schema\/logo\/image\/"},"sameAs":["https:\/\/www.facebook.com\/bbies.fr\/","https:\/\/www.instagram.com\/bbies.fr"]}]}},"_links":{"self":[{"href":"https:\/\/bbies.fr\/couches-lavables\/wp-json\/wp\/v2\/product\/1727539","targetHints":{"allow":["GET"]}}],"collection":[{"href":"https:\/\/bbies.fr\/couches-lavables\/wp-json\/wp\/v2\/product"}],"about":[{"href":"https:\/\/bbies.fr\/couches-lavables\/wp-json\/wp\/v2\/types\/product"}],"replies":[{"embeddable":true,"href":"https:\/\/bbies.fr\/couches-lavables\/wp-json\/wp\/v2\/comments?post=1727539"}],"wp:featuredmedia":[{"embeddable":true,"href":"https:\/\/bbies.fr\/couches-lavables\/wp-json\/wp\/v2\/media\/1727542"}],"wp:attachment":[{"href":"https:\/\/bbies.fr\/couches-lavables\/wp-json\/wp\/v2\/media?parent=1727539"}],"wp:term":[{"taxonomy":"product_brand","embeddable":true,"href":"https:\/\/bbies.fr\/couches-lavables\/wp-json\/wp\/v2\/product_brand?post=1727539"},{"taxonomy":"product_cat","embeddable":true,"href":"https:\/\/bbies.fr\/couches-lavables\/wp-json\/wp\/v2\/product_cat?post=1727539"},{"taxonomy":"product_tag","embeddable":true,"href":"https:\/\/bbies.fr\/couches-lavables\/wp-json\/wp\/v2\/product_tag?post=1727539"}],"curies":[{"name":"wp","href":"https:\/\/api.w.org\/{rel}","templated":true}]}}