{"id":1729340,"date":"2024-06-16T07:50:25","date_gmt":"2024-06-16T05:50:25","guid":{"rendered":"https:\/\/bbies.fr\/couches-lavables\/?post_type=product&#038;p=1729340"},"modified":"2026-04-20T11:39:17","modified_gmt":"2026-04-20T09:39:17","slug":"masque-creme-hydratant-75ml-endro-cosmetique","status":"publish","type":"product","link":"https:\/\/bbies.fr\/couches-lavables\/boutique\/masque-creme-hydratant-75ml-endro-cosmetique\/","title":{"rendered":"Masque cr\u00e8me hydratant &#8211; 75ml &#8211; Endro Cosm\u00e9tique"},"content":{"rendered":"<h2>La marque Endro Cosm\u00e9tiques : une marque bretonne engag\u00e9e<\/h2>\n<p><img loading=\"lazy\" decoding=\"async\" class=\"alignnone size-full wp-image-12972\" src=\"https:\/\/www.ecologiq.fr\/wp-content\/uploads\/2025\/04\/Logo-Endro-Cosmetiques.png\" alt=\"\" width=\"284\" height=\"143\" \/><\/p>\n<div id=\"utilisation_text\" class=\"rte\" data-is-open=\"true\">\u00ab Simple, naturel et efficace \u00bb. La marque Endro est n\u00e9e de la volont\u00e9 de proposer des produits cosm\u00e9tiques sains et efficaces, sans emballage plastique. Choqu\u00e9s par la pollution plastique dans certains endroits du monde et soucieux de notre sant\u00e9 et de celle de notre entourage, les fondateurs de la marque d\u00e9cident de dire adieu au plastique et aux ingr\u00e9dients superflus dans les soins et produits d\u2019hygi\u00e8ne du quotidien en cr\u00e9ant la marque. En breton, Endro signifie d\u2019ailleurs \u00ab environnement \u00bb, \u00ab nature \u00bb, un clin d\u2019\u0153il \u00e0 notre r\u00e9gion d\u2019origine, la Bretagne<\/div>\n<div data-is-open=\"true\"><\/div>\n<div data-is-open=\"true\">\n<hr \/>\n<\/div>\n<p>&nbsp;<\/p>\n<div id=\"utilisation_text\" class=\"rte\" data-is-open=\"true\">\n<h3><strong>Comment l&rsquo;utiliser ?<\/strong><\/h3>\n<p dir=\"ltr\">Il peut \u00eatre utilis\u00e9 de 2 mani\u00e8res diff\u00e9rentes :<\/p>\n<p dir=\"ltr\">Appliquez le masque 1 \u00e0 2 fois par semaine, le soir, sur une peau s\u00e8che et propre, en \u00e9vitant le contour des yeux. En cas de contatc avec les yyeux, rincez \u00e0 l&rsquo;eau claire.<\/p>\n<ul>\n<li dir=\"ltr\">Une application en masque de jour : Appliquez le masque en couche \u00e9paisse et laissez agir pendant 10\/15 min.<\/li>\n<li dir=\"ltr\">En masque de nuit : Appliquez une couche fine sur votre visage et laissez agir toute la nuit.<\/li>\n<\/ul>\n<p>Masque sans rin\u00e7age, retirer juste l&rsquo;exc\u00e9dent avec un coton.<\/p>\n<\/div>\n<hr \/>\n<h3><\/h3>\n<h3>Une formule experte et performante<\/h3>\n<ul>\n<li><strong>Acide polyglutamiqu<\/strong>e va retenir l&rsquo;eau pour une hydratation continue et un effet repulpant imm\u00e9diat.<\/li>\n<li><strong>Squalane v\u00e9g\u00e9tal<\/strong>, d\u00e9riv\u00e9 de l&rsquo;huile d&rsquo;olive, il vient\u00a0 hydrater et prot\u00e9ger la barri\u00e8re cutan\u00e9e, mais aussi apaiser les sensations d&rsquo;inconfort.<\/li>\n<li><strong>Glycog\u00e8ne Phytospherix\u2122 (actif brevet\u00e9)\u00a0<\/strong>est issu du mais. Il agit comme un booster de collag\u00e8ne et d&rsquo;acide hyaluronique.\n<ul>\n<li>\u00c9nergise les cellules cutan\u00e9es<\/li>\n<li>R\u00e9duit les rides et les ridules<\/li>\n<li>Am\u00e9liore l&rsquo;hydratation cutan\u00e9e<\/li>\n<li>R\u00e9duit les taches pigmentaires<\/li>\n<\/ul>\n<\/li>\n<\/ul>\n<p>&nbsp;<\/p>\n<hr \/>\n<h3><\/h3>\n<h3>Certifications<\/h3>\n<p>Certifi\u00e9 bio par COSMOS ORGANIC<\/p>\n<hr \/>\n<h3><\/h3>\n<h3>Contenance<\/h3>\n<p>75 ml<\/p>\n<hr \/>\n<p>&nbsp;<\/p>\n<h3>Dur\u00e9e d&rsquo;utilisation moyenne<\/h3>\n<p>3 mois<\/p>\n<hr \/>\n<h3><\/h3>\n<h3>Ingr\u00e9dients<\/h3>\n<div class=\"prodcut--accordion--header border-0\">\n<div id=\"des-3\" class=\"prodcut--accordion--content d-lg-block collapse \">\n<div id=\"des-3\" class=\"prodcut--accordion--content d-lg-block collapse \">\n<p>Eau, huile de graine de tournesol, st\u00e9arate de glyc\u00e9ryle, glyc\u00e9rine, beurre de karit\u00e9, pentyl\u00e8ne glycol, squalane, acide polyglutamique, glycog\u00e8ne, poudre de jus de feuille d\u2019aloe vera, l\u00e9vulinate de sodium, parfum, lactylate st\u00e9aroyl de sodium, gomme xanthane, extrait d\u2019\u00e9corce de magnolia officinal, tocoph\u00e9rol, anisate de sodium, acide lactique, maltodextrine, hydroxyde de sodium<\/p>\n<\/div>\n<div class=\"cms--accordion--header prodcut--accordion--desktop border-0\"><a class=\"cms--accordion--toggle desktop--toggle\" href=\"https:\/\/www.endro-cosmetiques.com\/products\/masque-creme-hydratant#\" data-toggle=\"collapse\" data-target=\"#des-4\" data-parent=\"#ficheproduit--accordion-2\" aria-expanded=\"true\"> Liste INCI <i class=\"icon-right\"><\/i> <\/a><\/div>\n<div id=\"des-4\" class=\"cms--accordion--content collapse show\">\n<p>&nbsp;<\/p>\n<p>Aqua (WATER \/ EAU), Helianthus Annuus (SUNFLOWER) Seed Oil*, Glyceryl Stearate, Cetearyl Alcohol, Glycerin, Butyrospermum Parkii \u00a0(SHEA) Butter*, Pentylene Glycol, Squalane, polyglutamic acid, Glycogen, Aloe Barbadensis Leaf Juice Powder*, Sodium Levulinate, Parfum (fragrance), Sodium Stearoyl Lactylate, Xanthan Gum, Magnolia Officialis Bark Extract, Tocopherol, Sodium Anisate, Lactic Acid, Maltodextrin, Sodium Hydroxide, Gardenia Florida Flower Extract<\/p>\n<p>*Ingr\u00e9dients issus de l\u2019Agriculture Biologique<\/p>\n<p>100% du total est d&rsquo;origine naturelle<\/p>\n<p>21% du total des ingr\u00e9dients sont issus de l\u2019Agriculture Biologique<\/p>\n<\/div>\n<\/div>\n<\/div>\n","protected":false},"excerpt":{"rendered":"<p data-start=\"125\" data-end=\"528\">Plongez dans un moment de pure douceur avec le masque pour le visage \u00ab\u00a0cr\u00e8me hydratant\u00a0\u00bb, de la marque Endro Cosm\u00e9tique. Un soin cocooning qui r\u00e9veille l\u2019\u00e9clat et repulpe instantan\u00e9ment. Sa texture fondante au parfum envo\u00fbtant jasmin et coco enveloppe la peau d\u2019un confort absolu, tandis que son trio d\u2019actifs d\u2019exception (acide polyglutamique, squalane v\u00e9g\u00e9tal et glycog\u00e8ne Phytospherix\u2122 ) offre une hydratation intense et durable.<\/p>\n<p data-start=\"125\" data-end=\"528\">\u00c0 appliquer 1 \u00e0 2 fois par semaine, matin ou soir, pour une peau souple, apais\u00e9e et visiblement revitalis\u00e9e. Elle convient \u00e0 toutes les peaux, m\u00eame sensibles.<\/p>\n<p data-start=\"530\" data-end=\"722\">R\u00e9sultat : une peau nourrie, souple et lumineuse\u2026 m\u00eame si elle \u00e9tait ultra-d\u00e9shydrat\u00e9e !<\/p>\n","protected":false},"featured_media":1725980,"comment_status":"closed","ping_status":"closed","template":"","meta":{"_acf_changed":false,"_et_pb_use_builder":"","_et_pb_old_content":"","_et_gb_content_width":""},"product_brand":[1176],"product_cat":[67,826,66],"product_tag":[],"class_list":{"0":"post-1729340","1":"product","2":"type-product","3":"status-publish","4":"has-post-thumbnail","6":"product_brand-endro-cosmetiques","7":"product_cat-salle-de-bain","8":"product_cat-soin-visage-et-corps","9":"product_cat-zero-dechet","10":"pa_produits-masque","11":"pa_produits-visage","13":"first","14":"instock","15":"taxable","16":"shipping-taxable","17":"purchasable","18":"product-type-simple"},"bundled_by":[],"bundle_stock_status":"instock","bundle_stock_quantity":2,"bundle_virtual":false,"bundle_layout":"","bundle_add_to_cart_form_location":"","bundle_editable_in_cart":false,"bundle_sold_individually_context":"","bundle_item_grouping":"","bundle_min_size":"","bundle_max_size":"","bundle_price":[],"bundled_items":[],"bundle_sell_ids":[],"acf":[],"yoast_head":"<!-- This site is optimized with the Yoast SEO plugin v27.4 - https:\/\/yoast.com\/product\/yoast-seo-wordpress\/ -->\n<title>Masque cr\u00e8me hydratant - 75ml - Endro Cosm\u00e9tique | B&#039;bies<\/title>\n<meta name=\"description\" content=\"Plongez dans un moment de pure douceur avec le masque pour le visage &quot;cr\u00e8me hydratant&quot;, de la marque Endro Cosm\u00e9tique. Un soin cocooning qui r\u00e9veille l\u2019\u00e9clat et repulpe instantan\u00e9ment. Sa texture fondante au parfum envo\u00fbtant jasmin et coco enveloppe la peau d\u2019un confort absolu, tandis que son trio d\u2019actifs d\u2019exception (acide polyglutamique, squalane v\u00e9g\u00e9tal et glycog\u00e8ne Phytospherix\u2122 ) offre une hydratation intense et durable. \u00c0 appliquer 1 \u00e0 2 fois par semaine, matin ou soir, pour une peau souple, apais\u00e9e et visiblement revitalis\u00e9e. Elle convient \u00e0 toutes les peaux, m\u00eame sensibles. R\u00e9sultat : une peau nourrie, souple et lumineuse\u2026 m\u00eame si elle \u00e9tait ultra-d\u00e9shydrat\u00e9e !\" \/>\n<meta name=\"robots\" content=\"index, follow, max-snippet:-1, max-image-preview:large, max-video-preview:-1\" \/>\n<link rel=\"canonical\" href=\"https:\/\/bbies.fr\/couches-lavables\/boutique\/masque-creme-hydratant-75ml-endro-cosmetique\/\" \/>\n<script type=\"application\/ld+json\" class=\"yoast-schema-graph\">{\"@context\":\"https:\\\/\\\/schema.org\",\"@graph\":[{\"@type\":\"WebPage\",\"@id\":\"https:\\\/\\\/bbies.fr\\\/couches-lavables\\\/boutique\\\/masque-creme-hydratant-75ml-endro-cosmetique\\\/\",\"url\":\"https:\\\/\\\/bbies.fr\\\/couches-lavables\\\/boutique\\\/masque-creme-hydratant-75ml-endro-cosmetique\\\/\",\"name\":\"Masque cr\u00e8me hydratant - 75ml - Endro Cosm\u00e9tique | B&#039;bies\",\"isPartOf\":{\"@id\":\"https:\\\/\\\/bbies.fr\\\/couches-lavables\\\/#website\"},\"primaryImageOfPage\":{\"@id\":\"https:\\\/\\\/bbies.fr\\\/couches-lavables\\\/boutique\\\/masque-creme-hydratant-75ml-endro-cosmetique\\\/#primaryimage\"},\"image\":{\"@id\":\"https:\\\/\\\/bbies.fr\\\/couches-lavables\\\/boutique\\\/masque-creme-hydratant-75ml-endro-cosmetique\\\/#primaryimage\"},\"thumbnailUrl\":\"https:\\\/\\\/bbies.fr\\\/couches-lavables\\\/wp-content\\\/uploads\\\/2025\\\/12\\\/masque-creme-hydratant-endro-cosmetiques-masque-visage-2460569.webp\",\"datePublished\":\"2024-06-16T05:50:25+00:00\",\"dateModified\":\"2026-04-20T09:39:17+00:00\",\"description\":\"Plongez dans un moment de pure douceur avec le masque pour le visage \\\"cr\u00e8me hydratant\\\", de la marque Endro Cosm\u00e9tique. Un soin cocooning qui r\u00e9veille l\u2019\u00e9clat et repulpe instantan\u00e9ment. Sa texture fondante au parfum envo\u00fbtant jasmin et coco enveloppe la peau d\u2019un confort absolu, tandis que son trio d\u2019actifs d\u2019exception (acide polyglutamique, squalane v\u00e9g\u00e9tal et glycog\u00e8ne Phytospherix\u2122 ) offre une hydratation intense et durable. \u00c0 appliquer 1 \u00e0 2 fois par semaine, matin ou soir, pour une peau souple, apais\u00e9e et visiblement revitalis\u00e9e. Elle convient \u00e0 toutes les peaux, m\u00eame sensibles. R\u00e9sultat : une peau nourrie, souple et lumineuse\u2026 m\u00eame si elle \u00e9tait ultra-d\u00e9shydrat\u00e9e !\",\"breadcrumb\":{\"@id\":\"https:\\\/\\\/bbies.fr\\\/couches-lavables\\\/boutique\\\/masque-creme-hydratant-75ml-endro-cosmetique\\\/#breadcrumb\"},\"inLanguage\":\"fr-FR\",\"potentialAction\":[{\"@type\":\"ReadAction\",\"target\":[\"https:\\\/\\\/bbies.fr\\\/couches-lavables\\\/boutique\\\/masque-creme-hydratant-75ml-endro-cosmetique\\\/\"]}]},{\"@type\":\"ImageObject\",\"inLanguage\":\"fr-FR\",\"@id\":\"https:\\\/\\\/bbies.fr\\\/couches-lavables\\\/boutique\\\/masque-creme-hydratant-75ml-endro-cosmetique\\\/#primaryimage\",\"url\":\"https:\\\/\\\/bbies.fr\\\/couches-lavables\\\/wp-content\\\/uploads\\\/2025\\\/12\\\/masque-creme-hydratant-endro-cosmetiques-masque-visage-2460569.webp\",\"contentUrl\":\"https:\\\/\\\/bbies.fr\\\/couches-lavables\\\/wp-content\\\/uploads\\\/2025\\\/12\\\/masque-creme-hydratant-endro-cosmetiques-masque-visage-2460569.webp\",\"width\":952,\"height\":952},{\"@type\":\"BreadcrumbList\",\"@id\":\"https:\\\/\\\/bbies.fr\\\/couches-lavables\\\/boutique\\\/masque-creme-hydratant-75ml-endro-cosmetique\\\/#breadcrumb\",\"itemListElement\":[{\"@type\":\"ListItem\",\"position\":1,\"name\":\"Accueil\",\"item\":\"https:\\\/\\\/bbies.fr\\\/couches-lavables\\\/\"},{\"@type\":\"ListItem\",\"position\":2,\"name\":\"Boutique Bbies\",\"item\":\"https:\\\/\\\/bbies.fr\\\/couches-lavables\\\/boutique-bbies\\\/\"},{\"@type\":\"ListItem\",\"position\":3,\"name\":\"Masque cr\u00e8me hydratant &#8211; 75ml &#8211; Endro Cosm\u00e9tique\"}]},{\"@type\":\"WebSite\",\"@id\":\"https:\\\/\\\/bbies.fr\\\/couches-lavables\\\/#website\",\"url\":\"https:\\\/\\\/bbies.fr\\\/couches-lavables\\\/\",\"name\":\"B'bies, couches lavables et r\u00e9utilisables\",\"description\":\"De la naissance \u00e0 la propret\u00e9\",\"publisher\":{\"@id\":\"https:\\\/\\\/bbies.fr\\\/couches-lavables\\\/#organization\"},\"alternateName\":\"BBIES\",\"potentialAction\":[{\"@type\":\"SearchAction\",\"target\":{\"@type\":\"EntryPoint\",\"urlTemplate\":\"https:\\\/\\\/bbies.fr\\\/couches-lavables\\\/?s={search_term_string}\"},\"query-input\":{\"@type\":\"PropertyValueSpecification\",\"valueRequired\":true,\"valueName\":\"search_term_string\"}}],\"inLanguage\":\"fr-FR\"},{\"@type\":\"Organization\",\"@id\":\"https:\\\/\\\/bbies.fr\\\/couches-lavables\\\/#organization\",\"name\":\"B'bies\",\"url\":\"https:\\\/\\\/bbies.fr\\\/couches-lavables\\\/\",\"logo\":{\"@type\":\"ImageObject\",\"inLanguage\":\"fr-FR\",\"@id\":\"https:\\\/\\\/bbies.fr\\\/couches-lavables\\\/#\\\/schema\\\/logo\\\/image\\\/\",\"url\":\"https:\\\/\\\/bbies.fr\\\/couches-lavables\\\/wp-content\\\/uploads\\\/2019\\\/12\\\/logo-web.jpg\",\"contentUrl\":\"https:\\\/\\\/bbies.fr\\\/couches-lavables\\\/wp-content\\\/uploads\\\/2019\\\/12\\\/logo-web.jpg\",\"width\":364,\"height\":151,\"caption\":\"B'bies\"},\"image\":{\"@id\":\"https:\\\/\\\/bbies.fr\\\/couches-lavables\\\/#\\\/schema\\\/logo\\\/image\\\/\"},\"sameAs\":[\"https:\\\/\\\/www.facebook.com\\\/bbies.fr\\\/\",\"https:\\\/\\\/www.instagram.com\\\/bbies.fr\"]}]}<\/script>\n<!-- \/ Yoast SEO plugin. -->","yoast_head_json":{"title":"Masque cr\u00e8me hydratant - 75ml - Endro Cosm\u00e9tique | B&#039;bies","description":"Plongez dans un moment de pure douceur avec le masque pour le visage \"cr\u00e8me hydratant\", de la marque Endro Cosm\u00e9tique. Un soin cocooning qui r\u00e9veille l\u2019\u00e9clat et repulpe instantan\u00e9ment. Sa texture fondante au parfum envo\u00fbtant jasmin et coco enveloppe la peau d\u2019un confort absolu, tandis que son trio d\u2019actifs d\u2019exception (acide polyglutamique, squalane v\u00e9g\u00e9tal et glycog\u00e8ne Phytospherix\u2122 ) offre une hydratation intense et durable. \u00c0 appliquer 1 \u00e0 2 fois par semaine, matin ou soir, pour une peau souple, apais\u00e9e et visiblement revitalis\u00e9e. Elle convient \u00e0 toutes les peaux, m\u00eame sensibles. R\u00e9sultat : une peau nourrie, souple et lumineuse\u2026 m\u00eame si elle \u00e9tait ultra-d\u00e9shydrat\u00e9e !","robots":{"index":"index","follow":"follow","max-snippet":"max-snippet:-1","max-image-preview":"max-image-preview:large","max-video-preview":"max-video-preview:-1"},"canonical":"https:\/\/bbies.fr\/couches-lavables\/boutique\/masque-creme-hydratant-75ml-endro-cosmetique\/","schema":{"@context":"https:\/\/schema.org","@graph":[{"@type":"WebPage","@id":"https:\/\/bbies.fr\/couches-lavables\/boutique\/masque-creme-hydratant-75ml-endro-cosmetique\/","url":"https:\/\/bbies.fr\/couches-lavables\/boutique\/masque-creme-hydratant-75ml-endro-cosmetique\/","name":"Masque cr\u00e8me hydratant - 75ml - Endro Cosm\u00e9tique | B&#039;bies","isPartOf":{"@id":"https:\/\/bbies.fr\/couches-lavables\/#website"},"primaryImageOfPage":{"@id":"https:\/\/bbies.fr\/couches-lavables\/boutique\/masque-creme-hydratant-75ml-endro-cosmetique\/#primaryimage"},"image":{"@id":"https:\/\/bbies.fr\/couches-lavables\/boutique\/masque-creme-hydratant-75ml-endro-cosmetique\/#primaryimage"},"thumbnailUrl":"https:\/\/bbies.fr\/couches-lavables\/wp-content\/uploads\/2025\/12\/masque-creme-hydratant-endro-cosmetiques-masque-visage-2460569.webp","datePublished":"2024-06-16T05:50:25+00:00","dateModified":"2026-04-20T09:39:17+00:00","description":"Plongez dans un moment de pure douceur avec le masque pour le visage \"cr\u00e8me hydratant\", de la marque Endro Cosm\u00e9tique. Un soin cocooning qui r\u00e9veille l\u2019\u00e9clat et repulpe instantan\u00e9ment. Sa texture fondante au parfum envo\u00fbtant jasmin et coco enveloppe la peau d\u2019un confort absolu, tandis que son trio d\u2019actifs d\u2019exception (acide polyglutamique, squalane v\u00e9g\u00e9tal et glycog\u00e8ne Phytospherix\u2122 ) offre une hydratation intense et durable. \u00c0 appliquer 1 \u00e0 2 fois par semaine, matin ou soir, pour une peau souple, apais\u00e9e et visiblement revitalis\u00e9e. Elle convient \u00e0 toutes les peaux, m\u00eame sensibles. R\u00e9sultat : une peau nourrie, souple et lumineuse\u2026 m\u00eame si elle \u00e9tait ultra-d\u00e9shydrat\u00e9e !","breadcrumb":{"@id":"https:\/\/bbies.fr\/couches-lavables\/boutique\/masque-creme-hydratant-75ml-endro-cosmetique\/#breadcrumb"},"inLanguage":"fr-FR","potentialAction":[{"@type":"ReadAction","target":["https:\/\/bbies.fr\/couches-lavables\/boutique\/masque-creme-hydratant-75ml-endro-cosmetique\/"]}]},{"@type":"ImageObject","inLanguage":"fr-FR","@id":"https:\/\/bbies.fr\/couches-lavables\/boutique\/masque-creme-hydratant-75ml-endro-cosmetique\/#primaryimage","url":"https:\/\/bbies.fr\/couches-lavables\/wp-content\/uploads\/2025\/12\/masque-creme-hydratant-endro-cosmetiques-masque-visage-2460569.webp","contentUrl":"https:\/\/bbies.fr\/couches-lavables\/wp-content\/uploads\/2025\/12\/masque-creme-hydratant-endro-cosmetiques-masque-visage-2460569.webp","width":952,"height":952},{"@type":"BreadcrumbList","@id":"https:\/\/bbies.fr\/couches-lavables\/boutique\/masque-creme-hydratant-75ml-endro-cosmetique\/#breadcrumb","itemListElement":[{"@type":"ListItem","position":1,"name":"Accueil","item":"https:\/\/bbies.fr\/couches-lavables\/"},{"@type":"ListItem","position":2,"name":"Boutique Bbies","item":"https:\/\/bbies.fr\/couches-lavables\/boutique-bbies\/"},{"@type":"ListItem","position":3,"name":"Masque cr\u00e8me hydratant &#8211; 75ml &#8211; Endro Cosm\u00e9tique"}]},{"@type":"WebSite","@id":"https:\/\/bbies.fr\/couches-lavables\/#website","url":"https:\/\/bbies.fr\/couches-lavables\/","name":"B'bies, couches lavables et r\u00e9utilisables","description":"De la naissance \u00e0 la propret\u00e9","publisher":{"@id":"https:\/\/bbies.fr\/couches-lavables\/#organization"},"alternateName":"BBIES","potentialAction":[{"@type":"SearchAction","target":{"@type":"EntryPoint","urlTemplate":"https:\/\/bbies.fr\/couches-lavables\/?s={search_term_string}"},"query-input":{"@type":"PropertyValueSpecification","valueRequired":true,"valueName":"search_term_string"}}],"inLanguage":"fr-FR"},{"@type":"Organization","@id":"https:\/\/bbies.fr\/couches-lavables\/#organization","name":"B'bies","url":"https:\/\/bbies.fr\/couches-lavables\/","logo":{"@type":"ImageObject","inLanguage":"fr-FR","@id":"https:\/\/bbies.fr\/couches-lavables\/#\/schema\/logo\/image\/","url":"https:\/\/bbies.fr\/couches-lavables\/wp-content\/uploads\/2019\/12\/logo-web.jpg","contentUrl":"https:\/\/bbies.fr\/couches-lavables\/wp-content\/uploads\/2019\/12\/logo-web.jpg","width":364,"height":151,"caption":"B'bies"},"image":{"@id":"https:\/\/bbies.fr\/couches-lavables\/#\/schema\/logo\/image\/"},"sameAs":["https:\/\/www.facebook.com\/bbies.fr\/","https:\/\/www.instagram.com\/bbies.fr"]}]}},"_links":{"self":[{"href":"https:\/\/bbies.fr\/couches-lavables\/wp-json\/wp\/v2\/product\/1729340","targetHints":{"allow":["GET"]}}],"collection":[{"href":"https:\/\/bbies.fr\/couches-lavables\/wp-json\/wp\/v2\/product"}],"about":[{"href":"https:\/\/bbies.fr\/couches-lavables\/wp-json\/wp\/v2\/types\/product"}],"replies":[{"embeddable":true,"href":"https:\/\/bbies.fr\/couches-lavables\/wp-json\/wp\/v2\/comments?post=1729340"}],"wp:featuredmedia":[{"embeddable":true,"href":"https:\/\/bbies.fr\/couches-lavables\/wp-json\/wp\/v2\/media\/1725980"}],"wp:attachment":[{"href":"https:\/\/bbies.fr\/couches-lavables\/wp-json\/wp\/v2\/media?parent=1729340"}],"wp:term":[{"taxonomy":"product_brand","embeddable":true,"href":"https:\/\/bbies.fr\/couches-lavables\/wp-json\/wp\/v2\/product_brand?post=1729340"},{"taxonomy":"product_cat","embeddable":true,"href":"https:\/\/bbies.fr\/couches-lavables\/wp-json\/wp\/v2\/product_cat?post=1729340"},{"taxonomy":"product_tag","embeddable":true,"href":"https:\/\/bbies.fr\/couches-lavables\/wp-json\/wp\/v2\/product_tag?post=1729340"}],"curies":[{"name":"wp","href":"https:\/\/api.w.org\/{rel}","templated":true}]}}