{"id":716,"date":"2020-05-10T17:34:30","date_gmt":"2020-05-10T15:34:30","guid":{"rendered":"http:\/\/bbies.fr\/couches-lavables\/?post_type=product&#038;p=716"},"modified":"2026-04-23T14:48:57","modified_gmt":"2026-04-23T12:48:57","slug":"produit-filet-de-lavage","status":"publish","type":"product","link":"https:\/\/bbies.fr\/couches-lavables\/boutique\/produit-filet-de-lavage\/","title":{"rendered":"2 Filets de lavage 40&#215;50 cm"},"content":{"rendered":"<h3>Utilisation<\/h3>\n<p>Placer les petites pi\u00e8ces dans le filet. Serrez le cordon et mettre dans la machine \u00e0 laver.<\/p>\n<hr \/>\n<h3>Caract\u00e9ristiques<\/h3>\n<ul>\n<li><strong>Dimensions<\/strong> : 40&#215;50 cm<\/li>\n<li><strong>Composition<\/strong> : 100% polyester<\/li>\n<\/ul>\n","protected":false},"excerpt":{"rendered":"<p data-start=\"163\" data-end=\"228\"><strong>Filet de lavage \u2013 Pratique, hygi\u00e9nique et protecteur<\/strong><\/p>\n<p data-start=\"230\" data-end=\"493\">Le <strong data-start=\"233\" data-end=\"259\">filet de lavage <\/strong>facilite l\u2019entretien de vos couches lavables, serviettes lavables ou toutes autres petites pi\u00e8ces et prot\u00e8ge vos textiles lors du passage en machine.<br data-start=\"359\" data-end=\"362\" \/>Glissez simplement vos produits \u00e0 l\u2019int\u00e9rieur : le lavage se fait sans manipulation directe, pour plus d\u2019hygi\u00e8ne et de praticit\u00e9.<\/p>\n<p data-start=\"495\" data-end=\"757\">Con\u00e7u avec une <strong data-start=\"510\" data-end=\"534\">fermeture par cordon<\/strong>, il maintient vos articles en s\u00e9curit\u00e9 tout en permettant \u00e0 l\u2019eau et au savon de circuler librement.<\/p>\n<p data-start=\"759\" data-end=\"779\"><strong data-start=\"762\" data-end=\"777\">Avantages :<\/strong><\/p>\n<ul>\n<li data-start=\"782\" data-end=\"849\">Prot\u00e8ge les velcros et prolonge la dur\u00e9e de vie de vos v\u00eatements<\/li>\n<li data-start=\"852\" data-end=\"903\">\u00c9vite la perte de petits articles dans le tambour<\/li>\n<li data-start=\"906\" data-end=\"953\">Permet un lavage plus hygi\u00e9nique et simplifi\u00e9<\/li>\n<\/ul>\n<p data-start=\"955\" data-end=\"987\">\ud83d\udccf <strong data-start=\"958\" data-end=\"974\">Dimensions :<\/strong> 40 x 50 cm. Grande capacit\u00e9.<\/p>\n","protected":false},"featured_media":2053,"comment_status":"closed","ping_status":"closed","template":"","meta":{"_acf_changed":false,"_et_pb_use_builder":"off","_et_pb_old_content":"<h3>Utilisation<\/h3>\r\nPlacer les petites pi\u00e8ces dans le filet. Serrez le cordon et mettre dans la machine \u00e0 laver.\r\n\r\n<hr \/>\r\n\r\n<h3>Caract\u00e9ristiques<\/h3>\r\n<ul>\r\n \t<li><strong>Dimensions<\/strong> : 40x50 cm<\/li>\r\n \t<li><strong>Composition<\/strong> : 100% polyester<\/li>\r\n<\/ul>","_et_gb_content_width":""},"product_brand":[1185],"product_cat":[44,239,963,520,733,208,240,216,45,209,67,66],"product_tag":[],"class_list":{"0":"post-716","1":"product","2":"type-product","3":"status-publish","4":"has-post-thumbnail","6":"product_brand-ecologiq","7":"product_cat-accessoires","8":"product_cat-accessoires-femmes","9":"product_cat-bon-plans","10":"product_cat-destockage","11":"product_cat-entretien-culotte-apprentissage","12":"product_cat-femmes","13":"product_cat-lavage-femmes","14":"product_cat-carres-demaquillants-lavables","15":"product_cat-pour-le-nettoyage","16":"product_cat-puericulture","17":"product_cat-salle-de-bain","18":"product_cat-zero-dechet","19":"pa_produits-filet","21":"first","22":"instock","23":"sale","24":"taxable","25":"shipping-taxable","26":"purchasable","27":"product-type-simple"},"bundled_by":["1693324","1699367","1699443","1699444","1678136","1699445","1690006","1693043","1691920"],"bundle_stock_status":"instock","bundle_stock_quantity":10,"bundle_virtual":false,"bundle_layout":"","bundle_add_to_cart_form_location":"","bundle_editable_in_cart":false,"bundle_sold_individually_context":"","bundle_item_grouping":"","bundle_min_size":"","bundle_max_size":"","bundle_price":[],"bundled_items":[],"bundle_sell_ids":[],"acf":[],"yoast_head":"<!-- This site is optimized with the Yoast SEO plugin v27.4 - https:\/\/yoast.com\/product\/yoast-seo-wordpress\/ -->\n<title>2 Filets de lavage 40x50 cm | B&#039;bies<\/title>\n<meta name=\"robots\" content=\"index, follow, max-snippet:-1, max-image-preview:large, max-video-preview:-1\" \/>\n<link rel=\"canonical\" href=\"https:\/\/bbies.fr\/couches-lavables\/boutique\/produit-filet-de-lavage\/\" \/>\n<script type=\"application\/ld+json\" class=\"yoast-schema-graph\">{\"@context\":\"https:\\\/\\\/schema.org\",\"@graph\":[{\"@type\":\"WebPage\",\"@id\":\"https:\\\/\\\/bbies.fr\\\/couches-lavables\\\/boutique\\\/produit-filet-de-lavage\\\/\",\"url\":\"https:\\\/\\\/bbies.fr\\\/couches-lavables\\\/boutique\\\/produit-filet-de-lavage\\\/\",\"name\":\"2 Filets de lavage 40x50 cm | B&#039;bies\",\"isPartOf\":{\"@id\":\"https:\\\/\\\/bbies.fr\\\/couches-lavables\\\/#website\"},\"primaryImageOfPage\":{\"@id\":\"https:\\\/\\\/bbies.fr\\\/couches-lavables\\\/boutique\\\/produit-filet-de-lavage\\\/#primaryimage\"},\"image\":{\"@id\":\"https:\\\/\\\/bbies.fr\\\/couches-lavables\\\/boutique\\\/produit-filet-de-lavage\\\/#primaryimage\"},\"thumbnailUrl\":\"https:\\\/\\\/bbies.fr\\\/couches-lavables\\\/wp-content\\\/uploads\\\/2019\\\/11\\\/45218-L.jpg\",\"datePublished\":\"2020-05-10T15:34:30+00:00\",\"dateModified\":\"2026-04-23T12:48:57+00:00\",\"breadcrumb\":{\"@id\":\"https:\\\/\\\/bbies.fr\\\/couches-lavables\\\/boutique\\\/produit-filet-de-lavage\\\/#breadcrumb\"},\"inLanguage\":\"fr-FR\",\"potentialAction\":[{\"@type\":\"ReadAction\",\"target\":[\"https:\\\/\\\/bbies.fr\\\/couches-lavables\\\/boutique\\\/produit-filet-de-lavage\\\/\"]}]},{\"@type\":\"ImageObject\",\"inLanguage\":\"fr-FR\",\"@id\":\"https:\\\/\\\/bbies.fr\\\/couches-lavables\\\/boutique\\\/produit-filet-de-lavage\\\/#primaryimage\",\"url\":\"https:\\\/\\\/bbies.fr\\\/couches-lavables\\\/wp-content\\\/uploads\\\/2019\\\/11\\\/45218-L.jpg\",\"contentUrl\":\"https:\\\/\\\/bbies.fr\\\/couches-lavables\\\/wp-content\\\/uploads\\\/2019\\\/11\\\/45218-L.jpg\",\"width\":800,\"height\":800},{\"@type\":\"BreadcrumbList\",\"@id\":\"https:\\\/\\\/bbies.fr\\\/couches-lavables\\\/boutique\\\/produit-filet-de-lavage\\\/#breadcrumb\",\"itemListElement\":[{\"@type\":\"ListItem\",\"position\":1,\"name\":\"Accueil\",\"item\":\"https:\\\/\\\/bbies.fr\\\/couches-lavables\\\/\"},{\"@type\":\"ListItem\",\"position\":2,\"name\":\"Boutique Bbies\",\"item\":\"https:\\\/\\\/bbies.fr\\\/couches-lavables\\\/boutique-bbies\\\/\"},{\"@type\":\"ListItem\",\"position\":3,\"name\":\"2 Filets de lavage 40&#215;50 cm\"}]},{\"@type\":\"WebSite\",\"@id\":\"https:\\\/\\\/bbies.fr\\\/couches-lavables\\\/#website\",\"url\":\"https:\\\/\\\/bbies.fr\\\/couches-lavables\\\/\",\"name\":\"B'bies, couches lavables et r\u00e9utilisables\",\"description\":\"De la naissance \u00e0 la propret\u00e9\",\"publisher\":{\"@id\":\"https:\\\/\\\/bbies.fr\\\/couches-lavables\\\/#organization\"},\"alternateName\":\"BBIES\",\"potentialAction\":[{\"@type\":\"SearchAction\",\"target\":{\"@type\":\"EntryPoint\",\"urlTemplate\":\"https:\\\/\\\/bbies.fr\\\/couches-lavables\\\/?s={search_term_string}\"},\"query-input\":{\"@type\":\"PropertyValueSpecification\",\"valueRequired\":true,\"valueName\":\"search_term_string\"}}],\"inLanguage\":\"fr-FR\"},{\"@type\":\"Organization\",\"@id\":\"https:\\\/\\\/bbies.fr\\\/couches-lavables\\\/#organization\",\"name\":\"B'bies\",\"url\":\"https:\\\/\\\/bbies.fr\\\/couches-lavables\\\/\",\"logo\":{\"@type\":\"ImageObject\",\"inLanguage\":\"fr-FR\",\"@id\":\"https:\\\/\\\/bbies.fr\\\/couches-lavables\\\/#\\\/schema\\\/logo\\\/image\\\/\",\"url\":\"https:\\\/\\\/bbies.fr\\\/couches-lavables\\\/wp-content\\\/uploads\\\/2019\\\/12\\\/logo-web.jpg\",\"contentUrl\":\"https:\\\/\\\/bbies.fr\\\/couches-lavables\\\/wp-content\\\/uploads\\\/2019\\\/12\\\/logo-web.jpg\",\"width\":364,\"height\":151,\"caption\":\"B'bies\"},\"image\":{\"@id\":\"https:\\\/\\\/bbies.fr\\\/couches-lavables\\\/#\\\/schema\\\/logo\\\/image\\\/\"},\"sameAs\":[\"https:\\\/\\\/www.facebook.com\\\/bbies.fr\\\/\",\"https:\\\/\\\/www.instagram.com\\\/bbies.fr\"]}]}<\/script>\n<!-- \/ Yoast SEO plugin. -->","yoast_head_json":{"title":"2 Filets de lavage 40x50 cm | B&#039;bies","robots":{"index":"index","follow":"follow","max-snippet":"max-snippet:-1","max-image-preview":"max-image-preview:large","max-video-preview":"max-video-preview:-1"},"canonical":"https:\/\/bbies.fr\/couches-lavables\/boutique\/produit-filet-de-lavage\/","schema":{"@context":"https:\/\/schema.org","@graph":[{"@type":"WebPage","@id":"https:\/\/bbies.fr\/couches-lavables\/boutique\/produit-filet-de-lavage\/","url":"https:\/\/bbies.fr\/couches-lavables\/boutique\/produit-filet-de-lavage\/","name":"2 Filets de lavage 40x50 cm | B&#039;bies","isPartOf":{"@id":"https:\/\/bbies.fr\/couches-lavables\/#website"},"primaryImageOfPage":{"@id":"https:\/\/bbies.fr\/couches-lavables\/boutique\/produit-filet-de-lavage\/#primaryimage"},"image":{"@id":"https:\/\/bbies.fr\/couches-lavables\/boutique\/produit-filet-de-lavage\/#primaryimage"},"thumbnailUrl":"https:\/\/bbies.fr\/couches-lavables\/wp-content\/uploads\/2019\/11\/45218-L.jpg","datePublished":"2020-05-10T15:34:30+00:00","dateModified":"2026-04-23T12:48:57+00:00","breadcrumb":{"@id":"https:\/\/bbies.fr\/couches-lavables\/boutique\/produit-filet-de-lavage\/#breadcrumb"},"inLanguage":"fr-FR","potentialAction":[{"@type":"ReadAction","target":["https:\/\/bbies.fr\/couches-lavables\/boutique\/produit-filet-de-lavage\/"]}]},{"@type":"ImageObject","inLanguage":"fr-FR","@id":"https:\/\/bbies.fr\/couches-lavables\/boutique\/produit-filet-de-lavage\/#primaryimage","url":"https:\/\/bbies.fr\/couches-lavables\/wp-content\/uploads\/2019\/11\/45218-L.jpg","contentUrl":"https:\/\/bbies.fr\/couches-lavables\/wp-content\/uploads\/2019\/11\/45218-L.jpg","width":800,"height":800},{"@type":"BreadcrumbList","@id":"https:\/\/bbies.fr\/couches-lavables\/boutique\/produit-filet-de-lavage\/#breadcrumb","itemListElement":[{"@type":"ListItem","position":1,"name":"Accueil","item":"https:\/\/bbies.fr\/couches-lavables\/"},{"@type":"ListItem","position":2,"name":"Boutique Bbies","item":"https:\/\/bbies.fr\/couches-lavables\/boutique-bbies\/"},{"@type":"ListItem","position":3,"name":"2 Filets de lavage 40&#215;50 cm"}]},{"@type":"WebSite","@id":"https:\/\/bbies.fr\/couches-lavables\/#website","url":"https:\/\/bbies.fr\/couches-lavables\/","name":"B'bies, couches lavables et r\u00e9utilisables","description":"De la naissance \u00e0 la propret\u00e9","publisher":{"@id":"https:\/\/bbies.fr\/couches-lavables\/#organization"},"alternateName":"BBIES","potentialAction":[{"@type":"SearchAction","target":{"@type":"EntryPoint","urlTemplate":"https:\/\/bbies.fr\/couches-lavables\/?s={search_term_string}"},"query-input":{"@type":"PropertyValueSpecification","valueRequired":true,"valueName":"search_term_string"}}],"inLanguage":"fr-FR"},{"@type":"Organization","@id":"https:\/\/bbies.fr\/couches-lavables\/#organization","name":"B'bies","url":"https:\/\/bbies.fr\/couches-lavables\/","logo":{"@type":"ImageObject","inLanguage":"fr-FR","@id":"https:\/\/bbies.fr\/couches-lavables\/#\/schema\/logo\/image\/","url":"https:\/\/bbies.fr\/couches-lavables\/wp-content\/uploads\/2019\/12\/logo-web.jpg","contentUrl":"https:\/\/bbies.fr\/couches-lavables\/wp-content\/uploads\/2019\/12\/logo-web.jpg","width":364,"height":151,"caption":"B'bies"},"image":{"@id":"https:\/\/bbies.fr\/couches-lavables\/#\/schema\/logo\/image\/"},"sameAs":["https:\/\/www.facebook.com\/bbies.fr\/","https:\/\/www.instagram.com\/bbies.fr"]}]}},"_links":{"self":[{"href":"https:\/\/bbies.fr\/couches-lavables\/wp-json\/wp\/v2\/product\/716","targetHints":{"allow":["GET"]}}],"collection":[{"href":"https:\/\/bbies.fr\/couches-lavables\/wp-json\/wp\/v2\/product"}],"about":[{"href":"https:\/\/bbies.fr\/couches-lavables\/wp-json\/wp\/v2\/types\/product"}],"replies":[{"embeddable":true,"href":"https:\/\/bbies.fr\/couches-lavables\/wp-json\/wp\/v2\/comments?post=716"}],"wp:featuredmedia":[{"embeddable":true,"href":"https:\/\/bbies.fr\/couches-lavables\/wp-json\/wp\/v2\/media\/2053"}],"wp:attachment":[{"href":"https:\/\/bbies.fr\/couches-lavables\/wp-json\/wp\/v2\/media?parent=716"}],"wp:term":[{"taxonomy":"product_brand","embeddable":true,"href":"https:\/\/bbies.fr\/couches-lavables\/wp-json\/wp\/v2\/product_brand?post=716"},{"taxonomy":"product_cat","embeddable":true,"href":"https:\/\/bbies.fr\/couches-lavables\/wp-json\/wp\/v2\/product_cat?post=716"},{"taxonomy":"product_tag","embeddable":true,"href":"https:\/\/bbies.fr\/couches-lavables\/wp-json\/wp\/v2\/product_tag?post=716"}],"curies":[{"name":"wp","href":"https:\/\/api.w.org\/{rel}","templated":true}]}}